{"id":33821,"date":"2025-12-09T14:37:42","date_gmt":"2025-12-09T13:37:42","guid":{"rendered":"https:\/\/www.buhl.de\/buero\/?page_id=33821"},"modified":"2026-01-30T15:31:54","modified_gmt":"2026-01-30T14:31:54","slug":"registrierung","status":"publish","type":"page","link":"https:\/\/www.buhl.de\/buero\/registrierung\/","title":{"rendered":"Onboarding &#8211; Hubspot &#8211; seit 12.2025"},"content":{"rendered":"","protected":false},"excerpt":{"rendered":"","protected":false},"author":129,"featured_media":0,"parent":0,"menu_order":0,"comment_status":"closed","ping_status":"closed","template":"templates\/page-onboarding.php","meta":{"_acf_changed":false,"footnotes":""},"class_list":["post-33821","page","type-page","status-publish","hentry"],"yoast_head":"<!-- This site is optimized with the Yoast SEO Premium plugin v27.0 (Yoast SEO v27.0) - https:\/\/yoast.com\/product\/yoast-seo-premium-wordpress\/ -->\n<title>Willkommen bei WISO MeinB\u00fcro<\/title>\n<meta name=\"robots\" content=\"index, nofollow, max-snippet:-1, max-image-preview:large, max-video-preview:-1\" \/>\n<link rel=\"canonical\" href=\"https:\/\/www.buhl.de\/buero\/registrierung\/\" \/>\n<meta property=\"og:locale\" content=\"de_DE\" \/>\n<meta property=\"og:type\" content=\"article\" \/>\n<meta property=\"og:title\" content=\"Onboarding - Hubspot - seit 12.2025\" \/>\n<meta property=\"og:url\" content=\"https:\/\/www.buhl.de\/buero\/registrierung\/\" \/>\n<meta property=\"og:site_name\" content=\"WISO MeinB\u00fcro\" \/>\n<meta property=\"article:modified_time\" content=\"2026-01-30T14:31:54+00:00\" \/>\n<meta name=\"twitter:card\" content=\"summary_large_image\" \/>\n<script type=\"application\/ld+json\" class=\"yoast-schema-graph\">{\"@context\":\"https:\/\/schema.org\",\"@graph\":[{\"@type\":\"WebPage\",\"@id\":\"https:\/\/www.buhl.de\/buero\/registrierung\/\",\"url\":\"https:\/\/www.buhl.de\/buero\/registrierung\/\",\"name\":\"Willkommen bei WISO MeinB\u00fcro\",\"isPartOf\":{\"@id\":\"https:\/\/www.buhl.de\/buero\/#website\"},\"datePublished\":\"2025-12-09T13:37:42+00:00\",\"dateModified\":\"2026-01-30T14:31:54+00:00\",\"breadcrumb\":{\"@id\":\"https:\/\/www.buhl.de\/buero\/registrierung\/#breadcrumb\"},\"inLanguage\":\"de\",\"potentialAction\":[{\"@type\":\"ReadAction\",\"target\":[\"https:\/\/www.buhl.de\/buero\/registrierung\/\"]}]},{\"@type\":\"BreadcrumbList\",\"@id\":\"https:\/\/www.buhl.de\/buero\/registrierung\/#breadcrumb\",\"itemListElement\":[{\"@type\":\"ListItem\",\"position\":1,\"name\":\"Startseite\",\"item\":\"https:\/\/www.buhl.de\/buero\/\"},{\"@type\":\"ListItem\",\"position\":2,\"name\":\"Onboarding &#8211; Hubspot &#8211; seit 12.2025\"}]},{\"@type\":\"WebSite\",\"@id\":\"https:\/\/www.buhl.de\/buero\/#website\",\"url\":\"https:\/\/www.buhl.de\/buero\/\",\"name\":\"WISO MeinB\u00fcro\",\"description\":\"B\u00fcroarbeit zur Nebensache erkl\u00e4ren\",\"potentialAction\":[{\"@type\":\"SearchAction\",\"target\":{\"@type\":\"EntryPoint\",\"urlTemplate\":\"https:\/\/www.buhl.de\/buero\/?s={search_term_string}\"},\"query-input\":{\"@type\":\"PropertyValueSpecification\",\"valueRequired\":true,\"valueName\":\"search_term_string\"}}],\"inLanguage\":\"de\"}]}<\/script>\n<!-- \/ Yoast SEO Premium plugin. -->","yoast_head_json":{"title":"Willkommen bei WISO MeinB\u00fcro","robots":{"index":"index","follow":"nofollow","max-snippet":"max-snippet:-1","max-image-preview":"max-image-preview:large","max-video-preview":"max-video-preview:-1"},"canonical":"https:\/\/www.buhl.de\/buero\/registrierung\/","og_locale":"de_DE","og_type":"article","og_title":"Onboarding - Hubspot - seit 12.2025","og_url":"https:\/\/www.buhl.de\/buero\/registrierung\/","og_site_name":"WISO MeinB\u00fcro","article_modified_time":"2026-01-30T14:31:54+00:00","twitter_card":"summary_large_image","schema":{"@context":"https:\/\/schema.org","@graph":[{"@type":"WebPage","@id":"https:\/\/www.buhl.de\/buero\/registrierung\/","url":"https:\/\/www.buhl.de\/buero\/registrierung\/","name":"Willkommen bei WISO MeinB\u00fcro","isPartOf":{"@id":"https:\/\/www.buhl.de\/buero\/#website"},"datePublished":"2025-12-09T13:37:42+00:00","dateModified":"2026-01-30T14:31:54+00:00","breadcrumb":{"@id":"https:\/\/www.buhl.de\/buero\/registrierung\/#breadcrumb"},"inLanguage":"de","potentialAction":[{"@type":"ReadAction","target":["https:\/\/www.buhl.de\/buero\/registrierung\/"]}]},{"@type":"BreadcrumbList","@id":"https:\/\/www.buhl.de\/buero\/registrierung\/#breadcrumb","itemListElement":[{"@type":"ListItem","position":1,"name":"Startseite","item":"https:\/\/www.buhl.de\/buero\/"},{"@type":"ListItem","position":2,"name":"Onboarding &#8211; Hubspot &#8211; seit 12.2025"}]},{"@type":"WebSite","@id":"https:\/\/www.buhl.de\/buero\/#website","url":"https:\/\/www.buhl.de\/buero\/","name":"WISO MeinB\u00fcro","description":"B\u00fcroarbeit zur Nebensache erkl\u00e4ren","potentialAction":[{"@type":"SearchAction","target":{"@type":"EntryPoint","urlTemplate":"https:\/\/www.buhl.de\/buero\/?s={search_term_string}"},"query-input":{"@type":"PropertyValueSpecification","valueRequired":true,"valueName":"search_term_string"}}],"inLanguage":"de"}]}},"acf":[],"_links":{"self":[{"href":"https:\/\/www.buhl.de\/buero\/wp-json\/wp\/v2\/pages\/33821","targetHints":{"allow":["GET"]}}],"collection":[{"href":"https:\/\/www.buhl.de\/buero\/wp-json\/wp\/v2\/pages"}],"about":[{"href":"https:\/\/www.buhl.de\/buero\/wp-json\/wp\/v2\/types\/page"}],"author":[{"embeddable":true,"href":"https:\/\/www.buhl.de\/buero\/wp-json\/wp\/v2\/users\/129"}],"replies":[{"embeddable":true,"href":"https:\/\/www.buhl.de\/buero\/wp-json\/wp\/v2\/comments?post=33821"}],"version-history":[{"count":1,"href":"https:\/\/www.buhl.de\/buero\/wp-json\/wp\/v2\/pages\/33821\/revisions"}],"predecessor-version":[{"id":33822,"href":"https:\/\/www.buhl.de\/buero\/wp-json\/wp\/v2\/pages\/33821\/revisions\/33822"}],"wp:attachment":[{"href":"https:\/\/www.buhl.de\/buero\/wp-json\/wp\/v2\/media?parent=33821"}],"curies":[{"name":"wp","href":"https:\/\/api.w.org\/{rel}","templated":true}]}}