{"id":7,"date":"2020-03-09T08:40:39","date_gmt":"2020-03-09T07:40:39","guid":{"rendered":"http:\/\/www.buhl.de\/buhl-banking-service\/?page_id=7"},"modified":"2022-11-14T09:48:35","modified_gmt":"2022-11-14T08:48:35","slug":"willkommen","status":"publish","type":"page","link":"https:\/\/www.buhl.de\/buhl-banking-service\/","title":{"rendered":"Willkommen"},"content":{"rendered":"<div class=\"logo-content-oben\"><a href=\"https:\/\/www.buhl.de\"><img decoding=\"async\" src=\"https:\/\/www.buhl.de\/buhl-banking-service\/wp-content\/themes\/buhl-banking-service-psd2\/img\/buhl-logo-blau.svg\" alt=\"buhl-logo-blau.svg\"><\/a><\/div>\n<div class=\"logo-content-psd2\"><img decoding=\"async\" src=\"https:\/\/www.buhl.de\/buhl-banking-service\/wp-content\/themes\/buhl-banking-service-psd2\/img\/psd2.svg\" alt=\"psd2.svg\"><\/div>\n<div class=\"logo-content-psd2-klein\"><img decoding=\"async\" src=\"https:\/\/www.buhl.de\/buhl-banking-service\/wp-content\/themes\/buhl-banking-service-psd2\/img\/psd2-banking-service.svg\" alt=\"psd2-banking-service.svg\"><\/div>\n<div class=\"logo-content-buhl-banking-service-023E84\"><img decoding=\"async\" src=\"https:\/\/www.buhl.de\/buhl-banking-service\/wp-content\/themes\/buhl-banking-service-psd2\/img\/logo-buhl-banking-service-023E84.svg\" alt=\"logo-buhl-banking-service-023E84.svg\"><\/div>\n<div class=\"content-text_home container-fluid\">\n<div class=\"row\">\n<div class=\"content-text-links col-md-6\">Als einer der f\u00fchrenden Anbieter von Finanz- und Steuersoftware in Deutschland sind wir von der Bundesanstalt f\u00fcr Finanz-dienstleistungsaufsicht (BaFin) zertifiziert und besitzen die Erlaubnis Kontoinformations- und Zahlungsausl\u00f6sedienste nach dem Zahlungsdienste\u00adaufsichtsgesetz (ZAG) zu erbringen.<\/div>\n<div class=\"content-text-rechts col-md-6\">Wir bieten unsere Banking-Technologien nach den strengen PSD2-Richtlinien als <strong>License as a Service<\/strong> an. Damit haben auch andere Unternehmen die M\u00f6glichkeit, ihren Zahlungsverkehr (Rechnungs- und Buchhal-tungssysteme) zu optimieren oder in ihren eigenen Produkten rechtskonformes und zukunftssicheres Online-Banking anzubieten, ohne sich selbst um die regulatorischen Anforderungen zu k\u00fcmmern. Diese sind durch die Lizenz von Buhl abgedeckt.<\/div>\n<\/div>\n<\/div>\n<div class=\"content-button_home container\">\n<div class=\"table-wrapper row\">\n<div class=\"mail-button col-md-6\"><a href=\"mailto:kundenbetreuung@buhl.de?subject=buhl:%20Banking%20Service\"><button class=\"button_orange\">Kontakt per E-Mail<\/button><\/a><\/div>\n<div class=\"geschuetzt-buhl-logo col-md-6\"><img decoding=\"async\" src=\"https:\/\/www.buhl.de\/buhl-banking-service\/wp-content\/themes\/buhl-banking-service-psd2\/img\/logo-geschuetzt-durch-buhl-banking-blau.svg\" alt=\"logo-geschuetzt-durch-buhl-banking-blau.svg\"><\/div>\n<\/div>\n<\/div>\n","protected":false},"excerpt":{"rendered":"<p>Als einer der f\u00fchrenden Anbieter von Finanz- und Steuersoftware in Deutschland sind wir von der Bundesanstalt f\u00fcr Finanz-dienstleistungsaufsicht (BaFin) zertifiziert und besitzen die Erlaubnis Kontoinformations- und Zahlungsausl\u00f6sedienste nach dem Zahlungsdienste\u00adaufsichtsgesetz (ZAG) zu erbringen. Wir bieten unsere Banking-Technologien nach den strengen PSD2-Richtlinien als License as a Service an. Damit haben auch andere Unternehmen die M\u00f6glichkeit, ihren [&hellip;]<\/p>\n","protected":false},"author":27,"featured_media":0,"parent":0,"menu_order":0,"comment_status":"closed","ping_status":"closed","template":"page-startseite.php","meta":{"footnotes":""},"class_list":["post-7","page","type-page","status-publish","hentry"],"yoast_head":"<!-- This site is optimized with the Yoast SEO Premium plugin v27.0 (Yoast SEO v27.0) - https:\/\/yoast.com\/product\/yoast-seo-premium-wordpress\/ -->\n<title>Willkommen - Buhl Banking Service \u2013 PSD2<\/title>\n<meta name=\"robots\" content=\"noindex, follow, max-snippet:-1, max-image-preview:large, max-video-preview:-1\" \/>\n<meta property=\"og:locale\" content=\"de_DE\" \/>\n<meta property=\"og:type\" content=\"article\" \/>\n<meta property=\"og:title\" content=\"Willkommen\" \/>\n<meta property=\"og:description\" content=\"Als einer der f\u00fchrenden Anbieter von Finanz- und Steuersoftware in Deutschland sind wir von der Bundesanstalt f\u00fcr Finanz-dienstleistungsaufsicht (BaFin) zertifiziert und besitzen die Erlaubnis Kontoinformations- und Zahlungsausl\u00f6sedienste nach dem Zahlungsdienste\u00adaufsichtsgesetz (ZAG) zu erbringen. Wir bieten unsere Banking-Technologien nach den strengen PSD2-Richtlinien als License as a Service an. Damit haben auch andere Unternehmen die M\u00f6glichkeit, ihren [&hellip;]\" \/>\n<meta property=\"og:url\" content=\"https:\/\/www.buhl.de\/buhl-banking-service\/\" \/>\n<meta property=\"og:site_name\" content=\"Buhl Banking Service \u2013 PSD2\" \/>\n<meta property=\"article:modified_time\" content=\"2022-11-14T08:48:35+00:00\" \/>\n<meta name=\"twitter:card\" content=\"summary_large_image\" \/>\n<meta name=\"twitter:label1\" content=\"Gesch\u00e4tzte Lesezeit\" \/>\n\t<meta name=\"twitter:data1\" content=\"1\u00a0Minute\" \/>\n<script type=\"application\/ld+json\" class=\"yoast-schema-graph\">{\"@context\":\"https:\/\/schema.org\",\"@graph\":[{\"@type\":\"WebPage\",\"@id\":\"https:\/\/www.buhl.de\/buhl-banking-service\/\",\"url\":\"https:\/\/www.buhl.de\/buhl-banking-service\/\",\"name\":\"Willkommen - Buhl Banking Service \u2013 PSD2\",\"isPartOf\":{\"@id\":\"https:\/\/www.buhl.de\/buhl-banking-service\/#website\"},\"datePublished\":\"2020-03-09T07:40:39+00:00\",\"dateModified\":\"2022-11-14T08:48:35+00:00\",\"breadcrumb\":{\"@id\":\"https:\/\/www.buhl.de\/buhl-banking-service\/#breadcrumb\"},\"inLanguage\":\"de\",\"potentialAction\":[{\"@type\":\"ReadAction\",\"target\":[\"https:\/\/www.buhl.de\/buhl-banking-service\/\"]}]},{\"@type\":\"BreadcrumbList\",\"@id\":\"https:\/\/www.buhl.de\/buhl-banking-service\/#breadcrumb\",\"itemListElement\":[{\"@type\":\"ListItem\",\"position\":1,\"name\":\"Startseite\",\"item\":\"https:\/\/www.buhl.de\/buhl-banking-service\/\"},{\"@type\":\"ListItem\",\"position\":2,\"name\":\"Willkommen\"}]},{\"@type\":\"WebSite\",\"@id\":\"https:\/\/www.buhl.de\/buhl-banking-service\/#website\",\"url\":\"https:\/\/www.buhl.de\/buhl-banking-service\/\",\"name\":\"Buhl Banking Service \u2013 PSD2\",\"description\":\"Buhl Banking Service\",\"potentialAction\":[{\"@type\":\"SearchAction\",\"target\":{\"@type\":\"EntryPoint\",\"urlTemplate\":\"https:\/\/www.buhl.de\/buhl-banking-service\/?s={search_term_string}\"},\"query-input\":{\"@type\":\"PropertyValueSpecification\",\"valueRequired\":true,\"valueName\":\"search_term_string\"}}],\"inLanguage\":\"de\"}]}<\/script>\n<!-- \/ Yoast SEO Premium plugin. -->","yoast_head_json":{"title":"Willkommen - Buhl Banking Service \u2013 PSD2","robots":{"index":"noindex","follow":"follow","max-snippet":"max-snippet:-1","max-image-preview":"max-image-preview:large","max-video-preview":"max-video-preview:-1"},"og_locale":"de_DE","og_type":"article","og_title":"Willkommen","og_description":"Als einer der f\u00fchrenden Anbieter von Finanz- und Steuersoftware in Deutschland sind wir von der Bundesanstalt f\u00fcr Finanz-dienstleistungsaufsicht (BaFin) zertifiziert und besitzen die Erlaubnis Kontoinformations- und Zahlungsausl\u00f6sedienste nach dem Zahlungsdienste\u00adaufsichtsgesetz (ZAG) zu erbringen. Wir bieten unsere Banking-Technologien nach den strengen PSD2-Richtlinien als License as a Service an. Damit haben auch andere Unternehmen die M\u00f6glichkeit, ihren [&hellip;]","og_url":"https:\/\/www.buhl.de\/buhl-banking-service\/","og_site_name":"Buhl Banking Service \u2013 PSD2","article_modified_time":"2022-11-14T08:48:35+00:00","twitter_card":"summary_large_image","twitter_misc":{"Gesch\u00e4tzte Lesezeit":"1\u00a0Minute"},"schema":{"@context":"https:\/\/schema.org","@graph":[{"@type":"WebPage","@id":"https:\/\/www.buhl.de\/buhl-banking-service\/","url":"https:\/\/www.buhl.de\/buhl-banking-service\/","name":"Willkommen - Buhl Banking Service \u2013 PSD2","isPartOf":{"@id":"https:\/\/www.buhl.de\/buhl-banking-service\/#website"},"datePublished":"2020-03-09T07:40:39+00:00","dateModified":"2022-11-14T08:48:35+00:00","breadcrumb":{"@id":"https:\/\/www.buhl.de\/buhl-banking-service\/#breadcrumb"},"inLanguage":"de","potentialAction":[{"@type":"ReadAction","target":["https:\/\/www.buhl.de\/buhl-banking-service\/"]}]},{"@type":"BreadcrumbList","@id":"https:\/\/www.buhl.de\/buhl-banking-service\/#breadcrumb","itemListElement":[{"@type":"ListItem","position":1,"name":"Startseite","item":"https:\/\/www.buhl.de\/buhl-banking-service\/"},{"@type":"ListItem","position":2,"name":"Willkommen"}]},{"@type":"WebSite","@id":"https:\/\/www.buhl.de\/buhl-banking-service\/#website","url":"https:\/\/www.buhl.de\/buhl-banking-service\/","name":"Buhl Banking Service \u2013 PSD2","description":"Buhl Banking Service","potentialAction":[{"@type":"SearchAction","target":{"@type":"EntryPoint","urlTemplate":"https:\/\/www.buhl.de\/buhl-banking-service\/?s={search_term_string}"},"query-input":{"@type":"PropertyValueSpecification","valueRequired":true,"valueName":"search_term_string"}}],"inLanguage":"de"}]}},"_links":{"self":[{"href":"https:\/\/www.buhl.de\/buhl-banking-service\/wp-json\/wp\/v2\/pages\/7","targetHints":{"allow":["GET"]}}],"collection":[{"href":"https:\/\/www.buhl.de\/buhl-banking-service\/wp-json\/wp\/v2\/pages"}],"about":[{"href":"https:\/\/www.buhl.de\/buhl-banking-service\/wp-json\/wp\/v2\/types\/page"}],"author":[{"embeddable":true,"href":"https:\/\/www.buhl.de\/buhl-banking-service\/wp-json\/wp\/v2\/users\/27"}],"replies":[{"embeddable":true,"href":"https:\/\/www.buhl.de\/buhl-banking-service\/wp-json\/wp\/v2\/comments?post=7"}],"version-history":[{"count":2,"href":"https:\/\/www.buhl.de\/buhl-banking-service\/wp-json\/wp\/v2\/pages\/7\/revisions"}],"predecessor-version":[{"id":24,"href":"https:\/\/www.buhl.de\/buhl-banking-service\/wp-json\/wp\/v2\/pages\/7\/revisions\/24"}],"wp:attachment":[{"href":"https:\/\/www.buhl.de\/buhl-banking-service\/wp-json\/wp\/v2\/media?parent=7"}],"curies":[{"name":"wp","href":"https:\/\/api.w.org\/{rel}","templated":true}]}}