{"id":10670,"date":"2022-09-02T11:00:48","date_gmt":"2022-09-02T09:00:48","guid":{"rendered":"https:\/\/www.buhl.de\/c-j\/?page_id=10670"},"modified":"2025-01-29T13:54:56","modified_gmt":"2025-01-29T12:54:56","slug":"wiso-vermieter-2023","status":"publish","type":"page","link":"https:\/\/www.buhl.de\/c-j\/wiso-vermieter-2023\/","title":{"rendered":"WISO Vermieter 2023"},"content":{"rendered":"<script type=\"text\/javascript\" src=\"https:\/\/cj.buhl.de\/cj\/form\/generate.js?id=154\"><\/script>\n<div>\n<p><strong>Kostenlos, unverbindlich<\/strong> und so lange, wie Sie m\u00f6chten. Ihre Daten behandeln wir nat\u00fcrlich streng vertraulich und geben sie nicht an Dritte weiter.Nach Installation der Testversion von WISO Vermieter k\u00f6nnen Sie ausgiebig alle vorhandenen Bereiche des Programms mit Ausnahme der Abrechnungserstellung nutzen.<\/p>\n<p>Bitte beachten Sie: Die Anzahl der verf\u00fcgbaren Wohneinheiten ist in der Testversion auf 5 beschr\u00e4nkt. Nach Freischaltung der Testversion k\u00f6nnen weitere Wohneinheiten kostenpflichtig hinzugebucht werden.<\/p>\n<p>Wenn Sie WISO Vermieter \u00fcberzeugt hat und Sie Ihre Nebenkostenabrechnung erstellen m\u00f6chten, gen\u00fcgen wenige Klicks zur Freischaltung der Vollversion. Die Freischaltung erfolgt sofort &#8211; Sie k\u00f6nnen direkt und ohne Neuinstallation weiterarbeiten!<\/p>\n<\/div>\n\n","protected":false},"excerpt":{"rendered":"<p>Kostenlos, unverbindlich und so lange, wie Sie m\u00f6chten. Ihre Daten behandeln wir nat\u00fcrlich streng vertraulich und geben sie nicht an Dritte weiter.Nach Installation der Testversion von WISO Vermieter k\u00f6nnen Sie ausgiebig alle vorhandenen Bereiche des Programms mit Ausnahme der Abrechnungserstellung nutzen. Bitte beachten Sie: Die Anzahl der verf\u00fcgbaren Wohneinheiten ist in der Testversion auf 5 [&hellip;]<\/p>\n","protected":false},"author":102,"featured_media":10675,"parent":0,"menu_order":0,"comment_status":"closed","ping_status":"closed","template":"","meta":{"footnotes":""},"class_list":["post-10670","page","type-page","status-publish","has-post-thumbnail","hentry"],"yoast_head":"<!-- This site is optimized with the Yoast SEO Premium plugin v27.0 (Yoast SEO v27.0) - https:\/\/yoast.com\/product\/yoast-seo-premium-wordpress\/ -->\n<title>WISO Vermieter 2023<\/title>\n<meta name=\"robots\" content=\"noindex, nofollow\" \/>\n<meta property=\"og:locale\" content=\"de_DE\" \/>\n<meta property=\"og:type\" content=\"article\" \/>\n<meta property=\"og:title\" content=\"WISO Vermieter 2023\" \/>\n<meta property=\"og:description\" content=\"Kostenlos, unverbindlich und so lange, wie Sie m\u00f6chten. Ihre Daten behandeln wir nat\u00fcrlich streng vertraulich und geben sie nicht an Dritte weiter.Nach Installation der Testversion von WISO Vermieter k\u00f6nnen Sie ausgiebig alle vorhandenen Bereiche des Programms mit Ausnahme der Abrechnungserstellung nutzen. Bitte beachten Sie: Die Anzahl der verf\u00fcgbaren Wohneinheiten ist in der Testversion auf 5 [&hellip;]\" \/>\n<meta property=\"og:url\" content=\"https:\/\/www.buhl.de\/c-j\/wiso-vermieter-2023\/\" \/>\n<meta property=\"og:site_name\" content=\"Customer Journeys\" \/>\n<meta property=\"article:modified_time\" content=\"2025-01-29T12:54:56+00:00\" \/>\n<meta property=\"og:image\" content=\"https:\/\/www.buhl.de\/c-j\/wp-content\/uploads\/sites\/28\/2022\/09\/PS_WISO-Vermieter-2023_Links.png\" \/>\n\t<meta property=\"og:image:width\" content=\"1316\" \/>\n\t<meta property=\"og:image:height\" content=\"2161\" \/>\n\t<meta property=\"og:image:type\" content=\"image\/png\" \/>\n<meta name=\"twitter:card\" content=\"summary_large_image\" \/>\n<meta name=\"twitter:label1\" content=\"Gesch\u00e4tzte Lesezeit\" \/>\n\t<meta name=\"twitter:data1\" content=\"1\u00a0Minute\" \/>\n<script type=\"application\/ld+json\" class=\"yoast-schema-graph\">{\"@context\":\"https:\/\/schema.org\",\"@graph\":[{\"@type\":\"WebPage\",\"@id\":\"https:\/\/www.buhl.de\/c-j\/wiso-vermieter-2023\/\",\"url\":\"https:\/\/www.buhl.de\/c-j\/wiso-vermieter-2023\/\",\"name\":\"WISO Vermieter 2023\",\"isPartOf\":{\"@id\":\"https:\/\/www.buhl.de\/c-j\/#website\"},\"primaryImageOfPage\":{\"@id\":\"https:\/\/www.buhl.de\/c-j\/wiso-vermieter-2023\/#primaryimage\"},\"image\":{\"@id\":\"https:\/\/www.buhl.de\/c-j\/wiso-vermieter-2023\/#primaryimage\"},\"thumbnailUrl\":\"https:\/\/www.buhl.de\/c-j\/wp-content\/uploads\/sites\/28\/2022\/09\/PS_WISO-Vermieter-2023_Links.png\",\"datePublished\":\"2022-09-02T09:00:48+00:00\",\"dateModified\":\"2025-01-29T12:54:56+00:00\",\"breadcrumb\":{\"@id\":\"https:\/\/www.buhl.de\/c-j\/wiso-vermieter-2023\/#breadcrumb\"},\"inLanguage\":\"de\",\"potentialAction\":[{\"@type\":\"ReadAction\",\"target\":[\"https:\/\/www.buhl.de\/c-j\/wiso-vermieter-2023\/\"]}]},{\"@type\":\"ImageObject\",\"inLanguage\":\"de\",\"@id\":\"https:\/\/www.buhl.de\/c-j\/wiso-vermieter-2023\/#primaryimage\",\"url\":\"https:\/\/www.buhl.de\/c-j\/wp-content\/uploads\/sites\/28\/2022\/09\/PS_WISO-Vermieter-2023_Links.png\",\"contentUrl\":\"https:\/\/www.buhl.de\/c-j\/wp-content\/uploads\/sites\/28\/2022\/09\/PS_WISO-Vermieter-2023_Links.png\",\"width\":1316,\"height\":2161},{\"@type\":\"BreadcrumbList\",\"@id\":\"https:\/\/www.buhl.de\/c-j\/wiso-vermieter-2023\/#breadcrumb\",\"itemListElement\":[{\"@type\":\"ListItem\",\"position\":1,\"name\":\"Startseite\",\"item\":\"https:\/\/www.buhl.de\/c-j\/\"},{\"@type\":\"ListItem\",\"position\":2,\"name\":\"WISO Vermieter 2023\"}]},{\"@type\":\"WebSite\",\"@id\":\"https:\/\/www.buhl.de\/c-j\/#website\",\"url\":\"https:\/\/www.buhl.de\/c-j\/\",\"name\":\"Customer Journeys\",\"description\":\"\",\"potentialAction\":[{\"@type\":\"SearchAction\",\"target\":{\"@type\":\"EntryPoint\",\"urlTemplate\":\"https:\/\/www.buhl.de\/c-j\/?s={search_term_string}\"},\"query-input\":{\"@type\":\"PropertyValueSpecification\",\"valueRequired\":true,\"valueName\":\"search_term_string\"}}],\"inLanguage\":\"de\"}]}<\/script>\n<!-- \/ Yoast SEO Premium plugin. -->","yoast_head_json":{"title":"WISO Vermieter 2023","robots":{"index":"noindex","follow":"nofollow"},"og_locale":"de_DE","og_type":"article","og_title":"WISO Vermieter 2023","og_description":"Kostenlos, unverbindlich und so lange, wie Sie m\u00f6chten. Ihre Daten behandeln wir nat\u00fcrlich streng vertraulich und geben sie nicht an Dritte weiter.Nach Installation der Testversion von WISO Vermieter k\u00f6nnen Sie ausgiebig alle vorhandenen Bereiche des Programms mit Ausnahme der Abrechnungserstellung nutzen. Bitte beachten Sie: Die Anzahl der verf\u00fcgbaren Wohneinheiten ist in der Testversion auf 5 [&hellip;]","og_url":"https:\/\/www.buhl.de\/c-j\/wiso-vermieter-2023\/","og_site_name":"Customer Journeys","article_modified_time":"2025-01-29T12:54:56+00:00","og_image":[{"width":1316,"height":2161,"url":"https:\/\/www.buhl.de\/c-j\/wp-content\/uploads\/sites\/28\/2022\/09\/PS_WISO-Vermieter-2023_Links.png","type":"image\/png"}],"twitter_card":"summary_large_image","twitter_misc":{"Gesch\u00e4tzte Lesezeit":"1\u00a0Minute"},"schema":{"@context":"https:\/\/schema.org","@graph":[{"@type":"WebPage","@id":"https:\/\/www.buhl.de\/c-j\/wiso-vermieter-2023\/","url":"https:\/\/www.buhl.de\/c-j\/wiso-vermieter-2023\/","name":"WISO Vermieter 2023","isPartOf":{"@id":"https:\/\/www.buhl.de\/c-j\/#website"},"primaryImageOfPage":{"@id":"https:\/\/www.buhl.de\/c-j\/wiso-vermieter-2023\/#primaryimage"},"image":{"@id":"https:\/\/www.buhl.de\/c-j\/wiso-vermieter-2023\/#primaryimage"},"thumbnailUrl":"https:\/\/www.buhl.de\/c-j\/wp-content\/uploads\/sites\/28\/2022\/09\/PS_WISO-Vermieter-2023_Links.png","datePublished":"2022-09-02T09:00:48+00:00","dateModified":"2025-01-29T12:54:56+00:00","breadcrumb":{"@id":"https:\/\/www.buhl.de\/c-j\/wiso-vermieter-2023\/#breadcrumb"},"inLanguage":"de","potentialAction":[{"@type":"ReadAction","target":["https:\/\/www.buhl.de\/c-j\/wiso-vermieter-2023\/"]}]},{"@type":"ImageObject","inLanguage":"de","@id":"https:\/\/www.buhl.de\/c-j\/wiso-vermieter-2023\/#primaryimage","url":"https:\/\/www.buhl.de\/c-j\/wp-content\/uploads\/sites\/28\/2022\/09\/PS_WISO-Vermieter-2023_Links.png","contentUrl":"https:\/\/www.buhl.de\/c-j\/wp-content\/uploads\/sites\/28\/2022\/09\/PS_WISO-Vermieter-2023_Links.png","width":1316,"height":2161},{"@type":"BreadcrumbList","@id":"https:\/\/www.buhl.de\/c-j\/wiso-vermieter-2023\/#breadcrumb","itemListElement":[{"@type":"ListItem","position":1,"name":"Startseite","item":"https:\/\/www.buhl.de\/c-j\/"},{"@type":"ListItem","position":2,"name":"WISO Vermieter 2023"}]},{"@type":"WebSite","@id":"https:\/\/www.buhl.de\/c-j\/#website","url":"https:\/\/www.buhl.de\/c-j\/","name":"Customer Journeys","description":"","potentialAction":[{"@type":"SearchAction","target":{"@type":"EntryPoint","urlTemplate":"https:\/\/www.buhl.de\/c-j\/?s={search_term_string}"},"query-input":{"@type":"PropertyValueSpecification","valueRequired":true,"valueName":"search_term_string"}}],"inLanguage":"de"}]}},"wps_subtitle":"","_links":{"self":[{"href":"https:\/\/www.buhl.de\/c-j\/wp-json\/wp\/v2\/pages\/10670","targetHints":{"allow":["GET"]}}],"collection":[{"href":"https:\/\/www.buhl.de\/c-j\/wp-json\/wp\/v2\/pages"}],"about":[{"href":"https:\/\/www.buhl.de\/c-j\/wp-json\/wp\/v2\/types\/page"}],"author":[{"embeddable":true,"href":"https:\/\/www.buhl.de\/c-j\/wp-json\/wp\/v2\/users\/102"}],"replies":[{"embeddable":true,"href":"https:\/\/www.buhl.de\/c-j\/wp-json\/wp\/v2\/comments?post=10670"}],"version-history":[{"count":4,"href":"https:\/\/www.buhl.de\/c-j\/wp-json\/wp\/v2\/pages\/10670\/revisions"}],"predecessor-version":[{"id":11120,"href":"https:\/\/www.buhl.de\/c-j\/wp-json\/wp\/v2\/pages\/10670\/revisions\/11120"}],"wp:featuredmedia":[{"embeddable":true,"href":"https:\/\/www.buhl.de\/c-j\/wp-json\/wp\/v2\/media\/10675"}],"wp:attachment":[{"href":"https:\/\/www.buhl.de\/c-j\/wp-json\/wp\/v2\/media?parent=10670"}],"curies":[{"name":"wp","href":"https:\/\/api.w.org\/{rel}","templated":true}]}}