{"id":10829,"date":"2023-06-07T13:02:21","date_gmt":"2023-06-07T11:02:21","guid":{"rendered":"https:\/\/www.buhl.de\/c-j\/?page_id=10829"},"modified":"2023-09-13T10:22:13","modified_gmt":"2023-09-13T08:22:13","slug":"wiso-vermieter-2024","status":"publish","type":"page","link":"https:\/\/www.buhl.de\/c-j\/wiso-vermieter-2024\/","title":{"rendered":"WISO Vermieter 2024"},"content":{"rendered":"<script type=\"text\/javascript\" src=\"https:\/\/cj.buhl.de\/cj\/form\/generate.js?id=165\"><\/script>\n<div>\n<p><strong>Kostenlos, unverbindlich<\/strong> und so lange, wie Sie m\u00f6chten. Ihre Daten behandeln wir nat\u00fcrlich streng vertraulich und geben sie nicht an Dritte weiter. Nach Installation der Testversion von WISO Vermieter k\u00f6nnen Sie ausgiebig alle vorhandenen Bereiche des Programms mit Ausnahme der Abrechnungserstellung nutzen.<\/p>\n<p>Bitte beachten Sie: Die Anzahl der verf\u00fcgbaren Wohneinheiten ist in der Testversion auf 5 beschr\u00e4nkt. Nach Freischaltung der Testversion k\u00f6nnen weitere Wohneinheiten kostenpflichtig hinzugebucht werden.<\/p>\n<p>Wenn Sie WISO Vermieter \u00fcberzeugt hat und Sie Ihre Nebenkostenabrechnung erstellen m\u00f6chten, gen\u00fcgen wenige Klicks zur Freischaltung der Vollversion. Die Freischaltung erfolgt sofort &#8211; Sie k\u00f6nnen direkt und ohne Neuinstallation weiterarbeiten!<\/p>\n<\/div>\n<div class='review_container'><a class=\"Kundenstimmentext\">Kundenstimmen<\/a><br><br><div class='review' id='review'><form class='formular_review' method='get'>\r\n\t\t\t  <input type='hidden' name='review' value='1'>\r\n\t\t\t  <input type='hidden' name='order' value='best'>\r\n              <input type='submit' class='order_best' value='Beste' >\r\n          <\/form><form class='formular_review' method='get'>\r\n\t\t\t  <input type='hidden' name='review' value='1'>\r\n              <input type='hidden' name='order' value='new'>\r\n              <input type='submit'  class='order_new' value='Neueste'>\r\n          <\/form><div class='review_single'><div class='review_name'>buhlShop<\/div><span class='fas fa-star'><\/span><span class='fas fa-star'><\/span><span class='fas fa-star'><\/span><span class='fas fa-star'><\/span><span class='fas fa-star'><\/span><div class='review_author'>Verfasst von Thomas M.<\/div><div class='review_date'> am 08.03.2020<\/div><div class='review_title'>Klapt doch alles immer Super<\/div><div class='review_content'>wie alle Buhl Produkte klappt doch alles immer gut<\/div><\/div><div class='review_single'><div class='review_name'>Amazon<\/div><span class='fas fa-star'><\/span><span class='fas fa-star'><\/span><span class='fas fa-star'><\/span><span class='fas fa-star'><\/span><span class='fas fa-star'><\/span><div class='review_author'>Verfasst von Cora Schiller<\/div><div class='review_date'> am 05.07.2020<\/div><div class='review_title'>Top Produkt mit dem ich seit drei Jahren arbeite<\/div><div class='review_content'>Prima Produkt zum abrechnen der anfallenden Kosten. Kaufe ich bereits zum dritten Jahr in Folge, da die Vorjahre in der SW gespeichert bleiben, was sehr praktisch ist.<\/div><\/div><div class='review_single'><div class='review_name'>Amazon<\/div><span class='fas fa-star'><\/span><span class='fas fa-star'><\/span><span class='fas fa-star'><\/span><span class='fas fa-star'><\/span><span class='fas fa-star'><\/span><div class='review_author'>Verfasst von Mareike B<\/div><div class='review_date'> am 07.03.2020<\/div><div class='review_title'>Empfehlenswert einfach, einfach empfehlenswert<\/div><div class='review_content'>Sehr gute Software, die sich nach Registrierung selbst immer uptodate h\u00e4lt.\nNach Eingabe aller Daten in die \u00fcbersichtliche Maske macht das Programm die ganze Arbeit und schnell ist die Nebenkostenabrechnung fertig.\nBei Fragen steht eine gut zu erreichende Hotline zur Verf\u00fcgung, deren Mitarbeiter sich auch via Teamviewer auf euren PC aufschalten k\u00f6nnen.\nUnterm Strich guter Support, obwohl ein Mitarbeiter echt mies war, daf\u00fcr hat das sein Kollege wieder voll rausgerissen.\nAlles in allem auch f\u00fcr absolute Laien wie uns sehr empfehlenswert und leicht zu bedienen.<\/div><\/div><div class='review_single'><div class='review_name'>Amazon<\/div><span class='fas fa-star'><\/span><span class='fas fa-star'><\/span><span class='fas fa-star'><\/span><span class='fas fa-star'><\/span><span class='fas fa-star'><\/span><div class='review_author'>Verfasst von Michael Koller<\/div><div class='review_date'> am 19.01.2020<\/div><div class='review_title'>Wiso - ein absolutes Muss<\/div><div class='review_content'>Bereits seit mehr als 10 Jahren arbeite ich mit der WISO Software und habe so schon viele Steuern durch Tipps und Tricks sparen k\u00f6nnen. Innovativ, einfach und f\u00fcr jeden ... wirklich JEDEN LAIEN verst\u00e4ndlich. Wer heute f\u00fcr Steuerberatung Geld ausgibt, sollte es in die WISO Software investieren<\/div><\/div><div class='review_single'><div class='review_name'>buhlShop<\/div><span class='fas fa-star'><\/span><span class='fas fa-star'><\/span><span class='fas fa-star'><\/span><span class='fas fa-star'><\/span><span class='fas fa-star'><\/span><div class='review_author'>Verfasst von Robert S.<\/div><div class='review_date'> am 05.01.2021<\/div><div class='review_title'>Top Software<\/div><div class='review_content'>Ich benutze dieses Software seit ich Vermieter bin und bin rundum zufrieden damit.\r\nIch kann sie nur empfehlen.<\/div><\/div><div class='review_single'><div class='review_name'>Amazon<\/div><span class='fas fa-star'><\/span><span class='fas fa-star'><\/span><span class='fas fa-star'><\/span><span class='fas fa-star'><\/span><span class='fas fa-star'><\/span><div class='review_author'>Verfasst von Amazon Kunde<\/div><div class='review_date'> am 04.09.2020<\/div><div class='review_title'>Vermieter Nebenkosten<\/div><div class='review_content'>Ein muss f\u00fcr jeden der die Nebenkosten selbst erstellen will oder muss, einfach \u00fcberschichtlch und vorallem auch verst\u00e4ndlich.<\/div><\/div><\/div><\/div><div class=\"pagination\"><a class=\"current_page\"\">1<\/a><a class=\"availablePages\" href=\"?review=2#review\">2<\/a><a class=\"availablePages\" href=\"?review=3#review\">3<\/a><a class=\"availablePages\" href=\"?review=4#review\">4<\/a><a Class=\"dots\">...<\/a><a class=\"availablePages\" href=\"?review=24#review\">24<\/a><a class=\"paginationRightArrow\" href=\".?review=24#review\"><\/a><\/div>\n","protected":false},"excerpt":{"rendered":"<p>Kostenlos, unverbindlich und so lange, wie Sie m\u00f6chten. Ihre Daten behandeln wir nat\u00fcrlich streng vertraulich und geben sie nicht an Dritte weiter. Nach Installation der Testversion von WISO Vermieter k\u00f6nnen Sie ausgiebig alle vorhandenen Bereiche des Programms mit Ausnahme der Abrechnungserstellung nutzen. Bitte beachten Sie: Die Anzahl der verf\u00fcgbaren Wohneinheiten ist in der Testversion auf [&hellip;]<\/p>\n","protected":false},"author":102,"featured_media":10854,"parent":0,"menu_order":0,"comment_status":"closed","ping_status":"closed","template":"","meta":{"footnotes":""},"class_list":["post-10829","page","type-page","status-publish","has-post-thumbnail","hentry"],"yoast_head":"<!-- This site is optimized with the Yoast SEO Premium plugin v27.0 (Yoast SEO v27.0) - https:\/\/yoast.com\/product\/yoast-seo-premium-wordpress\/ -->\n<title>WISO Vermieter 2024<\/title>\n<meta name=\"robots\" content=\"noindex, nofollow\" \/>\n<meta property=\"og:locale\" content=\"de_DE\" \/>\n<meta property=\"og:type\" content=\"article\" \/>\n<meta property=\"og:title\" content=\"WISO Vermieter 2024\" \/>\n<meta property=\"og:description\" content=\"Kostenlos, unverbindlich und so lange, wie Sie m\u00f6chten. Ihre Daten behandeln wir nat\u00fcrlich streng vertraulich und geben sie nicht an Dritte weiter. Nach Installation der Testversion von WISO Vermieter k\u00f6nnen Sie ausgiebig alle vorhandenen Bereiche des Programms mit Ausnahme der Abrechnungserstellung nutzen. Bitte beachten Sie: Die Anzahl der verf\u00fcgbaren Wohneinheiten ist in der Testversion auf [&hellip;]\" \/>\n<meta property=\"og:url\" content=\"https:\/\/www.buhl.de\/c-j\/wiso-vermieter-2024\/\" \/>\n<meta property=\"og:site_name\" content=\"Customer Journeys\" \/>\n<meta property=\"article:modified_time\" content=\"2023-09-13T08:22:13+00:00\" \/>\n<meta property=\"og:image\" content=\"https:\/\/www.buhl.de\/c-j\/wp-content\/uploads\/sites\/28\/2023\/06\/PS_WISO-Vermieter-2023_Links.png\" \/>\n\t<meta property=\"og:image:width\" content=\"1316\" \/>\n\t<meta property=\"og:image:height\" content=\"2161\" \/>\n\t<meta property=\"og:image:type\" content=\"image\/png\" \/>\n<meta name=\"twitter:card\" content=\"summary_large_image\" \/>\n<meta name=\"twitter:label1\" content=\"Gesch\u00e4tzte Lesezeit\" \/>\n\t<meta name=\"twitter:data1\" content=\"1\u00a0Minute\" \/>\n<script type=\"application\/ld+json\" class=\"yoast-schema-graph\">{\"@context\":\"https:\/\/schema.org\",\"@graph\":[{\"@type\":\"WebPage\",\"@id\":\"https:\/\/www.buhl.de\/c-j\/wiso-vermieter-2024\/\",\"url\":\"https:\/\/www.buhl.de\/c-j\/wiso-vermieter-2024\/\",\"name\":\"WISO Vermieter 2024\",\"isPartOf\":{\"@id\":\"https:\/\/www.buhl.de\/c-j\/#website\"},\"primaryImageOfPage\":{\"@id\":\"https:\/\/www.buhl.de\/c-j\/wiso-vermieter-2024\/#primaryimage\"},\"image\":{\"@id\":\"https:\/\/www.buhl.de\/c-j\/wiso-vermieter-2024\/#primaryimage\"},\"thumbnailUrl\":\"https:\/\/www.buhl.de\/c-j\/wp-content\/uploads\/sites\/28\/2023\/06\/PS_WISO-Vermieter-2023_Links.png\",\"datePublished\":\"2023-06-07T11:02:21+00:00\",\"dateModified\":\"2023-09-13T08:22:13+00:00\",\"breadcrumb\":{\"@id\":\"https:\/\/www.buhl.de\/c-j\/wiso-vermieter-2024\/#breadcrumb\"},\"inLanguage\":\"de\",\"potentialAction\":[{\"@type\":\"ReadAction\",\"target\":[\"https:\/\/www.buhl.de\/c-j\/wiso-vermieter-2024\/\"]}]},{\"@type\":\"ImageObject\",\"inLanguage\":\"de\",\"@id\":\"https:\/\/www.buhl.de\/c-j\/wiso-vermieter-2024\/#primaryimage\",\"url\":\"https:\/\/www.buhl.de\/c-j\/wp-content\/uploads\/sites\/28\/2023\/06\/PS_WISO-Vermieter-2023_Links.png\",\"contentUrl\":\"https:\/\/www.buhl.de\/c-j\/wp-content\/uploads\/sites\/28\/2023\/06\/PS_WISO-Vermieter-2023_Links.png\",\"width\":1316,\"height\":2161},{\"@type\":\"BreadcrumbList\",\"@id\":\"https:\/\/www.buhl.de\/c-j\/wiso-vermieter-2024\/#breadcrumb\",\"itemListElement\":[{\"@type\":\"ListItem\",\"position\":1,\"name\":\"Startseite\",\"item\":\"https:\/\/www.buhl.de\/c-j\/\"},{\"@type\":\"ListItem\",\"position\":2,\"name\":\"WISO Vermieter 2024\"}]},{\"@type\":\"WebSite\",\"@id\":\"https:\/\/www.buhl.de\/c-j\/#website\",\"url\":\"https:\/\/www.buhl.de\/c-j\/\",\"name\":\"Customer Journeys\",\"description\":\"\",\"potentialAction\":[{\"@type\":\"SearchAction\",\"target\":{\"@type\":\"EntryPoint\",\"urlTemplate\":\"https:\/\/www.buhl.de\/c-j\/?s={search_term_string}\"},\"query-input\":{\"@type\":\"PropertyValueSpecification\",\"valueRequired\":true,\"valueName\":\"search_term_string\"}}],\"inLanguage\":\"de\"}]}<\/script>\n<!-- \/ Yoast SEO Premium plugin. -->","yoast_head_json":{"title":"WISO Vermieter 2024","robots":{"index":"noindex","follow":"nofollow"},"og_locale":"de_DE","og_type":"article","og_title":"WISO Vermieter 2024","og_description":"Kostenlos, unverbindlich und so lange, wie Sie m\u00f6chten. Ihre Daten behandeln wir nat\u00fcrlich streng vertraulich und geben sie nicht an Dritte weiter. Nach Installation der Testversion von WISO Vermieter k\u00f6nnen Sie ausgiebig alle vorhandenen Bereiche des Programms mit Ausnahme der Abrechnungserstellung nutzen. Bitte beachten Sie: Die Anzahl der verf\u00fcgbaren Wohneinheiten ist in der Testversion auf [&hellip;]","og_url":"https:\/\/www.buhl.de\/c-j\/wiso-vermieter-2024\/","og_site_name":"Customer Journeys","article_modified_time":"2023-09-13T08:22:13+00:00","og_image":[{"width":1316,"height":2161,"url":"https:\/\/www.buhl.de\/c-j\/wp-content\/uploads\/sites\/28\/2023\/06\/PS_WISO-Vermieter-2023_Links.png","type":"image\/png"}],"twitter_card":"summary_large_image","twitter_misc":{"Gesch\u00e4tzte Lesezeit":"1\u00a0Minute"},"schema":{"@context":"https:\/\/schema.org","@graph":[{"@type":"WebPage","@id":"https:\/\/www.buhl.de\/c-j\/wiso-vermieter-2024\/","url":"https:\/\/www.buhl.de\/c-j\/wiso-vermieter-2024\/","name":"WISO Vermieter 2024","isPartOf":{"@id":"https:\/\/www.buhl.de\/c-j\/#website"},"primaryImageOfPage":{"@id":"https:\/\/www.buhl.de\/c-j\/wiso-vermieter-2024\/#primaryimage"},"image":{"@id":"https:\/\/www.buhl.de\/c-j\/wiso-vermieter-2024\/#primaryimage"},"thumbnailUrl":"https:\/\/www.buhl.de\/c-j\/wp-content\/uploads\/sites\/28\/2023\/06\/PS_WISO-Vermieter-2023_Links.png","datePublished":"2023-06-07T11:02:21+00:00","dateModified":"2023-09-13T08:22:13+00:00","breadcrumb":{"@id":"https:\/\/www.buhl.de\/c-j\/wiso-vermieter-2024\/#breadcrumb"},"inLanguage":"de","potentialAction":[{"@type":"ReadAction","target":["https:\/\/www.buhl.de\/c-j\/wiso-vermieter-2024\/"]}]},{"@type":"ImageObject","inLanguage":"de","@id":"https:\/\/www.buhl.de\/c-j\/wiso-vermieter-2024\/#primaryimage","url":"https:\/\/www.buhl.de\/c-j\/wp-content\/uploads\/sites\/28\/2023\/06\/PS_WISO-Vermieter-2023_Links.png","contentUrl":"https:\/\/www.buhl.de\/c-j\/wp-content\/uploads\/sites\/28\/2023\/06\/PS_WISO-Vermieter-2023_Links.png","width":1316,"height":2161},{"@type":"BreadcrumbList","@id":"https:\/\/www.buhl.de\/c-j\/wiso-vermieter-2024\/#breadcrumb","itemListElement":[{"@type":"ListItem","position":1,"name":"Startseite","item":"https:\/\/www.buhl.de\/c-j\/"},{"@type":"ListItem","position":2,"name":"WISO Vermieter 2024"}]},{"@type":"WebSite","@id":"https:\/\/www.buhl.de\/c-j\/#website","url":"https:\/\/www.buhl.de\/c-j\/","name":"Customer Journeys","description":"","potentialAction":[{"@type":"SearchAction","target":{"@type":"EntryPoint","urlTemplate":"https:\/\/www.buhl.de\/c-j\/?s={search_term_string}"},"query-input":{"@type":"PropertyValueSpecification","valueRequired":true,"valueName":"search_term_string"}}],"inLanguage":"de"}]}},"wps_subtitle":"","_links":{"self":[{"href":"https:\/\/www.buhl.de\/c-j\/wp-json\/wp\/v2\/pages\/10829","targetHints":{"allow":["GET"]}}],"collection":[{"href":"https:\/\/www.buhl.de\/c-j\/wp-json\/wp\/v2\/pages"}],"about":[{"href":"https:\/\/www.buhl.de\/c-j\/wp-json\/wp\/v2\/types\/page"}],"author":[{"embeddable":true,"href":"https:\/\/www.buhl.de\/c-j\/wp-json\/wp\/v2\/users\/102"}],"replies":[{"embeddable":true,"href":"https:\/\/www.buhl.de\/c-j\/wp-json\/wp\/v2\/comments?post=10829"}],"version-history":[{"count":5,"href":"https:\/\/www.buhl.de\/c-j\/wp-json\/wp\/v2\/pages\/10829\/revisions"}],"predecessor-version":[{"id":10864,"href":"https:\/\/www.buhl.de\/c-j\/wp-json\/wp\/v2\/pages\/10829\/revisions\/10864"}],"wp:featuredmedia":[{"embeddable":true,"href":"https:\/\/www.buhl.de\/c-j\/wp-json\/wp\/v2\/media\/10854"}],"wp:attachment":[{"href":"https:\/\/www.buhl.de\/c-j\/wp-json\/wp\/v2\/media?parent=10829"}],"curies":[{"name":"wp","href":"https:\/\/api.w.org\/{rel}","templated":true}]}}