{"id":10887,"date":"2023-10-16T11:08:46","date_gmt":"2023-10-16T09:08:46","guid":{"rendered":"https:\/\/www.buhl.de\/c-j\/?page_id=10887"},"modified":"2024-01-16T09:43:09","modified_gmt":"2024-01-16T08:43:09","slug":"wiso-fahrtenbuch-2024","status":"publish","type":"page","link":"https:\/\/www.buhl.de\/c-j\/wiso-fahrtenbuch-2024\/","title":{"rendered":"WISO Fahrtenbuch 2024"},"content":{"rendered":"<script type=\"text\/javascript\" src=\"https:\/\/cj.buhl.de\/cj\/form\/generate.js?id=171\"><\/script>\n<p>Probieren Sie WISO Fahrtenbuch 2024 kostenlos und unverbindlich aus. Ihre Daten behandeln wir nat\u00fcrlich streng vertraulich. Eine Weitergabe an Dritte erfolgt nicht!<\/p>\n<p>Nutzen Sie die Gelegenheit, das Programm auf Herz und Nieren zu pr\u00fcfen, bevor Sie sich zum Kauf entscheiden. Gef\u00e4llt Ihnen die Software, schalten Sie sie ganz einfach und bequem frei. Ihre eingegebenen Daten k\u00f6nnen Sie dabei \u00fcbernehmen. WISO Fahrtenbuch 2024 ist bereits ab 14,99 \u20ac erh\u00e4ltlich.<\/p>\n\n","protected":false},"excerpt":{"rendered":"<p>Probieren Sie WISO Fahrtenbuch 2024 kostenlos und unverbindlich aus. Ihre Daten behandeln wir nat\u00fcrlich streng vertraulich. Eine Weitergabe an Dritte erfolgt nicht! Nutzen Sie die Gelegenheit, das Programm auf Herz und Nieren zu pr\u00fcfen, bevor Sie sich zum Kauf entscheiden. Gef\u00e4llt Ihnen die Software, schalten Sie sie ganz einfach und bequem frei. Ihre eingegebenen Daten [&hellip;]<\/p>\n","protected":false},"author":102,"featured_media":10935,"parent":0,"menu_order":0,"comment_status":"closed","ping_status":"closed","template":"","meta":{"footnotes":""},"class_list":["post-10887","page","type-page","status-publish","has-post-thumbnail","hentry"],"yoast_head":"<!-- This site is optimized with the Yoast SEO Premium plugin v27.0 (Yoast SEO v27.0) - https:\/\/yoast.com\/product\/yoast-seo-premium-wordpress\/ -->\n<title>WISO Fahrtenbuch 2024<\/title>\n<meta name=\"robots\" content=\"noindex, nofollow\" \/>\n<meta property=\"og:locale\" content=\"de_DE\" \/>\n<meta property=\"og:type\" content=\"article\" \/>\n<meta property=\"og:title\" content=\"WISO Fahrtenbuch 2024\" \/>\n<meta property=\"og:description\" content=\"Probieren Sie WISO Fahrtenbuch 2024 kostenlos und unverbindlich aus. Ihre Daten behandeln wir nat\u00fcrlich streng vertraulich. Eine Weitergabe an Dritte erfolgt nicht! Nutzen Sie die Gelegenheit, das Programm auf Herz und Nieren zu pr\u00fcfen, bevor Sie sich zum Kauf entscheiden. Gef\u00e4llt Ihnen die Software, schalten Sie sie ganz einfach und bequem frei. Ihre eingegebenen Daten [&hellip;]\" \/>\n<meta property=\"og:url\" content=\"https:\/\/www.buhl.de\/c-j\/wiso-fahrtenbuch-2024\/\" \/>\n<meta property=\"og:site_name\" content=\"Customer Journeys\" \/>\n<meta property=\"article:modified_time\" content=\"2024-01-16T08:43:09+00:00\" \/>\n<meta property=\"og:image\" content=\"https:\/\/www.buhl.de\/c-j\/wp-content\/uploads\/sites\/28\/2023\/11\/PS_WISO-Fahrtenbuch-2024_Links.png\" \/>\n\t<meta property=\"og:image:width\" content=\"1316\" \/>\n\t<meta property=\"og:image:height\" content=\"2161\" \/>\n\t<meta property=\"og:image:type\" content=\"image\/png\" \/>\n<meta name=\"twitter:card\" content=\"summary_large_image\" \/>\n<script type=\"application\/ld+json\" class=\"yoast-schema-graph\">{\"@context\":\"https:\/\/schema.org\",\"@graph\":[{\"@type\":\"WebPage\",\"@id\":\"https:\/\/www.buhl.de\/c-j\/wiso-fahrtenbuch-2024\/\",\"url\":\"https:\/\/www.buhl.de\/c-j\/wiso-fahrtenbuch-2024\/\",\"name\":\"WISO Fahrtenbuch 2024\",\"isPartOf\":{\"@id\":\"https:\/\/www.buhl.de\/c-j\/#website\"},\"primaryImageOfPage\":{\"@id\":\"https:\/\/www.buhl.de\/c-j\/wiso-fahrtenbuch-2024\/#primaryimage\"},\"image\":{\"@id\":\"https:\/\/www.buhl.de\/c-j\/wiso-fahrtenbuch-2024\/#primaryimage\"},\"thumbnailUrl\":\"https:\/\/www.buhl.de\/c-j\/wp-content\/uploads\/sites\/28\/2023\/11\/PS_WISO-Fahrtenbuch-2024_Links.png\",\"datePublished\":\"2023-10-16T09:08:46+00:00\",\"dateModified\":\"2024-01-16T08:43:09+00:00\",\"breadcrumb\":{\"@id\":\"https:\/\/www.buhl.de\/c-j\/wiso-fahrtenbuch-2024\/#breadcrumb\"},\"inLanguage\":\"de\",\"potentialAction\":[{\"@type\":\"ReadAction\",\"target\":[\"https:\/\/www.buhl.de\/c-j\/wiso-fahrtenbuch-2024\/\"]}]},{\"@type\":\"ImageObject\",\"inLanguage\":\"de\",\"@id\":\"https:\/\/www.buhl.de\/c-j\/wiso-fahrtenbuch-2024\/#primaryimage\",\"url\":\"https:\/\/www.buhl.de\/c-j\/wp-content\/uploads\/sites\/28\/2023\/11\/PS_WISO-Fahrtenbuch-2024_Links.png\",\"contentUrl\":\"https:\/\/www.buhl.de\/c-j\/wp-content\/uploads\/sites\/28\/2023\/11\/PS_WISO-Fahrtenbuch-2024_Links.png\",\"width\":1316,\"height\":2161},{\"@type\":\"BreadcrumbList\",\"@id\":\"https:\/\/www.buhl.de\/c-j\/wiso-fahrtenbuch-2024\/#breadcrumb\",\"itemListElement\":[{\"@type\":\"ListItem\",\"position\":1,\"name\":\"Startseite\",\"item\":\"https:\/\/www.buhl.de\/c-j\/\"},{\"@type\":\"ListItem\",\"position\":2,\"name\":\"WISO Fahrtenbuch 2024\"}]},{\"@type\":\"WebSite\",\"@id\":\"https:\/\/www.buhl.de\/c-j\/#website\",\"url\":\"https:\/\/www.buhl.de\/c-j\/\",\"name\":\"Customer Journeys\",\"description\":\"\",\"potentialAction\":[{\"@type\":\"SearchAction\",\"target\":{\"@type\":\"EntryPoint\",\"urlTemplate\":\"https:\/\/www.buhl.de\/c-j\/?s={search_term_string}\"},\"query-input\":{\"@type\":\"PropertyValueSpecification\",\"valueRequired\":true,\"valueName\":\"search_term_string\"}}],\"inLanguage\":\"de\"}]}<\/script>\n<!-- \/ Yoast SEO Premium plugin. -->","yoast_head_json":{"title":"WISO Fahrtenbuch 2024","robots":{"index":"noindex","follow":"nofollow"},"og_locale":"de_DE","og_type":"article","og_title":"WISO Fahrtenbuch 2024","og_description":"Probieren Sie WISO Fahrtenbuch 2024 kostenlos und unverbindlich aus. Ihre Daten behandeln wir nat\u00fcrlich streng vertraulich. Eine Weitergabe an Dritte erfolgt nicht! Nutzen Sie die Gelegenheit, das Programm auf Herz und Nieren zu pr\u00fcfen, bevor Sie sich zum Kauf entscheiden. Gef\u00e4llt Ihnen die Software, schalten Sie sie ganz einfach und bequem frei. Ihre eingegebenen Daten [&hellip;]","og_url":"https:\/\/www.buhl.de\/c-j\/wiso-fahrtenbuch-2024\/","og_site_name":"Customer Journeys","article_modified_time":"2024-01-16T08:43:09+00:00","og_image":[{"width":1316,"height":2161,"url":"https:\/\/www.buhl.de\/c-j\/wp-content\/uploads\/sites\/28\/2023\/11\/PS_WISO-Fahrtenbuch-2024_Links.png","type":"image\/png"}],"twitter_card":"summary_large_image","schema":{"@context":"https:\/\/schema.org","@graph":[{"@type":"WebPage","@id":"https:\/\/www.buhl.de\/c-j\/wiso-fahrtenbuch-2024\/","url":"https:\/\/www.buhl.de\/c-j\/wiso-fahrtenbuch-2024\/","name":"WISO Fahrtenbuch 2024","isPartOf":{"@id":"https:\/\/www.buhl.de\/c-j\/#website"},"primaryImageOfPage":{"@id":"https:\/\/www.buhl.de\/c-j\/wiso-fahrtenbuch-2024\/#primaryimage"},"image":{"@id":"https:\/\/www.buhl.de\/c-j\/wiso-fahrtenbuch-2024\/#primaryimage"},"thumbnailUrl":"https:\/\/www.buhl.de\/c-j\/wp-content\/uploads\/sites\/28\/2023\/11\/PS_WISO-Fahrtenbuch-2024_Links.png","datePublished":"2023-10-16T09:08:46+00:00","dateModified":"2024-01-16T08:43:09+00:00","breadcrumb":{"@id":"https:\/\/www.buhl.de\/c-j\/wiso-fahrtenbuch-2024\/#breadcrumb"},"inLanguage":"de","potentialAction":[{"@type":"ReadAction","target":["https:\/\/www.buhl.de\/c-j\/wiso-fahrtenbuch-2024\/"]}]},{"@type":"ImageObject","inLanguage":"de","@id":"https:\/\/www.buhl.de\/c-j\/wiso-fahrtenbuch-2024\/#primaryimage","url":"https:\/\/www.buhl.de\/c-j\/wp-content\/uploads\/sites\/28\/2023\/11\/PS_WISO-Fahrtenbuch-2024_Links.png","contentUrl":"https:\/\/www.buhl.de\/c-j\/wp-content\/uploads\/sites\/28\/2023\/11\/PS_WISO-Fahrtenbuch-2024_Links.png","width":1316,"height":2161},{"@type":"BreadcrumbList","@id":"https:\/\/www.buhl.de\/c-j\/wiso-fahrtenbuch-2024\/#breadcrumb","itemListElement":[{"@type":"ListItem","position":1,"name":"Startseite","item":"https:\/\/www.buhl.de\/c-j\/"},{"@type":"ListItem","position":2,"name":"WISO Fahrtenbuch 2024"}]},{"@type":"WebSite","@id":"https:\/\/www.buhl.de\/c-j\/#website","url":"https:\/\/www.buhl.de\/c-j\/","name":"Customer Journeys","description":"","potentialAction":[{"@type":"SearchAction","target":{"@type":"EntryPoint","urlTemplate":"https:\/\/www.buhl.de\/c-j\/?s={search_term_string}"},"query-input":{"@type":"PropertyValueSpecification","valueRequired":true,"valueName":"search_term_string"}}],"inLanguage":"de"}]}},"wps_subtitle":"Jetzt kostenlos ausprobieren!","_links":{"self":[{"href":"https:\/\/www.buhl.de\/c-j\/wp-json\/wp\/v2\/pages\/10887","targetHints":{"allow":["GET"]}}],"collection":[{"href":"https:\/\/www.buhl.de\/c-j\/wp-json\/wp\/v2\/pages"}],"about":[{"href":"https:\/\/www.buhl.de\/c-j\/wp-json\/wp\/v2\/types\/page"}],"author":[{"embeddable":true,"href":"https:\/\/www.buhl.de\/c-j\/wp-json\/wp\/v2\/users\/102"}],"replies":[{"embeddable":true,"href":"https:\/\/www.buhl.de\/c-j\/wp-json\/wp\/v2\/comments?post=10887"}],"version-history":[{"count":2,"href":"https:\/\/www.buhl.de\/c-j\/wp-json\/wp\/v2\/pages\/10887\/revisions"}],"predecessor-version":[{"id":10936,"href":"https:\/\/www.buhl.de\/c-j\/wp-json\/wp\/v2\/pages\/10887\/revisions\/10936"}],"wp:featuredmedia":[{"embeddable":true,"href":"https:\/\/www.buhl.de\/c-j\/wp-json\/wp\/v2\/media\/10935"}],"wp:attachment":[{"href":"https:\/\/www.buhl.de\/c-j\/wp-json\/wp\/v2\/media?parent=10887"}],"curies":[{"name":"wp","href":"https:\/\/api.w.org\/{rel}","templated":true}]}}