{"id":10896,"date":"2023-10-16T11:16:01","date_gmt":"2023-10-16T09:16:01","guid":{"rendered":"https:\/\/www.buhl.de\/c-j\/?page_id=10896"},"modified":"2024-01-16T09:43:05","modified_gmt":"2024-01-16T08:43:05","slug":"wiso-eur-kasse-2024","status":"publish","type":"page","link":"https:\/\/www.buhl.de\/c-j\/wiso-eur-kasse-2024\/","title":{"rendered":"<h1 style=\"display:inline;\">WISO E\u00dcR+Kasse 2024<\/h1>  <h2 style=\"display:inline;\"> (Windows und Mac)<\/h2>"},"content":{"rendered":"<script type=\"text\/javascript\" src=\"https:\/\/cj.buhl.de\/cj\/form\/generate.js?id=170\"><\/script>\n<p>Probieren Sie WISO E\u00dcR+Kasse 2024 kostenlos und unverbindlich aus. Ihre Daten behandeln wir nat\u00fcrlich streng vertraulich. Eine Weitergabe an Dritte erfolgt nicht!<\/p>\n<p>Nutzen Sie die Gelegenheit, das Programm auf Herz und Nieren zu pr\u00fcfen, bevor Sie sich zum Kauf entscheiden. Gef\u00e4llt Ihnen die Software, schalten Sie sie ganz einfach und bequem frei. Ihre eingegebenen Daten k\u00f6nnen Sie dabei \u00fcbernehmen. WISO E\u00dcR+Kasse 2024 ist bereits ab 54,99 \u20ac erh\u00e4ltlich.<\/p>\n<div class='review_container'><a class=\"Kundenstimmentext\">Kundenstimmen<\/a><br><br><div class='review' id='review'><form class='formular_review' method='get'>\r\n\t\t\t  <input type='hidden' name='review' value='1'>\r\n\t\t\t  <input type='hidden' name='order' value='best'>\r\n              <input type='submit' class='order_best' value='Beste' >\r\n          <\/form><form class='formular_review' method='get'>\r\n\t\t\t  <input type='hidden' name='review' value='1'>\r\n              <input type='hidden' name='order' value='new'>\r\n              <input type='submit'  class='order_new' value='Neueste'>\r\n          <\/form><div class='review_single'><div class='review_name'>buhlShop<\/div><span class='fas fa-star'><\/span><span class='fas fa-star'><\/span><span class='fas fa-star'><\/span><span class='fas fa-star'><\/span><span class='fas fa-star'><\/span><div class='review_author'>Verfasst von Heribert A. L.<\/div><div class='review_date'> am 27.02.2020<\/div><div class='review_title'>Topp-Produkt<\/div><div class='review_content'>Als gelernter Buchhalter hatte ich zwar schon Vorkenntnisse, jedoch \u00fcberraschte mich die sehr einfache Bedienung des Programms. Im Vergleich zu anderer Software, ist die Bedienung ein Kinderspiel. Die Auswertungen sind super! Und der Preis ist unschlagbar!<\/div><\/div><div class='review_single'><div class='review_name'>Amazon<\/div><span class='fas fa-star'><\/span><span class='fas fa-star'><\/span><span class='fas fa-star'><\/span><span class='fas fa-star'><\/span><span class='fas fa-star'><\/span><div class='review_author'>Verfasst von elwira76<\/div><div class='review_date'> am 17.03.2019<\/div><div class='review_title'>Super<\/div><div class='review_content'>Gef\u00e4llt mir sehr gut\nKann es nur weiter empfehlen<\/div><\/div><div class='review_single'><div class='review_name'>Amazon<\/div><span class='fas fa-star'><\/span><span class='fas fa-star'><\/span><span class='fas fa-star'><\/span><span class='fas fa-star'><\/span><span class='fas fa-star'><\/span><div class='review_author'>Verfasst von Anja Faber<\/div><div class='review_date'> am 18.10.2017<\/div><div class='review_title'>Geld sparen mit WISO<\/div><div class='review_content'>Ich w\u00fc\u00dfte nicht das es so einfach war selber die Steuererkl\u00e4rung usw. mit Hilfe von WISO zu erstellen. Einfach super!!!<\/div><\/div><div class='review_single'><div class='review_name'>buhlShop<\/div><span class='fas fa-star'><\/span><span class='fas fa-star'><\/span><span class='fas fa-star'><\/span><span class='fas fa-star'><\/span><span class='fas fa-star'><\/span><div class='review_author'>Verfasst von Mario B.<\/div><div class='review_date'> am 22.02.2017<\/div><div class='review_title'>Einfach, \u00fcbersichtlich, gut.<\/div><div class='review_content'>Ich nutze die Software schon seit ein paar Jahren und bin sehr froh \u00fcber die leichte Buchhaltung.<\/div><\/div><div class='review_single'><div class='review_name'>buhlShop<\/div><span class='fas fa-star'><\/span><span class='fas fa-star'><\/span><span class='fas fa-star'><\/span><span class='fas fa-star'><\/span><span class='fas fa-star'><\/span><div class='review_author'>Verfasst von Frank G.<\/div><div class='review_date'> am 14.02.2017<\/div><div class='review_title'>5 Sterne f\u00fcr <\/div><div class='review_content'>Ich arbeite seit vielen Jahren mit dem Programm und bin sehr zufrieden. Ich habe bisher keine M\u00e4ngel feststellen k\u00f6nnen, auch das Finanzamt nicht. Es gibt zur Erledigung meiner Steuerarbeiten kein besseres Programm  auf dem Markt.<\/div><\/div><div class='review_single'><div class='review_name'>buhlShop<\/div><span class='fas fa-star'><\/span><span class='fas fa-star'><\/span><span class='fas fa-star'><\/span><span class='fas fa-star'><\/span><span class='fas fa-star'><\/span><div class='review_author'>Verfasst von Harald S.<\/div><div class='review_date'> am 23.01.2016<\/div><div class='review_title'>Einfach, auch nach dem Umstieg<\/div><div class='review_content'>Ich nutze die PC-Version seit Jahren. Einfache Bedienung und problemlose Funktion \u00fcber den ganzen Zeitraum sind die wichtigsten Merkmale f\u00fcr einen Einzelk\u00e4mpfer wie mich. Und auch nach dem Umstieg auf die Mac-Version gab's keine \u00dcberraschungen. \nBesonders zu erw\u00e4hnen: Ich habe den Online- und Telefonsupport zwar nur wenige Male gebraucht bekam aber stets kompetente Hilfe ohne lange Wartezeit. Das ist bei einem Produkt dieser Preiskategorie nicht selbstverst\u00e4ndlich. Weiter so!<\/div><\/div><\/div><\/div><div class=\"pagination\"><a class=\"current_page\"\">1<\/a><a class=\"availablePages\" href=\"?review=2#review\">2<\/a><a Class=\"dots\">...<\/a><a class=\"availablePages\" href=\"?review=3#review\">3<\/a><a class=\"paginationRightArrow\" href=\".?review=3#review\"><\/a><\/div>\n","protected":false},"excerpt":{"rendered":"<p>Probieren Sie WISO E\u00dcR+Kasse 2024 kostenlos und unverbindlich aus. Ihre Daten behandeln wir nat\u00fcrlich streng vertraulich. Eine Weitergabe an Dritte erfolgt nicht! Nutzen Sie die Gelegenheit, das Programm auf Herz und Nieren zu pr\u00fcfen, bevor Sie sich zum Kauf entscheiden. Gef\u00e4llt Ihnen die Software, schalten Sie sie ganz einfach und bequem frei. Ihre eingegebenen Daten [&hellip;]<\/p>\n","protected":false},"author":102,"featured_media":10940,"parent":0,"menu_order":0,"comment_status":"closed","ping_status":"closed","template":"","meta":{"footnotes":""},"class_list":["post-10896","page","type-page","status-publish","has-post-thumbnail","hentry"],"yoast_head":"<!-- This site is optimized with the Yoast SEO Premium plugin v27.0 (Yoast SEO v27.0) - https:\/\/yoast.com\/product\/yoast-seo-premium-wordpress\/ -->\n<title>WISO E\u00dcR+Kasse 2024  (Windows und Mac)<\/title>\n<meta name=\"robots\" content=\"noindex, nofollow\" \/>\n<meta property=\"og:locale\" content=\"de_DE\" \/>\n<meta property=\"og:type\" content=\"article\" \/>\n<meta property=\"og:title\" content=\"WISO E\u00dcR+Kasse 2024  (Windows und Mac)\" \/>\n<meta property=\"og:description\" content=\"Probieren Sie WISO E\u00dcR+Kasse 2024 kostenlos und unverbindlich aus. Ihre Daten behandeln wir nat\u00fcrlich streng vertraulich. Eine Weitergabe an Dritte erfolgt nicht! Nutzen Sie die Gelegenheit, das Programm auf Herz und Nieren zu pr\u00fcfen, bevor Sie sich zum Kauf entscheiden. Gef\u00e4llt Ihnen die Software, schalten Sie sie ganz einfach und bequem frei. Ihre eingegebenen Daten [&hellip;]\" \/>\n<meta property=\"og:url\" content=\"https:\/\/www.buhl.de\/c-j\/wiso-eur-kasse-2024\/\" \/>\n<meta property=\"og:site_name\" content=\"Customer Journeys\" \/>\n<meta property=\"article:modified_time\" content=\"2024-01-16T08:43:05+00:00\" \/>\n<meta property=\"og:image\" content=\"https:\/\/www.buhl.de\/c-j\/wp-content\/uploads\/sites\/28\/2023\/11\/PS_WISO-EU\u2560eRKasse-2024_Links.png\" \/>\n\t<meta property=\"og:image:width\" content=\"1316\" \/>\n\t<meta property=\"og:image:height\" content=\"2161\" \/>\n\t<meta property=\"og:image:type\" content=\"image\/png\" \/>\n<meta name=\"twitter:card\" content=\"summary_large_image\" \/>\n<script type=\"application\/ld+json\" class=\"yoast-schema-graph\">{\"@context\":\"https:\/\/schema.org\",\"@graph\":[{\"@type\":\"WebPage\",\"@id\":\"https:\/\/www.buhl.de\/c-j\/wiso-eur-kasse-2024\/\",\"url\":\"https:\/\/www.buhl.de\/c-j\/wiso-eur-kasse-2024\/\",\"name\":\"WISO E\u00dcR+Kasse 2024 (Windows und Mac)\",\"isPartOf\":{\"@id\":\"https:\/\/www.buhl.de\/c-j\/#website\"},\"primaryImageOfPage\":{\"@id\":\"https:\/\/www.buhl.de\/c-j\/wiso-eur-kasse-2024\/#primaryimage\"},\"image\":{\"@id\":\"https:\/\/www.buhl.de\/c-j\/wiso-eur-kasse-2024\/#primaryimage\"},\"thumbnailUrl\":\"https:\/\/www.buhl.de\/c-j\/wp-content\/uploads\/sites\/28\/2023\/11\/PS_WISO-EU\u2560eRKasse-2024_Links.png\",\"datePublished\":\"2023-10-16T09:16:01+00:00\",\"dateModified\":\"2024-01-16T08:43:05+00:00\",\"breadcrumb\":{\"@id\":\"https:\/\/www.buhl.de\/c-j\/wiso-eur-kasse-2024\/#breadcrumb\"},\"inLanguage\":\"de\",\"potentialAction\":[{\"@type\":\"ReadAction\",\"target\":[\"https:\/\/www.buhl.de\/c-j\/wiso-eur-kasse-2024\/\"]}]},{\"@type\":\"ImageObject\",\"inLanguage\":\"de\",\"@id\":\"https:\/\/www.buhl.de\/c-j\/wiso-eur-kasse-2024\/#primaryimage\",\"url\":\"https:\/\/www.buhl.de\/c-j\/wp-content\/uploads\/sites\/28\/2023\/11\/PS_WISO-EU\u2560eRKasse-2024_Links.png\",\"contentUrl\":\"https:\/\/www.buhl.de\/c-j\/wp-content\/uploads\/sites\/28\/2023\/11\/PS_WISO-EU\u2560eRKasse-2024_Links.png\",\"width\":1316,\"height\":2161},{\"@type\":\"BreadcrumbList\",\"@id\":\"https:\/\/www.buhl.de\/c-j\/wiso-eur-kasse-2024\/#breadcrumb\",\"itemListElement\":[{\"@type\":\"ListItem\",\"position\":1,\"name\":\"Startseite\",\"item\":\"https:\/\/www.buhl.de\/c-j\/\"},{\"@type\":\"ListItem\",\"position\":2,\"name\":\"WISO E\u00dcR+Kasse 2024 (Windows und Mac)\"}]},{\"@type\":\"WebSite\",\"@id\":\"https:\/\/www.buhl.de\/c-j\/#website\",\"url\":\"https:\/\/www.buhl.de\/c-j\/\",\"name\":\"Customer Journeys\",\"description\":\"\",\"potentialAction\":[{\"@type\":\"SearchAction\",\"target\":{\"@type\":\"EntryPoint\",\"urlTemplate\":\"https:\/\/www.buhl.de\/c-j\/?s={search_term_string}\"},\"query-input\":{\"@type\":\"PropertyValueSpecification\",\"valueRequired\":true,\"valueName\":\"search_term_string\"}}],\"inLanguage\":\"de\"}]}<\/script>\n<!-- \/ Yoast SEO Premium plugin. -->","yoast_head_json":{"title":"WISO E\u00dcR+Kasse 2024  (Windows und Mac)","robots":{"index":"noindex","follow":"nofollow"},"og_locale":"de_DE","og_type":"article","og_title":"WISO E\u00dcR+Kasse 2024  (Windows und Mac)","og_description":"Probieren Sie WISO E\u00dcR+Kasse 2024 kostenlos und unverbindlich aus. Ihre Daten behandeln wir nat\u00fcrlich streng vertraulich. Eine Weitergabe an Dritte erfolgt nicht! Nutzen Sie die Gelegenheit, das Programm auf Herz und Nieren zu pr\u00fcfen, bevor Sie sich zum Kauf entscheiden. Gef\u00e4llt Ihnen die Software, schalten Sie sie ganz einfach und bequem frei. Ihre eingegebenen Daten [&hellip;]","og_url":"https:\/\/www.buhl.de\/c-j\/wiso-eur-kasse-2024\/","og_site_name":"Customer Journeys","article_modified_time":"2024-01-16T08:43:05+00:00","og_image":[{"width":1316,"height":2161,"url":"https:\/\/www.buhl.de\/c-j\/wp-content\/uploads\/sites\/28\/2023\/11\/PS_WISO-EU\u2560eRKasse-2024_Links.png","type":"image\/png"}],"twitter_card":"summary_large_image","schema":{"@context":"https:\/\/schema.org","@graph":[{"@type":"WebPage","@id":"https:\/\/www.buhl.de\/c-j\/wiso-eur-kasse-2024\/","url":"https:\/\/www.buhl.de\/c-j\/wiso-eur-kasse-2024\/","name":"WISO E\u00dcR+Kasse 2024 (Windows und Mac)","isPartOf":{"@id":"https:\/\/www.buhl.de\/c-j\/#website"},"primaryImageOfPage":{"@id":"https:\/\/www.buhl.de\/c-j\/wiso-eur-kasse-2024\/#primaryimage"},"image":{"@id":"https:\/\/www.buhl.de\/c-j\/wiso-eur-kasse-2024\/#primaryimage"},"thumbnailUrl":"https:\/\/www.buhl.de\/c-j\/wp-content\/uploads\/sites\/28\/2023\/11\/PS_WISO-EU\u2560eRKasse-2024_Links.png","datePublished":"2023-10-16T09:16:01+00:00","dateModified":"2024-01-16T08:43:05+00:00","breadcrumb":{"@id":"https:\/\/www.buhl.de\/c-j\/wiso-eur-kasse-2024\/#breadcrumb"},"inLanguage":"de","potentialAction":[{"@type":"ReadAction","target":["https:\/\/www.buhl.de\/c-j\/wiso-eur-kasse-2024\/"]}]},{"@type":"ImageObject","inLanguage":"de","@id":"https:\/\/www.buhl.de\/c-j\/wiso-eur-kasse-2024\/#primaryimage","url":"https:\/\/www.buhl.de\/c-j\/wp-content\/uploads\/sites\/28\/2023\/11\/PS_WISO-EU\u2560eRKasse-2024_Links.png","contentUrl":"https:\/\/www.buhl.de\/c-j\/wp-content\/uploads\/sites\/28\/2023\/11\/PS_WISO-EU\u2560eRKasse-2024_Links.png","width":1316,"height":2161},{"@type":"BreadcrumbList","@id":"https:\/\/www.buhl.de\/c-j\/wiso-eur-kasse-2024\/#breadcrumb","itemListElement":[{"@type":"ListItem","position":1,"name":"Startseite","item":"https:\/\/www.buhl.de\/c-j\/"},{"@type":"ListItem","position":2,"name":"WISO E\u00dcR+Kasse 2024 (Windows und Mac)"}]},{"@type":"WebSite","@id":"https:\/\/www.buhl.de\/c-j\/#website","url":"https:\/\/www.buhl.de\/c-j\/","name":"Customer Journeys","description":"","potentialAction":[{"@type":"SearchAction","target":{"@type":"EntryPoint","urlTemplate":"https:\/\/www.buhl.de\/c-j\/?s={search_term_string}"},"query-input":{"@type":"PropertyValueSpecification","valueRequired":true,"valueName":"search_term_string"}}],"inLanguage":"de"}]}},"wps_subtitle":"","_links":{"self":[{"href":"https:\/\/www.buhl.de\/c-j\/wp-json\/wp\/v2\/pages\/10896","targetHints":{"allow":["GET"]}}],"collection":[{"href":"https:\/\/www.buhl.de\/c-j\/wp-json\/wp\/v2\/pages"}],"about":[{"href":"https:\/\/www.buhl.de\/c-j\/wp-json\/wp\/v2\/types\/page"}],"author":[{"embeddable":true,"href":"https:\/\/www.buhl.de\/c-j\/wp-json\/wp\/v2\/users\/102"}],"replies":[{"embeddable":true,"href":"https:\/\/www.buhl.de\/c-j\/wp-json\/wp\/v2\/comments?post=10896"}],"version-history":[{"count":3,"href":"https:\/\/www.buhl.de\/c-j\/wp-json\/wp\/v2\/pages\/10896\/revisions"}],"predecessor-version":[{"id":11077,"href":"https:\/\/www.buhl.de\/c-j\/wp-json\/wp\/v2\/pages\/10896\/revisions\/11077"}],"wp:featuredmedia":[{"embeddable":true,"href":"https:\/\/www.buhl.de\/c-j\/wp-json\/wp\/v2\/media\/10940"}],"wp:attachment":[{"href":"https:\/\/www.buhl.de\/c-j\/wp-json\/wp\/v2\/media?parent=10896"}],"curies":[{"name":"wp","href":"https:\/\/api.w.org\/{rel}","templated":true}]}}