{"id":10904,"date":"2023-10-16T11:23:50","date_gmt":"2023-10-16T09:23:50","guid":{"rendered":"https:\/\/www.buhl.de\/c-j\/?page_id=10904"},"modified":"2024-01-04T12:04:38","modified_gmt":"2024-01-04T11:04:38","slug":"tax-2024","status":"publish","type":"page","link":"https:\/\/www.buhl.de\/c-j\/tax-2024\/","title":{"rendered":"tax 2024"},"content":{"rendered":"<script type=\"text\/javascript\" src=\"https:\/\/cj.buhl.de\/cj\/form\/generate.js?id=168\"><\/script>\n<div><b>Kostenlos, unverbindlich<\/b> und so lange, wie Sie m\u00f6chten. Ihre Daten behandeln wir nat\u00fcrlich streng vertraulich und geben sie nicht an Dritte weiter.<\/div>\n<div><\/div>\n<div>Erst testen, dann entscheiden: Probieren Sie einfach aus, wie leicht die Steuererkl\u00e4rung mit tax ist. Nat\u00fcrlich kostenlos, unverbindlich und so lange, wie Sie m\u00f6chten. Nutzen Sie alle Funktionen mit Ausnahme von Druckvorschau, Ausdruck und ELSTER-Versand. Sie k\u00f6nnen die Testversion zeitlich unbegrenzt ausprobieren.<\/div>\n<div>\n<div><\/div>\n<p>So rechnen Sie zum Bespiel kostenlos aus, ob sich die Abgabe der Erkl\u00e4rung f\u00fcr Sie lohnt und wie viel Ihnen das Finanzamt zur\u00fcckzahlt. Und mit den praktischen Steuertipps holen Sie ganz einfach das Beste aus Ihrer Steuererkl\u00e4rung!<\/p>\n<p>&nbsp;<\/p>\n<\/div>\n<div class='review_container'><a class=\"Kundenstimmentext\">Kundenstimmen<\/a><br><br><div class='review' id='review'><form class='formular_review' method='get'>\r\n\t\t\t  <input type='hidden' name='review' value='1'>\r\n\t\t\t  <input type='hidden' name='order' value='best'>\r\n              <input type='submit' class='order_best' value='Beste' >\r\n          <\/form><form class='formular_review' method='get'>\r\n\t\t\t  <input type='hidden' name='review' value='1'>\r\n              <input type='hidden' name='order' value='new'>\r\n              <input type='submit'  class='order_new' value='Neueste'>\r\n          <\/form><div class='review_single'><div class='review_name'>Amazon<\/div><span class='fas fa-star'><\/span><span class='fas fa-star'><\/span><span class='fas fa-star'><\/span><span class='fas fa-star'><\/span><span class='fas fa-star'><\/span><div class='review_author'>Verfasst von Thomas Heilmann<\/div><div class='review_date'> am 02.04.2018<\/div><div class='review_title'>Steuerkl\u00e4rungen leicht gemacht, in bekannter Qualit\u00e4t.<\/div><div class='review_content'>Steuerkl\u00e4rungen leicht gemacht, in bekannter Qualit\u00e4t. Seit mehreren Jahren schon nutzen wir das Produkt. Es ist uneingeschr\u00e4nkt zu empfehlen. Allerings sind die Betriebssystemanforderungen ver\u00e4ndert worden. Das h\u00e4tte man deutlicher machen k\u00f6nnen.<\/div><\/div><div class='review_single'><div class='review_name'>Amazon<\/div><span class='fas fa-star'><\/span><span class='fas fa-star'><\/span><span class='fas fa-star'><\/span><span class='fas fa-star'><\/span><span class='fas fa-star'><\/span><div class='review_author'>Verfasst von Richter<\/div><div class='review_date'> am 15.05.2018<\/div><div class='review_title'>Top!<\/div><div class='review_content'>Immer wieder gut und sehr zu empfehlen, h\u00f6herer Preis wie die anderen Programme, aber \"fast\" die K\u00f6nigsklasse unter den EDV - Steuer Software.<\/div><\/div><div class='review_single'><div class='review_name'>Amazon<\/div><span class='fas fa-star'><\/span><span class='fas fa-star'><\/span><span class='fas fa-star'><\/span><span class='fas fa-star'><\/span><span class='fas fa-star'><\/span><div class='review_author'>Verfasst von Amazon Kunde<\/div><div class='review_date'> am 16.08.2019<\/div><div class='review_title'>Einfacher als Elster<\/div><div class='review_content'>Leichter zu verstehen und bessere Funktionen als im Elster Programm des Fa. Sehr empfehlenswert.<\/div><\/div><div class='review_single'><div class='review_name'>Amazon<\/div><span class='fas fa-star'><\/span><span class='fas fa-star'><\/span><span class='fas fa-star'><\/span><span class='fas fa-star'><\/span><span class='fas fa-star'><\/span><div class='review_author'>Verfasst von Natasa Ribari<\/div><div class='review_date'> am 21.06.2019<\/div><div class='review_title'>N\u00fctzlich!<\/div><div class='review_content'>Wir haben die letzten 3 Jahre mit Tax unsere Steuer gemacht und sind extrem zufrieden. Sehr leichte Handhabung, das Programm bringt einen Schritt f\u00fcr Schritt durch, auch ohne Vorkenntnisse. Sehr empfehlenswert!<\/div><\/div><div class='review_single'><div class='review_name'>Amazon<\/div><span class='fas fa-star'><\/span><span class='fas fa-star'><\/span><span class='fas fa-star'><\/span><span class='fas fa-star'><\/span><span class='fas fa-star'><\/span><div class='review_author'>Verfasst von Alibabagi<\/div><div class='review_date'> am 15.12.2016<\/div><div class='review_title'>Optimal f\u00fcr den einfachen Angestellten<\/div><div class='review_content'>Nun benutze ich Tax schon seit 2015 und es gibt nichts besseres f\u00fcr mich.\nIch bin Angestellter und verheiratet keine besonderen Steuerf\u00e4lle also.\n\nDas Program ist super intuitiv zu bedienen und selbsterkl\u00e4rend.\n\nIch muss nur noch die Daten aus dem letzten Jahr einfach \u00fcbernehmen und f\u00fcr das aktuelle Jahr anpassen fertig. Das Ganze dauert vielleicht 20min. Zu jedem Punkt (auszuf\u00fcllenden Feld) gibt es rechts ein Hinweis bzw. Hilfetext. Das macht das Ganze noch einmal leichter.\n\nNach beenden der Eingaben werden alle Angaben \u00fcberpr\u00fcft und es werden noch weitere Vorschl\u00e4ge gemacht die evtl. noch steuerrelevant w\u00e4ren.\n\nDann nur noch alles drucken sogar ein Anschreiben wird generiert und nur noch absenden und evtl \u00fcber eine R\u00fcckzahlung freuen.<\/div><\/div><div class='review_single'><div class='review_name'>Amazon<\/div><span class='fas fa-star'><\/span><span class='fas fa-star'><\/span><span class='fas fa-star'><\/span><span class='fas fa-star'><\/span><span class='fas fa-star'><\/span><div class='review_author'>Verfasst von Sarah Furrer<\/div><div class='review_date'> am 07.06.2019<\/div><div class='review_title'>hat mir sehr geholfen<\/div><div class='review_content'>DIe Software hat mir sehr geholfen, die Steuererkl\u00e4rung f\u00fcr 2016 zu machen. Ich nutze seitdem nur noch diese Art von Software, da sie sich aus den vorherigen Dateien die wichtigsten Daten \u00fcbernimmt und  es mir somit einfacher macht.<\/div><\/div><\/div><\/div><div class=\"pagination\"><a class=\"current_page\"\">1<\/a><a class=\"availablePages\" href=\"?review=2#review\">2<\/a><a class=\"availablePages\" href=\"?review=3#review\">3<\/a><a class=\"availablePages\" href=\"?review=4#review\">4<\/a><a Class=\"dots\">...<\/a><a class=\"availablePages\" href=\"?review=366#review\">366<\/a><a class=\"paginationRightArrow\" href=\".?review=366#review\"><\/a><\/div>\n","protected":false},"excerpt":{"rendered":"<p>Kostenlos, unverbindlich und so lange, wie Sie m\u00f6chten. Ihre Daten behandeln wir nat\u00fcrlich streng vertraulich und geben sie nicht an Dritte weiter. Erst testen, dann entscheiden: Probieren Sie einfach aus, wie leicht die Steuererkl\u00e4rung mit tax ist. Nat\u00fcrlich kostenlos, unverbindlich und so lange, wie Sie m\u00f6chten. Nutzen Sie alle Funktionen mit Ausnahme von Druckvorschau, Ausdruck [&hellip;]<\/p>\n","protected":false},"author":102,"featured_media":10905,"parent":0,"menu_order":0,"comment_status":"closed","ping_status":"closed","template":"","meta":{"footnotes":""},"class_list":["post-10904","page","type-page","status-publish","has-post-thumbnail","hentry"],"yoast_head":"<!-- This site is optimized with the Yoast SEO Premium plugin v27.0 (Yoast SEO v27.0) - https:\/\/yoast.com\/product\/yoast-seo-premium-wordpress\/ -->\n<title>tax 2024<\/title>\n<meta name=\"robots\" content=\"noindex, nofollow\" \/>\n<meta property=\"og:locale\" content=\"de_DE\" \/>\n<meta property=\"og:type\" content=\"article\" \/>\n<meta property=\"og:title\" content=\"tax 2024\" \/>\n<meta property=\"og:description\" content=\"Kostenlos, unverbindlich und so lange, wie Sie m\u00f6chten. Ihre Daten behandeln wir nat\u00fcrlich streng vertraulich und geben sie nicht an Dritte weiter. Erst testen, dann entscheiden: Probieren Sie einfach aus, wie leicht die Steuererkl\u00e4rung mit tax ist. Nat\u00fcrlich kostenlos, unverbindlich und so lange, wie Sie m\u00f6chten. Nutzen Sie alle Funktionen mit Ausnahme von Druckvorschau, Ausdruck [&hellip;]\" \/>\n<meta property=\"og:url\" content=\"https:\/\/www.buhl.de\/c-j\/tax-2024\/\" \/>\n<meta property=\"og:site_name\" content=\"Customer Journeys\" \/>\n<meta property=\"article:modified_time\" content=\"2024-01-04T11:04:38+00:00\" \/>\n<meta property=\"og:image\" content=\"https:\/\/www.buhl.de\/c-j\/wp-content\/uploads\/sites\/28\/2023\/10\/PS_tax-2024_Links.png\" \/>\n\t<meta property=\"og:image:width\" content=\"1316\" \/>\n\t<meta property=\"og:image:height\" content=\"2161\" \/>\n\t<meta property=\"og:image:type\" content=\"image\/png\" \/>\n<meta name=\"twitter:card\" content=\"summary_large_image\" \/>\n<meta name=\"twitter:label1\" content=\"Gesch\u00e4tzte Lesezeit\" \/>\n\t<meta name=\"twitter:data1\" content=\"1\u00a0Minute\" \/>\n<script type=\"application\/ld+json\" class=\"yoast-schema-graph\">{\"@context\":\"https:\/\/schema.org\",\"@graph\":[{\"@type\":\"WebPage\",\"@id\":\"https:\/\/www.buhl.de\/c-j\/tax-2024\/\",\"url\":\"https:\/\/www.buhl.de\/c-j\/tax-2024\/\",\"name\":\"tax 2024\",\"isPartOf\":{\"@id\":\"https:\/\/www.buhl.de\/c-j\/#website\"},\"primaryImageOfPage\":{\"@id\":\"https:\/\/www.buhl.de\/c-j\/tax-2024\/#primaryimage\"},\"image\":{\"@id\":\"https:\/\/www.buhl.de\/c-j\/tax-2024\/#primaryimage\"},\"thumbnailUrl\":\"https:\/\/www.buhl.de\/c-j\/wp-content\/uploads\/sites\/28\/2023\/10\/PS_tax-2024_Links.png\",\"datePublished\":\"2023-10-16T09:23:50+00:00\",\"dateModified\":\"2024-01-04T11:04:38+00:00\",\"breadcrumb\":{\"@id\":\"https:\/\/www.buhl.de\/c-j\/tax-2024\/#breadcrumb\"},\"inLanguage\":\"de\",\"potentialAction\":[{\"@type\":\"ReadAction\",\"target\":[\"https:\/\/www.buhl.de\/c-j\/tax-2024\/\"]}]},{\"@type\":\"ImageObject\",\"inLanguage\":\"de\",\"@id\":\"https:\/\/www.buhl.de\/c-j\/tax-2024\/#primaryimage\",\"url\":\"https:\/\/www.buhl.de\/c-j\/wp-content\/uploads\/sites\/28\/2023\/10\/PS_tax-2024_Links.png\",\"contentUrl\":\"https:\/\/www.buhl.de\/c-j\/wp-content\/uploads\/sites\/28\/2023\/10\/PS_tax-2024_Links.png\",\"width\":1316,\"height\":2161},{\"@type\":\"BreadcrumbList\",\"@id\":\"https:\/\/www.buhl.de\/c-j\/tax-2024\/#breadcrumb\",\"itemListElement\":[{\"@type\":\"ListItem\",\"position\":1,\"name\":\"Startseite\",\"item\":\"https:\/\/www.buhl.de\/c-j\/\"},{\"@type\":\"ListItem\",\"position\":2,\"name\":\"tax 2024\"}]},{\"@type\":\"WebSite\",\"@id\":\"https:\/\/www.buhl.de\/c-j\/#website\",\"url\":\"https:\/\/www.buhl.de\/c-j\/\",\"name\":\"Customer Journeys\",\"description\":\"\",\"potentialAction\":[{\"@type\":\"SearchAction\",\"target\":{\"@type\":\"EntryPoint\",\"urlTemplate\":\"https:\/\/www.buhl.de\/c-j\/?s={search_term_string}\"},\"query-input\":{\"@type\":\"PropertyValueSpecification\",\"valueRequired\":true,\"valueName\":\"search_term_string\"}}],\"inLanguage\":\"de\"}]}<\/script>\n<!-- \/ Yoast SEO Premium plugin. -->","yoast_head_json":{"title":"tax 2024","robots":{"index":"noindex","follow":"nofollow"},"og_locale":"de_DE","og_type":"article","og_title":"tax 2024","og_description":"Kostenlos, unverbindlich und so lange, wie Sie m\u00f6chten. Ihre Daten behandeln wir nat\u00fcrlich streng vertraulich und geben sie nicht an Dritte weiter. Erst testen, dann entscheiden: Probieren Sie einfach aus, wie leicht die Steuererkl\u00e4rung mit tax ist. Nat\u00fcrlich kostenlos, unverbindlich und so lange, wie Sie m\u00f6chten. Nutzen Sie alle Funktionen mit Ausnahme von Druckvorschau, Ausdruck [&hellip;]","og_url":"https:\/\/www.buhl.de\/c-j\/tax-2024\/","og_site_name":"Customer Journeys","article_modified_time":"2024-01-04T11:04:38+00:00","og_image":[{"width":1316,"height":2161,"url":"https:\/\/www.buhl.de\/c-j\/wp-content\/uploads\/sites\/28\/2023\/10\/PS_tax-2024_Links.png","type":"image\/png"}],"twitter_card":"summary_large_image","twitter_misc":{"Gesch\u00e4tzte Lesezeit":"1\u00a0Minute"},"schema":{"@context":"https:\/\/schema.org","@graph":[{"@type":"WebPage","@id":"https:\/\/www.buhl.de\/c-j\/tax-2024\/","url":"https:\/\/www.buhl.de\/c-j\/tax-2024\/","name":"tax 2024","isPartOf":{"@id":"https:\/\/www.buhl.de\/c-j\/#website"},"primaryImageOfPage":{"@id":"https:\/\/www.buhl.de\/c-j\/tax-2024\/#primaryimage"},"image":{"@id":"https:\/\/www.buhl.de\/c-j\/tax-2024\/#primaryimage"},"thumbnailUrl":"https:\/\/www.buhl.de\/c-j\/wp-content\/uploads\/sites\/28\/2023\/10\/PS_tax-2024_Links.png","datePublished":"2023-10-16T09:23:50+00:00","dateModified":"2024-01-04T11:04:38+00:00","breadcrumb":{"@id":"https:\/\/www.buhl.de\/c-j\/tax-2024\/#breadcrumb"},"inLanguage":"de","potentialAction":[{"@type":"ReadAction","target":["https:\/\/www.buhl.de\/c-j\/tax-2024\/"]}]},{"@type":"ImageObject","inLanguage":"de","@id":"https:\/\/www.buhl.de\/c-j\/tax-2024\/#primaryimage","url":"https:\/\/www.buhl.de\/c-j\/wp-content\/uploads\/sites\/28\/2023\/10\/PS_tax-2024_Links.png","contentUrl":"https:\/\/www.buhl.de\/c-j\/wp-content\/uploads\/sites\/28\/2023\/10\/PS_tax-2024_Links.png","width":1316,"height":2161},{"@type":"BreadcrumbList","@id":"https:\/\/www.buhl.de\/c-j\/tax-2024\/#breadcrumb","itemListElement":[{"@type":"ListItem","position":1,"name":"Startseite","item":"https:\/\/www.buhl.de\/c-j\/"},{"@type":"ListItem","position":2,"name":"tax 2024"}]},{"@type":"WebSite","@id":"https:\/\/www.buhl.de\/c-j\/#website","url":"https:\/\/www.buhl.de\/c-j\/","name":"Customer Journeys","description":"","potentialAction":[{"@type":"SearchAction","target":{"@type":"EntryPoint","urlTemplate":"https:\/\/www.buhl.de\/c-j\/?s={search_term_string}"},"query-input":{"@type":"PropertyValueSpecification","valueRequired":true,"valueName":"search_term_string"}}],"inLanguage":"de"}]}},"wps_subtitle":"Jetzt kostenlos ausprobieren!","_links":{"self":[{"href":"https:\/\/www.buhl.de\/c-j\/wp-json\/wp\/v2\/pages\/10904","targetHints":{"allow":["GET"]}}],"collection":[{"href":"https:\/\/www.buhl.de\/c-j\/wp-json\/wp\/v2\/pages"}],"about":[{"href":"https:\/\/www.buhl.de\/c-j\/wp-json\/wp\/v2\/types\/page"}],"author":[{"embeddable":true,"href":"https:\/\/www.buhl.de\/c-j\/wp-json\/wp\/v2\/users\/102"}],"replies":[{"embeddable":true,"href":"https:\/\/www.buhl.de\/c-j\/wp-json\/wp\/v2\/comments?post=10904"}],"version-history":[{"count":1,"href":"https:\/\/www.buhl.de\/c-j\/wp-json\/wp\/v2\/pages\/10904\/revisions"}],"predecessor-version":[{"id":10907,"href":"https:\/\/www.buhl.de\/c-j\/wp-json\/wp\/v2\/pages\/10904\/revisions\/10907"}],"wp:featuredmedia":[{"embeddable":true,"href":"https:\/\/www.buhl.de\/c-j\/wp-json\/wp\/v2\/media\/10905"}],"wp:attachment":[{"href":"https:\/\/www.buhl.de\/c-j\/wp-json\/wp\/v2\/media?parent=10904"}],"curies":[{"name":"wp","href":"https:\/\/api.w.org\/{rel}","templated":true}]}}