{"id":11002,"date":"2024-05-29T11:08:07","date_gmt":"2024-05-29T09:08:07","guid":{"rendered":"https:\/\/www.buhl.de\/c-j\/?page_id=11002"},"modified":"2024-08-07T11:40:16","modified_gmt":"2024-08-07T09:40:16","slug":"wiso-hausverwalter-365-start","status":"publish","type":"page","link":"https:\/\/www.buhl.de\/c-j\/wiso-hausverwalter-365-start\/","title":{"rendered":"WISO Hausverwalter 365 Start"},"content":{"rendered":"<script type=\"text\/javascript\" src=\"https:\/\/cj.buhl.de\/cj\/form\/generate.js?id=164\"><\/script>\n<div>\n<p><strong>Kostenlos, unverbindlich<\/strong> und so lange, wie Sie m\u00f6chten. Ihre Daten behandeln wir nat\u00fcrlich streng vertraulich und geben sie nicht an Dritte weiter. Erst testen, dann entscheiden: Probieren Sie einfach aus, wie leicht die Hausverwaltung mit dem WISO Hausverwalter ist. Nat\u00fcrlich kostenlos, unverbindlich und so lange, wie Sie m\u00f6chten.<\/p>\n<p>Nutzen Sie alle Funktionen mit Ausnahme von Druckvorschau und Ausdruck der Neben- und Heizkostenabrechnung sowie einiger Auswertungen.<\/p>\n<p>Viel Vergn\u00fcgen!<\/p>\n<\/div>\n<div class='review_container'><a class=\"Kundenstimmentext\">Kundenstimmen<\/a><br><br><div class='review' id='review'><form class='formular_review' method='get'>\r\n\t\t\t  <input type='hidden' name='review' value='1'>\r\n\t\t\t  <input type='hidden' name='order' value='best'>\r\n              <input type='submit' class='order_best' value='Beste' >\r\n          <\/form><form class='formular_review' method='get'>\r\n\t\t\t  <input type='hidden' name='review' value='1'>\r\n              <input type='hidden' name='order' value='new'>\r\n              <input type='submit'  class='order_new' value='Neueste'>\r\n          <\/form><div class='review_single'><div class='review_name'>buhlShop<\/div><span class='fas fa-star'><\/span><span class='fas fa-star'><\/span><span class='fas fa-star'><\/span><span class='fas fa-star'><\/span><span class='fas fa-star'><\/span><div class='review_author'>Verfasst von Manfred J.<\/div><div class='review_date'> am 20.04.2017<\/div><div class='review_title'>5 Sterne f\u00fcr <\/div><div class='review_content'>Manfred J. hat  5 Sterne gegeben.<\/div><\/div><div class='review_single'><div class='review_name'>buhlShop<\/div><span class='fas fa-star'><\/span><span class='fas fa-star'><\/span><span class='fas fa-star'><\/span><span class='fas fa-star'><\/span><span class='fas fa-star'><\/span><div class='review_author'>Verfasst von Thomas S.<\/div><div class='review_date'> am 15.07.2017<\/div><div class='review_title'>sehr gut<\/div><div class='review_content'>Es braucht ein wenig Einarbeitungszeit, wie bei jeder komplexen Software, einge Dinge w\u00fcrde ich mir an der Oberfl\u00e4che anders w\u00fcnschen, aber das geht eher in die pers\u00f6nliche Optimierung und in Richtung Geschmackssache.\r\nIch finde die Software ausgesprochen gut. Sehr durchdacht!!<\/div><\/div><div class='review_single'><div class='review_name'>buhlShop<\/div><span class='fas fa-star'><\/span><span class='fas fa-star'><\/span><span class='fas fa-star'><\/span><span class='fas fa-star'><\/span><span class='fas fa-star'><\/span><div class='review_author'>Verfasst von Michael F.<\/div><div class='review_date'> am 11.02.2017<\/div><div class='review_title'>Nach Anf\u00e4nglichen Schwierigkeiten super Programm<\/div><div class='review_content'>Hallo\nProgramm gekauft und Installiert. Muss sagen am Anfang ist es sehr un\u00fcbersichtlich.\nF\u00fcr mal so kurz ne Hausgeldabrechnung zu erstellen ist dieses Programm nix, da gibt es bestimmt einfachere.\nSetzt man sich aber mal mit dieser Materie mal richtig auseinander, dann bekommt man ein Programm, was Hand und Fuss hat.\nHabe mir einige Verrechnungskonten erstellt und siehe da auch das Haugeldkonto ist stimmig und wenn ich alle Verrechnungskonten wieder auf Null habe, stimmt auch die Abrechnung.\nMann braucht einige Zeit es zum erstenmal zu erstellen, wird dann aber mit einer Intakten Abrechnung belohnt !!!!!\nFehlermeldungen habe ich ganz wenige gehabt und wenn, waren sie selbstgemacht.<\/div><\/div><div class='review_single'><div class='review_name'>Amazon<\/div><span class='fas fa-star'><\/span><span class='fas fa-star'><\/span><span class='fas fa-star'><\/span><span class='fas fa-star'><\/span><span class='fas fa-star'><\/span><div class='review_author'>Verfasst von Giuseppe Leto<\/div><div class='review_date'> am 22.11.2016<\/div><div class='review_title'>F\u00fcr Kleinvermieter gut!!<\/div><div class='review_content'>Ich nutze die Software seit dem Jahr 2000. Am Anfang hattte ich meine Schwierigkeiten eine fehlerfreie Abrechnung darzustellen, d.h. die Software erlaubte mir keinen Ausdruck der Betriebskosten. Heute l\u00e4uft das alles viel einfacher, ich korrigiere ein paar Zahlen, mache einen Mieterwechsel, seit mehreren Jahren nutze auch ich die Onlinefunktion zur \u00dcbersicht. Wichtig ist es den \u00dcberblick zu behalten und keine Fehler zu machen.\nFazit: F\u00fcr ein Kleinvermieter (Privatwohnungen) OK, f\u00fcr WEG eher schlecht (WEG ist aber technisch m\u00f6glich) f\u00fcr WEG und mehr wie 10 Einheiten eher eine professionelle Anwendung besorgen oder eine Hausverwaltung beauftragen. Auf gar keinen Fall handschriflich oder Tabelle (Excel) hier ist die Fehlerquote viel h\u00f6her, da sich die rechtlichen Bedingungen j\u00e4hrlich ver\u00e4ndern (BGH-Urteile,...). Viel Spass damit!!!!<\/div><\/div><div class='review_single'><div class='review_name'>Amazon<\/div><span class='fas fa-star'><\/span><span class='fas fa-star'><\/span><span class='fas fa-star'><\/span><span class='fas fa-star'><\/span><span class='fas fa-star'><\/span><div class='review_author'>Verfasst von Walter Fuchs<\/div><div class='review_date'> am 19.08.2016<\/div><div class='review_title'>Sehr gutes Programm, Gro\u00dfes Werkzeug f\u00fcr kleines Geld<\/div><div class='review_content'>F\u00fcr den Preis bietet das Programm sehr viel. Von der Kunden- bis Lieferantenverwaltung, Verwaltung der Offenen Posten und der Anlage von Buchungen alles Top. Sehr gut finde ich auch die gro\u00dfe Auswahl von Mustervordrucken und Schreiben. Und wichtig: Die online-Anbindung zu wichtigen gesetzlichen bzw. steuerlichen Regelungen wirklich klasse. Auch die Jahres\u00fcbernahme ist sehr einfach und komfortabel m\u00f6glich. Ich arbeite mit der Software schon seit Jahren und m\u00f6chte diese nicht mehr missen (3 Vermietungsobjekte, 2 Privat 1 Gewerblich). Ich bin sehr zufrieden.<\/div><\/div><div class='review_single'><div class='review_name'>Amazon<\/div><span class='fas fa-star'><\/span><span class='fas fa-star'><\/span><span class='fas fa-star'><\/span><span class='fas fa-star'><\/span><span class='fas fa-star'><\/span><div class='review_author'>Verfasst von Sigrid Arendt<\/div><div class='review_date'> am 15.09.2017<\/div><div class='review_title'>F\u00fcr mich unentbehrlich<\/div><div class='review_content'>Benutze ich schon seit vielen Jahren, nicht zuletzt auch wegen der super Hotline, wenn man mal nicht weiter wei\u00df. Solange ich Mieter habe, ist der Hausverwalter f\u00fcr mich unentbehrlich.<\/div><\/div><\/div><\/div><div class=\"pagination\"><a class=\"current_page\"\">1<\/a><a class=\"availablePages\" href=\"?review=2#review\">2<\/a><a class=\"availablePages\" href=\"?review=3#review\">3<\/a><a class=\"availablePages\" href=\"?review=4#review\">4<\/a><a Class=\"dots\">...<\/a><a class=\"availablePages\" href=\"?review=22#review\">22<\/a><a class=\"paginationRightArrow\" href=\".?review=22#review\"><\/a><\/div>\n","protected":false},"excerpt":{"rendered":"<p>Kostenlos, unverbindlich und so lange, wie Sie m\u00f6chten. Ihre Daten behandeln wir nat\u00fcrlich streng vertraulich und geben sie nicht an Dritte weiter. Erst testen, dann entscheiden: Probieren Sie einfach aus, wie leicht die Hausverwaltung mit dem WISO Hausverwalter ist. Nat\u00fcrlich kostenlos, unverbindlich und so lange, wie Sie m\u00f6chten. Nutzen Sie alle Funktionen mit Ausnahme von [&hellip;]<\/p>\n","protected":false},"author":102,"featured_media":11027,"parent":0,"menu_order":0,"comment_status":"closed","ping_status":"closed","template":"","meta":{"footnotes":""},"class_list":["post-11002","page","type-page","status-publish","has-post-thumbnail","hentry"],"yoast_head":"<!-- This site is optimized with the Yoast SEO Premium plugin v27.0 (Yoast SEO v27.0) - https:\/\/yoast.com\/product\/yoast-seo-premium-wordpress\/ -->\n<title>WISO Hausverwalter 365 Start<\/title>\n<meta name=\"robots\" content=\"noindex, nofollow\" \/>\n<meta property=\"og:locale\" content=\"de_DE\" \/>\n<meta property=\"og:type\" content=\"article\" \/>\n<meta property=\"og:title\" content=\"WISO Hausverwalter 365 Start\" \/>\n<meta property=\"og:description\" content=\"Kostenlos, unverbindlich und so lange, wie Sie m\u00f6chten. Ihre Daten behandeln wir nat\u00fcrlich streng vertraulich und geben sie nicht an Dritte weiter. Erst testen, dann entscheiden: Probieren Sie einfach aus, wie leicht die Hausverwaltung mit dem WISO Hausverwalter ist. Nat\u00fcrlich kostenlos, unverbindlich und so lange, wie Sie m\u00f6chten. Nutzen Sie alle Funktionen mit Ausnahme von [&hellip;]\" \/>\n<meta property=\"og:url\" content=\"https:\/\/www.buhl.de\/c-j\/wiso-hausverwalter-365-start\/\" \/>\n<meta property=\"og:site_name\" content=\"Customer Journeys\" \/>\n<meta property=\"article:modified_time\" content=\"2024-08-07T09:40:16+00:00\" \/>\n<meta property=\"og:image\" content=\"https:\/\/www.buhl.de\/c-j\/wp-content\/uploads\/sites\/28\/2024\/06\/PS_WISO-Hausverwalter-365-25-Start_Links.png\" \/>\n\t<meta property=\"og:image:width\" content=\"1316\" \/>\n\t<meta property=\"og:image:height\" content=\"2161\" \/>\n\t<meta property=\"og:image:type\" content=\"image\/png\" \/>\n<meta name=\"twitter:card\" content=\"summary_large_image\" \/>\n<script type=\"application\/ld+json\" class=\"yoast-schema-graph\">{\"@context\":\"https:\/\/schema.org\",\"@graph\":[{\"@type\":\"WebPage\",\"@id\":\"https:\/\/www.buhl.de\/c-j\/wiso-hausverwalter-365-start\/\",\"url\":\"https:\/\/www.buhl.de\/c-j\/wiso-hausverwalter-365-start\/\",\"name\":\"WISO Hausverwalter 365 Start\",\"isPartOf\":{\"@id\":\"https:\/\/www.buhl.de\/c-j\/#website\"},\"primaryImageOfPage\":{\"@id\":\"https:\/\/www.buhl.de\/c-j\/wiso-hausverwalter-365-start\/#primaryimage\"},\"image\":{\"@id\":\"https:\/\/www.buhl.de\/c-j\/wiso-hausverwalter-365-start\/#primaryimage\"},\"thumbnailUrl\":\"https:\/\/www.buhl.de\/c-j\/wp-content\/uploads\/sites\/28\/2024\/06\/PS_WISO-Hausverwalter-365-25-Start_Links.png\",\"datePublished\":\"2024-05-29T09:08:07+00:00\",\"dateModified\":\"2024-08-07T09:40:16+00:00\",\"breadcrumb\":{\"@id\":\"https:\/\/www.buhl.de\/c-j\/wiso-hausverwalter-365-start\/#breadcrumb\"},\"inLanguage\":\"de\",\"potentialAction\":[{\"@type\":\"ReadAction\",\"target\":[\"https:\/\/www.buhl.de\/c-j\/wiso-hausverwalter-365-start\/\"]}]},{\"@type\":\"ImageObject\",\"inLanguage\":\"de\",\"@id\":\"https:\/\/www.buhl.de\/c-j\/wiso-hausverwalter-365-start\/#primaryimage\",\"url\":\"https:\/\/www.buhl.de\/c-j\/wp-content\/uploads\/sites\/28\/2024\/06\/PS_WISO-Hausverwalter-365-25-Start_Links.png\",\"contentUrl\":\"https:\/\/www.buhl.de\/c-j\/wp-content\/uploads\/sites\/28\/2024\/06\/PS_WISO-Hausverwalter-365-25-Start_Links.png\",\"width\":1316,\"height\":2161},{\"@type\":\"BreadcrumbList\",\"@id\":\"https:\/\/www.buhl.de\/c-j\/wiso-hausverwalter-365-start\/#breadcrumb\",\"itemListElement\":[{\"@type\":\"ListItem\",\"position\":1,\"name\":\"Startseite\",\"item\":\"https:\/\/www.buhl.de\/c-j\/\"},{\"@type\":\"ListItem\",\"position\":2,\"name\":\"WISO Hausverwalter 365 Start\"}]},{\"@type\":\"WebSite\",\"@id\":\"https:\/\/www.buhl.de\/c-j\/#website\",\"url\":\"https:\/\/www.buhl.de\/c-j\/\",\"name\":\"Customer Journeys\",\"description\":\"\",\"potentialAction\":[{\"@type\":\"SearchAction\",\"target\":{\"@type\":\"EntryPoint\",\"urlTemplate\":\"https:\/\/www.buhl.de\/c-j\/?s={search_term_string}\"},\"query-input\":{\"@type\":\"PropertyValueSpecification\",\"valueRequired\":true,\"valueName\":\"search_term_string\"}}],\"inLanguage\":\"de\"}]}<\/script>\n<!-- \/ Yoast SEO Premium plugin. -->","yoast_head_json":{"title":"WISO Hausverwalter 365 Start","robots":{"index":"noindex","follow":"nofollow"},"og_locale":"de_DE","og_type":"article","og_title":"WISO Hausverwalter 365 Start","og_description":"Kostenlos, unverbindlich und so lange, wie Sie m\u00f6chten. Ihre Daten behandeln wir nat\u00fcrlich streng vertraulich und geben sie nicht an Dritte weiter. Erst testen, dann entscheiden: Probieren Sie einfach aus, wie leicht die Hausverwaltung mit dem WISO Hausverwalter ist. Nat\u00fcrlich kostenlos, unverbindlich und so lange, wie Sie m\u00f6chten. Nutzen Sie alle Funktionen mit Ausnahme von [&hellip;]","og_url":"https:\/\/www.buhl.de\/c-j\/wiso-hausverwalter-365-start\/","og_site_name":"Customer Journeys","article_modified_time":"2024-08-07T09:40:16+00:00","og_image":[{"width":1316,"height":2161,"url":"https:\/\/www.buhl.de\/c-j\/wp-content\/uploads\/sites\/28\/2024\/06\/PS_WISO-Hausverwalter-365-25-Start_Links.png","type":"image\/png"}],"twitter_card":"summary_large_image","schema":{"@context":"https:\/\/schema.org","@graph":[{"@type":"WebPage","@id":"https:\/\/www.buhl.de\/c-j\/wiso-hausverwalter-365-start\/","url":"https:\/\/www.buhl.de\/c-j\/wiso-hausverwalter-365-start\/","name":"WISO Hausverwalter 365 Start","isPartOf":{"@id":"https:\/\/www.buhl.de\/c-j\/#website"},"primaryImageOfPage":{"@id":"https:\/\/www.buhl.de\/c-j\/wiso-hausverwalter-365-start\/#primaryimage"},"image":{"@id":"https:\/\/www.buhl.de\/c-j\/wiso-hausverwalter-365-start\/#primaryimage"},"thumbnailUrl":"https:\/\/www.buhl.de\/c-j\/wp-content\/uploads\/sites\/28\/2024\/06\/PS_WISO-Hausverwalter-365-25-Start_Links.png","datePublished":"2024-05-29T09:08:07+00:00","dateModified":"2024-08-07T09:40:16+00:00","breadcrumb":{"@id":"https:\/\/www.buhl.de\/c-j\/wiso-hausverwalter-365-start\/#breadcrumb"},"inLanguage":"de","potentialAction":[{"@type":"ReadAction","target":["https:\/\/www.buhl.de\/c-j\/wiso-hausverwalter-365-start\/"]}]},{"@type":"ImageObject","inLanguage":"de","@id":"https:\/\/www.buhl.de\/c-j\/wiso-hausverwalter-365-start\/#primaryimage","url":"https:\/\/www.buhl.de\/c-j\/wp-content\/uploads\/sites\/28\/2024\/06\/PS_WISO-Hausverwalter-365-25-Start_Links.png","contentUrl":"https:\/\/www.buhl.de\/c-j\/wp-content\/uploads\/sites\/28\/2024\/06\/PS_WISO-Hausverwalter-365-25-Start_Links.png","width":1316,"height":2161},{"@type":"BreadcrumbList","@id":"https:\/\/www.buhl.de\/c-j\/wiso-hausverwalter-365-start\/#breadcrumb","itemListElement":[{"@type":"ListItem","position":1,"name":"Startseite","item":"https:\/\/www.buhl.de\/c-j\/"},{"@type":"ListItem","position":2,"name":"WISO Hausverwalter 365 Start"}]},{"@type":"WebSite","@id":"https:\/\/www.buhl.de\/c-j\/#website","url":"https:\/\/www.buhl.de\/c-j\/","name":"Customer Journeys","description":"","potentialAction":[{"@type":"SearchAction","target":{"@type":"EntryPoint","urlTemplate":"https:\/\/www.buhl.de\/c-j\/?s={search_term_string}"},"query-input":{"@type":"PropertyValueSpecification","valueRequired":true,"valueName":"search_term_string"}}],"inLanguage":"de"}]}},"wps_subtitle":"Jetzt kostenlos ausprobieren!","_links":{"self":[{"href":"https:\/\/www.buhl.de\/c-j\/wp-json\/wp\/v2\/pages\/11002","targetHints":{"allow":["GET"]}}],"collection":[{"href":"https:\/\/www.buhl.de\/c-j\/wp-json\/wp\/v2\/pages"}],"about":[{"href":"https:\/\/www.buhl.de\/c-j\/wp-json\/wp\/v2\/types\/page"}],"author":[{"embeddable":true,"href":"https:\/\/www.buhl.de\/c-j\/wp-json\/wp\/v2\/users\/102"}],"replies":[{"embeddable":true,"href":"https:\/\/www.buhl.de\/c-j\/wp-json\/wp\/v2\/comments?post=11002"}],"version-history":[{"count":3,"href":"https:\/\/www.buhl.de\/c-j\/wp-json\/wp\/v2\/pages\/11002\/revisions"}],"predecessor-version":[{"id":11042,"href":"https:\/\/www.buhl.de\/c-j\/wp-json\/wp\/v2\/pages\/11002\/revisions\/11042"}],"wp:featuredmedia":[{"embeddable":true,"href":"https:\/\/www.buhl.de\/c-j\/wp-json\/wp\/v2\/media\/11027"}],"wp:attachment":[{"href":"https:\/\/www.buhl.de\/c-j\/wp-json\/wp\/v2\/media?parent=11002"}],"curies":[{"name":"wp","href":"https:\/\/api.w.org\/{rel}","templated":true}]}}