{"id":3945,"date":"2016-11-29T12:31:09","date_gmt":"2016-11-29T11:31:09","guid":{"rendered":"http:\/\/www.buhl.de\/c-j\/steuermac-2017-kopie\/"},"modified":"2018-11-05T15:16:23","modified_gmt":"2018-11-05T14:16:23","slug":"steuermac-2018","status":"publish","type":"page","link":"https:\/\/www.buhl.de\/c-j\/steuermac-2018\/","title":{"rendered":"steuer:Mac 2018"},"content":{"rendered":"<script type=\"text\/javascript\" src=\"https:\/\/cj.buhl.de\/cj\/form\/generate.js?id=48\"><\/script>\n<div>\n<p><b>Kostenlos, unverbindlich<\/b> und so lange, wie Sie m\u00f6chten. Ihre Daten behandeln wir nat\u00fcrlich streng vertraulich und geben sie nicht an Dritte weiter.<\/p>\n<\/div>\n<div>\n<p>Erst testen, dann entscheiden: Probieren Sie einfach aus, wie leicht die Steuererkl\u00e4rung mit steuer:Mac ist. Nat\u00fcrlich kostenlos, unverbindlich und so lange, wie Sie m\u00f6chten.Nutzen Sie alle Funktionen mit Ausnahme von Druckvorschau, Ausdruck und ELSTER-Versand. Sie k\u00f6nnen die Testversion zeitlich unbegrenzt ausprobieren.<\/p>\n<p>So rechnen Sie zum Bespiel kostenlos aus, ob sich die Abgabe der Erkl\u00e4rung f\u00fcr Sie lohnt und wie viel Ihnen das Finanzamt zur\u00fcckzahlt. Und mit den praktischen Steuertipps holen Sie ganz einfach das Beste aus Ihrer Steuererkl\u00e4rung!<\/p>\n<p>&nbsp;<br \/>\n<div class='review_container'><a class=\"Kundenstimmentext\">Kundenstimmen<\/a><br><br><div class='review' id='review'><form class='formular_review' method='get'>\r\n\t\t\t  <input type='hidden' name='review' value='1'>\r\n\t\t\t  <input type='hidden' name='order' value='best'>\r\n              <input type='submit' class='order_best' value='Beste' >\r\n          <\/form><form class='formular_review' method='get'>\r\n\t\t\t  <input type='hidden' name='review' value='1'>\r\n              <input type='hidden' name='order' value='new'>\r\n              <input type='submit'  class='order_new' value='Neueste'>\r\n          <\/form><div class='review_single'><div class='review_name'>Amazon<\/div><span class='fas fa-star'><\/span><span class='fas fa-star'><\/span><span class='fas fa-star'><\/span><span class='fas fa-star'><\/span><span class='fas fa-star'><\/span><div class='review_author'>Verfasst von Stephanie Schwarz<\/div><div class='review_date'> am 03.12.2020<\/div><div class='review_title'>Super einfach!<\/div><div class='review_content'>Super schnell und sehr einfach zu installieren!<\/div><\/div><div class='review_single'><div class='review_name'>Amazon<\/div><span class='fas fa-star'><\/span><span class='fas fa-star'><\/span><span class='fas fa-star'><\/span><span class='fas fa-star'><\/span><span class='fas fa-star'><\/span><div class='review_author'>Verfasst von Adri S.<\/div><div class='review_date'> am 11.01.2021<\/div><div class='review_title'>Super Steuersoftware f\u00fcr den Mac<\/div><div class='review_content'>Seit Jahren kaufe ich diese Software zur Erstellung meiner EkSt-Erkl\u00e4rung. Mit den unz\u00e4hligen und n\u00fctzlichen Tipps ist es in meinen Augen absolut ein Leichtes seine Erkl\u00e4rung zu erledigen. Absolute Kaufempfehlung.<\/div><\/div><div class='review_single'><div class='review_name'>Amazon<\/div><span class='fas fa-star'><\/span><span class='fas fa-star'><\/span><span class='fas fa-star'><\/span><span class='fas fa-star'><\/span><span class='fas fa-star'><\/span><div class='review_author'>Verfasst von garcia<\/div><div class='review_date'> am 31.01.2021<\/div><div class='review_title'>Es ist sehr gut<\/div><div class='review_content'>Keine<\/div><\/div><div class='review_single'><div class='review_name'>Amazon<\/div><span class='fas fa-star'><\/span><span class='fas fa-star'><\/span><span class='fas fa-star'><\/span><span class='fas fa-star'><\/span><span class='fas fa-star'><\/span><div class='review_author'>Verfasst von Sas. Gun. Cobra<\/div><div class='review_date'> am 05.01.2021<\/div><div class='review_title'>Super Software<\/div><div class='review_content'>Wie immer topp<\/div><\/div><div class='review_single'><div class='review_name'>Amazon<\/div><span class='fas fa-star'><\/span><span class='fas fa-star'><\/span><span class='fas fa-star'><\/span><span class='fas fa-star'><\/span><span class='fas fa-star'><\/span><div class='review_author'>Verfasst von Reinhard Zegnotat<\/div><div class='review_date'> am 24.01.2021<\/div><div class='review_title'>Rundum Sorglospaket<\/div><div class='review_content'>Funktioniert, einfache Installation<\/div><\/div><div class='review_single'><div class='review_name'>Amazon<\/div><span class='fas fa-star'><\/span><span class='fas fa-star'><\/span><span class='fas fa-star'><\/span><span class='fas fa-star'><\/span><span class='fas fa-star'><\/span><div class='review_author'>Verfasst von Petra Hein<\/div><div class='review_date'> am 31.01.2021<\/div><div class='review_title'>Top<\/div><div class='review_content'>Super schnell geladen perfekt !<\/div><\/div><\/div><\/div><div class=\"pagination\"><a class=\"current_page\"\">1<\/a><a class=\"availablePages\" href=\"?review=2#review\">2<\/a><a class=\"availablePages\" href=\"?review=3#review\">3<\/a><a class=\"availablePages\" href=\"?review=4#review\">4<\/a><a Class=\"dots\">...<\/a><a class=\"availablePages\" href=\"?review=22#review\">22<\/a><a class=\"paginationRightArrow\" href=\".?review=22#review\"><\/a><\/div>\n<\/div>\n","protected":false},"excerpt":{"rendered":"<p>Kostenlos, unverbindlich und so lange, wie Sie m\u00f6chten. Ihre Daten behandeln wir nat\u00fcrlich streng vertraulich und geben sie nicht an Dritte weiter. Erst testen, dann entscheiden: Probieren Sie einfach aus, wie leicht die Steuererkl\u00e4rung mit steuer:Mac ist. Nat\u00fcrlich kostenlos, unverbindlich und so lange, wie Sie m\u00f6chten.Nutzen Sie alle Funktionen mit Ausnahme von Druckvorschau, Ausdruck und [&hellip;]<\/p>\n","protected":false},"author":27,"featured_media":3994,"parent":0,"menu_order":0,"comment_status":"closed","ping_status":"closed","template":"","meta":{"footnotes":""},"class_list":["post-3945","page","type-page","status-publish","has-post-thumbnail","hentry"],"yoast_head":"<!-- This site is optimized with the Yoast SEO Premium plugin v27.0 (Yoast SEO v27.0) - https:\/\/yoast.com\/product\/yoast-seo-premium-wordpress\/ -->\n<title>steuer:Mac 2018<\/title>\n<meta name=\"robots\" content=\"noindex, nofollow\" \/>\n<meta property=\"og:locale\" content=\"de_DE\" \/>\n<meta property=\"og:type\" content=\"article\" \/>\n<meta property=\"og:title\" content=\"steuer:Mac 2018\" \/>\n<meta property=\"og:description\" content=\"Kostenlos, unverbindlich und so lange, wie Sie m\u00f6chten. Ihre Daten behandeln wir nat\u00fcrlich streng vertraulich und geben sie nicht an Dritte weiter. Erst testen, dann entscheiden: Probieren Sie einfach aus, wie leicht die Steuererkl\u00e4rung mit steuer:Mac ist. Nat\u00fcrlich kostenlos, unverbindlich und so lange, wie Sie m\u00f6chten.Nutzen Sie alle Funktionen mit Ausnahme von Druckvorschau, Ausdruck und [&hellip;]\" \/>\n<meta property=\"og:url\" content=\"https:\/\/www.buhl.de\/c-j\/steuermac-2018\/\" \/>\n<meta property=\"og:site_name\" content=\"Customer Journeys\" \/>\n<meta property=\"article:modified_time\" content=\"2018-11-05T14:16:23+00:00\" \/>\n<meta property=\"og:image\" content=\"https:\/\/www.buhl.de\/c-j\/wp-content\/uploads\/sites\/28\/2017\/12\/B07544MF8X.MAIN_-e1512120801409.png\" \/>\n\t<meta property=\"og:image:width\" content=\"170\" \/>\n\t<meta property=\"og:image:height\" content=\"258\" \/>\n\t<meta property=\"og:image:type\" content=\"image\/png\" \/>\n<meta name=\"twitter:card\" content=\"summary_large_image\" \/>\n<meta name=\"twitter:label1\" content=\"Gesch\u00e4tzte Lesezeit\" \/>\n\t<meta name=\"twitter:data1\" content=\"1\u00a0Minute\" \/>\n<script type=\"application\/ld+json\" class=\"yoast-schema-graph\">{\"@context\":\"https:\/\/schema.org\",\"@graph\":[{\"@type\":\"WebPage\",\"@id\":\"https:\/\/www.buhl.de\/c-j\/steuermac-2018\/\",\"url\":\"https:\/\/www.buhl.de\/c-j\/steuermac-2018\/\",\"name\":\"steuer:Mac 2018\",\"isPartOf\":{\"@id\":\"https:\/\/www.buhl.de\/c-j\/#website\"},\"primaryImageOfPage\":{\"@id\":\"https:\/\/www.buhl.de\/c-j\/steuermac-2018\/#primaryimage\"},\"image\":{\"@id\":\"https:\/\/www.buhl.de\/c-j\/steuermac-2018\/#primaryimage\"},\"thumbnailUrl\":\"https:\/\/www.buhl.de\/c-j\/wp-content\/uploads\/sites\/28\/2017\/12\/B07544MF8X.MAIN_-e1512120801409.png\",\"datePublished\":\"2016-11-29T11:31:09+00:00\",\"dateModified\":\"2018-11-05T14:16:23+00:00\",\"breadcrumb\":{\"@id\":\"https:\/\/www.buhl.de\/c-j\/steuermac-2018\/#breadcrumb\"},\"inLanguage\":\"de\",\"potentialAction\":[{\"@type\":\"ReadAction\",\"target\":[\"https:\/\/www.buhl.de\/c-j\/steuermac-2018\/\"]}]},{\"@type\":\"ImageObject\",\"inLanguage\":\"de\",\"@id\":\"https:\/\/www.buhl.de\/c-j\/steuermac-2018\/#primaryimage\",\"url\":\"https:\/\/www.buhl.de\/c-j\/wp-content\/uploads\/sites\/28\/2017\/12\/B07544MF8X.MAIN_-e1512120801409.png\",\"contentUrl\":\"https:\/\/www.buhl.de\/c-j\/wp-content\/uploads\/sites\/28\/2017\/12\/B07544MF8X.MAIN_-e1512120801409.png\",\"width\":170,\"height\":258,\"caption\":\"Packshot WISO steuer:Mac 2018\"},{\"@type\":\"BreadcrumbList\",\"@id\":\"https:\/\/www.buhl.de\/c-j\/steuermac-2018\/#breadcrumb\",\"itemListElement\":[{\"@type\":\"ListItem\",\"position\":1,\"name\":\"Startseite\",\"item\":\"https:\/\/www.buhl.de\/c-j\/\"},{\"@type\":\"ListItem\",\"position\":2,\"name\":\"steuer:Mac 2018\"}]},{\"@type\":\"WebSite\",\"@id\":\"https:\/\/www.buhl.de\/c-j\/#website\",\"url\":\"https:\/\/www.buhl.de\/c-j\/\",\"name\":\"Customer Journeys\",\"description\":\"\",\"potentialAction\":[{\"@type\":\"SearchAction\",\"target\":{\"@type\":\"EntryPoint\",\"urlTemplate\":\"https:\/\/www.buhl.de\/c-j\/?s={search_term_string}\"},\"query-input\":{\"@type\":\"PropertyValueSpecification\",\"valueRequired\":true,\"valueName\":\"search_term_string\"}}],\"inLanguage\":\"de\"}]}<\/script>\n<!-- \/ Yoast SEO Premium plugin. -->","yoast_head_json":{"title":"steuer:Mac 2018","robots":{"index":"noindex","follow":"nofollow"},"og_locale":"de_DE","og_type":"article","og_title":"steuer:Mac 2018","og_description":"Kostenlos, unverbindlich und so lange, wie Sie m\u00f6chten. Ihre Daten behandeln wir nat\u00fcrlich streng vertraulich und geben sie nicht an Dritte weiter. Erst testen, dann entscheiden: Probieren Sie einfach aus, wie leicht die Steuererkl\u00e4rung mit steuer:Mac ist. Nat\u00fcrlich kostenlos, unverbindlich und so lange, wie Sie m\u00f6chten.Nutzen Sie alle Funktionen mit Ausnahme von Druckvorschau, Ausdruck und [&hellip;]","og_url":"https:\/\/www.buhl.de\/c-j\/steuermac-2018\/","og_site_name":"Customer Journeys","article_modified_time":"2018-11-05T14:16:23+00:00","og_image":[{"width":170,"height":258,"url":"https:\/\/www.buhl.de\/c-j\/wp-content\/uploads\/sites\/28\/2017\/12\/B07544MF8X.MAIN_-e1512120801409.png","type":"image\/png"}],"twitter_card":"summary_large_image","twitter_misc":{"Gesch\u00e4tzte Lesezeit":"1\u00a0Minute"},"schema":{"@context":"https:\/\/schema.org","@graph":[{"@type":"WebPage","@id":"https:\/\/www.buhl.de\/c-j\/steuermac-2018\/","url":"https:\/\/www.buhl.de\/c-j\/steuermac-2018\/","name":"steuer:Mac 2018","isPartOf":{"@id":"https:\/\/www.buhl.de\/c-j\/#website"},"primaryImageOfPage":{"@id":"https:\/\/www.buhl.de\/c-j\/steuermac-2018\/#primaryimage"},"image":{"@id":"https:\/\/www.buhl.de\/c-j\/steuermac-2018\/#primaryimage"},"thumbnailUrl":"https:\/\/www.buhl.de\/c-j\/wp-content\/uploads\/sites\/28\/2017\/12\/B07544MF8X.MAIN_-e1512120801409.png","datePublished":"2016-11-29T11:31:09+00:00","dateModified":"2018-11-05T14:16:23+00:00","breadcrumb":{"@id":"https:\/\/www.buhl.de\/c-j\/steuermac-2018\/#breadcrumb"},"inLanguage":"de","potentialAction":[{"@type":"ReadAction","target":["https:\/\/www.buhl.de\/c-j\/steuermac-2018\/"]}]},{"@type":"ImageObject","inLanguage":"de","@id":"https:\/\/www.buhl.de\/c-j\/steuermac-2018\/#primaryimage","url":"https:\/\/www.buhl.de\/c-j\/wp-content\/uploads\/sites\/28\/2017\/12\/B07544MF8X.MAIN_-e1512120801409.png","contentUrl":"https:\/\/www.buhl.de\/c-j\/wp-content\/uploads\/sites\/28\/2017\/12\/B07544MF8X.MAIN_-e1512120801409.png","width":170,"height":258,"caption":"Packshot WISO steuer:Mac 2018"},{"@type":"BreadcrumbList","@id":"https:\/\/www.buhl.de\/c-j\/steuermac-2018\/#breadcrumb","itemListElement":[{"@type":"ListItem","position":1,"name":"Startseite","item":"https:\/\/www.buhl.de\/c-j\/"},{"@type":"ListItem","position":2,"name":"steuer:Mac 2018"}]},{"@type":"WebSite","@id":"https:\/\/www.buhl.de\/c-j\/#website","url":"https:\/\/www.buhl.de\/c-j\/","name":"Customer Journeys","description":"","potentialAction":[{"@type":"SearchAction","target":{"@type":"EntryPoint","urlTemplate":"https:\/\/www.buhl.de\/c-j\/?s={search_term_string}"},"query-input":{"@type":"PropertyValueSpecification","valueRequired":true,"valueName":"search_term_string"}}],"inLanguage":"de"}]}},"wps_subtitle":"Jetzt kostenlos ausprobieren!","_links":{"self":[{"href":"https:\/\/www.buhl.de\/c-j\/wp-json\/wp\/v2\/pages\/3945","targetHints":{"allow":["GET"]}}],"collection":[{"href":"https:\/\/www.buhl.de\/c-j\/wp-json\/wp\/v2\/pages"}],"about":[{"href":"https:\/\/www.buhl.de\/c-j\/wp-json\/wp\/v2\/types\/page"}],"author":[{"embeddable":true,"href":"https:\/\/www.buhl.de\/c-j\/wp-json\/wp\/v2\/users\/27"}],"replies":[{"embeddable":true,"href":"https:\/\/www.buhl.de\/c-j\/wp-json\/wp\/v2\/comments?post=3945"}],"version-history":[{"count":11,"href":"https:\/\/www.buhl.de\/c-j\/wp-json\/wp\/v2\/pages\/3945\/revisions"}],"predecessor-version":[{"id":9476,"href":"https:\/\/www.buhl.de\/c-j\/wp-json\/wp\/v2\/pages\/3945\/revisions\/9476"}],"wp:featuredmedia":[{"embeddable":true,"href":"https:\/\/www.buhl.de\/c-j\/wp-json\/wp\/v2\/media\/3994"}],"wp:attachment":[{"href":"https:\/\/www.buhl.de\/c-j\/wp-json\/wp\/v2\/media?parent=3945"}],"curies":[{"name":"wp","href":"https:\/\/api.w.org\/{rel}","templated":true}]}}