{"id":8636,"date":"2025-06-25T13:22:12","date_gmt":"2025-06-25T11:22:12","guid":{"rendered":"https:\/\/wpdev.buhl.de\/finanzblick\/?page_id=8636"},"modified":"2025-07-11T08:00:25","modified_gmt":"2025-07-11T06:00:25","slug":"support","status":"publish","type":"page","link":"https:\/\/www.buhl.de\/finanzblick\/support\/","title":{"rendered":"Support"},"content":{"rendered":"<div class=\"fb-center-mobile\">\n<h1><strong>Kontakt<\/strong><\/h1>\n<p>Haben Sie ein Problem bei der Einrichtung Ihrer Konten? Oder eine Frage zu verschiedenen Funktionen von finanzblick? Wir helfen Ihnen nat\u00fcrlich gerne weiter. Damit wir Ihnen auch schnell weiter helfen k\u00f6nnen, geben Sie bitte bei Hinweisen zu Unstimmigkeiten stets das verwendete Ger\u00e4t (inklusive OS Version), die Version der App (soweit m\u00f6glich) und gegebenenfalls das betroffene Kreditinstitut (mit Bankleitzahl) sowie die konkrete Meldung an.<\/p>\n<h2>Schriftlicher Support<\/h2>\n<p>Schreiben Sie uns einfach eine E-Mail mit Ihrem Anliegen an <a href=\"mailto:support@finanzblick.de\">support@finanzblick.de<\/a> und wir kommen so schnell wie m\u00f6glich auf Sie zur\u00fcck.<\/p>\n<div class=\"fb-greybox\">\n<h2>Telefonischer Support<\/h2>\n<p>Unser Support-Team unterst\u00fctzt Sie auch gerne telefonisch unter:<br \/>\n<div class=\"su-row fb-support-tel\">\n<div class=\"su-column su-column-size-1-2\"><div class=\"su-column-inner su-u-clearfix su-u-trim\"><img decoding=\"async\" class=\"size-full wp-image-4448 fb-support-icon-1\" src=\"\/\/wptest.buhl.de\/finanzblick\/wp-content\/uploads\/2017\/03\/tel_support_icon.png\" alt=\"\" \/><strong><a href=\"tel:02735 90 96 69\">02735 90 96 69<\/a><br \/>\n(finanzblick)<\/strong><\/div><\/div>\n<div class=\"su-column su-column-size-1-2\"><div class=\"su-column-inner su-u-clearfix su-u-trim\"><img decoding=\"async\" class=\"size-full wp-image-4448 fb-support-icon-2\" src=\"\/\/wptest.buhl.de\/finanzblick\/wp-content\/uploads\/2017\/03\/tel_support_icon.png\" alt=\"\" \/><strong><a href=\"tel:02735 90 96 68\">02735 90 96 68<\/a><br \/>\n(finanzblick business)<\/strong><\/div><\/div><\/div>\n<p>Montag bis Freitag: 9 \u2013 21 Uhr<\/p>\n<\/div>\n<h2 style=\"margin-top: 30px;\">Oder hinterlassen Sie uns hier eine Nachricht<\/h2>\n\n<div class=\"wpcf7 no-js\" id=\"wpcf7-f4500-o1\" lang=\"de-DE\" dir=\"ltr\" data-wpcf7-id=\"4500\">\n<div class=\"screen-reader-response\"><p role=\"status\" aria-live=\"polite\" aria-atomic=\"true\"><\/p> <ul><\/ul><\/div>\n<form action=\"\/finanzblick\/wp-json\/wp\/v2\/pages\/8636#wpcf7-f4500-o1\" method=\"post\" class=\"wpcf7-form init\" aria-label=\"Kontaktformular\" novalidate=\"novalidate\" data-status=\"init\">\n<fieldset class=\"hidden-fields-container\"><input type=\"hidden\" name=\"_wpcf7\" value=\"4500\" \/><input type=\"hidden\" name=\"_wpcf7_version\" value=\"6.1.5\" \/><input type=\"hidden\" name=\"_wpcf7_locale\" value=\"de_DE\" \/><input type=\"hidden\" name=\"_wpcf7_unit_tag\" value=\"wpcf7-f4500-o1\" \/><input type=\"hidden\" name=\"_wpcf7_container_post\" value=\"0\" \/><input type=\"hidden\" name=\"_wpcf7_posted_data_hash\" value=\"\" \/>\n<\/fieldset>\n<p><span class=\"wpcf7-form-control-wrap\" data-name=\"email-296\"><input size=\"40\" maxlength=\"400\" class=\"wpcf7-form-control wpcf7-email wpcf7-validates-as-required wpcf7-text wpcf7-validates-as-email\" aria-required=\"true\" aria-invalid=\"false\" placeholder=\"E-Mail-Adresse\" value=\"\" type=\"email\" name=\"email-296\" \/><\/span>\n<\/p>\n<p><span class=\"wpcf7-form-control-wrap\" data-name=\"text-799\"><input size=\"40\" maxlength=\"400\" class=\"wpcf7-form-control wpcf7-text wpcf7-validates-as-required\" aria-required=\"true\" aria-invalid=\"false\" placeholder=\"Name\" value=\"\" type=\"text\" name=\"text-799\" \/><\/span>\n<\/p>\n<div class=\"cf7form-select\">\n\t<p><span class=\"wpcf7-form-control-wrap\" data-name=\"menu-207\"><select class=\"wpcf7-form-control wpcf7-select wpcf7-validates-as-required\" aria-required=\"true\" aria-invalid=\"false\" name=\"menu-207\"><option value=\"Genutzte App\">Genutzte App<\/option><option value=\"Web App\">Web App<\/option><option value=\"Mac App\">Mac App<\/option><option value=\"Win App\">Win App<\/option><option value=\"Android App\">Android App<\/option><option value=\"iOS App\">iOS App<\/option><\/select><\/span>\n\t<\/p>\n<\/div>\n<p><span class=\"wpcf7-form-control-wrap\" data-name=\"device-799\"><input size=\"40\" maxlength=\"400\" class=\"wpcf7-form-control wpcf7-text wpcf7-validates-as-required\" aria-required=\"true\" aria-invalid=\"false\" placeholder=\"Ger\u00e4t\" value=\"\" type=\"text\" name=\"device-799\" \/><\/span>\n<\/p>\n<p><span class=\"wpcf7-form-control-wrap\" data-name=\"version-799\"><input size=\"40\" maxlength=\"400\" class=\"wpcf7-form-control wpcf7-text\" aria-invalid=\"false\" placeholder=\"Version (optional)\" value=\"\" type=\"text\" name=\"version-799\" \/><\/span>\n<\/p>\n<p><span class=\"wpcf7-form-control-wrap\" data-name=\"textarea-837\"><textarea cols=\"40\" rows=\"10\" maxlength=\"2000\" class=\"wpcf7-form-control wpcf7-textarea wpcf7-validates-as-required\" aria-required=\"true\" aria-invalid=\"false\" placeholder=\"Ihre Nachricht\" name=\"textarea-837\"><\/textarea><\/span>\n<\/p>\n<p>[honeypot verifier-98]\n<\/p>\n<p><input class=\"wpcf7-form-control wpcf7-submit has-spinner\" type=\"submit\" value=\"Absenden\" \/>\n<\/p><div class=\"wpcf7-response-output\" aria-hidden=\"true\"><\/div>\n<\/form>\n<\/div>\n\n<h1><strong>FAQ<\/strong><\/h1>\n<div class=\"su-accordion su-u-trim\">\n<div class=\"su-spoiler su-spoiler-style-custom su-spoiler-icon-plus\" data-scroll-offset=\"0\" data-anchor-in-url=\"no\"><div class=\"su-spoiler-title\" tabindex=\"0\" role=\"button\"><span class=\"su-spoiler-icon\"><\/span>Einrichtung Postbank<\/div><div class=\"su-spoiler-content su-u-clearfix su-u-trim\">\nBei der Postbank besteht ein Unterschied zwischen der Webseite und dem FinTS-Zugang, welchen finanzblick nutzt. F\u00fcr den FinTS (HBCI) PIN\/TAN Zugang, welchen auch die App nutzt, muss die PIN f\u00fcnfstellig sein. Eine sechsstellige PIN ist daher vor Einrichtung in finanzblick durch eine entsprechende \u00c4nderung der PIN \u00fcber die Webseite der Bank anzupassen.<br \/>\n<\/div><\/div>\n<div class=\"su-spoiler su-spoiler-style-custom su-spoiler-icon-plus su-spoiler-closed\" data-scroll-offset=\"0\" data-anchor-in-url=\"no\"><div class=\"su-spoiler-title\" tabindex=\"0\" role=\"button\"><span class=\"su-spoiler-icon\"><\/span>Es kommt zu dem Hinweis ''Die Telefonbezeichnung ist unbekannt'' oder ''TAN-Verfahren ung\u00fcltig''<\/div><div class=\"su-spoiler-content su-u-clearfix su-u-trim\">\nOffenbar liegt eine \u00c4nderung zum TAN-Verfahren vor, welche noch in finanzblick abzugleichen ist. Zur Durchf\u00fchrung des Abgleichs<\/p>\n<ul>\n<li>\u00fcber das Zahnrad-Symbol die &#8222;Bankkontakte&#8220; aufrufen,<\/li>\n<li>den betreffenden Eintrag antippen und<\/li>\n<li>in den Informationen ganz nach unten bl\u00e4ttern.<\/li>\n<li>Dort &#8222;Kontakt synchronisieren&#8220; w\u00e4hlen und zur Durchf\u00fchrung die PIN eingeben.<\/li>\n<li>Anschlie\u00dfend das ausgew\u00e4hlte &#8222;TAN-Verfahren&#8220; und &#8222;TAN-Medium&#8220; auf Richtigkeit pr\u00fcfen und<\/li>\n<li>erneut die Abfrage der Konten durchf\u00fchren.<\/li>\n<\/ul>\n<\/div><\/div>\n<div class=\"su-spoiler su-spoiler-style-custom su-spoiler-icon-plus su-spoiler-closed\" data-scroll-offset=\"0\" data-anchor-in-url=\"no\"><div class=\"su-spoiler-title\" tabindex=\"0\" role=\"button\"><span class=\"su-spoiler-icon\"><\/span>Die Eingabe einer alphanumerischen TAN ist nicht m\u00f6glich<\/div><div class=\"su-spoiler-content su-u-clearfix su-u-trim\">\nDie Vorbelegung von PIN und TAN, beziehungsweise deren Eingabeformat, kann individuell angepasst werden. F\u00fcr eine \u00c4nderung das Zahnrad-Symbol w\u00e4hlen, um die Einstellungen aufzurufen. Dann zu &#8222;Bankkontakte&#8220; scrollen und den Eintrag zur betreffenden Bank ausw\u00e4hlen. Zu &#8222;TAN Modus&#8220; scrollen und den Eintrag antippen. Nun das Eingabeschema ab\u00e4ndern. Sofern gew\u00fcnscht, ist dies analog mit &#8222;PIN Modus&#8220; m\u00f6glich.<br \/>\n<\/div><\/div>\n<div class=\"su-spoiler su-spoiler-style-custom su-spoiler-icon-plus su-spoiler-closed\" data-scroll-offset=\"0\" data-anchor-in-url=\"no\"><div class=\"su-spoiler-title\" tabindex=\"0\" role=\"button\"><span class=\"su-spoiler-icon\"><\/span>Warum kann ich bei Cortal Consors kein mobile TAN benutzen?<\/div><div class=\"su-spoiler-content su-u-clearfix su-u-trim\">\nAb 1. Mai 2011 wird der Zahlungs- und Transferverkehr von Cortal Consors ausschlie\u00dflich per mobiler Tan oder TAN-Generator abgewickelt. Zu diesem Tag werden alle noch vorhandenen TAN-Listen deaktiviert und verlieren somit Ihre G\u00fcltigkeit!<\/p>\n<p>Cortal Consors bietet die mobile TAN (auch mTAN, sms-TAN oder m-TAN genannt) leider ausschlie\u00dflich f\u00fcr den Zugriff \u00fcber die Web-Seite an, also f\u00fcr das Internet-Banking. Dieses Verfahren wird f\u00fcr FinTS (HBCI) PIN\/TAN seitens Cortal Consors nicht angeboten. \u00dcber finanzblick ist daher der TAN-Generator zu nutzen. Dieser ist nach Auskunft von Cortal Consors f\u00fcr deren Kunden kostenlos erh\u00e4ltlich. Die Batteriekapazit\u00e4t ist auf etwa vier bis f\u00fcnf Jahre ausgelegt. Wenn dann das Ger\u00e4t nicht mehr funktioniert, wird kostenlos ein Ersatzger\u00e4t gestellt.<\/p>\n<p>Das Verfahren wird in finanzblick als &#8222;klassisches TAN-Verfahren&#8220; bezeichnet. Die Funktion ist dessen ungeachtet damit gegeben.<br \/>\n<\/div><\/div>\n<div class=\"su-spoiler su-spoiler-style-custom su-spoiler-icon-plus su-spoiler-closed\" data-scroll-offset=\"0\" data-anchor-in-url=\"no\"><div class=\"su-spoiler-title\" tabindex=\"0\" role=\"button\"><span class=\"su-spoiler-icon\"><\/span>Was ist bei der Einrichtung von MoneYou (ABN Amro) zu beachten?<\/div><div class=\"su-spoiler-content su-u-clearfix su-u-trim\">\nF\u00fcr die Einrichtung von MoneYou (BLZ 50324040) gibt es einen relevanten Unterschied zwischen der Webseite und finanzblick. Auf der Internetseite von MoneYou sind maximal zw\u00f6lf Zeichen zugelassen und zu viel eingegebene Zeichen werden ignoriert. Im Gegensatz zur Webseite schneidet finanzblick die PIN nicht ab. Eine l\u00e4ngere PIN ist daher \u00fcber die Webseite von MoneYou auf die zugelassenen zw\u00f6lf Zeichen zu k\u00fcrzen. Bitte au\u00dferdem von der Verwendung deutscher Umlaute (\u00fc,\u00f6,\u00e4, \u00df) oder anderer Sonderzeichen absehen.<br \/>\n<\/div><\/div>\n<\/div>\n<a href=\"http:\/\/www.buhl.de\/faqs.html?category=241\">weiterlesen<\/a><\/p>\n<h1><strong>Forum<\/strong><\/h1>\n<p>In unserem <a href=\"http:\/\/www.buhl.de\/wiso-software\/forum\/index.php\/Board\/143-finanzblick\/\">Support-Forum<\/a> haben Sie die M\u00f6glichkeit, Fragen zu finanzblick zu stellen. Vielleicht finden Sie aber auch schon hier eine Antwort auf Ihre Frage. Wir freuen uns wenn Sie mitdiskutieren m\u00f6chten.<\/p>\n<h1><strong>Alle Konten im Blick<\/strong><\/h1>\n<p>Postbank, DKB oder Paypal &#8211; finanzblick kann sie alle. Wenn Sie schauen m\u00f6chten, ob Ihre Bank unterst\u00fctzt wird, nutzen Sie die Banksuche. finanzblick unterst\u00fctzt Ihre Bank nicht? <a href=\"mailto:support@finanzblick.de\">Dann schreiben Sie uns<\/a>! Wir k\u00fcmmern uns darum.<br \/>\n<script type=\"text\/javascript\">function getBankPath() {return \"https:\/\/www.buhl.de\/finanzblick\/wp-content\/plugins\/buhl-bankensuche\/\";}<\/script><div id=\"fbbs_list\"><div class=\"fbbs_list_inner\"><span> Wird Deine Bank von finanzblick unterst\u00fctzt?<\/span><\/div><div id=\"fbbs_box_container\"><form action=\"#\" id=\"fbbs_form\" name=\"fbbs_form\" onsubmit=\"return false;\"><input type=\"submit\" style=\"display: none;\" \/><input type=\"hidden\" name=\"fbbs_showBIC\" id=\"fbbs_showBIC\" value=\"0\" \/><input type=\"hidden\" name=\"fbbs_showBLZ\" id=\"fbbs_showBLZ\" value=\"0\" \/><input type=\"hidden\" name=\"fbbs_oN\" id=\"fbbs_oN\" value=\"0\" \/><input type=\"text\" id=\"fbbs_search\" name=\"fbbs_search\" placeholder=\"Bitte gebe deinen Bankenname oder BLZ ein\" \r\n\t\t\t\ttitle=\"Bitte BLZ eingeben\" onfocus=\"jQuery('#fbbs_results').html('');this.style.fontStyle = 'normal';this.value = '';this.style.color = '#000000';\" onkeyup=\"dosearch();\" \/><\/form><\/div><div class=\"fbbs_list_inner\" style=\"position:relative;\"><div id=\"fbbs_results\"><\/div><\/div><\/div>\n<h1><strong>Bleiben Sie auf dem Laufenden<\/strong><\/h1>\n<p>Bleiben Sie auf dem Laufenden mit dem finanzblick-Newsletter!<\/p>\n<script type=\"text\/javascript\" src=\"https:\/\/cj.buhl.de\/cj\/form\/generate.js?id=26\"><\/script>\n<h4><strong>Besuchen Sie uns im Social Web!<\/strong><\/h4>\n<div class=\"su-row\"><div class=\"su-column su-column-size-1-2\"><div class=\"su-column-inner su-u-clearfix su-u-trim\">\n<table class=\"fb-apptable3\" style=\"border: none;\" border=\"0\" width=\"100%\">\n<tbody>\n<tr>\n<td><a title=\"Besuche finanzblick auf facebook\" href=\"www.facebook.de\/finanzblick\"><img loading=\"lazy\" decoding=\"async\" class=\"size-full wp-image-48 alignleft\" src=\"\/\/wptest.buhl.de\/finanzblick\/wp-content\/uploads\/2016\/12\/1280-sm-facebook.png\" alt=\"facebook logo\" width=\"65\" height=\"65\" \/><\/a><\/td>\n<td><a title=\"Besuche finanzblick auf twitter\" href=\"www.twitter.com\/finanzblick\"><img loading=\"lazy\" decoding=\"async\" class=\"size-full wp-image-54 alignleft\" src=\"\/\/wptest.buhl.de\/finanzblick\/wp-content\/uploads\/2016\/12\/1280-sm-twitter.png\" alt=\"twitter logo\" width=\"63\" height=\"51\" \/><\/a><\/td>\n<td><a title=\"Besuche finanzblick auf googleplus\" href=\"https:\/\/plus.google.com\/u\/0\/b\/103983388027002625615\/+FinanzblickDe\"><img loading=\"lazy\" decoding=\"async\" class=\"size-full wp-image-50 alignleft\" src=\"\/\/wptest.buhl.de\/finanzblick\/wp-content\/uploads\/2016\/12\/1280-sm-googleplus.png\" alt=\"googleplus logo\" width=\"65\" height=\"65\" \/><\/a><\/td>\n<td><a title=\"Besuche finanzblick auf instagramm\" href=\"https:\/\/www.instagram.com\/finanzblick\/\"><img loading=\"lazy\" decoding=\"async\" class=\"size-full wp-image-52 alignleft\" src=\"\/\/wptest.buhl.de\/finanzblick\/wp-content\/uploads\/2016\/12\/1280-sm-instagram.png\" alt=\"instagram logo\" width=\"65\" height=\"65\" \/><\/a><\/td>\n<\/tr>\n<\/tbody>\n<\/table>\n<\/div><\/div><\/div>\n<\/div>\n","protected":false},"excerpt":{"rendered":"<p>Kontakt Haben Sie ein Problem bei der Einrichtung Ihrer Konten? Oder eine Frage zu verschiedenen Funktionen von finanzblick? Wir helfen Ihnen nat\u00fcrlich gerne weiter. Damit wir Ihnen auch schnell weiter helfen k\u00f6nnen, geben Sie bitte bei Hinweisen zu Unstimmigkeiten stets das verwendete Ger\u00e4t (inklusive OS Version), die Version der App (soweit m\u00f6glich) und gegebenenfalls das [&hellip;]<\/p>\n","protected":false},"author":155,"featured_media":0,"parent":0,"menu_order":0,"comment_status":"closed","ping_status":"closed","template":"page-main.php","meta":{"_acf_changed":false,"inline_featured_image":false,"footnotes":""},"class_list":["post-8636","page","type-page","status-publish","hentry"],"yoast_head":"<!-- This site is optimized with the Yoast SEO Premium plugin v27.4 (Yoast SEO v27.5) - https:\/\/yoast.com\/product\/yoast-seo-premium-wordpress\/ -->\n<title>Support<\/title>\n<meta name=\"description\" content=\"Hast du Fragen oder ben\u00f6tigst du Hilfe bei der Einrichtung von Konten. Das finanzblick Support Team hilft dir gerne weiter.\" \/>\n<meta name=\"robots\" content=\"index, follow, max-snippet:-1, max-image-preview:large, max-video-preview:-1\" \/>\n<link rel=\"canonical\" href=\"https:\/\/www.buhl.de\/finanzblick\/support\/\" \/>\n<meta property=\"og:locale\" content=\"de_DE\" \/>\n<meta property=\"og:type\" content=\"article\" \/>\n<meta property=\"og:title\" content=\"Support\" \/>\n<meta property=\"og:description\" content=\"Hast du Fragen oder ben\u00f6tigst du Hilfe bei der Einrichtung von Konten. Das finanzblick Support Team hilft dir gerne weiter.\" \/>\n<meta property=\"og:url\" content=\"https:\/\/www.buhl.de\/finanzblick\/support\/\" \/>\n<meta property=\"og:site_name\" content=\"Finanzblick\" \/>\n<meta property=\"article:modified_time\" content=\"2025-07-11T06:00:25+00:00\" \/>\n<meta name=\"twitter:card\" content=\"summary_large_image\" \/>\n<meta name=\"twitter:label1\" content=\"Gesch\u00e4tzte Lesezeit\" \/>\n\t<meta name=\"twitter:data1\" content=\"5\u00a0Minuten\" \/>\n<script type=\"application\/ld+json\" class=\"yoast-schema-graph\">{\"@context\":\"https:\\\/\\\/schema.org\",\"@graph\":[{\"@type\":\"WebPage\",\"@id\":\"https:\\\/\\\/www.buhl.de\\\/finanzblick\\\/support\\\/\",\"url\":\"https:\\\/\\\/www.buhl.de\\\/finanzblick\\\/support\\\/\",\"name\":\"Support\",\"isPartOf\":{\"@id\":\"https:\\\/\\\/www.buhl.de\\\/finanzblick\\\/#website\"},\"datePublished\":\"2025-06-25T11:22:12+00:00\",\"dateModified\":\"2025-07-11T06:00:25+00:00\",\"description\":\"Hast du Fragen oder ben\u00f6tigst du Hilfe bei der Einrichtung von Konten. Das finanzblick Support Team hilft dir gerne weiter.\",\"breadcrumb\":{\"@id\":\"https:\\\/\\\/www.buhl.de\\\/finanzblick\\\/support\\\/#breadcrumb\"},\"inLanguage\":\"de\",\"potentialAction\":[{\"@type\":\"ReadAction\",\"target\":[\"https:\\\/\\\/www.buhl.de\\\/finanzblick\\\/support\\\/\"]}]},{\"@type\":\"BreadcrumbList\",\"@id\":\"https:\\\/\\\/www.buhl.de\\\/finanzblick\\\/support\\\/#breadcrumb\",\"itemListElement\":[{\"@type\":\"ListItem\",\"position\":1,\"name\":\"Startseite\",\"item\":\"https:\\\/\\\/www.buhl.de\\\/finanzblick\\\/\"},{\"@type\":\"ListItem\",\"position\":2,\"name\":\"Support\"}]},{\"@type\":\"WebSite\",\"@id\":\"https:\\\/\\\/www.buhl.de\\\/finanzblick\\\/#website\",\"url\":\"https:\\\/\\\/www.buhl.de\\\/finanzblick\\\/\",\"name\":\"Finanzblick\",\"description\":\"\",\"potentialAction\":[{\"@type\":\"SearchAction\",\"target\":{\"@type\":\"EntryPoint\",\"urlTemplate\":\"https:\\\/\\\/www.buhl.de\\\/finanzblick\\\/?s={search_term_string}\"},\"query-input\":{\"@type\":\"PropertyValueSpecification\",\"valueRequired\":true,\"valueName\":\"search_term_string\"}}],\"inLanguage\":\"de\"}]}<\/script>\n<!-- \/ Yoast SEO Premium plugin. -->","yoast_head_json":{"title":"Support","description":"Hast du Fragen oder ben\u00f6tigst du Hilfe bei der Einrichtung von Konten. Das finanzblick Support Team hilft dir gerne weiter.","robots":{"index":"index","follow":"follow","max-snippet":"max-snippet:-1","max-image-preview":"max-image-preview:large","max-video-preview":"max-video-preview:-1"},"canonical":"https:\/\/www.buhl.de\/finanzblick\/support\/","og_locale":"de_DE","og_type":"article","og_title":"Support","og_description":"Hast du Fragen oder ben\u00f6tigst du Hilfe bei der Einrichtung von Konten. Das finanzblick Support Team hilft dir gerne weiter.","og_url":"https:\/\/www.buhl.de\/finanzblick\/support\/","og_site_name":"Finanzblick","article_modified_time":"2025-07-11T06:00:25+00:00","twitter_card":"summary_large_image","twitter_misc":{"Gesch\u00e4tzte Lesezeit":"5\u00a0Minuten"},"schema":{"@context":"https:\/\/schema.org","@graph":[{"@type":"WebPage","@id":"https:\/\/www.buhl.de\/finanzblick\/support\/","url":"https:\/\/www.buhl.de\/finanzblick\/support\/","name":"Support","isPartOf":{"@id":"https:\/\/www.buhl.de\/finanzblick\/#website"},"datePublished":"2025-06-25T11:22:12+00:00","dateModified":"2025-07-11T06:00:25+00:00","description":"Hast du Fragen oder ben\u00f6tigst du Hilfe bei der Einrichtung von Konten. Das finanzblick Support Team hilft dir gerne weiter.","breadcrumb":{"@id":"https:\/\/www.buhl.de\/finanzblick\/support\/#breadcrumb"},"inLanguage":"de","potentialAction":[{"@type":"ReadAction","target":["https:\/\/www.buhl.de\/finanzblick\/support\/"]}]},{"@type":"BreadcrumbList","@id":"https:\/\/www.buhl.de\/finanzblick\/support\/#breadcrumb","itemListElement":[{"@type":"ListItem","position":1,"name":"Startseite","item":"https:\/\/www.buhl.de\/finanzblick\/"},{"@type":"ListItem","position":2,"name":"Support"}]},{"@type":"WebSite","@id":"https:\/\/www.buhl.de\/finanzblick\/#website","url":"https:\/\/www.buhl.de\/finanzblick\/","name":"Finanzblick","description":"","potentialAction":[{"@type":"SearchAction","target":{"@type":"EntryPoint","urlTemplate":"https:\/\/www.buhl.de\/finanzblick\/?s={search_term_string}"},"query-input":{"@type":"PropertyValueSpecification","valueRequired":true,"valueName":"search_term_string"}}],"inLanguage":"de"}]}},"acf":[],"_links":{"self":[{"href":"https:\/\/www.buhl.de\/finanzblick\/wp-json\/wp\/v2\/pages\/8636","targetHints":{"allow":["GET"]}}],"collection":[{"href":"https:\/\/www.buhl.de\/finanzblick\/wp-json\/wp\/v2\/pages"}],"about":[{"href":"https:\/\/www.buhl.de\/finanzblick\/wp-json\/wp\/v2\/types\/page"}],"author":[{"embeddable":true,"href":"https:\/\/www.buhl.de\/finanzblick\/wp-json\/wp\/v2\/users\/155"}],"replies":[{"embeddable":true,"href":"https:\/\/www.buhl.de\/finanzblick\/wp-json\/wp\/v2\/comments?post=8636"}],"version-history":[{"count":1,"href":"https:\/\/www.buhl.de\/finanzblick\/wp-json\/wp\/v2\/pages\/8636\/revisions"}],"predecessor-version":[{"id":271890,"href":"https:\/\/www.buhl.de\/finanzblick\/wp-json\/wp\/v2\/pages\/8636\/revisions\/271890"}],"wp:attachment":[{"href":"https:\/\/www.buhl.de\/finanzblick\/wp-json\/wp\/v2\/media?parent=8636"}],"curies":[{"name":"wp","href":"https:\/\/api.w.org\/{rel}","templated":true}]}}