{"id":1074,"date":"2017-05-23T14:18:08","date_gmt":"2017-05-23T12:18:08","guid":{"rendered":"https:\/\/wptest.buhl.de\/karriere\/?page_id=1074"},"modified":"2025-07-16T12:13:52","modified_gmt":"2025-07-16T10:13:52","slug":"unternehmen","status":"publish","type":"page","link":"https:\/\/www.buhl.de\/karriere\/unternehmen\/","title":{"rendered":"Unternehmen"},"content":{"rendered":"<div role=\"region\" aria-label=\"Informationen zur Unternehmenskultur\">\n<h2>Unternehmenskultur<\/h2>\n<p><strong>Marktf\u00fchrer<\/strong>:<\/p>\n<p>\nDie Buhl Data Service GmbH ist mittlerweile Deutschlands gr\u00f6\u00dftes unabh\u00e4ngiges Softwarehaus. An 13 Standorten in Deutschland und der Schweiz arbeiten derzeit \u00fcber 800 Mitarbeiter in der Gruppe. Mit der Reihe \u201eWISO-Software\u201c unterst\u00fctzen wir Privatpersonen, Selbstst\u00e4ndige und Kleinunternehmer bei ihren Finanzen. Wir sorgen au\u00dferdem daf\u00fcr, dass unsere Kunden unterm Strich das beste Ergebnis f\u00fcr sich erzielen. Das vielfach ausgezeichnete \u201eWISO steuer:Sparbuch\u201c ist Deutschlands meistverkaufte Software f\u00fcr die private Einkommensteuer-Erkl\u00e4rung. Weil wir schon fr\u00fch den Kunden in den Mittelpunkt gestellt und konsequent an der Qualit\u00e4t unserer Produkte gearbeitet haben, blicken wir heute auf mehr als 30 erfolgreiche Jahre zur\u00fcck.\n<\/p>\n<p>\nTrotz unserer Erfolgsgeschichte haben wir die Werte, die uns von Beginn an ausgezeichnet haben, beibehalten. Eine kostenbewusste Strategie mit den richtigen Investitionen zum optimalen Zeitpunkt hat uns zu dem gemacht was wir heute sind. Wir sind stolz auf ein organisches Wachstum, eine etablierte und belastbare Infrastruktur, sowie eine stabile und kontinuierlich gewachsene Organisation.\n<\/p>\n<p>\nUnsere Mitarbeiter bilden das Zentrum unseres Erfolges. Deshalb ist es f\u00fcr uns selbstverst\u00e4ndlich, sie mit modernster Technik auszustatten und jeden Mitarbeiter stetig zu f\u00f6rdern und in seiner Entwicklung zu unterst\u00fctzen. Nur so schaffen wir es, das Unternehmen und jeden Einzelnen erfolgreicher zu machen.\n<\/p>\n<p>&nbsp;<\/p>\n<p><strong>Innovation:<\/strong><\/p>\n<p>\nVon der Diskette \u00fcber Apps bis hin zu Cloud-L\u00f6sungen haben wir stets neue Ideen im Softwaremarkt umgesetzt. Dazu nutzen wir nicht nur modernste Technik, sondern auch aktuelle Methoden. Ob agile Entwicklung mit Scrum oder zukunftsorientiertes Content- und Inbound-Marketing \u2013 bei Buhl gehen wir mit der Zeit. Und wir haben noch viele spannende Aufgaben vor uns!\n<\/p>\n<p>\nGehe mit uns gemeinsam in die Zukunft der IT-Welt. Wir bieten dir alle M\u00f6glichkeiten, um deine Karriere zu starten oder ihr einen ordentlichen \u201eBoost\u201c zu verpassen. Auszubildende lernen bei uns von der Pike auf, Software zu entwickeln und welche kaufm\u00e4nnischen Grundlagen unsere erfolgreichen Gesch\u00e4ftsmodelle haben. Auf Absolventen warten zukunftsorientierte und agile Projekte in eigener Verantwortung. Berufserfahrene Profis haben bei uns die M\u00f6glichkeit, Entwicklung aktiv zu gestalten und die Zukunft unserer Produkte mitzuschreiben. \u201eStillstand ist R\u00fcckschritt\u201c, das gilt nicht nur f\u00fcr uns, sondern auch f\u00fcr unsere Mitarbeiter. Deswegen bieten wir dir die M\u00f6glichkeit, dich permanent pers\u00f6nlich und fachlich weiterzubilden. Das alles in einem famili\u00e4ren Umfeld mit sympathischen Kollegen.\n<\/p>\n<p>&nbsp;<\/p>\n<p><strong>Familienunternehmen<\/strong>:<\/p>\n<p>\n1986 gr\u00fcndete Martin Buhl das Familienunternehmen und legte damit den Grundstein f\u00fcr die Erfolgsgeschichte der Buhl Data Service GmbH. Zun\u00e4chst stand die Replikation von Datentr\u00e4gern im Vordergrund, doch schnell hat sich das Unternehmen entwickelt und das Angebot wurde erweitert. Zu Beginn der 1990er Jahre kamen Entwicklung und Vertrieb eigener Softwareprodukte im Bereich der privaten <a title=\"Steuererkl\u00e4rung mit WISO Steuer\" href=\"https:\/\/www.buhl.de\/steuer\/\">Steuererkl\u00e4rung<\/a> hinzu. Es folgten die Sparten Finanz-, B\u00fcro- und Immobiliensoftware. Seit 2011 bietet Buhl auch Apps f\u00fcr Android, iOS und Mac OS an. Mit unseren Cloud-L\u00f6sungen gehen wir den n\u00e4chsten Schritt und entwickeln die Softwarel\u00f6sungen von morgen.\n<\/p>\n<\/div>\n<p>Du bist \u00fcberzeugt? Dann wei\u00dft du was zu tun ist: Bewirb dich jetzt!<\/p>\n<div role=\"region\" aria-label=\"Informationen zur Buhl-Historie\">\n<p><span id=\"history\"><\/span><\/p>\n<h3>Die Buhl-Historie<\/h3>\n<div class='unternehmen-history full-width-page-wrapper'><ul id=\"scroller\">\r\n<li><strong>1986<\/strong><p>Gr\u00fcndung als Full-Service-Anbieter f\u00fcr Disketten<\/p><\/li>\r\n<li><strong>1990<\/strong><p>Buhl entwickelt Deutschlands erste Steuer-Software<\/p><\/li>\r\n<li><strong>1996<\/strong><p>buhl.de geht live<\/p><\/li>\r\n<li><strong>1999<\/strong><p>Buhl \u00fcbernimmt die TK-Steuer GmbH mit der Marke \u201eTax\u201c<\/p><\/li>\r\n<li><strong>1999<\/strong><p>Buhl bietet die Steuererkl\u00e4rung im Browser an<\/p><\/li>\r\n<li><strong>2004<\/strong><p>Buhl \u00fcbernimmt den ERP-Spezialisten microtech<\/p><\/li>\r\n<li><strong>2007<\/strong><p>Buhl \u00fcbernimmt den CRM-Anbieter cobra computer\u00b4s brainware<\/p><\/li>\r\n<li><strong>2010<\/strong><p>Buhl \u00fcbernimmt Thinking Networks und TN Cura<\/p><\/li>\r\n<li><strong>2011<\/strong><p>Entwicklung auch f\u00fcr Android, iOS und Mac OS<\/p><\/li>\r\n<li><strong>2012<\/strong><p>Buhl \u00fcbernimmt den Spezialisten f\u00fcr B\u00fcrosoftware Deltra<\/p><\/li>\r\n<li><strong>2016<\/strong><p>Fokus auf Softwareentwicklung<\/p><\/li>\r\n<\/ul><\/div>\n<\/div>\n<div role=\"region\" aria-label=\"Informationen zur Region\">\n<h3 id=\"region\">Die Region S\u00fcdwestfalen<\/h3>\n<div class=\"region-images flex-box full-width-page-wrapper\"><img decoding=\"async\" class=\"wp-image-1405\" src=\"https:\/\/www.buhl.de\/karriere\/wp-content\/uploads\/sites\/5\/2017\/05\/siegen.png\" alt=\"D\u00e4cher von Siegen\" \/><img decoding=\"async\" class=\"wp-image-1406\" src=\"https:\/\/www.buhl.de\/karriere\/wp-content\/uploads\/sites\/5\/2017\/05\/uni.png\" alt=\"Blick auf die Universit\u00e4t\" \/><img decoding=\"async\" class=\"wp-image-1561\" src=\"https:\/\/www.buhl.de\/karriere\/wp-content\/uploads\/sites\/5\/2017\/05\/city-gallery.jpg\" alt=\"Eingang der Citygallery\" \/><\/div>\n<div class=\"su-row\">\n<div class=\"su-column su-column-size-1-2\"><div class=\"su-column-inner su-u-clearfix su-u-trim\">\n<h4>Siegen<\/h4>\n<p>\nSiegen ist das Zentrum der Region Siegerland-Wittgenstein. Mit rund 105.000 Einwohnern z\u00e4hlt die s\u00fcdwestf\u00e4lische Stadt zu den kleineren Gro\u00dfst\u00e4dten. Daf\u00fcr darf Siegen sich mit dem Titel \u201eDeutschlands gr\u00fcnste Gro\u00dfstadt\u201c schm\u00fccken \u2013 nirgendwo in Deutschland gibt es im Stadtgebiet mehr Wald- und Gr\u00fcnfl\u00e4che als hier.\n<\/p>\n<p>\nIn den letzten Jahren hat sich das Bild der Stadt stark gewandelt: Standen fr\u00fcher Industrie und Bergbau im Fokus, ist Siegen heute eine junge Universit\u00e4tsstadt mit rund 19.000 Studenten. Das Projekt \u201eNeue Ufer\u201c hat den Fluss mitten in der Stadt wieder freigelegt und neue Treffpunkte geschaffen. Auch der Umzug einiger Uni-Fakult\u00e4ten in die Innenstadt hat das Zentrum neu belebt.\n<\/p>\n<p>\nDar\u00fcber hinaus hat die Stadt alles zu bieten, was man sich f\u00fcr die Freizeit w\u00fcnscht: von Kneipen, Kino und Theater bis hin zum Stadtpark, der Kletterhalle oder dem Mountainbike-Flowtrail. Auch Shopping kommt nicht zu kurz.\n<\/p>\n<p>\nDie Ballungszentren Ruhrgebiet, K\u00f6ln-Bonn und Frankfurt\/Main sind jeweils nur rund 100 km entfernt und \u00fcber die A45 und die A4 schnell zu erreichen.\n<\/p>\n<\/div><\/div>\n<div class=\"su-column su-column-size-1-2\"><div class=\"su-column-inner su-u-clearfix su-u-trim\">\n<h4>Neunkirchen<\/h4>\n<p>\nDie Unternehmenszentrale von Buhl liegt in Neunkirchen, etwa 15 km s\u00fcdlich von Siegen.\n<\/p>\n<p>\nDie 13.500 Einwohner z\u00e4hlende Gemeinde war fr\u00fcher ein bedeutender Standort des Erzbergbaues und H\u00fcttenwesens. Heute ist Neunkirchen ein traditioneller Wirtschaftsstandort \u201eim Gr\u00fcnen\u201c. Namhafte, weltweit t\u00e4tige Unternehmen der Metall- und Kunststofftechnik sind hier ans\u00e4ssig \u2013 und nat\u00fcrlich die Softwarespezialisten von Buhl.\n<\/p>\n<p>\nVom Stadtzentrum Siegen erreicht man Neunkirchen in ca. 20 Minuten mit dem Auto oder in ca. 30 Minuten mit \u00f6ffentlichen Verkehrsmitteln.\n<\/p>\n<\/div><\/div>\n<\/div>\n<\/div>\n<div role=\"region\" aria-label=\"Informationen zur Unternehmensgruppe\">\n<p><span id=\"unternehmensgruppen\">\u00a0<\/span><\/p>\n<h3>Die Buhl-Unternehmensgruppe<\/h3>\n<div class=\"buhl-unternehmensgruppe\">\r\n<div id=\"point-buhl\" class=\"gruppe-list\"><\/div>\r\n<div id=\"point-cobra\" class=\"gruppe-list\"><\/div>\r\n<div id=\"point-cura\" class=\"gruppe-list\"><\/div>\r\n<div id=\"point-wscad\" class=\"gruppe-list\"><\/div>\r\n<div id=\"point-deltra\" class=\"gruppe-list\"><\/div>\r\n<div id=\"point-thinking\" class=\"gruppe-list\"><\/div>\r\n<div id=\"point-microtech\" class=\"gruppe-list\"><\/div>\r\n<div id=\"point-swot\" class=\"gruppe-list\"><\/div>\r\n<div class=\"gruppe-content\" name=\"point-cobra\">\r\n<h4>cobra computer\u00b4s brainware GmbH:<\/h4>\r\nDie cobra \u2013 computer\u2018s brainware GmbH steht seit \u00fcber 30 Jahren f\u00fcr innovative L\u00f6sungen rund um das Kundenbeziehungsmanagement. In unserem Sitz in Konstanz am Bodensee entwickeln und vertreiben wir CRM-Software, die unsere Kunden in ihrer t\u00e4glichen Arbeit erfolgreicher und effizienter machen.\r\n\r\n<a href=\"https:\/\/www.cobra.de\/\">www.cobra.de<\/a>\r\n<\/div>\r\n\r\n<div class=\"gruppe-content\" name=\"point-buhl\">\r\n<h4>Buhl Tax Service GmbH:<\/h4>\r\nDie Buhl Tax Service GmbH in Hannover und Mannheim \u2013 das ist Deutschlands f\u00fchrende Kompetenz in Sachen Steuern f\u00fcr den Privatanwender. Unser Know-how steckt in Deutschlands meistverkaufter Steuersoftware, dem \u00bbWISO steuer:Sparbuch\u00ab und in vielen weiteren L\u00f6sungen wie der Software-Reihe \u00bbTax\u00ab. Das Web &amp; Mobile-Angebot \u00bbWISO steuer:Web\u00ab mit den zugeh\u00f6rigen Tablet-Apps f\u00fcr iOS und Android setzt neue Ma\u00dfst\u00e4be f\u00fcr das medien\u00fcbergreifende Erstellen privater Steuererkl\u00e4rungen. Das Portal \u00bbsteuernsparen.de\u00ab geh\u00f6rt zu den meistgenutzten Steuer-Webseiten f\u00fcr den Verbraucher in Deutschland. Seit vielen Jahren werden unsere Produkte regelm\u00e4\u00dfig ausgezeichnet.\r\n\r\n<a href=\"https:\/\/www.buhl.de\/\">www.buhl.de<\/a>\r\n<\/div>\r\n\r\n<div class=\"gruppe-content\" name=\"point-cura\">\r\n<h4>TN CURA GmbH:<\/h4>\r\nDie TN CURA GmbH entwickelt und implementiert zukunftsf\u00e4hige Software-L\u00f6sungen f\u00fcr Versorgungswerke aus einer Hand. Mit fast 25 Jahren Erfahrung im Bereich Bestandsf\u00fchrung, Beitrags- und Rentenberechnung verf\u00fcgen wir heute \u00fcber das kompetenteste und gr\u00f6\u00dfte Team an Experten auf dem Markt f\u00fcr Versorgungswerke.\r\n\r\nAls langj\u00e4hriger und erfahrener Partner f\u00fcr Versorgungswerke tragen wir eine hohe Verantwortung. Eine Verantwortung, mit der wir sorgf\u00e4ltig umgehen - im t\u00e4glichen Betrieb, aber auch im fr\u00fchzeitigen Erkennen neuer Herausforderungen und der regelm\u00e4\u00dfigen technischen wie fachlichen Weiterentwicklung unseres Standard-Produkts CURA.\r\n\r\n<a href=\"http:\/\/cura-software.de\/\">www.cura-software.de<\/a>\r\n<\/div>\r\n\r\n<div class=\"gruppe-content\" name=\"point-wscad\">\r\n<h4>WSCAD GmbH:<\/h4>\r\nWSCAD bietet Unternehmen und Selbstst\u00e4ndigen seit 3 Jahrzehnten eine schnelle und zuverl\u00e4ssige E-CAD-L\u00f6sung mit \u00fcberlegenem Preis-Leistungs-Verh\u00e4ltnis f\u00fcr die gesamte elektronische Planung und Dokumentation. Die modulare und skalierbare Software gibt Anwendern aus den Bereichen Elektrotechnik, Schaltschrankbau, P&amp;ID, Fluidtechnik, Geb\u00e4udeautomation und Elektroinstallation alle Werkzeuge an die Hand, die sie f\u00fcr die Planung, Projektierung und Entwicklung elektrischer Anlagen und Ger\u00e4te ben\u00f6tigen.\r\n\r\n<a title=\"wscad\" href=\"http:\/\/www.wscad.com\">www.wscad.com<\/a>\r\n<\/div>\r\n\r\n<div class=\"gruppe-content\" name=\"point-deltra\">\r\n<h4>deltra Business Software GmbH &amp; Co. KG:<\/h4>\r\nSeit mittlerweile 15 Jahren hat die deltra Business Software GmbH &amp; Co. KG es sich zur Aufgabe gemacht, Softwarel\u00f6sungen zu entwickeln, die einfachste Bedienung und einen g\u00fcnstigen Preis miteinander vereinen. Das wir dieses Ziel erreicht haben, zeigen mittlerweile \u00fcber 15.000 zufriedenen Kunden! In enger Zusammenarbeit mit Experten aus der Praxis ist es uns gelungen, mit unserer B\u00fcrosoftware orgaMAX eine Softwarel\u00f6sung zu schaffen, die den hohen Anspr\u00fcchen moderner Unternehmen voll gerecht wird.\r\n\r\n<a href=\"https:\/\/www.deltra.com\/\">www.deltra.com<\/a>\r\n<\/div>\r\n\r\n<div class=\"gruppe-content\" name=\"point-thinking\">\r\n<h4>Thinking Networks AG:<\/h4>\r\nAls Experte f\u00fcr Unternehmensplanung bietet Thinking Networks fortschrittliche L\u00f6sungen mit dem Ziel, dem Kunden einen entscheidenden Wettbewerbsvorteil durch bessere Planung zu erm\u00f6glichen. Diese Mission erf\u00fcllt Thinking Networks mit der Software TN Planning und einer engagierten Beratungsmannschaft \u2013 und das bereits seit \u00fcber 40 Jahren.\r\nInsgesamt arbeiten weltweit ca. 10.000 Anwender mit Planungsl\u00f6sungen von Thinking Networks. Zu den Kunden geh\u00f6ren u. a. Beiersdorf, Casinos Austria, Deutsche Bank, Emmi Schweiz, Fresenius Kabi, Hermes Deutschland, Palmers, Porsche Bank, Sanacorp, Sennheiser, Sport 2000, Talanx, diverse Sparkassen sowie die Bundesagentur f\u00fcr Arbeit. Die Thinking Networks AG geh\u00f6rt zur Buhl Data Service Unternehmensgruppe (bekannt etwa durch ZDF WISO Software).\r\nThinking Networks treibt die Evolution der Planung mit zukunftsgerichteten Konzepten und leistungsf\u00e4higer Software voran. Ihr Know-how teilt Thinking Networks nicht nur mit Kunden, auch marktweit animiert der Aachener Planungsexperte mit Fachartikeln, Fachvortr\u00e4gen, Webinaren und Best-Practice-Demonstrationen zum Weiterdenken in der Planung.\r\n\r\n<a href=\"http:\/\/www.thinking-networks.de\/de\/\">www.thinking-networks.de<\/a>\r\n<\/div>\r\n\r\n<div class=\"gruppe-content\" name=\"point-microtech\">\r\n<h4>microtech GmbH:<\/h4>\r\nDas Unternehmen microtech entwickelt seit \u00fcber 30 Jahren Software f\u00fcr Einsteiger, Aufsteiger und den Mittelstand. 72 Mitarbeiter, die mit Herz und Hand bei der Sache sind, pr\u00e4gen unsere ERP-Software, unser Miteinander und unsere Art und Weise. Die Entstehungsidee war, Dinge einfacher zu machen. Arbeiten, die immer wieder anfallen, zu automatisieren und zu erleichtern. Aus der urspr\u00fcnglich eher simplen Aufgabenstellung von 1985 ist bis heute eine komplexe, leistungsstarke Software entstanden, die umfangreiche Betriebsabl\u00e4ufe und Unternehmensprozesse clever und individuell auf den Punkt bringt.\r\n\r\n<a href=\"https:\/\/www.microtech.de\/\">www.microtech.de<\/a>\r\n<\/div>\r\n\r\n<div class=\"gruppe-content\" name=\"point-swot\">\r\n<h4>SWOT Controlling GmbH:<\/h4>\r\nSeit \u00fcber 25 Jahren entwickeln wir Softwarel\u00f6sungen f\u00fcr Planung, Reporting & Analyse, auf die sich mittelst\u00e4ndische Unternehmen verlassen.\r\n \r\n\r\n<br \/><br \/>Die Software f\u00fcr integrierte Unternehmensplanung SWOT ist die Software f\u00fcr automatisierte Controlling-Prozesse, sicheren Cashflow und \u00fcberzeugendes Reporting. Jetzt testen Finanzplanung, Operatives...\r\n\r\n<br \/><br \/>Webseite: <a href=\"https:\/\/www.swot.de\">https:\/\/www.swot.de<\/a>\r\n\r\n<\/div>\r\n\r\n<\/div>\n<\/div>\n","protected":false},"excerpt":{"rendered":"Unternehmenskultur Marktf\u00fchrer: Die Buhl Data Service GmbH ist mittlerweile Deutschlands gr\u00f6\u00dftes unabh\u00e4ngiges Softwarehaus. An 13 Standorten in Deutschland und der Schweiz arbeiten derzeit \u00fcber 800 Mitarbeiter in der Gruppe. Mit der Reihe \u201eWISO-Software\u201c unterst\u00fctzen wir Privatpersonen, Selbstst\u00e4ndige und Kleinunternehmer bei ihren Finanzen. Wir sorgen au\u00dferdem daf\u00fcr, dass unsere Kunden unterm Strich das beste Ergebnis f\u00fcr [&hellip;]","protected":false},"author":27,"featured_media":2008,"parent":0,"menu_order":0,"comment_status":"closed","ping_status":"closed","template":"","meta":{"footnotes":""},"class_list":["post-1074","page","type-page","status-publish","has-post-thumbnail","hentry"],"yoast_head":"<!-- This site is optimized with the Yoast SEO Premium plugin v27.0 (Yoast SEO v27.0) - https:\/\/yoast.com\/product\/yoast-seo-premium-wordpress\/ -->\n<title>Unternehmen Buhl Data - Softwareentwicklung im Siegerland<\/title>\n<meta name=\"description\" content=\"Unternehmen Buhl Data Service GmbH-Unternehmenskultur und Erfolgsgeschichte beim Entwickler der WISO Software-Mit DEINER Hilfe auch in Zukunft erfolgreich!\" \/>\n<meta name=\"robots\" content=\"noindex, follow\" \/>\n<meta name=\"twitter:card\" content=\"summary_large_image\" \/>\n<meta name=\"twitter:title\" content=\"Unternehmen Buhl Data - Softwareentwicklung im Siegerland\" \/>\n<meta name=\"twitter:description\" content=\"Unternehmen Buhl Data Service GmbH-Unternehmenskultur und Erfolgsgeschichte beim Entwickler der WISO Software-Mit DEINER Hilfe auch in Zukunft erfolgreich!\" \/>\n<meta name=\"twitter:image\" content=\"https:\/\/www.buhl.de\/karriere\/wp-content\/uploads\/sites\/5\/2017\/05\/zukunft-entwickeln-bei-buhl.jpg\" \/>\n<meta name=\"twitter:label1\" content=\"Gesch\u00e4tzte Lesezeit\" \/>\n\t<meta name=\"twitter:data1\" content=\"5\u00a0Minuten\" \/>\n<script type=\"application\/ld+json\" class=\"yoast-schema-graph\">{\"@context\":\"https:\/\/schema.org\",\"@graph\":[{\"@type\":\"WebPage\",\"@id\":\"https:\/\/www.buhl.de\/karriere\/unternehmen\/\",\"url\":\"https:\/\/www.buhl.de\/karriere\/unternehmen\/\",\"name\":\"Unternehmen Buhl Data - Softwareentwicklung im Siegerland\",\"isPartOf\":{\"@id\":\"https:\/\/www.buhl.de\/karriere\/#website\"},\"primaryImageOfPage\":{\"@id\":\"https:\/\/www.buhl.de\/karriere\/unternehmen\/#primaryimage\"},\"image\":{\"@id\":\"https:\/\/www.buhl.de\/karriere\/unternehmen\/#primaryimage\"},\"thumbnailUrl\":\"https:\/\/www.buhl.de\/karriere\/wp-content\/uploads\/sites\/5\/2017\/05\/zukunft-entwickeln-bei-buhl.jpg\",\"datePublished\":\"2017-05-23T12:18:08+00:00\",\"dateModified\":\"2025-07-16T10:13:52+00:00\",\"description\":\"Unternehmen Buhl Data Service GmbH-Unternehmenskultur und Erfolgsgeschichte beim Entwickler der WISO Software-Mit DEINER Hilfe auch in Zukunft erfolgreich!\",\"breadcrumb\":{\"@id\":\"https:\/\/www.buhl.de\/karriere\/unternehmen\/#breadcrumb\"},\"inLanguage\":\"de\",\"potentialAction\":[{\"@type\":\"ReadAction\",\"target\":[\"https:\/\/www.buhl.de\/karriere\/unternehmen\/\"]}]},{\"@type\":\"ImageObject\",\"inLanguage\":\"de\",\"@id\":\"https:\/\/www.buhl.de\/karriere\/unternehmen\/#primaryimage\",\"url\":\"https:\/\/www.buhl.de\/karriere\/wp-content\/uploads\/sites\/5\/2017\/05\/zukunft-entwickeln-bei-buhl.jpg\",\"contentUrl\":\"https:\/\/www.buhl.de\/karriere\/wp-content\/uploads\/sites\/5\/2017\/05\/zukunft-entwickeln-bei-buhl.jpg\",\"width\":763,\"height\":500,\"caption\":\"Zukunft entwickeln bei Buhl\"},{\"@type\":\"BreadcrumbList\",\"@id\":\"https:\/\/www.buhl.de\/karriere\/unternehmen\/#breadcrumb\",\"itemListElement\":[{\"@type\":\"ListItem\",\"position\":1,\"name\":\"Home\",\"item\":\"https:\/\/www.buhl.de\/karriere\/\"},{\"@type\":\"ListItem\",\"position\":2,\"name\":\"Unternehmen\"}]},{\"@type\":\"WebSite\",\"@id\":\"https:\/\/www.buhl.de\/karriere\/#website\",\"url\":\"https:\/\/www.buhl.de\/karriere\/\",\"name\":\"Karriere in der Buhl-Unternehmensgruppe\",\"description\":\"\",\"potentialAction\":[{\"@type\":\"SearchAction\",\"target\":{\"@type\":\"EntryPoint\",\"urlTemplate\":\"https:\/\/www.buhl.de\/karriere\/?s={search_term_string}\"},\"query-input\":{\"@type\":\"PropertyValueSpecification\",\"valueRequired\":true,\"valueName\":\"search_term_string\"}}],\"inLanguage\":\"de\"}]}<\/script>\n<!-- \/ Yoast SEO Premium plugin. -->","yoast_head_json":{"title":"Unternehmen Buhl Data - Softwareentwicklung im Siegerland","description":"Unternehmen Buhl Data Service GmbH-Unternehmenskultur und Erfolgsgeschichte beim Entwickler der WISO Software-Mit DEINER Hilfe auch in Zukunft erfolgreich!","robots":{"index":"noindex","follow":"follow"},"twitter_card":"summary_large_image","twitter_title":"Unternehmen Buhl Data - Softwareentwicklung im Siegerland","twitter_description":"Unternehmen Buhl Data Service GmbH-Unternehmenskultur und Erfolgsgeschichte beim Entwickler der WISO Software-Mit DEINER Hilfe auch in Zukunft erfolgreich!","twitter_image":"https:\/\/www.buhl.de\/karriere\/wp-content\/uploads\/sites\/5\/2017\/05\/zukunft-entwickeln-bei-buhl.jpg","twitter_misc":{"Gesch\u00e4tzte Lesezeit":"5\u00a0Minuten"},"schema":{"@context":"https:\/\/schema.org","@graph":[{"@type":"WebPage","@id":"https:\/\/www.buhl.de\/karriere\/unternehmen\/","url":"https:\/\/www.buhl.de\/karriere\/unternehmen\/","name":"Unternehmen Buhl Data - Softwareentwicklung im Siegerland","isPartOf":{"@id":"https:\/\/www.buhl.de\/karriere\/#website"},"primaryImageOfPage":{"@id":"https:\/\/www.buhl.de\/karriere\/unternehmen\/#primaryimage"},"image":{"@id":"https:\/\/www.buhl.de\/karriere\/unternehmen\/#primaryimage"},"thumbnailUrl":"https:\/\/www.buhl.de\/karriere\/wp-content\/uploads\/sites\/5\/2017\/05\/zukunft-entwickeln-bei-buhl.jpg","datePublished":"2017-05-23T12:18:08+00:00","dateModified":"2025-07-16T10:13:52+00:00","description":"Unternehmen Buhl Data Service GmbH-Unternehmenskultur und Erfolgsgeschichte beim Entwickler der WISO Software-Mit DEINER Hilfe auch in Zukunft erfolgreich!","breadcrumb":{"@id":"https:\/\/www.buhl.de\/karriere\/unternehmen\/#breadcrumb"},"inLanguage":"de","potentialAction":[{"@type":"ReadAction","target":["https:\/\/www.buhl.de\/karriere\/unternehmen\/"]}]},{"@type":"ImageObject","inLanguage":"de","@id":"https:\/\/www.buhl.de\/karriere\/unternehmen\/#primaryimage","url":"https:\/\/www.buhl.de\/karriere\/wp-content\/uploads\/sites\/5\/2017\/05\/zukunft-entwickeln-bei-buhl.jpg","contentUrl":"https:\/\/www.buhl.de\/karriere\/wp-content\/uploads\/sites\/5\/2017\/05\/zukunft-entwickeln-bei-buhl.jpg","width":763,"height":500,"caption":"Zukunft entwickeln bei Buhl"},{"@type":"BreadcrumbList","@id":"https:\/\/www.buhl.de\/karriere\/unternehmen\/#breadcrumb","itemListElement":[{"@type":"ListItem","position":1,"name":"Home","item":"https:\/\/www.buhl.de\/karriere\/"},{"@type":"ListItem","position":2,"name":"Unternehmen"}]},{"@type":"WebSite","@id":"https:\/\/www.buhl.de\/karriere\/#website","url":"https:\/\/www.buhl.de\/karriere\/","name":"Karriere in der Buhl-Unternehmensgruppe","description":"","potentialAction":[{"@type":"SearchAction","target":{"@type":"EntryPoint","urlTemplate":"https:\/\/www.buhl.de\/karriere\/?s={search_term_string}"},"query-input":{"@type":"PropertyValueSpecification","valueRequired":true,"valueName":"search_term_string"}}],"inLanguage":"de"}]}},"wps_subtitle":"","_links":{"self":[{"href":"https:\/\/www.buhl.de\/karriere\/wp-json\/wp\/v2\/pages\/1074","targetHints":{"allow":["GET"]}}],"collection":[{"href":"https:\/\/www.buhl.de\/karriere\/wp-json\/wp\/v2\/pages"}],"about":[{"href":"https:\/\/www.buhl.de\/karriere\/wp-json\/wp\/v2\/types\/page"}],"author":[{"embeddable":true,"href":"https:\/\/www.buhl.de\/karriere\/wp-json\/wp\/v2\/users\/27"}],"replies":[{"embeddable":true,"href":"https:\/\/www.buhl.de\/karriere\/wp-json\/wp\/v2\/comments?post=1074"}],"version-history":[{"count":15,"href":"https:\/\/www.buhl.de\/karriere\/wp-json\/wp\/v2\/pages\/1074\/revisions"}],"predecessor-version":[{"id":58801,"href":"https:\/\/www.buhl.de\/karriere\/wp-json\/wp\/v2\/pages\/1074\/revisions\/58801"}],"wp:featuredmedia":[{"embeddable":true,"href":"https:\/\/www.buhl.de\/karriere\/wp-json\/wp\/v2\/media\/2008"}],"wp:attachment":[{"href":"https:\/\/www.buhl.de\/karriere\/wp-json\/wp\/v2\/media?parent=1074"}],"curies":[{"name":"wp","href":"https:\/\/api.w.org\/{rel}","templated":true}]}}