{"id":1105,"date":"2017-05-24T11:49:01","date_gmt":"2017-05-24T09:49:01","guid":{"rendered":"https:\/\/wptest.buhl.de\/karriere\/?page_id=1105"},"modified":"2023-04-21T12:14:23","modified_gmt":"2023-04-21T10:14:23","slug":"bewerbungsprozess","status":"publish","type":"page","link":"https:\/\/www.buhl.de\/karriere\/bewerbungsprozess\/","title":{"rendered":"Bewerbungsprozess"},"content":{"rendered":"<h2>Bewerbungsprozess &#8211; So l\u00e4uft es<\/h2>\n<div class=\"su-row\">\n<div class=\"su-column su-column-size-1-4\"><div class=\"su-column-inner su-u-clearfix su-u-trim\"><img decoding=\"async\" class=\"wp-image-1668\" src=\"https:\/\/wptest.buhl.de\/karriere\/wp-content\/uploads\/sites\/5\/2017\/09\/01_eingang.png\" alt=\"Eingang\" \/><br \/>\nNach dem Eingang deiner Bewerbung erh\u00e4ltst du von uns eine Eingangsbest\u00e4tigung. Hast du keine erhalten, schau bitte zuerst in deinem Spamordner. Findest du in diesem Ordner ebenfalls keine Eingangsbest\u00e4tigung, rufe uns bitte an.<\/div><\/div>\n<div class=\"su-column su-column-size-1-4\"><div class=\"su-column-inner su-u-clearfix su-u-trim\"><img decoding=\"async\" class=\"wp-image-1669\" src=\"https:\/\/wptest.buhl.de\/karriere\/wp-content\/uploads\/sites\/5\/2017\/09\/02_bearbeitung.png\" alt=\"Bearbeitung\" \/><br \/>\nJe nach Position, auf die du dich bewirbst, kann die Bearbeitung deiner Unterlagen eine gewisse Zeit in Anspruch nehmen. Sp\u00e4testens nach 4 Wochen schlie\u00dfen wir die Bearbeitung deiner Bewerbungsunterlagen ab und teilen dir anschlie\u00dfend den n\u00e4chsten Schritt mit.<\/div><\/div>\n<div class=\"su-column su-column-size-1-4\"><div class=\"su-column-inner su-u-clearfix su-u-trim\"><img decoding=\"async\" class=\"wp-image-1670\" src=\"https:\/\/wptest.buhl.de\/karriere\/wp-content\/uploads\/sites\/5\/2017\/09\/03_interview.png\" alt=\"Interview\" \/><br \/>\nMit geeignet erscheinenden Bewerbern (m\/w) f\u00fchren wir ein Einstellungsinterview, an dem sowohl ein Vertreter aus dem Personalbereich, deine zuk\u00fcnftige F\u00fchrungskraft und evtl. der ein oder andere zuk\u00fcnftige Kollege teilnehmen.<br \/>\nF\u00fcr spezielle Programme (Praktika, Trainee, Projektarbeit etc.) gibt es individuelle Auswahlprozesse, wie z. B. die L\u00f6sung einer Testaufgabe. Solltest du au\u00dferhalb unseres Standortes oder sogar im Ausland wohnen, nutzen wir f\u00fcr ein erstes Meeting gerne Skype, um uns schnell und bequem kennenzulernen. <\/div><\/div>\n<div class=\"su-column su-column-size-1-4\"><div class=\"su-column-inner su-u-clearfix su-u-trim\"><img decoding=\"async\" class=\"wp-image-1667\" src=\"https:\/\/wptest.buhl.de\/karriere\/wp-content\/uploads\/sites\/5\/2017\/09\/04_entscheidung.png\" alt=\"Entscheidung\" \/><br \/>\nDie endg\u00fcltige Entscheidung nach einem Einstellungstermin f\u00e4llt dann meist binnen einer Woche.<\/div><\/div>\n<\/div>\n","protected":false},"excerpt":{"rendered":"Bewerbungsprozess &#8211; So l\u00e4uft es","protected":false},"author":27,"featured_media":1996,"parent":0,"menu_order":0,"comment_status":"closed","ping_status":"closed","template":"","meta":{"footnotes":""},"class_list":["post-1105","page","type-page","status-publish","has-post-thumbnail","hentry"],"yoast_head":"<!-- This site is optimized with the Yoast SEO Premium plugin v27.4 (Yoast SEO v27.5) - https:\/\/yoast.com\/product\/yoast-seo-premium-wordpress\/ -->\n<title>Bewerbungsprozess - So l\u00e4uft es bei Buhl Data Service<\/title>\n<meta name=\"description\" content=\"Bewerbungsprozess bei Buhl Data Service-So l\u00e4uft es bei uns! Hier erf\u00e4hrst Du mehr \u00fcber die Schritte deiner Bewerbung-probier es aus, wir warten auf DICH !\" \/>\n<meta name=\"robots\" content=\"noindex, follow\" \/>\n<meta name=\"twitter:card\" content=\"summary_large_image\" \/>\n<meta name=\"twitter:title\" content=\"Bewerbungsprozess - So l\u00e4uft es bei Buhl Data Service\" \/>\n<meta name=\"twitter:description\" content=\"Bewerbungsprozess bei Buhl Data Service-So l\u00e4uft es bei uns! Hier erf\u00e4hrst Du mehr \u00fcber die Schritte deiner Bewerbung-probier es aus, wir warten auf DICH !\" \/>\n<meta name=\"twitter:image\" content=\"https:\/\/www.buhl.de\/karriere\/wp-content\/uploads\/sites\/5\/2017\/05\/so-bewirbt-man-sich.jpg\" \/>\n<meta name=\"twitter:label1\" content=\"Gesch\u00e4tzte Lesezeit\" \/>\n\t<meta name=\"twitter:data1\" content=\"2\u00a0Minuten\" \/>\n<script type=\"application\/ld+json\" class=\"yoast-schema-graph\">{\"@context\":\"https:\\\/\\\/schema.org\",\"@graph\":[{\"@type\":\"WebPage\",\"@id\":\"https:\\\/\\\/www.buhl.de\\\/karriere\\\/bewerbungsprozess\\\/\",\"url\":\"https:\\\/\\\/www.buhl.de\\\/karriere\\\/bewerbungsprozess\\\/\",\"name\":\"Bewerbungsprozess - So l\u00e4uft es bei Buhl Data Service\",\"isPartOf\":{\"@id\":\"https:\\\/\\\/www.buhl.de\\\/karriere\\\/#website\"},\"primaryImageOfPage\":{\"@id\":\"https:\\\/\\\/www.buhl.de\\\/karriere\\\/bewerbungsprozess\\\/#primaryimage\"},\"image\":{\"@id\":\"https:\\\/\\\/www.buhl.de\\\/karriere\\\/bewerbungsprozess\\\/#primaryimage\"},\"thumbnailUrl\":\"https:\\\/\\\/www.buhl.de\\\/karriere\\\/wp-content\\\/uploads\\\/sites\\\/5\\\/2017\\\/05\\\/so-bewirbt-man-sich.jpg\",\"datePublished\":\"2017-05-24T09:49:01+00:00\",\"dateModified\":\"2023-04-21T10:14:23+00:00\",\"description\":\"Bewerbungsprozess bei Buhl Data Service-So l\u00e4uft es bei uns! Hier erf\u00e4hrst Du mehr \u00fcber die Schritte deiner Bewerbung-probier es aus, wir warten auf DICH !\",\"breadcrumb\":{\"@id\":\"https:\\\/\\\/www.buhl.de\\\/karriere\\\/bewerbungsprozess\\\/#breadcrumb\"},\"inLanguage\":\"de\",\"potentialAction\":[{\"@type\":\"ReadAction\",\"target\":[\"https:\\\/\\\/www.buhl.de\\\/karriere\\\/bewerbungsprozess\\\/\"]}]},{\"@type\":\"ImageObject\",\"inLanguage\":\"de\",\"@id\":\"https:\\\/\\\/www.buhl.de\\\/karriere\\\/bewerbungsprozess\\\/#primaryimage\",\"url\":\"https:\\\/\\\/www.buhl.de\\\/karriere\\\/wp-content\\\/uploads\\\/sites\\\/5\\\/2017\\\/05\\\/so-bewirbt-man-sich.jpg\",\"contentUrl\":\"https:\\\/\\\/www.buhl.de\\\/karriere\\\/wp-content\\\/uploads\\\/sites\\\/5\\\/2017\\\/05\\\/so-bewirbt-man-sich.jpg\",\"width\":1280,\"height\":500,\"caption\":\"So bewirbt man sich\"},{\"@type\":\"BreadcrumbList\",\"@id\":\"https:\\\/\\\/www.buhl.de\\\/karriere\\\/bewerbungsprozess\\\/#breadcrumb\",\"itemListElement\":[{\"@type\":\"ListItem\",\"position\":1,\"name\":\"Home\",\"item\":\"https:\\\/\\\/www.buhl.de\\\/karriere\\\/\"},{\"@type\":\"ListItem\",\"position\":2,\"name\":\"Bewerbungsprozess\"}]},{\"@type\":\"WebSite\",\"@id\":\"https:\\\/\\\/www.buhl.de\\\/karriere\\\/#website\",\"url\":\"https:\\\/\\\/www.buhl.de\\\/karriere\\\/\",\"name\":\"Karriere in der Buhl-Unternehmensgruppe\",\"description\":\"\",\"potentialAction\":[{\"@type\":\"SearchAction\",\"target\":{\"@type\":\"EntryPoint\",\"urlTemplate\":\"https:\\\/\\\/www.buhl.de\\\/karriere\\\/?s={search_term_string}\"},\"query-input\":{\"@type\":\"PropertyValueSpecification\",\"valueRequired\":true,\"valueName\":\"search_term_string\"}}],\"inLanguage\":\"de\"}]}<\/script>\n<!-- \/ Yoast SEO Premium plugin. -->","yoast_head_json":{"title":"Bewerbungsprozess - So l\u00e4uft es bei Buhl Data Service","description":"Bewerbungsprozess bei Buhl Data Service-So l\u00e4uft es bei uns! Hier erf\u00e4hrst Du mehr \u00fcber die Schritte deiner Bewerbung-probier es aus, wir warten auf DICH !","robots":{"index":"noindex","follow":"follow"},"twitter_card":"summary_large_image","twitter_title":"Bewerbungsprozess - So l\u00e4uft es bei Buhl Data Service","twitter_description":"Bewerbungsprozess bei Buhl Data Service-So l\u00e4uft es bei uns! Hier erf\u00e4hrst Du mehr \u00fcber die Schritte deiner Bewerbung-probier es aus, wir warten auf DICH !","twitter_image":"https:\/\/www.buhl.de\/karriere\/wp-content\/uploads\/sites\/5\/2017\/05\/so-bewirbt-man-sich.jpg","twitter_misc":{"Gesch\u00e4tzte Lesezeit":"2\u00a0Minuten"},"schema":{"@context":"https:\/\/schema.org","@graph":[{"@type":"WebPage","@id":"https:\/\/www.buhl.de\/karriere\/bewerbungsprozess\/","url":"https:\/\/www.buhl.de\/karriere\/bewerbungsprozess\/","name":"Bewerbungsprozess - So l\u00e4uft es bei Buhl Data Service","isPartOf":{"@id":"https:\/\/www.buhl.de\/karriere\/#website"},"primaryImageOfPage":{"@id":"https:\/\/www.buhl.de\/karriere\/bewerbungsprozess\/#primaryimage"},"image":{"@id":"https:\/\/www.buhl.de\/karriere\/bewerbungsprozess\/#primaryimage"},"thumbnailUrl":"https:\/\/www.buhl.de\/karriere\/wp-content\/uploads\/sites\/5\/2017\/05\/so-bewirbt-man-sich.jpg","datePublished":"2017-05-24T09:49:01+00:00","dateModified":"2023-04-21T10:14:23+00:00","description":"Bewerbungsprozess bei Buhl Data Service-So l\u00e4uft es bei uns! Hier erf\u00e4hrst Du mehr \u00fcber die Schritte deiner Bewerbung-probier es aus, wir warten auf DICH !","breadcrumb":{"@id":"https:\/\/www.buhl.de\/karriere\/bewerbungsprozess\/#breadcrumb"},"inLanguage":"de","potentialAction":[{"@type":"ReadAction","target":["https:\/\/www.buhl.de\/karriere\/bewerbungsprozess\/"]}]},{"@type":"ImageObject","inLanguage":"de","@id":"https:\/\/www.buhl.de\/karriere\/bewerbungsprozess\/#primaryimage","url":"https:\/\/www.buhl.de\/karriere\/wp-content\/uploads\/sites\/5\/2017\/05\/so-bewirbt-man-sich.jpg","contentUrl":"https:\/\/www.buhl.de\/karriere\/wp-content\/uploads\/sites\/5\/2017\/05\/so-bewirbt-man-sich.jpg","width":1280,"height":500,"caption":"So bewirbt man sich"},{"@type":"BreadcrumbList","@id":"https:\/\/www.buhl.de\/karriere\/bewerbungsprozess\/#breadcrumb","itemListElement":[{"@type":"ListItem","position":1,"name":"Home","item":"https:\/\/www.buhl.de\/karriere\/"},{"@type":"ListItem","position":2,"name":"Bewerbungsprozess"}]},{"@type":"WebSite","@id":"https:\/\/www.buhl.de\/karriere\/#website","url":"https:\/\/www.buhl.de\/karriere\/","name":"Karriere in der Buhl-Unternehmensgruppe","description":"","potentialAction":[{"@type":"SearchAction","target":{"@type":"EntryPoint","urlTemplate":"https:\/\/www.buhl.de\/karriere\/?s={search_term_string}"},"query-input":{"@type":"PropertyValueSpecification","valueRequired":true,"valueName":"search_term_string"}}],"inLanguage":"de"}]}},"wps_subtitle":"","_links":{"self":[{"href":"https:\/\/www.buhl.de\/karriere\/wp-json\/wp\/v2\/pages\/1105","targetHints":{"allow":["GET"]}}],"collection":[{"href":"https:\/\/www.buhl.de\/karriere\/wp-json\/wp\/v2\/pages"}],"about":[{"href":"https:\/\/www.buhl.de\/karriere\/wp-json\/wp\/v2\/types\/page"}],"author":[{"embeddable":true,"href":"https:\/\/www.buhl.de\/karriere\/wp-json\/wp\/v2\/users\/27"}],"replies":[{"embeddable":true,"href":"https:\/\/www.buhl.de\/karriere\/wp-json\/wp\/v2\/comments?post=1105"}],"version-history":[{"count":6,"href":"https:\/\/www.buhl.de\/karriere\/wp-json\/wp\/v2\/pages\/1105\/revisions"}],"predecessor-version":[{"id":29259,"href":"https:\/\/www.buhl.de\/karriere\/wp-json\/wp\/v2\/pages\/1105\/revisions\/29259"}],"wp:featuredmedia":[{"embeddable":true,"href":"https:\/\/www.buhl.de\/karriere\/wp-json\/wp\/v2\/media\/1996"}],"wp:attachment":[{"href":"https:\/\/www.buhl.de\/karriere\/wp-json\/wp\/v2\/media?parent=1105"}],"curies":[{"name":"wp","href":"https:\/\/api.w.org\/{rel}","templated":true}]}}