{"id":139,"date":"2019-04-26T07:09:38","date_gmt":"2019-04-26T05:09:38","guid":{"rendered":"http:\/\/krauss-m\/mein-buhlkonto\/?page_id=139"},"modified":"2023-08-31T10:29:00","modified_gmt":"2023-08-31T08:29:00","slug":"impressum","status":"publish","type":"page","link":"https:\/\/www.buhl.de\/mein-buhlkonto\/impressum\/","title":{"rendered":"Impressum"},"content":{"rendered":"<div>\n<h3 id=\"impressum-bds\" class=\"agb-post-title\"><\/h3>\n<div class=\"agb-post\">\n<h1 style=\"font-size: 1.75rem;margin-bottom: 16px\"><strong>Impressum<\/strong><\/h1>\n<p>Buhl Data Service GmbH<br \/>\nAm Siebertsweiher 3\/5<br \/>\n57290 Neunkirchen (Siegerland)<\/p>\n<p>Gesch\u00e4ftsf\u00fchrer: Moritz Buhl &amp; Peter Glowick<\/p>\n<p>Handelsregister: AG Siegen HRB Nr. 3015<br \/>\nUSt.ID: DE126576356<\/p>\n<\/div>\n<h3 id=\"impressum-informationspflichten-gemaess-art-14-odr-vo-%c2%a7-36-vsbg\" class=\"agb-post-title\"><\/h3>\n<div class=\"agb-post\">\n<h3><strong>Informationspflichten gem\u00e4\u00df Art. 14 ODR-VO, \u00a7 36 VSBG<\/strong><\/h3>\n<p>Die Europ\u00e4ische Kommission stellt eine Plattform zur Online-Streitbeilegung (OS) bereit, die Sie unter\u00a0<a class=\"text_link\" href=\"https:\/\/ec.europa.eu\/consumers\/odr\/\" target=\"_blank\" rel=\"noopener noreferrer\">https:\/\/ec.europa.eu\/consumers\/odr\/<\/a> finden. Die Buhl Data Service GmbH wird freiwillig an Streitbeilegungsverfahren vor einer Verbraucherschlichtungsstelle teilnehmen. Die zust\u00e4ndige Verbraucherschlichtungsstelle ist die &#8222;Universalschlichtungsstelle des Bundes, Zentrum f\u00fcr Schlichtung e. V., Stra\u00dfburger Str. 8, 77694 Kehl, <a href=\"https:\/\/www.universalschlichtungsstelle.de\/\">www.universalschlichtungsstelle.de<\/a>.<\/p>\n<h3><strong>Informationspflichten gem\u00e4\u00df Art. 11, 12 Digital Services Act<\/strong><\/h3>\n<p>Zur Einhaltung der Vorschriften des Digital Services Act (DSA) hat die Buhl Data Service GmbH eine zentrale Kontaktstelle zur Kommunikation mit Beh\u00f6rden und Nutzern eingerichtet. Die zentrale Kontaktstelle ist erreichbar unter: dsa[at]buhl-data.com. . Verfahrenssprache ist Deutsch.<\/p>\n<\/div>\n<h3 id=\"impressum-kontakt-bsc\" class=\"agb-post-title\"><\/h3>\n<div class=\"agb-post\">\n<h3><strong>Kontakt<\/strong><\/h3>\n<p>Telefon: 02735 90 96 99<br \/>\nFax: 02735 \/ 90 96 500<br \/>\nE-Mail: impressum[at]buhl-data.com<\/p>\n<p>&nbsp;<\/p>\n<\/div>\n<h3 id=\"impressum-zustaendige-aufsichtsbehoerden\" class=\"agb-post-title\"><\/h3>\n<div class=\"agb-post\">\n<h3><strong>Zust\u00e4ndige Aufsichtsbeh\u00f6rden<\/strong><\/h3>\n<p><strong>Bundesanstalt f\u00fcr Finanzdienstleistungsaufsicht<br \/>\n<\/strong>Graurheindorfer Stra\u00dfe 108, 53117 Bonn bzw.<br \/>\nMarie-Curie-Str. 24\u201328, 60439 Frankfurt am Main<br \/>\nInternetadresse: http:\/\/www.bafin.de<br \/>\nE-Mail: poststelle@bafin.de<br \/>\nZahlungsinstitute-Register: BaFin ID 153789<\/p>\n<p><strong>Deutsche Bundesbank, Hauptverwaltung Nordrhein-Westfalen<\/strong><br \/>\nBerliner Allee 14, 40212 D\u00fcsseldorf<br \/>\nInternetadresse: https:\/\/www.bundesbank.de\/<br \/>\nE-Mail: info@bundesbank.de<\/p>\n<\/div>\n<\/div>\n<div class=\"agb-version\">v1.0.1254<\/div>\n\n","protected":false},"excerpt":{"rendered":"","protected":false},"author":27,"featured_media":0,"parent":0,"menu_order":0,"comment_status":"closed","ping_status":"closed","template":"","meta":{"_acf_changed":false,"footnotes":""},"class_list":["post-139","page","type-page","status-publish","hentry"],"yoast_head":"<!-- This site is optimized with the Yoast SEO Premium plugin v27.0 (Yoast SEO v27.0) - https:\/\/yoast.com\/product\/yoast-seo-premium-wordpress\/ -->\n<title>Impressum - Mein BuhlKonto<\/title>\n<meta name=\"robots\" content=\"noindex, nofollow\" \/>\n<meta property=\"og:locale\" content=\"de_DE\" \/>\n<meta property=\"og:type\" content=\"article\" \/>\n<meta property=\"og:title\" content=\"Impressum\" \/>\n<meta property=\"og:url\" content=\"https:\/\/www.buhl.de\/mein-buhlkonto\/impressum\/\" \/>\n<meta property=\"og:site_name\" content=\"Mein BuhlKonto\" \/>\n<meta property=\"article:modified_time\" content=\"2023-08-31T08:29:00+00:00\" \/>\n<meta name=\"twitter:card\" content=\"summary_large_image\" \/>\n<meta name=\"twitter:label1\" content=\"Gesch\u00e4tzte Lesezeit\" \/>\n\t<meta name=\"twitter:data1\" content=\"1\u00a0Minute\" \/>\n<script type=\"application\/ld+json\" class=\"yoast-schema-graph\">{\"@context\":\"https:\/\/schema.org\",\"@graph\":[{\"@type\":\"WebPage\",\"@id\":\"https:\/\/www.buhl.de\/mein-buhlkonto\/impressum\/\",\"url\":\"https:\/\/www.buhl.de\/mein-buhlkonto\/impressum\/\",\"name\":\"Impressum - Mein BuhlKonto\",\"isPartOf\":{\"@id\":\"https:\/\/www.buhl.de\/mein-buhlkonto\/#website\"},\"datePublished\":\"2019-04-26T05:09:38+00:00\",\"dateModified\":\"2023-08-31T08:29:00+00:00\",\"breadcrumb\":{\"@id\":\"https:\/\/www.buhl.de\/mein-buhlkonto\/impressum\/#breadcrumb\"},\"inLanguage\":\"de\",\"potentialAction\":[{\"@type\":\"ReadAction\",\"target\":[\"https:\/\/www.buhl.de\/mein-buhlkonto\/impressum\/\"]}]},{\"@type\":\"BreadcrumbList\",\"@id\":\"https:\/\/www.buhl.de\/mein-buhlkonto\/impressum\/#breadcrumb\",\"itemListElement\":[{\"@type\":\"ListItem\",\"position\":1,\"name\":\"Startseite\",\"item\":\"https:\/\/www.buhl.de\/mein-buhlkonto\/\"},{\"@type\":\"ListItem\",\"position\":2,\"name\":\"Impressum\"}]},{\"@type\":\"WebSite\",\"@id\":\"https:\/\/www.buhl.de\/mein-buhlkonto\/#website\",\"url\":\"https:\/\/www.buhl.de\/mein-buhlkonto\/\",\"name\":\"Mein BuhlKonto\",\"description\":\"Eine weitere Buhl Marketing Seiten Website\",\"potentialAction\":[{\"@type\":\"SearchAction\",\"target\":{\"@type\":\"EntryPoint\",\"urlTemplate\":\"https:\/\/www.buhl.de\/mein-buhlkonto\/?s={search_term_string}\"},\"query-input\":{\"@type\":\"PropertyValueSpecification\",\"valueRequired\":true,\"valueName\":\"search_term_string\"}}],\"inLanguage\":\"de\"}]}<\/script>\n<!-- \/ Yoast SEO Premium plugin. -->","yoast_head_json":{"title":"Impressum - Mein BuhlKonto","robots":{"index":"noindex","follow":"nofollow"},"og_locale":"de_DE","og_type":"article","og_title":"Impressum","og_url":"https:\/\/www.buhl.de\/mein-buhlkonto\/impressum\/","og_site_name":"Mein BuhlKonto","article_modified_time":"2023-08-31T08:29:00+00:00","twitter_card":"summary_large_image","twitter_misc":{"Gesch\u00e4tzte Lesezeit":"1\u00a0Minute"},"schema":{"@context":"https:\/\/schema.org","@graph":[{"@type":"WebPage","@id":"https:\/\/www.buhl.de\/mein-buhlkonto\/impressum\/","url":"https:\/\/www.buhl.de\/mein-buhlkonto\/impressum\/","name":"Impressum - Mein BuhlKonto","isPartOf":{"@id":"https:\/\/www.buhl.de\/mein-buhlkonto\/#website"},"datePublished":"2019-04-26T05:09:38+00:00","dateModified":"2023-08-31T08:29:00+00:00","breadcrumb":{"@id":"https:\/\/www.buhl.de\/mein-buhlkonto\/impressum\/#breadcrumb"},"inLanguage":"de","potentialAction":[{"@type":"ReadAction","target":["https:\/\/www.buhl.de\/mein-buhlkonto\/impressum\/"]}]},{"@type":"BreadcrumbList","@id":"https:\/\/www.buhl.de\/mein-buhlkonto\/impressum\/#breadcrumb","itemListElement":[{"@type":"ListItem","position":1,"name":"Startseite","item":"https:\/\/www.buhl.de\/mein-buhlkonto\/"},{"@type":"ListItem","position":2,"name":"Impressum"}]},{"@type":"WebSite","@id":"https:\/\/www.buhl.de\/mein-buhlkonto\/#website","url":"https:\/\/www.buhl.de\/mein-buhlkonto\/","name":"Mein BuhlKonto","description":"Eine weitere Buhl Marketing Seiten Website","potentialAction":[{"@type":"SearchAction","target":{"@type":"EntryPoint","urlTemplate":"https:\/\/www.buhl.de\/mein-buhlkonto\/?s={search_term_string}"},"query-input":{"@type":"PropertyValueSpecification","valueRequired":true,"valueName":"search_term_string"}}],"inLanguage":"de"}]}},"acf":[],"_links":{"self":[{"href":"https:\/\/www.buhl.de\/mein-buhlkonto\/wp-json\/wp\/v2\/pages\/139","targetHints":{"allow":["GET"]}}],"collection":[{"href":"https:\/\/www.buhl.de\/mein-buhlkonto\/wp-json\/wp\/v2\/pages"}],"about":[{"href":"https:\/\/www.buhl.de\/mein-buhlkonto\/wp-json\/wp\/v2\/types\/page"}],"author":[{"embeddable":true,"href":"https:\/\/www.buhl.de\/mein-buhlkonto\/wp-json\/wp\/v2\/users\/27"}],"replies":[{"embeddable":true,"href":"https:\/\/www.buhl.de\/mein-buhlkonto\/wp-json\/wp\/v2\/comments?post=139"}],"version-history":[{"count":2,"href":"https:\/\/www.buhl.de\/mein-buhlkonto\/wp-json\/wp\/v2\/pages\/139\/revisions"}],"predecessor-version":[{"id":832,"href":"https:\/\/www.buhl.de\/mein-buhlkonto\/wp-json\/wp\/v2\/pages\/139\/revisions\/832"}],"wp:attachment":[{"href":"https:\/\/www.buhl.de\/mein-buhlkonto\/wp-json\/wp\/v2\/media?parent=139"}],"curies":[{"name":"wp","href":"https:\/\/api.w.org\/{rel}","templated":true}]}}