{"id":762,"date":"2019-09-24T09:19:35","date_gmt":"2019-09-24T07:19:35","guid":{"rendered":"http:\/\/wpdev.buhl.de\/mein-buhlkonto\/?page_id=662"},"modified":"2025-10-17T10:07:05","modified_gmt":"2025-10-17T08:07:05","slug":"support","status":"publish","type":"page","link":"https:\/\/www.buhl.de\/mein-buhlkonto\/support\/","title":{"rendered":"Support"},"content":{"rendered":"<p>&nbsp;<\/p>\n<h1>Support<\/h1>\n<div class=\"content-support\">\n<ul>\n<li class=\"support-area baseline\">Sie haben Fragen zu Ihrem buhl:Konto?\n<p>Wir haben die Anworten auf h\u00e4ufige Fragen in unseren FAQs f\u00fcr Sie zusammengestellt.<\/p>\n<p class=\"content-link\"><a href=\"https:\/\/www.buhl.de\/kundencenter\/help\/de_de\/category\/service\" target=\"_blank\" rel=\"noopener noreferrer\">Zu den FAQs<\/a><\/p>\n<\/li>\n<li class=\"support-area mail\">Ist Ihre Frage nicht dabei?<br \/>\nDann schreiben Sie uns.<\/p>\n<p class=\"content-link\"><a href=\"https:\/\/www.buhl.de\/kundencenter\/tickets\/erstellen\" target=\"_blank\" rel=\"noopener noreferrer\">Anfrage stellen<\/a><\/p>\n<\/li>\n<li class=\"support-area call\">Gerne k\u00f6nnen Sie uns auch<br \/>\nmontags bis freitags<br \/>\nvon 9 bis 21 Uhr sowie<br \/>\nsamstags von 9 bis 13 Uhr<br \/>\nanrufen.<\/p>\n<p class=\"content-link\"><a href=\"tel:+492735909699\">02735 90 96 99<\/a><\/p>\n<\/li>\n<li class=\"support-area desktop\">Haben Sie eine Frage zu<br \/>\neiner Anwendung von uns?<br \/>\nWir haben den richtigten<br \/>\nAnsprechpartner f\u00fcr Sie.<\/p>\n<p class=\"content-link\"><a href=\"https:\/\/www.buhl.de\/kundencenter\/hilfe-und-support\" target=\"_blank\" rel=\"noopener noreferrer\">Zum Software-Support<\/a><\/p>\n<\/li>\n<\/ul>\n<\/div>\n","protected":false},"excerpt":{"rendered":"<p>&nbsp; Support Sie haben Fragen zu Ihrem buhl:Konto? Wir haben die Anworten auf h\u00e4ufige Fragen in unseren FAQs f\u00fcr Sie zusammengestellt. Zu den FAQs Ist Ihre Frage nicht dabei? Dann schreiben Sie uns. Anfrage stellen Gerne k\u00f6nnen Sie uns auch montags bis freitags von 9 bis 21 Uhr sowie samstags von 9 bis 13 Uhr [&hellip;]<\/p>\n","protected":false},"author":27,"featured_media":0,"parent":0,"menu_order":0,"comment_status":"closed","ping_status":"closed","template":"","meta":{"_acf_changed":false,"footnotes":""},"class_list":["post-762","page","type-page","status-publish","hentry"],"yoast_head":"<!-- This site is optimized with the Yoast SEO Premium plugin v27.0 (Yoast SEO v27.0) - https:\/\/yoast.com\/product\/yoast-seo-premium-wordpress\/ -->\n<title>Support - Mein BuhlKonto<\/title>\n<meta name=\"robots\" content=\"noindex, follow, max-snippet:-1, max-image-preview:large, max-video-preview:-1\" \/>\n<meta property=\"og:locale\" content=\"de_DE\" \/>\n<meta property=\"og:type\" content=\"article\" \/>\n<meta property=\"og:title\" content=\"Support\" \/>\n<meta property=\"og:description\" content=\"&nbsp; Support Sie haben Fragen zu Ihrem buhl:Konto? Wir haben die Anworten auf h\u00e4ufige Fragen in unseren FAQs f\u00fcr Sie zusammengestellt. Zu den FAQs Ist Ihre Frage nicht dabei? Dann schreiben Sie uns. Anfrage stellen Gerne k\u00f6nnen Sie uns auch montags bis freitags von 9 bis 21 Uhr sowie samstags von 9 bis 13 Uhr [&hellip;]\" \/>\n<meta property=\"og:url\" content=\"https:\/\/www.buhl.de\/mein-buhlkonto\/support\/\" \/>\n<meta property=\"og:site_name\" content=\"Mein BuhlKonto\" \/>\n<meta property=\"article:modified_time\" content=\"2025-10-17T08:07:05+00:00\" \/>\n<meta name=\"twitter:card\" content=\"summary_large_image\" \/>\n<meta name=\"twitter:label1\" content=\"Gesch\u00e4tzte Lesezeit\" \/>\n\t<meta name=\"twitter:data1\" content=\"1\u00a0Minute\" \/>\n<script type=\"application\/ld+json\" class=\"yoast-schema-graph\">{\"@context\":\"https:\/\/schema.org\",\"@graph\":[{\"@type\":\"WebPage\",\"@id\":\"https:\/\/www.buhl.de\/mein-buhlkonto\/support\/\",\"url\":\"https:\/\/www.buhl.de\/mein-buhlkonto\/support\/\",\"name\":\"Support - Mein BuhlKonto\",\"isPartOf\":{\"@id\":\"https:\/\/www.buhl.de\/mein-buhlkonto\/#website\"},\"datePublished\":\"2019-09-24T07:19:35+00:00\",\"dateModified\":\"2025-10-17T08:07:05+00:00\",\"breadcrumb\":{\"@id\":\"https:\/\/www.buhl.de\/mein-buhlkonto\/support\/#breadcrumb\"},\"inLanguage\":\"de\",\"potentialAction\":[{\"@type\":\"ReadAction\",\"target\":[\"https:\/\/www.buhl.de\/mein-buhlkonto\/support\/\"]}]},{\"@type\":\"BreadcrumbList\",\"@id\":\"https:\/\/www.buhl.de\/mein-buhlkonto\/support\/#breadcrumb\",\"itemListElement\":[{\"@type\":\"ListItem\",\"position\":1,\"name\":\"Startseite\",\"item\":\"https:\/\/www.buhl.de\/mein-buhlkonto\/\"},{\"@type\":\"ListItem\",\"position\":2,\"name\":\"Support\"}]},{\"@type\":\"WebSite\",\"@id\":\"https:\/\/www.buhl.de\/mein-buhlkonto\/#website\",\"url\":\"https:\/\/www.buhl.de\/mein-buhlkonto\/\",\"name\":\"Mein BuhlKonto\",\"description\":\"Eine weitere Buhl Marketing Seiten Website\",\"potentialAction\":[{\"@type\":\"SearchAction\",\"target\":{\"@type\":\"EntryPoint\",\"urlTemplate\":\"https:\/\/www.buhl.de\/mein-buhlkonto\/?s={search_term_string}\"},\"query-input\":{\"@type\":\"PropertyValueSpecification\",\"valueRequired\":true,\"valueName\":\"search_term_string\"}}],\"inLanguage\":\"de\"}]}<\/script>\n<!-- \/ Yoast SEO Premium plugin. -->","yoast_head_json":{"title":"Support - Mein BuhlKonto","robots":{"index":"noindex","follow":"follow","max-snippet":"max-snippet:-1","max-image-preview":"max-image-preview:large","max-video-preview":"max-video-preview:-1"},"og_locale":"de_DE","og_type":"article","og_title":"Support","og_description":"&nbsp; Support Sie haben Fragen zu Ihrem buhl:Konto? Wir haben die Anworten auf h\u00e4ufige Fragen in unseren FAQs f\u00fcr Sie zusammengestellt. Zu den FAQs Ist Ihre Frage nicht dabei? Dann schreiben Sie uns. Anfrage stellen Gerne k\u00f6nnen Sie uns auch montags bis freitags von 9 bis 21 Uhr sowie samstags von 9 bis 13 Uhr [&hellip;]","og_url":"https:\/\/www.buhl.de\/mein-buhlkonto\/support\/","og_site_name":"Mein BuhlKonto","article_modified_time":"2025-10-17T08:07:05+00:00","twitter_card":"summary_large_image","twitter_misc":{"Gesch\u00e4tzte Lesezeit":"1\u00a0Minute"},"schema":{"@context":"https:\/\/schema.org","@graph":[{"@type":"WebPage","@id":"https:\/\/www.buhl.de\/mein-buhlkonto\/support\/","url":"https:\/\/www.buhl.de\/mein-buhlkonto\/support\/","name":"Support - Mein BuhlKonto","isPartOf":{"@id":"https:\/\/www.buhl.de\/mein-buhlkonto\/#website"},"datePublished":"2019-09-24T07:19:35+00:00","dateModified":"2025-10-17T08:07:05+00:00","breadcrumb":{"@id":"https:\/\/www.buhl.de\/mein-buhlkonto\/support\/#breadcrumb"},"inLanguage":"de","potentialAction":[{"@type":"ReadAction","target":["https:\/\/www.buhl.de\/mein-buhlkonto\/support\/"]}]},{"@type":"BreadcrumbList","@id":"https:\/\/www.buhl.de\/mein-buhlkonto\/support\/#breadcrumb","itemListElement":[{"@type":"ListItem","position":1,"name":"Startseite","item":"https:\/\/www.buhl.de\/mein-buhlkonto\/"},{"@type":"ListItem","position":2,"name":"Support"}]},{"@type":"WebSite","@id":"https:\/\/www.buhl.de\/mein-buhlkonto\/#website","url":"https:\/\/www.buhl.de\/mein-buhlkonto\/","name":"Mein BuhlKonto","description":"Eine weitere Buhl Marketing Seiten Website","potentialAction":[{"@type":"SearchAction","target":{"@type":"EntryPoint","urlTemplate":"https:\/\/www.buhl.de\/mein-buhlkonto\/?s={search_term_string}"},"query-input":{"@type":"PropertyValueSpecification","valueRequired":true,"valueName":"search_term_string"}}],"inLanguage":"de"}]}},"acf":[],"_links":{"self":[{"href":"https:\/\/www.buhl.de\/mein-buhlkonto\/wp-json\/wp\/v2\/pages\/762","targetHints":{"allow":["GET"]}}],"collection":[{"href":"https:\/\/www.buhl.de\/mein-buhlkonto\/wp-json\/wp\/v2\/pages"}],"about":[{"href":"https:\/\/www.buhl.de\/mein-buhlkonto\/wp-json\/wp\/v2\/types\/page"}],"author":[{"embeddable":true,"href":"https:\/\/www.buhl.de\/mein-buhlkonto\/wp-json\/wp\/v2\/users\/27"}],"replies":[{"embeddable":true,"href":"https:\/\/www.buhl.de\/mein-buhlkonto\/wp-json\/wp\/v2\/comments?post=762"}],"version-history":[{"count":5,"href":"https:\/\/www.buhl.de\/mein-buhlkonto\/wp-json\/wp\/v2\/pages\/762\/revisions"}],"predecessor-version":[{"id":3261,"href":"https:\/\/www.buhl.de\/mein-buhlkonto\/wp-json\/wp\/v2\/pages\/762\/revisions\/3261"}],"wp:attachment":[{"href":"https:\/\/www.buhl.de\/mein-buhlkonto\/wp-json\/wp\/v2\/media?parent=762"}],"curies":[{"name":"wp","href":"https:\/\/api.w.org\/{rel}","templated":true}]}}