{"id":125,"date":"2008-11-14T11:03:27","date_gmt":"2008-11-14T10:03:27","guid":{"rendered":"http:\/\/presse.buhl.de\/?page_id=125"},"modified":"2026-03-10T10:38:18","modified_gmt":"2026-03-10T09:38:18","slug":"factsheets","status":"publish","type":"page","link":"https:\/\/www.buhl.de\/presse\/factsheets\/","title":{"rendered":"Produkt-Informationen"},"content":{"rendered":"<p>Hier finden Sie Produktinformationen (Factsheets) f\u00fcr die Presse und den Handel im <strong>PDF<\/strong>-Format.<\/p>\n<p>Zum Download klicken Sie den Link zum gew\u00fcnschten Produkt mit der rechten Maustaste an und w\u00e4hlen die Option &#8222;Ziel speichern unter &#8230;&#8220;. (Je nach verwendetem Browser kann die Bezeichnung abweichen.)<\/p>\n<p>Hier finden Sie den <a href=\"https:\/\/www.steuer-web.de\/hilfe-2026\/tech\/programmumfang.html\">Produktumfang der Steuersoftware von Buhl nach \u00a7 87c Abs. 2 Abgabenordnung (AO)<\/a>.<\/p>\n<p><strong>WISO Steuersoftware<\/strong><br \/>\n<a title=\"Die WISO Steuer-Pakete im Vergleich\" href=\"https:\/\/download.buhl.de\/documents\/Steuern\/2025\/Leistungsuebersicht_Steuerprogramme.pdf\">Leistungs\u00fcbersicht WISO Steuer<\/a><br \/>\nFactsheet zu <a title=\"Factsheet zu WISO Steuer\" href=\"https:\/\/download.buhl.de\/Presse\/Factsheets\/WISO_Steuer_2026.pdf\">WISO Steuer 2026<\/a><br \/>\nFactsheet zu <a title=\"Factsheet zu WISO Steuer Business\" href=\"https:\/\/download.buhl.de\/Presse\/Factsheets\/WISO_Steuer_2026_Berater.pdf\">WISO Steuer 2026 Berater-Edition<\/a><br \/>\nFactsheet zu <a title=\"Factsheet zum WISO Fahrtenbuch\" href=\"https:\/\/download.buhl.de\/Presse\/Factsheets\/wiso_fahrtenbuch_2026.pdf\">WISO Fahrtenbuch 2026<\/a><\/p>\n<p><strong>tax Steuersoftware<\/strong><br \/>\n<a title=\"Die tax-Pakete im Vergleich\" href=\"https:\/\/download.buhl.de\/documents\/Steuern\/2025\/Leistungsuebersicht_tax.pdf\">Leistungs\u00fcbersicht tax-Software<\/a><br \/>\nFactsheet zu <a title=\"Factsheet zu tax\" href=\"https:\/\/download.buhl.de\/Presse\/Factsheets\/tax_2026.pdf\">tax 2026<\/a><br \/>\nFactsheet zu\u00a0<a title=\"Factsheet zu tax Professional\" href=\"https:\/\/download.buhl.de\/Presse\/Factsheets\/tax_2026_Professional.pdf\">tax 2026 Professional<\/a><br \/>\nFactsheet zu <a title=\"Factsheet zu tax Business\" href=\"https:\/\/download.buhl.de\/Presse\/Factsheets\/tax_2026_Berater.pdf\">tax 2026 Berater-Edition<\/a><\/p>\n<p><strong>WISO B\u00fcrosoftware<\/strong><br \/>\nFactsheet zu\u00a0<a title=\"Factsheet zu WISO Mein B\u00fcro Desktop\" href=\"https:\/\/download.buhl.de\/Presse\/Factsheets\/wiso_meinbuero_365.pdf\">WISO Mein B\u00fcro Desktop<\/a><br \/>\nFactsheet zu <a title=\"Factsheet zu WISO E\u00dcR+Kasse\" href=\"https:\/\/download.buhl.de\/Presse\/Factsheets\/wiso_e\u00fcr_kasse_2026.pdf\">WISO E\u00dcR+Kasse 2026 <\/a>(Windows und macOS)<\/p>\n<p><strong>WISO Vereinssoftware<br \/>\n<\/strong>Factsheet zu\u00a0<a title=\"Factsheet zu WISO Mein Verein\" href=\"https:\/\/download.buhl.de\/Presse\/Factsheets\/wiso_meinverein_2022.pdf\">WISO MeinVerein 2022<\/a>\u00a0(Desktop)<br \/>\nFactsheet zu\u00a0<a title=\"Factsheet zu WISO Mein Verein\" href=\"https:\/\/download.buhl.de\/Presse\/Factsheets\/wiso_meinverein_2022_web.pdf\">WISO MeinVerein 2022<\/a>\u00a0(Web)<\/p>\n<p><strong>WISO Finanzsoftware<\/strong><br \/>\n<a title=\"Die Bankingsoftware-Pakete im Vergleich\" href=\"https:\/\/download.buhl.de\/Presse\/Factsheets\/Leistungs%C3%BCbersicht_Bankingsoftware.pdf\">Leistungs\u00fcbersicht \/ Produktvergleich Bankingsoftware<\/a><br \/>\n<a title=\"Die Funktionen des Haushaltsbuchs\" href=\"https:\/\/download.buhl.de\/Presse\/Factsheets\/Leistungs%C3%BCbersicht_Haushaltsbuch.pdf\">Leistungs\u00fcbersicht Haushaltsbuch<\/a><br \/>\nFactsheet zu <a title=\"Factsheet zu WISO Mein Geld\" href=\"https:\/\/download.buhl.de\/Presse\/Factsheets\/wiso_meingeld_2026.pdf\">WISO Mein Geld 2026<br \/>\n<\/a>Factsheet zu <a title=\"Factsheet zu WISO Mein Geld Jahresversion\" href=\"https:\/\/download.buhl.de\/Presse\/Factsheets\/wiso_meingeld_365.pdf\">WISO Mein Geld 365<\/a><br \/>\nFactsheet zu <a title=\"Factsheet zu WISO Mein Geld Professional\" href=\"https:\/\/download.buhl.de\/Presse\/Factsheets\/wiso_meingeld_2026_professional.pdf\">WISO Mein Geld 2026 Professional<\/a><br \/>\nFactsheet zu <a title=\"Factsheet zu WISO Mein Geld Professional Jahresversion\" href=\"https:\/\/download.buhl.de\/Presse\/Factsheets\/wiso_meingeld_365_professional.pdf\">WISO Mein Geld 365 Professional<\/a><br \/>\nFactsheet zu <a title=\"Factsheet zu WISO Konto Online\" href=\"https:\/\/download.buhl.de\/Presse\/Factsheets\/wiso_kontoonline_2026.pdf\">WISO Konto Online 2026<\/a><br \/>\nFactsheet zu <a title=\"Factsheet zu WISO Konto Online 365\" href=\"https:\/\/download.buhl.de\/Presse\/Factsheets\/wiso_kontoonline_365.pdf\">WISO Konto Online 365<\/a><br \/>\nFactsheet zu <a title=\"Factsheet zu WISO Konto Online Plus\" href=\"https:\/\/download.buhl.de\/Presse\/Factsheets\/wiso_kontoonline_plus_2026.pdf\">WISO Konto Online Plus 2026<\/a><br \/>\nFactsheet zu <a title=\"Factsheet zu WISO Konto Online Plus 365\" href=\"https:\/\/download.buhl.de\/Presse\/Factsheets\/wiso_kontoonline_plus_365.pdf\">WISO Konto Online Plus 365<\/a><br \/>\nFactsheet zu <a title=\"Factsheet zu WISO Haushaltsbuch\" href=\"https:\/\/download.buhl.de\/Presse\/Factsheets\/wiso_haushaltsbuch_2026.pdf\">WISO Haushaltsbuch 2026<\/a><\/p>\n<p><strong>WISO Immobiliensoftware<br \/>\n<\/strong><a title=\"Die Bankingsoftware-Pakete im Vergleich\" href=\"https:\/\/download.buhl.de\/Presse\/Factsheets\/Leistungs%C3%BCbersicht_Immobiliensoftware.pdf\">Leistungs\u00fcbersicht Immobiliensoftware<\/a><br \/>\nFactsheet zu <a title=\"Factsheet zu WISO Hausverwalter Start\" href=\"https:\/\/download.buhl.de\/Presse\/Factsheets\/wiso_hausverwalter_365_start.pdf\">WISO Hausverwalter Start<br \/>\n<\/a>Factsheet zu <a title=\"Factsheet zu WISO Hausverwalter Plus\" href=\"https:\/\/download.buhl.de\/Presse\/Factsheets\/wiso_hausverwalter_365_plus.pdf\">WISO Hausverwalter Plus<br \/>\n<\/a>Factsheet zu <a title=\"Factsheet zu WISO Vermieter\" href=\"https:\/\/download.buhl.de\/Presse\/Factsheets\/wiso_vermieter_365.pdf\">WISO Vermieter 365<\/a><\/p>\n","protected":false},"excerpt":{"rendered":"<p>Hier finden Sie Produktinformationen (Factsheets) f\u00fcr die Presse und den Handel im PDF-Format. Zum Download klicken Sie den Link zum gew\u00fcnschten Produkt mit der rechten Maustaste an und w\u00e4hlen die Option &#8222;Ziel speichern unter &#8230;&#8220;. (Je nach verwendetem Browser kann die Bezeichnung abweichen.) Hier finden Sie den Produktumfang der Steuersoftware von Buhl nach \u00a7 87c &hellip; <a href=\"https:\/\/www.buhl.de\/presse\/factsheets\/\" class=\"more-link\"><span class=\"screen-reader-text\">Produkt-Informationen<\/span> weiterlesen <span class=\"meta-nav\">&rarr;<\/span><\/a><\/p>\n","protected":false},"author":18,"featured_media":0,"parent":0,"menu_order":0,"comment_status":"closed","ping_status":"closed","template":"","meta":{"footnotes":""},"class_list":["post-125","page","type-page","status-publish","hentry"],"yoast_head":"<!-- This site is optimized with the Yoast SEO Premium plugin v27.4 (Yoast SEO v27.5) - https:\/\/yoast.com\/product\/yoast-seo-premium-wordpress\/ -->\n<title>Produkt-Informationen - Presseinformationen<\/title>\n<meta name=\"robots\" content=\"noindex, follow\" \/>\n<meta property=\"og:locale\" content=\"de_DE\" \/>\n<meta property=\"og:type\" content=\"article\" \/>\n<meta property=\"og:title\" content=\"Produkt-Informationen\" \/>\n<meta property=\"og:description\" content=\"Hier finden Sie Produktinformationen (Factsheets) f\u00fcr die Presse und den Handel im PDF-Format. Zum Download klicken Sie den Link zum gew\u00fcnschten Produkt mit der rechten Maustaste an und w\u00e4hlen die Option &#8222;Ziel speichern unter &#8230;&#8220;. (Je nach verwendetem Browser kann die Bezeichnung abweichen.) Hier finden Sie den Produktumfang der Steuersoftware von Buhl nach \u00a7 87c &hellip; Produkt-Informationen weiterlesen &rarr;\" \/>\n<meta property=\"og:url\" content=\"https:\/\/www.buhl.de\/presse\/factsheets\/\" \/>\n<meta property=\"og:site_name\" content=\"Presseinformationen\" \/>\n<meta property=\"article:modified_time\" content=\"2026-03-10T09:38:18+00:00\" \/>\n<meta name=\"twitter:card\" content=\"summary_large_image\" \/>\n<meta name=\"twitter:label1\" content=\"Gesch\u00e4tzte Lesezeit\" \/>\n\t<meta name=\"twitter:data1\" content=\"2\u00a0Minuten\" \/>\n<script type=\"application\/ld+json\" class=\"yoast-schema-graph\">{\"@context\":\"https:\\\/\\\/schema.org\",\"@graph\":[{\"@type\":\"WebPage\",\"@id\":\"https:\\\/\\\/www.buhl.de\\\/presse\\\/factsheets\\\/\",\"url\":\"https:\\\/\\\/www.buhl.de\\\/presse\\\/factsheets\\\/\",\"name\":\"Produkt-Informationen - Presseinformationen\",\"isPartOf\":{\"@id\":\"https:\\\/\\\/www.buhl.de\\\/presse\\\/#website\"},\"datePublished\":\"2008-11-14T10:03:27+00:00\",\"dateModified\":\"2026-03-10T09:38:18+00:00\",\"breadcrumb\":{\"@id\":\"https:\\\/\\\/www.buhl.de\\\/presse\\\/factsheets\\\/#breadcrumb\"},\"inLanguage\":\"de\",\"potentialAction\":[{\"@type\":\"ReadAction\",\"target\":[\"https:\\\/\\\/www.buhl.de\\\/presse\\\/factsheets\\\/\"]}]},{\"@type\":\"BreadcrumbList\",\"@id\":\"https:\\\/\\\/www.buhl.de\\\/presse\\\/factsheets\\\/#breadcrumb\",\"itemListElement\":[{\"@type\":\"ListItem\",\"position\":1,\"name\":\"Home\",\"item\":\"https:\\\/\\\/www.buhl.de\\\/presse\\\/\"},{\"@type\":\"ListItem\",\"position\":2,\"name\":\"Produkt-Informationen\"}]},{\"@type\":\"WebSite\",\"@id\":\"https:\\\/\\\/www.buhl.de\\\/presse\\\/#website\",\"url\":\"https:\\\/\\\/www.buhl.de\\\/presse\\\/\",\"name\":\"Presseinformationen\",\"description\":\"der Buhl-Gruppe\",\"potentialAction\":[{\"@type\":\"SearchAction\",\"target\":{\"@type\":\"EntryPoint\",\"urlTemplate\":\"https:\\\/\\\/www.buhl.de\\\/presse\\\/?s={search_term_string}\"},\"query-input\":{\"@type\":\"PropertyValueSpecification\",\"valueRequired\":true,\"valueName\":\"search_term_string\"}}],\"inLanguage\":\"de\"}]}<\/script>\n<!-- \/ Yoast SEO Premium plugin. -->","yoast_head_json":{"title":"Produkt-Informationen - Presseinformationen","robots":{"index":"noindex","follow":"follow"},"og_locale":"de_DE","og_type":"article","og_title":"Produkt-Informationen","og_description":"Hier finden Sie Produktinformationen (Factsheets) f\u00fcr die Presse und den Handel im PDF-Format. Zum Download klicken Sie den Link zum gew\u00fcnschten Produkt mit der rechten Maustaste an und w\u00e4hlen die Option &#8222;Ziel speichern unter &#8230;&#8220;. (Je nach verwendetem Browser kann die Bezeichnung abweichen.) Hier finden Sie den Produktumfang der Steuersoftware von Buhl nach \u00a7 87c &hellip; Produkt-Informationen weiterlesen &rarr;","og_url":"https:\/\/www.buhl.de\/presse\/factsheets\/","og_site_name":"Presseinformationen","article_modified_time":"2026-03-10T09:38:18+00:00","twitter_card":"summary_large_image","twitter_misc":{"Gesch\u00e4tzte Lesezeit":"2\u00a0Minuten"},"schema":{"@context":"https:\/\/schema.org","@graph":[{"@type":"WebPage","@id":"https:\/\/www.buhl.de\/presse\/factsheets\/","url":"https:\/\/www.buhl.de\/presse\/factsheets\/","name":"Produkt-Informationen - Presseinformationen","isPartOf":{"@id":"https:\/\/www.buhl.de\/presse\/#website"},"datePublished":"2008-11-14T10:03:27+00:00","dateModified":"2026-03-10T09:38:18+00:00","breadcrumb":{"@id":"https:\/\/www.buhl.de\/presse\/factsheets\/#breadcrumb"},"inLanguage":"de","potentialAction":[{"@type":"ReadAction","target":["https:\/\/www.buhl.de\/presse\/factsheets\/"]}]},{"@type":"BreadcrumbList","@id":"https:\/\/www.buhl.de\/presse\/factsheets\/#breadcrumb","itemListElement":[{"@type":"ListItem","position":1,"name":"Home","item":"https:\/\/www.buhl.de\/presse\/"},{"@type":"ListItem","position":2,"name":"Produkt-Informationen"}]},{"@type":"WebSite","@id":"https:\/\/www.buhl.de\/presse\/#website","url":"https:\/\/www.buhl.de\/presse\/","name":"Presseinformationen","description":"der Buhl-Gruppe","potentialAction":[{"@type":"SearchAction","target":{"@type":"EntryPoint","urlTemplate":"https:\/\/www.buhl.de\/presse\/?s={search_term_string}"},"query-input":{"@type":"PropertyValueSpecification","valueRequired":true,"valueName":"search_term_string"}}],"inLanguage":"de"}]}},"_links":{"self":[{"href":"https:\/\/www.buhl.de\/presse\/wp-json\/wp\/v2\/pages\/125","targetHints":{"allow":["GET"]}}],"collection":[{"href":"https:\/\/www.buhl.de\/presse\/wp-json\/wp\/v2\/pages"}],"about":[{"href":"https:\/\/www.buhl.de\/presse\/wp-json\/wp\/v2\/types\/page"}],"author":[{"embeddable":true,"href":"https:\/\/www.buhl.de\/presse\/wp-json\/wp\/v2\/users\/18"}],"replies":[{"embeddable":true,"href":"https:\/\/www.buhl.de\/presse\/wp-json\/wp\/v2\/comments?post=125"}],"version-history":[{"count":95,"href":"https:\/\/www.buhl.de\/presse\/wp-json\/wp\/v2\/pages\/125\/revisions"}],"predecessor-version":[{"id":1282,"href":"https:\/\/www.buhl.de\/presse\/wp-json\/wp\/v2\/pages\/125\/revisions\/1282"}],"wp:attachment":[{"href":"https:\/\/www.buhl.de\/presse\/wp-json\/wp\/v2\/media?parent=125"}],"curies":[{"name":"wp","href":"https:\/\/api.w.org\/{rel}","templated":true}]}}