{"id":722,"date":"2015-10-29T17:38:24","date_gmt":"2015-10-29T16:38:24","guid":{"rendered":"http:\/\/www.buhl.de\/presse\/?page_id=722"},"modified":"2016-09-01T20:10:41","modified_gmt":"2016-09-01T18:10:41","slug":"datenschutz","status":"publish","type":"page","link":"https:\/\/www.buhl.de\/presse\/datenschutz\/","title":{"rendered":"Datenschutz"},"content":{"rendered":"<h2>Datenschutzerkl\u00e4rung<\/h2>\n<p><strong>Datenerhebung und -speicherung<\/strong><br \/>\nBeim Aufruf unseres Internetauftritts wird eine Verbindung mit unserem Server hergestellt, erfasst und gespeichert werden dabei die Zugriffspfade der Seiten, der Zeitpunkt der Verbindungsherstellung sowie Ihre derzeitige IP-Adresse. W\u00e4hrend Ihres Besuchs auf unseren Internetseiten k\u00f6nnen Daten (&#8222;Cookies&#8220;) auf Ihrem Computer gespeichert werden, die Ihnen die Nutzung unseres Angebots erleichtern. Wir verwenden diese Daten weder um Sie zu identifizieren noch um mit Ihnen in Kontakt zu treten.<\/p>\n<p><strong>Personenbezogene Daten<\/strong><br \/>\nPersonenbezogene Daten werden ausschlie\u00dflich im Rahmen der gesetzlichen Vorschriften des Bundesdatenschutzgesetzes (BDSG) sowie des Telemediengesetzes (TMG) erhoben und gespeichert. Wir speichern und verwenden Ihre personenbezogenen Daten (Name, Anschrift, E-Mail Adresse, Bankverbindung etc.) zur Abwicklung Ihrer Bestellungen und eventueller R\u00fccksendungen, f\u00fcr individuellen Produktsupport und, falls gew\u00fcnscht, f\u00fcr unsere Newsletter und Produktinformationen.<\/p>\n<p>Wir geben Ihre personenbezogenen Daten nicht an Dritte weiter. Ausgenommen hiervon sind unsere Dienstleistungspartner, die zur Bestellabwicklung Ihre Daten ben\u00f6tigen, wie Paket- und Briefzusteller, Briefdruckerei und unsere Banken (f\u00fcr den Einzug von Lastschriften). Eine Weitergabe Ihrer Daten an Dritte erfolgt nur, wenn und soweit wir dazu gesetzlich verpflichtet sind oder es zur Geltendmachung und Durchsetzung unserer Rechte und Forderungen erforderlich ist.<\/p>\n<p><strong>Auskunft<\/strong><br \/>\nSie k\u00f6nnen jederzeit kostenlos Auskunft \u00fcber Ihre bei uns gespeicherten Daten oder Berichtigung, Sperrung und L\u00f6schung Ihrer gespeicherten Daten und deren Verarbeitung verlangen. Sofern einer L\u00f6schung gesetzliche, vertragliche oder handels- bzw. steuerrechtliche Aufbewahrungsfristen oder sonstige gesetzlich verankerte Gr\u00fcnde entgegenstehen, werden Ihre Daten nicht gel\u00f6scht sondern mit einer Sperre versehen. Kontaktieren Sie dazu unseren Beauftragten f\u00fcr Datenschutz bitte schriftlich unter Buhl Data Service GmbH, Datenschutz, Am Siebertsweiher 3\/5, 57290 Neunkirchen; per E-Mail unter<a class=\"text_link\" href=\"mailto:datenschutz@buhl-data.com\">datenschutz@buhl-data.com<\/a>, oder per Telefax unter (02735) 776-199.<\/p>\n<p><strong>Sicherheit und Vertraulichkeit<\/strong><br \/>\nBei Supportanfragen erm\u00f6glichen wir Ihnen, die zum Zwecke der Bearbeitung Ihrer Supportanfrage erforderlichen Daten in einem dem aktuellen Stand der Technik entsprechenden Verschl\u00fcsselungsverfahren gesichert an uns zu \u00fcbermitteln. Auf Wunsch \u00fcbersenden wir Ihnen in besonderen F\u00e4llen (z.B. wenn Sie uns zur Bearbeitung Ihrer Supportanfrage besonders vertrauliche Daten \u00fcbermitteln) zu Ihrem Schutz auch gerne eine schriftliche Vertraulichkeitszusage. Wenden Sie sich hierzu bei Bedarf bitte an unseren Support oder unseren Beauftragten f\u00fcr Datenschutz.<\/p>\n<p><strong>Verwendung von Social-Plugins<\/strong><\/p>\n<p><strong>Facebook<\/strong><br \/>\nDieser Internetauftritt verwendet Plugins des sozialen Netzwerks facebook.com, das von der Facebook Inc., 1601 S. California Ave, Palo Alto, CA 94304, USA betrieben wird (&#8222;Facebook&#8220;). Eine \u00dcbersicht \u00fcber die Facebook Plugins und deren Aussehen finden Sie hier (<a class=\"text_link\" href=\"http:\/\/developers.facebook.com\/docs\/plugins\/\" target=\"_blank\">developers.facebook.com\/docs\/plugins\/<\/a>). Wenn Sie eine Webseite aufrufen, die ein solches Plugin enth\u00e4lt, baut Ihr Browser eine direkte Verbindung mit den Servern von Facebook auf. Der Inhalt des Plugins wird von Facebook direkt an Ihren Browser \u00fcbermittelt und von diesem in die Webseite eingebunden. Durch die Einbindung der Plugins erh\u00e4lt Facebook die Information, dass Ihr Browser die entsprechende Seite unseres Webauftritts aufgerufen hat, auch wenn Sie keinen Facebook-Account besitzen oder gerade nicht bei Facebook eingeloggt sind. Diese Information (einschlie\u00dflich Ihrer IP-Adresse) wird von Ihrem Browser direkt an einen Server von Facebook in den USA \u00fcbermittelt und dort gespeichert. Sind Sie bei Facebook eingeloggt, kann Facebook den Besuch unserer Website Ihrem Facebook-Benutzerkonto direkt zuordnen. Wenn Sie nicht m\u00f6chten, dass Facebook die \u00fcber unseren Webauftritt gesammelten Daten Ihrem Facebook-Benutzerkonto zuordnet, m\u00fcssen Sie sich vor Ihrem Besuch unserer Website bei Facebook ausloggen. Wenn Sie mit den Plugins interagieren, zum Beispiel den &#8222;Gef\u00e4llt mir&#8220;-Button bet\u00e4tigen oder einen Kommentar abgeben, wird die entsprechende Information ebenfalls direkt an einen Server von Facebook \u00fcbermittelt und dort gespeichert. Die Informationen werden zudem auf Facebook ver\u00f6ffentlicht und Ihren Facebook-Freunden angezeigt. Zweck und Umfang der Datenerhebung und die weitere Verarbeitung und Nutzung der Daten durch Facebook sowie Ihre diesbez\u00fcglichen Rechte und Einstellungsm\u00f6glichkeiten zum Schutz Ihrer Privatsph\u00e4re entnehmen Sie bitte den Datenschutzhinweisen von Facebook (<a class=\"text_link\" href=\"http:\/\/www.facebook.com\/about\/privacy\/\" target=\"_blank\">www.facebook.com\/about\/privacy\/<\/a>).<\/p>\n<p><strong>Twitter<\/strong><br \/>\nDieser Internetauftritt verwendet den Twitter-Button von twitter.com, welcher von der Twitter Inc., 795 Folsom St., Suite 600, San Francisco, CA 94107 (&#8222;Twitter&#8220;) betrieben wird. Wenn Sie eine Webseite aufrufen, die ein solches Plugin enth\u00e4lt, baut Ihr Browser eine direkte Verbindung mit den Servern von Twitter auf. Der Inhalt des Plugins wird von Twitter direkt an Ihren Browser \u00fcbermittelt und von diesem in die Webseite eingebunden. Durch die Einbindung der Plugins erh\u00e4lt Twitter die Information, dass Ihr Browser die entsprechende Seite unseres Webauftritts aufgerufen hat, auch wenn Sie keinen Twitter-Account besitzen oder gerade nicht bei Twitter eingeloggt sind. Diese Information (einschlie\u00dflich Ihrer IP-Adresse) wird von Ihrem Browser direkt an einen Server von Twitter in den USA \u00fcbermittelt und dort gespeichert.<\/p>\n<p>Sind Sie bei Twitter eingeloggt, kann Twitter den Besuch unserer Website Ihrem Twitter-Benutzerkonto direkt zuordnen. Wenn Sie nicht m\u00f6chten, dass Twitter die \u00fcber unseren Webauftritt gesammelten Daten Ihrem Twitter-Benutzerkonto zuordnet, m\u00fcssen Sie sich vor Ihrem Besuch unserer Website bei Twitter ausloggen. Wenn Sie mit den Plugins interagieren, zum Beispiel den &#8222;Tweet&#8220;-Button bet\u00e4tigen oder einen Kommentar abgeben, wird die entsprechende Information ebenfalls direkt an einen Server von Twitter \u00fcbermittelt und dort gespeichert. Die Informationen werden zudem auf Twitter ver\u00f6ffentlicht und Ihren Follower angezeigt. Zweck und Umfang der Datenerhebung und die weitere Verarbeitung und Nutzung der Daten durch Twitter sowie Ihre diesbez\u00fcglichen Rechte und Einstellungsm\u00f6glichkeiten zum Schutz Ihrer Privatsph\u00e4re entnehmen Sie bitte den Datenschutzhinweisen von Twitter (<a class=\"text_link\" href=\"http:\/\/twitter.com\/privacy\" target=\"_blank\">twitter.com\/privacy<\/a>).<\/p>\n<p><strong>Google+<\/strong><br \/>\nDieser Internetauftritt verwendet den +1-Button von google.com, welcher von der Google Inc., 1600 Amphitheatre Parkway, Mountain View, CA 94043, USA (&#8222;Google&#8220;) betrieben wird. Wenn Sie eine Webseite aufrufen, die ein solches Plugin enth\u00e4lt, baut Ihr Browser eine direkte Verbindung mit den Servern von Google auf. Der Inhalt des Plugins wird von Google direkt an Ihren Browser \u00fcbermittelt und von diesem in die Webseite eingebunden. Durch die Einbindung der Plugins erh\u00e4lt Google die Information, dass Ihr Browser die entsprechende Seite unseres Webauftritts aufgerufen hat, auch wenn Sie keinen Google-Account besitzen oder gerade nicht bei Google eingeloggt sind. Diese Information (einschlie\u00dflich Ihrer IP-Adresse) wird von Ihrem Browser direkt an einen Server von Google in den USA \u00fcbermittelt und dort gespeichert.<\/p>\n<p>Sind Sie bei Google eingeloggt, kann Google den Besuch unserer Website Ihrem Google-Benutzerkonto direkt zuordnen. Wenn Sie nicht m\u00f6chten, dass Google die \u00fcber unseren Webauftritt gesammelten Daten Ihrem Google-Benutzerkonto zuordnet, m\u00fcssen Sie sich vor Ihrem Besuch unserer Website bei Google ausloggen. Wenn Sie mit den Plugins interagieren, zum Beispiel den &#8222;+1&#8220;-Button bet\u00e4tigen oder einen Kommentar abgeben, wird die entsprechende Information ebenfalls direkt an einen Server von Google \u00fcbermittelt und dort gespeichert. Die Informationen werden zudem auf Google+ ver\u00f6ffentlicht und Ihren Google+ Freunden angezeigt. Zweck und Umfang der Datenerhebung und die weitere Verarbeitung und Nutzung der Daten durch Google sowie Ihre diesbez\u00fcglichen Rechte und Einstellungsm\u00f6glichkeiten zum Schutz Ihrer Privatsph\u00e4re entnehmen Sie bitte den Datenschutzhinweisen von Google (<a class=\"text_link\" href=\"http:\/\/www.google.com\/intl\/de_de\/+\/policy\/+1button.html\" target=\"_blank\">www.google.com\/intl\/de_de\/+\/policy\/+1button.html<\/a>).<br \/>\n<strong>Verwendung von Webanalyse-Tools<\/strong><\/p>\n<p><strong>Google-Analytics und Google Remarketing<\/strong><\/p>\n<p>Dieser Internetauftritt nutzt Google Analytics und Google Remarketing, Dienste der Google Inc. (1600 Amphitheatre Parkway, Mountain View, CA 94043, USA; \u201eGoogle\u201c). Google Analytics und Google Remarketing verwenden sog. &#8222;Cookies&#8220;, kleine Textdateien, die im Browser des Webseitenbesuchers gespeichert werden und die es erm\u00f6glichen, den Besucher wiederzuerkennen, wenn dieser Webseiten aufruft, die dem Werbenetzwerk von Google angeh\u00f6ren.<br \/>\nDie durch den Cookie erzeugten Informationen \u00fcber Ihre Benutzung dieser Website (einschlie\u00dflich Ihrer IP-Adresse) werden an einen Server von Google in den USA \u00fcbertragen und dort gespeichert. Google wird diese Informationen benutzen, um Ihre Nutzung der Website auszuwerten, um Reports \u00fcber die Websiteaktivit\u00e4ten f\u00fcr die Websitebetreiber zusammenzustellen und um weitere mit der Websitenutzung und der Internetnutzung verbundene Dienstleistungen (z.B. E-Commerce-Tracking) zu erbringen. Dies beinhaltet Google Remarketing, die Anzeige nutzungsbasierter Werbung innerhalb des Google Werbenetzwerks. Nach eigenen Angaben erhebt Google bei diesem Vorgang keine personenbezogenen Daten.<br \/>\nDurch die Nutzung dieser Website erkl\u00e4ren Sie sich mit der Bearbeitung der \u00fcber Sie erhobenen Daten durch Google in der zuvor beschriebenen Art und Weise und zu den zuvor benannten Zwecken einverstanden. Weitere Hinweise sowie die Datenschutzbestimmungen von Google finden Sie unter <a href=\"http:\/\/www.google.com\/intl\/de\/policies\/privacy\/\" target=\"_blank\">http:\/\/www.google.com\/intl\/de\/policies\/privacy\/<\/a>.<br \/>\nWenn Sie keine interessenbezogene Werbung erhalten m\u00f6chten, k\u00f6nnen Sie die Verwendung von Cookies durch Google f\u00fcr diese Zwecke unter <a href=\"https:\/\/www.google.de\/settings\/ads\" target=\"_blank\">https:\/\/www.google.de\/settings\/ads<\/a> deaktivieren. Sie k\u00f6nnen die Installation von Cookies auch durch eine entsprechende Einstellung Ihres Browsers verhindern; wir weisen Sie jedoch darauf hin, dass Sie in diesem Fall gegebenenfalls nicht s\u00e4mtliche Funktionen dieser Website voll umf\u00e4nglich nutzen k\u00f6nnen.<br \/>\nDer Datenerhebung und -speicherung im Rahmen von Google Analytics kann jederzeit mit Wirkung f\u00fcr die Zukunft durch Klick auf folgenden Link <a href=\"http:\/\/tools.google.com\/dlpage\/gaoptout?hl=de\" target=\"_blank\">http:\/\/tools.google.com\/dlpage\/gaoptout?hl=de<\/a> widersprochen werden. Angesichts der Diskussion um den Einsatz von Analysetools mit vollst\u00e4ndigen IP-Adressen m\u00f6chten wir darauf hinweisen, dass diese Website Google Analytics mit der Erweiterung \u201e_anonymizeIp()\u201c verwendet und daher IP-Adressen nur gek\u00fcrzt weiterverarbeitet werden, um eine direkte Personenbeziehbarkeit auszuschlie\u00dfen.<br \/>\n<strong>Doubleclick by Google<\/strong><\/p>\n<p>Doubleclick by Google ist eine Dienstleistung von Google Inc., 1600 Amphitheatre Parkway, Mountain View, CA 94043, USA (&#8222;Google&#8220;). Doubleclick by Google verwendet Cookies um Ihnen f\u00fcr Sie relevante Werbeanzeigen zu pr\u00e4sentieren. Dabei wird Ihrem Browser eine pseudonyme Identifikationsnummer (ID) zugeordnet, um zu \u00fcberpr\u00fcfen, welche Anzeigen in Ihrem Browser eingeblendet wurden und welche Anzeigen aufgerufen wurden. Die Cookies enthalten keine personenbezogenen Informationen. Die Verwendung der DoubleClick-Cookies erm\u00f6glicht Google und seinen Partner-Webseiten lediglich die Schaltung von Anzeigen auf Basis vorheriger Besuche auf unserer oder anderen Webseiten im Internet. Die durch die Cookies erzeugten Informationen werden von Google zur Auswertung an einen Server in den USA \u00fcbertragen und dort gespeichert. Eine \u00dcbertragung der Daten durch Google an Dritte findet nur aufgrund gesetzlicher Vorschriften oder im Rahmen der Auftragsdatenverarbeitung statt. Keinesfalls wird Google ihre Daten mit anderen von Google erfassten Daten zusammenbringen.<\/p>\n<p>Durch die Nutzung unserer Webseiten erkl\u00e4ren Sie sich mit der Bearbeitung der \u00fcber Sie erhobenen Daten durch Google und der zuvor beschriebenen Art und Weise der Datenverarbeitung sowie dem benannten Zweck einverstanden. Sie k\u00f6nnen die Speicherung der Cookies durch eine entsprechende Einstellung Ihrer Browser-Software verhindern; wir weisen Sie jedoch darauf hin, dass Sie in diesem Fall gegebenenfalls nicht s\u00e4mtliche Funktionen unserer Webseiten vollumf\u00e4nglich werden nutzen k\u00f6nnen. Sie k\u00f6nnen dar\u00fcber hinaus die Erfassung der durch die Cookies erzeugten und auf Ihre Nutzung der Webseiten bezogenen Daten an Google sowie die Verarbeitung dieser Daten durch Google verhindern, indem sie das unter dem Link (<a href=\"https:\/\/www.google.com\/settings\/ads\/onweb\/\">https:\/\/www.google.com\/settings\/ads\/onweb\/<\/a>) unter dem Punkt DoubleClick-Deaktivierungserweiterung verf\u00fcgbare Browser-Plugin herunterladen und installieren.<\/p>\n<p><strong>Google Adwords Conversion Tracking<\/strong><\/p>\n<p>Wir nutzen als AdWords-Kunde ferner das Google Conversion-Tracking. Sind Sie \u00fcber eine von Google geschaltete Anzeige auf unsere Webseite gelangt, wird von Google Adwords ein Cookie auf Ihrem Rechner gesetzt. Das Cookie f\u00fcr Conversion-Tracking wird gesetzt, wenn ein Nutzer auf eine von Google geschaltete Anzeige klickt. Diese Cookies verlieren nach 30 Tagen ihre G\u00fcltigkeit und dienen nicht der pers\u00f6nlichen Identifizierung. Besucht der Nutzer bestimmte Seiten unserer Website und das Cookie ist noch nicht abgelaufen, k\u00f6nnen wir und Google erkennen, dass der Nutzer auf die Anzeige geklickt hat und zu dieser Seite weitergeleitet wurde. Jeder Google AdWords-Kunde erh\u00e4lt ein anderes Cookie. Cookies k\u00f6nnen somit nicht \u00fcber die Websites von AdWords-Kunden nachverfolgt werden. Die mithilfe des Conversion-Cookies eingeholten Informationen dienen dazu, Conversion-Statistiken f\u00fcr AdWords-Kunden zu erstellen, die sich f\u00fcr Conversion-Tracking entschieden haben. Die Kunden erfahren die Gesamtanzahl der Nutzer, die auf ihre Anzeige geklickt haben und zu einer mit einem Conversion-Tracking-Tag versehenen Seite weitergeleitet wurden. Sie erhalten jedoch keine Informationen, mit denen sich Nutzer pers\u00f6nlich identifizieren lassen.<\/p>\n<p>M\u00f6chten Sie nicht am Tracking teilnehmen, k\u00f6nnen Sie das hierf\u00fcr erforderliche Setzen eines Cookies ablehnen \u2013 etwa per Browser-Einstellung, die das automatische Setzen von Cookies generell deaktiviert oder Ihren Browser so einstellen, dass Cookies von der Domain \u201egoogleleadservices.com\u201c blockiert werden. Bitte beachten Sie, dass Sie die Opt-out-Cookies nicht l\u00f6schen d\u00fcrfen, solange Sie keine Aufzeichnung von Messdaten w\u00fcnschen. Haben Sie alle Ihre Cookies im Browser gel\u00f6scht, m\u00fcssen Sie das jeweilige Opt-out Cookie erneut setzen.<\/p>\n<p><strong>Google Tag Manager<\/strong><\/p>\n<p>Google Tag Manager ist ebenfalls ein Produkt der Google Inc., 1600 Amphitheatre Parkway, Mountain View, CA 94043, USA (&#8222;Google&#8220;), das uns erlaubt, Website-Tags von Anwendungen wie z.B. Google Analytics \u00fcber eine Oberfl\u00e4che zu verwalten. Der Tag Manager ist eine cookielose Domain und erfasst keine personenbezogenen Daten.<\/p>\n<p><strong>Piwik<\/strong><\/p>\n<p>Dieser Internetauftritt nutzt Piwik (<a href=\"http:\/\/www.piwik.org\">www.piwik.org<\/a>), einen Open-Source-Webanalysedienst. Piwik verwendet sogenannte &#8222;Cookies&#8220;, Textdateien, die auf Ihrem Computer gespeichert werden und die eine Analyse der Benutzung der Website durch Sie erm\u00f6glichen. Die durch den Cookie erzeugten Informationen \u00fcber Ihre Benutzung dieser Website (einschlie\u00dflich Ihrer IP-Adresse) bleiben dabei unter unserer Datenhoheit. Wir benutzen diese Informationen, um die Nutzung unseres Internetauftritts auszuwerten und um Reports \u00fcber die Websiteaktivit\u00e4ten zusammenzustellen. Wir werden diese Informationen nicht an Dritte \u00fcbertragen. Sie k\u00f6nnen der Installation der Cookies durch eine entsprechende Einstellung Ihres Browsers verhindern; gegebenenfalls k\u00f6nnen Sie in diesem Fall aber nicht s\u00e4mtliche Funktionen unserer Websites vollumf\u00e4nglich nutzen. Durch die Nutzung unserer Websites erkl\u00e4ren Sie sich mit der Bearbeitung der \u00fcber Sie erhobenen Daten durch uns in der zuvor beschriebenen Art und Weise und zu dem zuvor benannten Zweck einverstanden. S\u00e4mtliche IP-Adressen werden nur gek\u00fcrzt weiterverarbeitet, um eine direkte Personenbeziehbarkeit auszuschlie\u00dfen. Der Datenerhebung und -speicherung kann jederzeit mit Wirkung f\u00fcr die Zukunft durch Deaktivieren folgender Checkbox widersprochen werden.<\/p>\n<p>Sie k\u00f6nnen sich hier entscheiden, ob in Ihrem Browser ein eindeutiger Webanalyse-Cookie abgelegt werden darf, um dem Betreiber der Website die Erfassung und Analyse verschiedener statistischer Daten zu erm\u00f6glichen.<\/p>\n<p>Wenn Sie sich dagegen entscheiden m\u00f6chten, klicken Sie den folgenden Link, um den Piwik-Deaktivierungs-Cookie in Ihrem Browser abzulegen.<\/p>\n\n<iframe style=\"border: 0; height: 200px; width: 600px;\" src=\"https:\/\/statistics.buhl.de\/index.php?module=CustomOptOut&action=optOut&idSite=1&language=de\"><\/iframe> \n\n<p>&nbsp;<\/p>\n<p>V150324<\/p>\n","protected":false},"excerpt":{"rendered":"<p>Datenschutzerkl\u00e4rung Datenerhebung und -speicherung Beim Aufruf unseres Internetauftritts wird eine Verbindung mit unserem Server hergestellt, erfasst und gespeichert werden dabei die Zugriffspfade der Seiten, der Zeitpunkt der Verbindungsherstellung sowie Ihre derzeitige IP-Adresse. W\u00e4hrend Ihres Besuchs auf unseren Internetseiten k\u00f6nnen Daten (&#8222;Cookies&#8220;) auf Ihrem Computer gespeichert werden, die Ihnen die Nutzung unseres Angebots erleichtern. Wir verwenden &hellip; <a href=\"https:\/\/www.buhl.de\/presse\/datenschutz\/\" class=\"more-link\"><span class=\"screen-reader-text\">Datenschutz<\/span> weiterlesen <span class=\"meta-nav\">&rarr;<\/span><\/a><\/p>\n","protected":false},"author":27,"featured_media":0,"parent":0,"menu_order":0,"comment_status":"closed","ping_status":"closed","template":"","meta":{"footnotes":""},"class_list":["post-722","page","type-page","status-publish","hentry"],"yoast_head":"<!-- This site is optimized with the Yoast SEO Premium plugin v27.4 (Yoast SEO v27.5) - https:\/\/yoast.com\/product\/yoast-seo-premium-wordpress\/ -->\n<title>Datenschutz - Presseinformationen<\/title>\n<meta name=\"robots\" content=\"noindex, follow\" \/>\n<meta property=\"og:locale\" content=\"de_DE\" \/>\n<meta property=\"og:type\" content=\"article\" \/>\n<meta property=\"og:title\" content=\"Datenschutz\" \/>\n<meta property=\"og:description\" content=\"Datenschutzerkl\u00e4rung Datenerhebung und -speicherung Beim Aufruf unseres Internetauftritts wird eine Verbindung mit unserem Server hergestellt, erfasst und gespeichert werden dabei die Zugriffspfade der Seiten, der Zeitpunkt der Verbindungsherstellung sowie Ihre derzeitige IP-Adresse. W\u00e4hrend Ihres Besuchs auf unseren Internetseiten k\u00f6nnen Daten (&#8222;Cookies&#8220;) auf Ihrem Computer gespeichert werden, die Ihnen die Nutzung unseres Angebots erleichtern. Wir verwenden &hellip; Datenschutz weiterlesen &rarr;\" \/>\n<meta property=\"og:url\" content=\"https:\/\/www.buhl.de\/presse\/datenschutz\/\" \/>\n<meta property=\"og:site_name\" content=\"Presseinformationen\" \/>\n<meta property=\"article:modified_time\" content=\"2016-09-01T18:10:41+00:00\" \/>\n<meta name=\"twitter:card\" content=\"summary_large_image\" \/>\n<meta name=\"twitter:label1\" content=\"Gesch\u00e4tzte Lesezeit\" \/>\n\t<meta name=\"twitter:data1\" content=\"11\u00a0Minuten\" \/>\n<script type=\"application\/ld+json\" class=\"yoast-schema-graph\">{\"@context\":\"https:\\\/\\\/schema.org\",\"@graph\":[{\"@type\":\"WebPage\",\"@id\":\"https:\\\/\\\/www.buhl.de\\\/presse\\\/datenschutz\\\/\",\"url\":\"https:\\\/\\\/www.buhl.de\\\/presse\\\/datenschutz\\\/\",\"name\":\"Datenschutz - Presseinformationen\",\"isPartOf\":{\"@id\":\"https:\\\/\\\/www.buhl.de\\\/presse\\\/#website\"},\"datePublished\":\"2015-10-29T16:38:24+00:00\",\"dateModified\":\"2016-09-01T18:10:41+00:00\",\"breadcrumb\":{\"@id\":\"https:\\\/\\\/www.buhl.de\\\/presse\\\/datenschutz\\\/#breadcrumb\"},\"inLanguage\":\"de\",\"potentialAction\":[{\"@type\":\"ReadAction\",\"target\":[\"https:\\\/\\\/www.buhl.de\\\/presse\\\/datenschutz\\\/\"]}]},{\"@type\":\"BreadcrumbList\",\"@id\":\"https:\\\/\\\/www.buhl.de\\\/presse\\\/datenschutz\\\/#breadcrumb\",\"itemListElement\":[{\"@type\":\"ListItem\",\"position\":1,\"name\":\"Home\",\"item\":\"https:\\\/\\\/www.buhl.de\\\/presse\\\/\"},{\"@type\":\"ListItem\",\"position\":2,\"name\":\"Datenschutz\"}]},{\"@type\":\"WebSite\",\"@id\":\"https:\\\/\\\/www.buhl.de\\\/presse\\\/#website\",\"url\":\"https:\\\/\\\/www.buhl.de\\\/presse\\\/\",\"name\":\"Presseinformationen\",\"description\":\"der Buhl-Gruppe\",\"potentialAction\":[{\"@type\":\"SearchAction\",\"target\":{\"@type\":\"EntryPoint\",\"urlTemplate\":\"https:\\\/\\\/www.buhl.de\\\/presse\\\/?s={search_term_string}\"},\"query-input\":{\"@type\":\"PropertyValueSpecification\",\"valueRequired\":true,\"valueName\":\"search_term_string\"}}],\"inLanguage\":\"de\"}]}<\/script>\n<!-- \/ Yoast SEO Premium plugin. -->","yoast_head_json":{"title":"Datenschutz - Presseinformationen","robots":{"index":"noindex","follow":"follow"},"og_locale":"de_DE","og_type":"article","og_title":"Datenschutz","og_description":"Datenschutzerkl\u00e4rung Datenerhebung und -speicherung Beim Aufruf unseres Internetauftritts wird eine Verbindung mit unserem Server hergestellt, erfasst und gespeichert werden dabei die Zugriffspfade der Seiten, der Zeitpunkt der Verbindungsherstellung sowie Ihre derzeitige IP-Adresse. W\u00e4hrend Ihres Besuchs auf unseren Internetseiten k\u00f6nnen Daten (&#8222;Cookies&#8220;) auf Ihrem Computer gespeichert werden, die Ihnen die Nutzung unseres Angebots erleichtern. Wir verwenden &hellip; Datenschutz weiterlesen &rarr;","og_url":"https:\/\/www.buhl.de\/presse\/datenschutz\/","og_site_name":"Presseinformationen","article_modified_time":"2016-09-01T18:10:41+00:00","twitter_card":"summary_large_image","twitter_misc":{"Gesch\u00e4tzte Lesezeit":"11\u00a0Minuten"},"schema":{"@context":"https:\/\/schema.org","@graph":[{"@type":"WebPage","@id":"https:\/\/www.buhl.de\/presse\/datenschutz\/","url":"https:\/\/www.buhl.de\/presse\/datenschutz\/","name":"Datenschutz - Presseinformationen","isPartOf":{"@id":"https:\/\/www.buhl.de\/presse\/#website"},"datePublished":"2015-10-29T16:38:24+00:00","dateModified":"2016-09-01T18:10:41+00:00","breadcrumb":{"@id":"https:\/\/www.buhl.de\/presse\/datenschutz\/#breadcrumb"},"inLanguage":"de","potentialAction":[{"@type":"ReadAction","target":["https:\/\/www.buhl.de\/presse\/datenschutz\/"]}]},{"@type":"BreadcrumbList","@id":"https:\/\/www.buhl.de\/presse\/datenschutz\/#breadcrumb","itemListElement":[{"@type":"ListItem","position":1,"name":"Home","item":"https:\/\/www.buhl.de\/presse\/"},{"@type":"ListItem","position":2,"name":"Datenschutz"}]},{"@type":"WebSite","@id":"https:\/\/www.buhl.de\/presse\/#website","url":"https:\/\/www.buhl.de\/presse\/","name":"Presseinformationen","description":"der Buhl-Gruppe","potentialAction":[{"@type":"SearchAction","target":{"@type":"EntryPoint","urlTemplate":"https:\/\/www.buhl.de\/presse\/?s={search_term_string}"},"query-input":{"@type":"PropertyValueSpecification","valueRequired":true,"valueName":"search_term_string"}}],"inLanguage":"de"}]}},"_links":{"self":[{"href":"https:\/\/www.buhl.de\/presse\/wp-json\/wp\/v2\/pages\/722","targetHints":{"allow":["GET"]}}],"collection":[{"href":"https:\/\/www.buhl.de\/presse\/wp-json\/wp\/v2\/pages"}],"about":[{"href":"https:\/\/www.buhl.de\/presse\/wp-json\/wp\/v2\/types\/page"}],"author":[{"embeddable":true,"href":"https:\/\/www.buhl.de\/presse\/wp-json\/wp\/v2\/users\/27"}],"replies":[{"embeddable":true,"href":"https:\/\/www.buhl.de\/presse\/wp-json\/wp\/v2\/comments?post=722"}],"version-history":[{"count":4,"href":"https:\/\/www.buhl.de\/presse\/wp-json\/wp\/v2\/pages\/722\/revisions"}],"predecessor-version":[{"id":816,"href":"https:\/\/www.buhl.de\/presse\/wp-json\/wp\/v2\/pages\/722\/revisions\/816"}],"wp:attachment":[{"href":"https:\/\/www.buhl.de\/presse\/wp-json\/wp\/v2\/media?parent=722"}],"curies":[{"name":"wp","href":"https:\/\/api.w.org\/{rel}","templated":true}]}}