{"id":1092,"date":"2023-09-12T14:27:45","date_gmt":"2023-09-12T14:27:45","guid":{"rendered":"https:\/\/www.buhl.de\/rechtliches\/besondere-geschaeftsbedingungen-der-buhl-data-service-gmbh-fuer-den-zugang-zur-proficheck-plattform\/"},"modified":"2023-09-12T16:27:45","modified_gmt":"2023-09-12T14:27:45","slug":"besondere-geschaeftsbedingungen-der-buhl-data-service-gmbh-fuer-den-zugang-zur-proficheck-plattform","status":"publish","type":"page","link":"https:\/\/www.buhl.de\/rechtliches\/besondere-geschaeftsbedingungen-der-buhl-data-service-gmbh-fuer-den-zugang-zur-proficheck-plattform\/","title":{"rendered":"Besondere Gesch\u00e4ftsbedingungen der Buhl Data Service GmbH f\u00fcr den Zugang zur Steuer-Plattform"},"content":{"rendered":"<h2 id=\"allgemein\">Allgemein<\/h2>\n<div>\n<h3 id='besondere-geschaeftsbedingungen-der-buhl-data-service-gmbh-fuer-den-zugang-zur-proficheck-plattform' class='agb-post-title'>Besondere Gesch\u00e4ftsbedingungen der Buhl Data Service GmbH f\u00fcr den Zugang zur Steuer-Plattform<\/h3>\n<div>\n<h3>1. Vertragsgegenstand<\/h3>\n<p>Gegenstand dieses Vertrages ist die Regelung der Rahmenbedingungen f\u00fcr die Nutzung der Steuer-Plattform.<\/p>\n<p>Die Buhl Data Service GmbH (nachfolgend auch Buhl oder wir) bietet auf dieser Steuer-Plattform den Nutzern ihrer Steuersoftware (nachfolgend auch Kunde oder Mandant) die M\u00f6glichkeit, die mit der Steuersoftware erstellte Steuererkl\u00e4rung professionell pr\u00fcfen zu lassen (sog. ProfiCheck) oder die Steuererkl\u00e4rung professionell erstellen zu lassen (sog. buhl:Berater), nachstehend gemeinsam \u201eDienstleistungen\u201c genannt.<\/p>\n<h3>2. Leistungen von Buhl, G\u00fcltigkeitsdauer<\/h3>\n<h5>2.1 Zugang zur Steuer-Plattform<\/h5>\n<p>Buhl stellt dabei ausschlie\u00dflich den Zugang zur Steuer-Plattform bereit, auf der die Mandanten f\u00fcr die Dienstleistungen einen Beratungsvertrag mit der Buhl Steuerberatungsgesellschaft mbH (nachfolgend auch Steuerberatungsgesellschaft) abschlie\u00dfen k\u00f6nnen.<\/p>\n<h5>2.2 G\u00fcltigkeitsdauer<\/h5>\n<p>Der Zugang zur Steuer-Plattform wird nur f\u00fcr einen Zeitraum von 18 Monaten ab dem Zustandekommen des zwischen Buhl und dem Mandanten geschlossenen Vertrages gew\u00e4hrt. Nur in diesem Zeitraum hat der Mandant die M\u00f6glichkeit einen Beratungsvertrag mit der Steuerberatungsgesellschaft zu schlie\u00dfen, um einen Dienstleistungs-Termin zu buchen. Schlie\u00dft der Mandant nicht innerhalb dieser G\u00fcltigkeitsdauer einen Beratungsvertrag mit der Steuerberatungsgesellschaft ab, erlischt sein Anspruch auf Zugang zur Steuer-Plattform, ohne dass ihm die daf\u00fcr geleistete Verg\u00fctung erstattet wird. Die Buchung eines Dienstleistungs-Termins ist dann nicht mehr m\u00f6glich.<\/p>\n<h3>3. Leistungen der Steuerberatungsgesellschaft<\/h3>\n<p>Der Beratungsvertrag selbst wird ausschlie\u00dflich zwischen dem Mandanten und der Steuerberatungsgesellschaft geschlossen. Er umfasst \u2013 abh\u00e4ngig von der gebuchten Dienstleistung \u2013 folgende Leistungen \u2013 jeweils bezogen auf eine Einkommensteuer-Erkl\u00e4rung und Einnahmen-\u00dcberschuss-Rechnung (E\u00dcR) oder auf eine Grundsteuer-Erkl\u00e4rung:<\/p>\n<p>ProfiCheck:<\/p>\n<ul>\n<li style=\"list-style-type: none\">\n<ul>\n<li style=\"list-style-type: none\">\n<ul>\n<li style=\"list-style-type: none\">\n<ul>\n<li>Steuerliche Beratung des Mandanten per Telefon oder Video-Chat (einschlie\u00dflich Tipps f\u00fcr die optimale Erstattung).<\/li>\n<li>Unterst\u00fctzung des Mandanten bei der korrekten Eingabe seiner Sachverhalte in die Steuersoftware<\/li>\n<\/ul>\n<\/li>\n<\/ul>\n<\/li>\n<\/ul>\n<\/li>\n<\/ul>\n<p>buhl:Berater:<\/p>\n<ul>\n<li style=\"list-style-type: none\">\n<ul>\n<li style=\"list-style-type: none\">\n<ul>\n<li style=\"list-style-type: none\">\n<ul>\n<li>Erstellung der Steuererkl\u00e4rung f\u00fcr den Mandanten<\/li>\n<li>Beantwortung eventueller R\u00fcckfragen des Mandanten und des Finanzamtes<\/li>\n<li>Abgabe der Steuererkl\u00e4rung ans Finanzamt nach vorheriger Freigabe durch den Mandanten<\/li>\n<\/ul>\n<\/li>\n<\/ul>\n<\/li>\n<\/ul>\n<\/li>\n<\/ul>\n<p>Soweit sich aus den Angaben und\/oder Unterlagen des Mandanten steuerliche Sachverhalte ergeben, die von der gebuchten Dienstleistung nicht abgedeckt sind, haben diese Sachverhalte keine Auswirkung auf den vereinbarten Leistungsumfang. Die Steuerberatungsgesellschaft erf\u00fcllt ihre geschuldeten Leistungen, wenn sie diese auf die gebuchte Dienstleistung beschr\u00e4nkt (z.B. wenn sie beim buhl:Berater nur die Eink\u00fcnfte aus nichtselbst\u00e4ndiger T\u00e4tigkeit in der Steuererkl\u00e4rung ber\u00fccksichtigt und die vom gebuchten Leistungsumfang nicht gedeckten Eink\u00fcnfte aus selbst\u00e4ndiger\/freiberuflicher T\u00e4tigkeit unber\u00fccksichtigt l\u00e4sst). Die Steuerberatungsgesellschaft wird dem Mandanten in diesem Fall auf Wunsch die Datei mit der unvollst\u00e4ndigen Steuererkl\u00e4rung zur Verf\u00fcgung stellen. Es steht dem Mandanten frei, die Steuererkl\u00e4rung (mit der erforderlichen kostenpflichtigen Softwarelizenz) selbst zu vervollst\u00e4ndigen und\/oder (soweit verf\u00fcgbar) zus\u00e4tzliche Leistungen mit der Steuerberatungsgesellschaft zu vereinbaren (z.B. ProfiCheck f\u00fcr Unternehmer). Eine Erstattung der Verg\u00fctung f\u00fcr die gebuchte Dienstleistung steht dem Mandanten ausdr\u00fccklich nicht zu.<\/p>\n<h3>4. Vertragsschluss<\/h3>\n<h5>4.1 Vertrag Mandant-Buhl<\/h5>\n<p>F\u00fcr das Zustandekommen des zwischen dem Mandanten und Buhl geschlossenen Vertrages f\u00fcr den Zugang zur Steuer-Plattform gelten die diesbez\u00fcglichen Regelungen der Allgemeinen Gesch\u00e4ftsbedingungen der Buhl Data Service GmbH, abrufbar unter <a href=\"https:\/\/www.buhl.de\/agb\/\">https:\/\/www.buhl.de\/agb\/<\/a>.<\/p>\n<h5>4.2 Vertrag Mandant-Steuerberatungsgesellschaft<\/h5>\n<ul>\n<li style=\"list-style-type: none\">\n<ul>\n<li style=\"list-style-type: none\">\n<ul>\n<li style=\"list-style-type: none\">\n<ul>\n<li>Die Steuerberatungsgesellschaft kann das von dem jeweiligen Mandanten unterbreitete Angebot auf Abschluss eines Beratungsvertrages \u2013 entweder in Textform (z.B. durch verbindliche Zusage des im Online-Shop gebuchten Termins per Best\u00e4tigungs-E-Mail) oder durch Erbringung der Leistungen \u2013 innerhalb von vier Wochen annehmen. Ansonsten gilt das Angebot als abgelehnt.<\/li>\n<li>Im Fall der Annahme kommen der jeweilige Beratungsvertrag und die damit begr\u00fcndete Leistungs- und Haftungsbeziehung jeweils ausschlie\u00dflich zwischen der Steuerberatungsgesellschaft und den Mandanten zustande, d.h. ausschlie\u00dflich die Steuerberatungsgesellschaft erbringt gg\u00fc. den Mandanten die im Beratungsvertrag definierten Leistungen.<\/li>\n<li>Ein verbindlich gebuchter Termin kann vom Mandanten oder der Steuerberatungsgesellschaft bis zu 24 Stunden vorher kostenfrei storniert werden. Bei sp\u00e4terer Stornierung, Nichtwahrnehmung oder Abbruch des Termins seitens des Mandanten wird die vereinbarte Verg\u00fctung vollst\u00e4ndig berechnet.<\/li>\n<li>Der Mandant hat daf\u00fcr Sorge zu tragen, dass der von ihm gebuchte Termin rechtzeitig vor Ablauf etwaiger Abgabe- oder sonstiger Fristen (d.h. insb. nicht erst am Tag des Fristablaufs) anberaumt wird. Au\u00dferdem stellt er sicher, dass s\u00e4mtliche in seinem Fall erforderlichen Dokumente (z.B. Steuerbescheinigungen, Hausgeld-Abrechnungen etc.) zu Beginn der Dienstleistungen digital verf\u00fcgbar sind. Also entweder als PDF auf seinem Endger\u00e4t oder innerhalb von Buhl Steuer-Scan. Etwaige durch eine Versp\u00e4tung resultierende Nachteile (z.B. Versp\u00e4tungszuschl\u00e4ge) gehen sonst allein zu seinen Lasten.<\/li>\n<li>Im \u00dcbrigen gelten f\u00fcr das Zustandekommen des zwischen dem Mandanten und der Steuerberatungsgesellschaft geschlossenen Beratungsvertrages die diesbez\u00fcglichen Regelungen der Allgemeinen Gesch\u00e4ftsbedingungen der Buhl Steuerberatungsgesellschaft mbH, abrufbar unter <a href=\"http:\/\/www.buhl-steuerberatungsgesellschaft.de\/agb\">www.buhl-steuerberatungsgesellschaft.de\/agb<\/a>.<\/li>\n<\/ul>\n<\/li>\n<\/ul>\n<\/li>\n<\/ul>\n<\/li>\n<\/ul>\n<h3>5. Verg\u00fctung<\/h3>\n<h5>5.1 Verg\u00fctung von Buhl<\/h5>\n<p>Der Mandant verg\u00fctet Buhl lediglich den Zugang zur Steuer-Plattform. Die hierzu auf den Produktseiten genannten Preise sind grunds\u00e4tzlich Bruttopreise inklusive der gesetzlichen Umsatzsteuer.<\/p>\n<h5>5.2 Freistellung von den Geb\u00fchren der Steuerberatungsgesellschaft<\/h5>\n<p>Die Verg\u00fctung der Steuerberatungsgesellschaft f\u00fcr die Dienstleistungen richtet sich nach der Steuerberaterverg\u00fctungsverordnung, wobei in Textform eine niedrigere Verg\u00fctung vereinbart werden kann, wenn sie in Anbetracht von Leistung, Verantwortung und Haftung der Steuerberatungsgesellschaft angemessen ist.<\/p>\n<p>Buhl verpflichtet sich gegen\u00fcber dem Mandanten und der Steuerberatungsgesellschaft die Zahlungsverpflichtung des Mandanten f\u00fcr die gebuchte Dienstleistung im Wege der Schuld\u00fcbernahme zu erf\u00fcllen und stellt den Mandanten hiermit insoweit von s\u00e4mtlichen Verg\u00fctungsanspr\u00fcchen der Steuerberatungsgesellschaft frei.<\/p>\n<h3>6. Sonstiges<\/h3>\n<p>Im \u00dcbrigen gelten die Allgemeinen Gesch\u00e4ftsbedingungen der Buhl Data Service GmbH, abrufbar unter <a href=\"https:\/\/www.buhl.de\/agb\/\">https:\/\/www.buhl.de\/agb\/<\/a>, erg\u00e4nzend.<\/div>\n<\/div>\n<div class=\"agb-version\">v1.0.1092<\/div>\n","protected":false},"excerpt":{"rendered":"<p>Allgemein Besondere Gesch\u00e4ftsbedingungen der Buhl Data Service GmbH f\u00fcr den Zugang zur Steuer-Plattform 1. Vertragsgegenstand Gegenstand dieses Vertrages ist die Regelung der Rahmenbedingungen f\u00fcr die Nutzung der Steuer-Plattform. Die Buhl Data Service GmbH (nachfolgend auch Buhl oder wir) bietet auf dieser Steuer-Plattform den Nutzern ihrer Steuersoftware (nachfolgend auch Kunde oder Mandant) die M\u00f6glichkeit, die mit &hellip; <a href=\"https:\/\/www.buhl.de\/rechtliches\/besondere-geschaeftsbedingungen-der-buhl-data-service-gmbh-fuer-den-zugang-zur-proficheck-plattform\/\" class=\"more-link\"><span class=\"screen-reader-text\">\u201eBesondere Gesch\u00e4ftsbedingungen der Buhl Data Service GmbH f\u00fcr den Zugang zur Steuer-Plattform\u201c<\/span> weiterlesen<\/a><\/p>\n","protected":false},"author":71,"featured_media":0,"parent":0,"menu_order":0,"comment_status":"closed","ping_status":"closed","template":"","meta":{"footnotes":""},"class_list":["post-1092","page","type-page","status-publish","hentry"],"yoast_head":"<!-- This site is optimized with the Yoast SEO Premium plugin v27.0 (Yoast SEO v27.0) - https:\/\/yoast.com\/product\/yoast-seo-premium-wordpress\/ -->\n<title>Besondere Gesch\u00e4ftsbedingungen der Buhl Data Service GmbH f\u00fcr den Zugang zur Steuer-Plattform - Buhl Rechtliches<\/title>\n<meta name=\"robots\" content=\"noindex, follow\" \/>\n<meta property=\"og:locale\" content=\"de_DE\" \/>\n<meta property=\"og:type\" content=\"article\" \/>\n<meta property=\"og:title\" content=\"Besondere Gesch\u00e4ftsbedingungen der Buhl Data Service GmbH f\u00fcr den Zugang zur Steuer-Plattform\" \/>\n<meta property=\"og:description\" content=\"Allgemein Besondere Gesch\u00e4ftsbedingungen der Buhl Data Service GmbH f\u00fcr den Zugang zur Steuer-Plattform 1. Vertragsgegenstand Gegenstand dieses Vertrages ist die Regelung der Rahmenbedingungen f\u00fcr die Nutzung der Steuer-Plattform. Die Buhl Data Service GmbH (nachfolgend auch Buhl oder wir) bietet auf dieser Steuer-Plattform den Nutzern ihrer Steuersoftware (nachfolgend auch Kunde oder Mandant) die M\u00f6glichkeit, die mit &hellip; \u201eBesondere Gesch\u00e4ftsbedingungen der Buhl Data Service GmbH f\u00fcr den Zugang zur Steuer-Plattform\u201c weiterlesen\" \/>\n<meta property=\"og:url\" content=\"https:\/\/www.buhl.de\/rechtliches\/besondere-geschaeftsbedingungen-der-buhl-data-service-gmbh-fuer-den-zugang-zur-proficheck-plattform\/\" \/>\n<meta property=\"og:site_name\" content=\"Buhl Rechtliches\" \/>\n<meta name=\"twitter:card\" content=\"summary_large_image\" \/>\n<meta name=\"twitter:label1\" content=\"Gesch\u00e4tzte Lesezeit\" \/>\n\t<meta name=\"twitter:data1\" content=\"5\u00a0Minuten\" \/>\n<script type=\"application\/ld+json\" class=\"yoast-schema-graph\">{\"@context\":\"https:\/\/schema.org\",\"@graph\":[{\"@type\":\"WebPage\",\"@id\":\"https:\/\/www.buhl.de\/rechtliches\/besondere-geschaeftsbedingungen-der-buhl-data-service-gmbh-fuer-den-zugang-zur-proficheck-plattform\/\",\"url\":\"https:\/\/www.buhl.de\/rechtliches\/besondere-geschaeftsbedingungen-der-buhl-data-service-gmbh-fuer-den-zugang-zur-proficheck-plattform\/\",\"name\":\"Besondere Gesch\u00e4ftsbedingungen der Buhl Data Service GmbH f\u00fcr den Zugang zur Steuer-Plattform - Buhl Rechtliches\",\"isPartOf\":{\"@id\":\"https:\/\/www.buhl.de\/rechtliches\/#website\"},\"datePublished\":\"2023-09-12T14:27:45+00:00\",\"breadcrumb\":{\"@id\":\"https:\/\/www.buhl.de\/rechtliches\/besondere-geschaeftsbedingungen-der-buhl-data-service-gmbh-fuer-den-zugang-zur-proficheck-plattform\/#breadcrumb\"},\"inLanguage\":\"de\",\"potentialAction\":[{\"@type\":\"ReadAction\",\"target\":[\"https:\/\/www.buhl.de\/rechtliches\/besondere-geschaeftsbedingungen-der-buhl-data-service-gmbh-fuer-den-zugang-zur-proficheck-plattform\/\"]}]},{\"@type\":\"BreadcrumbList\",\"@id\":\"https:\/\/www.buhl.de\/rechtliches\/besondere-geschaeftsbedingungen-der-buhl-data-service-gmbh-fuer-den-zugang-zur-proficheck-plattform\/#breadcrumb\",\"itemListElement\":[{\"@type\":\"ListItem\",\"position\":1,\"name\":\"Startseite\",\"item\":\"https:\/\/www.buhl.de\/rechtliches\/\"},{\"@type\":\"ListItem\",\"position\":2,\"name\":\"Besondere Gesch\u00e4ftsbedingungen der Buhl Data Service GmbH f\u00fcr den Zugang zur Steuer-Plattform\"}]},{\"@type\":\"WebSite\",\"@id\":\"https:\/\/www.buhl.de\/rechtliches\/#website\",\"url\":\"https:\/\/www.buhl.de\/rechtliches\/\",\"name\":\"Buhl Rechtliches\",\"description\":\"\",\"potentialAction\":[{\"@type\":\"SearchAction\",\"target\":{\"@type\":\"EntryPoint\",\"urlTemplate\":\"https:\/\/www.buhl.de\/rechtliches\/?s={search_term_string}\"},\"query-input\":{\"@type\":\"PropertyValueSpecification\",\"valueRequired\":true,\"valueName\":\"search_term_string\"}}],\"inLanguage\":\"de\"}]}<\/script>\n<!-- \/ Yoast SEO Premium plugin. -->","yoast_head_json":{"title":"Besondere Gesch\u00e4ftsbedingungen der Buhl Data Service GmbH f\u00fcr den Zugang zur Steuer-Plattform - Buhl Rechtliches","robots":{"index":"noindex","follow":"follow"},"og_locale":"de_DE","og_type":"article","og_title":"Besondere Gesch\u00e4ftsbedingungen der Buhl Data Service GmbH f\u00fcr den Zugang zur Steuer-Plattform","og_description":"Allgemein Besondere Gesch\u00e4ftsbedingungen der Buhl Data Service GmbH f\u00fcr den Zugang zur Steuer-Plattform 1. Vertragsgegenstand Gegenstand dieses Vertrages ist die Regelung der Rahmenbedingungen f\u00fcr die Nutzung der Steuer-Plattform. Die Buhl Data Service GmbH (nachfolgend auch Buhl oder wir) bietet auf dieser Steuer-Plattform den Nutzern ihrer Steuersoftware (nachfolgend auch Kunde oder Mandant) die M\u00f6glichkeit, die mit &hellip; \u201eBesondere Gesch\u00e4ftsbedingungen der Buhl Data Service GmbH f\u00fcr den Zugang zur Steuer-Plattform\u201c weiterlesen","og_url":"https:\/\/www.buhl.de\/rechtliches\/besondere-geschaeftsbedingungen-der-buhl-data-service-gmbh-fuer-den-zugang-zur-proficheck-plattform\/","og_site_name":"Buhl Rechtliches","twitter_card":"summary_large_image","twitter_misc":{"Gesch\u00e4tzte Lesezeit":"5\u00a0Minuten"},"schema":{"@context":"https:\/\/schema.org","@graph":[{"@type":"WebPage","@id":"https:\/\/www.buhl.de\/rechtliches\/besondere-geschaeftsbedingungen-der-buhl-data-service-gmbh-fuer-den-zugang-zur-proficheck-plattform\/","url":"https:\/\/www.buhl.de\/rechtliches\/besondere-geschaeftsbedingungen-der-buhl-data-service-gmbh-fuer-den-zugang-zur-proficheck-plattform\/","name":"Besondere Gesch\u00e4ftsbedingungen der Buhl Data Service GmbH f\u00fcr den Zugang zur Steuer-Plattform - Buhl Rechtliches","isPartOf":{"@id":"https:\/\/www.buhl.de\/rechtliches\/#website"},"datePublished":"2023-09-12T14:27:45+00:00","breadcrumb":{"@id":"https:\/\/www.buhl.de\/rechtliches\/besondere-geschaeftsbedingungen-der-buhl-data-service-gmbh-fuer-den-zugang-zur-proficheck-plattform\/#breadcrumb"},"inLanguage":"de","potentialAction":[{"@type":"ReadAction","target":["https:\/\/www.buhl.de\/rechtliches\/besondere-geschaeftsbedingungen-der-buhl-data-service-gmbh-fuer-den-zugang-zur-proficheck-plattform\/"]}]},{"@type":"BreadcrumbList","@id":"https:\/\/www.buhl.de\/rechtliches\/besondere-geschaeftsbedingungen-der-buhl-data-service-gmbh-fuer-den-zugang-zur-proficheck-plattform\/#breadcrumb","itemListElement":[{"@type":"ListItem","position":1,"name":"Startseite","item":"https:\/\/www.buhl.de\/rechtliches\/"},{"@type":"ListItem","position":2,"name":"Besondere Gesch\u00e4ftsbedingungen der Buhl Data Service GmbH f\u00fcr den Zugang zur Steuer-Plattform"}]},{"@type":"WebSite","@id":"https:\/\/www.buhl.de\/rechtliches\/#website","url":"https:\/\/www.buhl.de\/rechtliches\/","name":"Buhl Rechtliches","description":"","potentialAction":[{"@type":"SearchAction","target":{"@type":"EntryPoint","urlTemplate":"https:\/\/www.buhl.de\/rechtliches\/?s={search_term_string}"},"query-input":{"@type":"PropertyValueSpecification","valueRequired":true,"valueName":"search_term_string"}}],"inLanguage":"de"}]}},"_links":{"self":[{"href":"https:\/\/www.buhl.de\/rechtliches\/wp-json\/wp\/v2\/pages\/1092","targetHints":{"allow":["GET"]}}],"collection":[{"href":"https:\/\/www.buhl.de\/rechtliches\/wp-json\/wp\/v2\/pages"}],"about":[{"href":"https:\/\/www.buhl.de\/rechtliches\/wp-json\/wp\/v2\/types\/page"}],"author":[{"embeddable":true,"href":"https:\/\/www.buhl.de\/rechtliches\/wp-json\/wp\/v2\/users\/71"}],"replies":[{"embeddable":true,"href":"https:\/\/www.buhl.de\/rechtliches\/wp-json\/wp\/v2\/comments?post=1092"}],"version-history":[{"count":0,"href":"https:\/\/www.buhl.de\/rechtliches\/wp-json\/wp\/v2\/pages\/1092\/revisions"}],"wp:attachment":[{"href":"https:\/\/www.buhl.de\/rechtliches\/wp-json\/wp\/v2\/media?parent=1092"}],"curies":[{"name":"wp","href":"https:\/\/api.w.org\/{rel}","templated":true}]}}