{"id":10053,"date":"2021-10-05T13:05:06","date_gmt":"2021-10-05T11:05:06","guid":{"rendered":"https:\/\/www.buhl.de\/steuer\/?page_id=10053"},"modified":"2026-04-20T19:53:19","modified_gmt":"2026-04-20T17:53:19","slug":"wiso-steuer-app","status":"publish","type":"page","link":"https:\/\/www.buhl.de\/steuer\/wiso-steuer-app\/","title":{"rendered":"WISO Steuer App"},"content":{"rendered":"","protected":false},"excerpt":{"rendered":"","protected":false},"author":27,"featured_media":0,"parent":0,"menu_order":0,"comment_status":"closed","ping_status":"closed","template":"templates\/acf-default-template.php","meta":{"_acf_changed":false,"footnotes":""},"categories":[2845],"tags":[],"class_list":["post-10053","page","type-page","status-publish","hentry","category-search"],"yoast_head":"<!-- This site is optimized with the Yoast SEO Premium plugin v27.4 (Yoast SEO v27.5) - https:\/\/yoast.com\/product\/yoast-seo-premium-wordpress\/ -->\n<title>Beste App f\u00fcr Steuererkl\u00e4rung: WISO Steuer<\/title>\n<meta name=\"description\" content=\"Mit der WISO Steuer App erledigst du die Steuererkl\u00e4rung einfach und schnell \u2013 direkt auf Smartphone oder Tablet \u2708\ufe0f Verf\u00fcgbar im App Store und Google Play \u27a1\ufe0f Jetzt testen!\" \/>\n<meta name=\"robots\" content=\"index, follow, max-snippet:-1, max-image-preview:large, max-video-preview:-1\" \/>\n<link rel=\"canonical\" href=\"https:\/\/www.buhl.de\/steuer\/wiso-steuer-app\/\" \/>\n<meta property=\"og:locale\" content=\"de_DE\" \/>\n<meta property=\"og:type\" content=\"article\" \/>\n<meta property=\"og:title\" content=\"WISO Steuer App\" \/>\n<meta property=\"og:description\" content=\"Mit der WISO Steuer App erledigst du die Steuererkl\u00e4rung einfach und schnell \u2013 direkt auf Smartphone oder Tablet \u2708\ufe0f Verf\u00fcgbar im App Store und Google Play \u27a1\ufe0f Jetzt testen!\" \/>\n<meta property=\"og:url\" content=\"https:\/\/www.buhl.de\/steuer\/wiso-steuer-app\/\" \/>\n<meta property=\"og:site_name\" content=\"WISO Steuer: Nr.1 App f\u00fcr die Steuererkl\u00e4rung\" \/>\n<meta property=\"article:modified_time\" content=\"2026-04-20T17:53:19+00:00\" \/>\n<meta name=\"twitter:card\" content=\"summary_large_image\" \/>\n<script type=\"application\/ld+json\" class=\"yoast-schema-graph\">{\"@context\":\"https:\\\/\\\/schema.org\",\"@graph\":[{\"@type\":\"WebPage\",\"@id\":\"https:\\\/\\\/www.buhl.de\\\/steuer\\\/wiso-steuer-app\\\/\",\"url\":\"https:\\\/\\\/www.buhl.de\\\/steuer\\\/wiso-steuer-app\\\/\",\"name\":\"Beste App f\u00fcr Steuererkl\u00e4rung: WISO Steuer\",\"isPartOf\":{\"@id\":\"https:\\\/\\\/www.buhl.de\\\/steuer\\\/#website\"},\"datePublished\":\"2021-10-05T11:05:06+00:00\",\"dateModified\":\"2026-04-20T17:53:19+00:00\",\"description\":\"Mit der WISO Steuer App erledigst du die Steuererkl\u00e4rung einfach und schnell \u2013 direkt auf Smartphone oder Tablet \u2708\ufe0f Verf\u00fcgbar im App Store und Google Play \u27a1\ufe0f Jetzt testen!\",\"breadcrumb\":{\"@id\":\"https:\\\/\\\/www.buhl.de\\\/steuer\\\/wiso-steuer-app\\\/#breadcrumb\"},\"inLanguage\":\"de\",\"potentialAction\":[{\"@type\":\"ReadAction\",\"target\":[\"https:\\\/\\\/www.buhl.de\\\/steuer\\\/wiso-steuer-app\\\/\"]}]},{\"@type\":\"BreadcrumbList\",\"@id\":\"https:\\\/\\\/www.buhl.de\\\/steuer\\\/wiso-steuer-app\\\/#breadcrumb\",\"itemListElement\":[{\"@type\":\"ListItem\",\"position\":1,\"name\":\"Steuererkl\u00e4rung\",\"item\":\"https:\\\/\\\/www.buhl.de\\\/steuer\\\/\"},{\"@type\":\"ListItem\",\"position\":2,\"name\":\"WISO Steuer App\"}]},{\"@type\":\"WebSite\",\"@id\":\"https:\\\/\\\/www.buhl.de\\\/steuer\\\/#website\",\"url\":\"https:\\\/\\\/www.buhl.de\\\/steuer\\\/\",\"name\":\"WISO Steuer: Nr. 1 Steuer-App\",\"description\":\"\",\"publisher\":{\"@id\":\"https:\\\/\\\/www.buhl.de\\\/steuer\\\/#organization\"},\"potentialAction\":[{\"@type\":\"SearchAction\",\"target\":{\"@type\":\"EntryPoint\",\"urlTemplate\":\"https:\\\/\\\/www.buhl.de\\\/steuer\\\/?s={search_term_string}\"},\"query-input\":{\"@type\":\"PropertyValueSpecification\",\"valueRequired\":true,\"valueName\":\"search_term_string\"}}],\"inLanguage\":\"de\"},{\"@type\":\"Organization\",\"@id\":\"https:\\\/\\\/www.buhl.de\\\/steuer\\\/#organization\",\"name\":\"WISO Steuer | Buhl Data Service GmbH\",\"url\":\"https:\\\/\\\/www.buhl.de\\\/steuer\\\/\",\"logo\":{\"@type\":\"ImageObject\",\"inLanguage\":\"de\",\"@id\":\"https:\\\/\\\/www.buhl.de\\\/steuer\\\/#\\\/schema\\\/logo\\\/image\\\/\",\"url\":\"https:\\\/\\\/www.buhl.de\\\/steuer\\\/wp-content\\\/uploads\\\/sites\\\/31\\\/2026\\\/02\\\/logo-wiso-steuer-app.svg\",\"contentUrl\":\"https:\\\/\\\/www.buhl.de\\\/steuer\\\/wp-content\\\/uploads\\\/sites\\\/31\\\/2026\\\/02\\\/logo-wiso-steuer-app.svg\",\"width\":375,\"height\":72,\"caption\":\"WISO Steuer | Buhl Data Service GmbH\"},\"image\":{\"@id\":\"https:\\\/\\\/www.buhl.de\\\/steuer\\\/#\\\/schema\\\/logo\\\/image\\\/\"}}]}<\/script>\n<!-- \/ Yoast SEO Premium plugin. -->","yoast_head_json":{"title":"Beste App f\u00fcr Steuererkl\u00e4rung: WISO Steuer","description":"Mit der WISO Steuer App erledigst du die Steuererkl\u00e4rung einfach und schnell \u2013 direkt auf Smartphone oder Tablet \u2708\ufe0f Verf\u00fcgbar im App Store und Google Play \u27a1\ufe0f Jetzt testen!","robots":{"index":"index","follow":"follow","max-snippet":"max-snippet:-1","max-image-preview":"max-image-preview:large","max-video-preview":"max-video-preview:-1"},"canonical":"https:\/\/www.buhl.de\/steuer\/wiso-steuer-app\/","og_locale":"de_DE","og_type":"article","og_title":"WISO Steuer App","og_description":"Mit der WISO Steuer App erledigst du die Steuererkl\u00e4rung einfach und schnell \u2013 direkt auf Smartphone oder Tablet \u2708\ufe0f Verf\u00fcgbar im App Store und Google Play \u27a1\ufe0f Jetzt testen!","og_url":"https:\/\/www.buhl.de\/steuer\/wiso-steuer-app\/","og_site_name":"WISO Steuer: Nr.1 App f\u00fcr die Steuererkl\u00e4rung","article_modified_time":"2026-04-20T17:53:19+00:00","twitter_card":"summary_large_image","schema":{"@context":"https:\/\/schema.org","@graph":[{"@type":"WebPage","@id":"https:\/\/www.buhl.de\/steuer\/wiso-steuer-app\/","url":"https:\/\/www.buhl.de\/steuer\/wiso-steuer-app\/","name":"Beste App f\u00fcr Steuererkl\u00e4rung: WISO Steuer","isPartOf":{"@id":"https:\/\/www.buhl.de\/steuer\/#website"},"datePublished":"2021-10-05T11:05:06+00:00","dateModified":"2026-04-20T17:53:19+00:00","description":"Mit der WISO Steuer App erledigst du die Steuererkl\u00e4rung einfach und schnell \u2013 direkt auf Smartphone oder Tablet \u2708\ufe0f Verf\u00fcgbar im App Store und Google Play \u27a1\ufe0f Jetzt testen!","breadcrumb":{"@id":"https:\/\/www.buhl.de\/steuer\/wiso-steuer-app\/#breadcrumb"},"inLanguage":"de","potentialAction":[{"@type":"ReadAction","target":["https:\/\/www.buhl.de\/steuer\/wiso-steuer-app\/"]}]},{"@type":"BreadcrumbList","@id":"https:\/\/www.buhl.de\/steuer\/wiso-steuer-app\/#breadcrumb","itemListElement":[{"@type":"ListItem","position":1,"name":"Steuererkl\u00e4rung","item":"https:\/\/www.buhl.de\/steuer\/"},{"@type":"ListItem","position":2,"name":"WISO Steuer App"}]},{"@type":"WebSite","@id":"https:\/\/www.buhl.de\/steuer\/#website","url":"https:\/\/www.buhl.de\/steuer\/","name":"WISO Steuer: Nr. 1 Steuer-App","description":"","publisher":{"@id":"https:\/\/www.buhl.de\/steuer\/#organization"},"potentialAction":[{"@type":"SearchAction","target":{"@type":"EntryPoint","urlTemplate":"https:\/\/www.buhl.de\/steuer\/?s={search_term_string}"},"query-input":{"@type":"PropertyValueSpecification","valueRequired":true,"valueName":"search_term_string"}}],"inLanguage":"de"},{"@type":"Organization","@id":"https:\/\/www.buhl.de\/steuer\/#organization","name":"WISO Steuer | Buhl Data Service GmbH","url":"https:\/\/www.buhl.de\/steuer\/","logo":{"@type":"ImageObject","inLanguage":"de","@id":"https:\/\/www.buhl.de\/steuer\/#\/schema\/logo\/image\/","url":"https:\/\/www.buhl.de\/steuer\/wp-content\/uploads\/sites\/31\/2026\/02\/logo-wiso-steuer-app.svg","contentUrl":"https:\/\/www.buhl.de\/steuer\/wp-content\/uploads\/sites\/31\/2026\/02\/logo-wiso-steuer-app.svg","width":375,"height":72,"caption":"WISO Steuer | Buhl Data Service GmbH"},"image":{"@id":"https:\/\/www.buhl.de\/steuer\/#\/schema\/logo\/image\/"}}]}},"acf":[],"wps_subtitle":"","_links":{"self":[{"href":"https:\/\/www.buhl.de\/steuer\/wp-json\/wp\/v2\/pages\/10053","targetHints":{"allow":["GET"]}}],"collection":[{"href":"https:\/\/www.buhl.de\/steuer\/wp-json\/wp\/v2\/pages"}],"about":[{"href":"https:\/\/www.buhl.de\/steuer\/wp-json\/wp\/v2\/types\/page"}],"author":[{"embeddable":true,"href":"https:\/\/www.buhl.de\/steuer\/wp-json\/wp\/v2\/users\/27"}],"replies":[{"embeddable":true,"href":"https:\/\/www.buhl.de\/steuer\/wp-json\/wp\/v2\/comments?post=10053"}],"version-history":[{"count":21,"href":"https:\/\/www.buhl.de\/steuer\/wp-json\/wp\/v2\/pages\/10053\/revisions"}],"predecessor-version":[{"id":83583,"href":"https:\/\/www.buhl.de\/steuer\/wp-json\/wp\/v2\/pages\/10053\/revisions\/83583"}],"wp:attachment":[{"href":"https:\/\/www.buhl.de\/steuer\/wp-json\/wp\/v2\/media?parent=10053"}],"wp:term":[{"taxonomy":"category","embeddable":true,"href":"https:\/\/www.buhl.de\/steuer\/wp-json\/wp\/v2\/categories?post=10053"},{"taxonomy":"post_tag","embeddable":true,"href":"https:\/\/www.buhl.de\/steuer\/wp-json\/wp\/v2\/tags?post=10053"}],"curies":[{"name":"wp","href":"https:\/\/api.w.org\/{rel}","templated":true}]}}