{"id":10231,"date":"2021-09-17T15:02:22","date_gmt":"2021-09-17T13:02:22","guid":{"rendered":"https:\/\/www.buhl.de\/steuer\/?page_id=10231"},"modified":"2022-10-27T14:49:53","modified_gmt":"2022-10-27T12:49:53","slug":"steuer-2019","status":"publish","type":"page","link":"https:\/\/www.buhl.de\/steuer\/jahr\/steuer-2019\/","title":{"rendered":"Steuererk\u00e4rung 2019"},"content":{"rendered":"","protected":false},"excerpt":{"rendered":"","protected":false},"author":128,"featured_media":0,"parent":10045,"menu_order":0,"comment_status":"closed","ping_status":"closed","template":"buhl-steuer\/page-steuerjahr-19-2022.php","meta":{"_acf_changed":false,"footnotes":""},"categories":[2845],"tags":[],"class_list":["post-10231","page","type-page","status-publish","hentry","category-search"],"yoast_head":"<!-- This site is optimized with the Yoast SEO Premium plugin v27.0 (Yoast SEO v27.0) - https:\/\/yoast.com\/product\/yoast-seo-premium-wordpress\/ -->\n<title>Steuererkl\u00e4rung 2019: Erstattung sichern mit WISO Steuer!<\/title>\n<meta name=\"description\" content=\"Steuererkl\u00e4rung 2019 noch nicht erledigt? WISO Steuer hilft dir \ud83d\udc49 Starte jetzt und hol dir dein Geld f\u00fcr das Steuerjahr 2019 vom Finanzamt zur\u00fcck!\" \/>\n<meta name=\"robots\" content=\"index, follow, max-snippet:-1, max-image-preview:large, max-video-preview:-1\" \/>\n<link rel=\"canonical\" href=\"https:\/\/www.buhl.de\/steuer\/jahr\/steuer-2019\/\" \/>\n<meta property=\"og:locale\" content=\"de_DE\" \/>\n<meta property=\"og:type\" content=\"article\" \/>\n<meta property=\"og:title\" content=\"Steuererk\u00e4rung 2019\" \/>\n<meta property=\"og:description\" content=\"Steuererkl\u00e4rung 2019 noch nicht erledigt? WISO Steuer hilft dir \ud83d\udc49 Starte jetzt und hol dir dein Geld f\u00fcr das Steuerjahr 2019 vom Finanzamt zur\u00fcck!\" \/>\n<meta property=\"og:url\" content=\"https:\/\/www.buhl.de\/steuer\/jahr\/steuer-2019\/\" \/>\n<meta property=\"og:site_name\" content=\"WISO Steuer: Nr.1 App f\u00fcr die Steuererkl\u00e4rung\" \/>\n<meta property=\"article:modified_time\" content=\"2022-10-27T12:49:53+00:00\" \/>\n<meta name=\"twitter:card\" content=\"summary_large_image\" \/>\n<meta name=\"twitter:label1\" content=\"Gesch\u00e4tzte Lesezeit\" \/>\n\t<meta name=\"twitter:data1\" content=\"11\u00a0Minuten\" \/>\n<script type=\"application\/ld+json\" class=\"yoast-schema-graph\">{\"@context\":\"https:\/\/schema.org\",\"@graph\":[{\"@type\":\"WebPage\",\"@id\":\"https:\/\/www.buhl.de\/steuer\/jahr\/steuer-2019\/\",\"url\":\"https:\/\/www.buhl.de\/steuer\/jahr\/steuer-2019\/\",\"name\":\"Steuererkl\u00e4rung 2019: Erstattung sichern mit WISO Steuer!\",\"isPartOf\":{\"@id\":\"https:\/\/www.buhl.de\/steuer\/#website\"},\"datePublished\":\"2021-09-17T13:02:22+00:00\",\"dateModified\":\"2022-10-27T12:49:53+00:00\",\"description\":\"Steuererkl\u00e4rung 2019 noch nicht erledigt? WISO Steuer hilft dir \ud83d\udc49 Starte jetzt und hol dir dein Geld f\u00fcr das Steuerjahr 2019 vom Finanzamt zur\u00fcck!\",\"breadcrumb\":{\"@id\":\"https:\/\/www.buhl.de\/steuer\/jahr\/steuer-2019\/#breadcrumb\"},\"inLanguage\":\"de\",\"potentialAction\":[{\"@type\":\"ReadAction\",\"target\":[\"https:\/\/www.buhl.de\/steuer\/jahr\/steuer-2019\/\"]}]},{\"@type\":\"BreadcrumbList\",\"@id\":\"https:\/\/www.buhl.de\/steuer\/jahr\/steuer-2019\/#breadcrumb\",\"itemListElement\":[{\"@type\":\"ListItem\",\"position\":1,\"name\":\"Steuererkl\u00e4rung\",\"item\":\"https:\/\/www.buhl.de\/steuer\/\"},{\"@type\":\"ListItem\",\"position\":2,\"name\":\"Steuerjahr\",\"item\":\"https:\/\/www.buhl.de\/steuer\/jahr\/\"},{\"@type\":\"ListItem\",\"position\":3,\"name\":\"Steuererk\u00e4rung 2019\"}]},{\"@type\":\"WebSite\",\"@id\":\"https:\/\/www.buhl.de\/steuer\/#website\",\"url\":\"https:\/\/www.buhl.de\/steuer\/\",\"name\":\"WISO Steuer: Nr. 1 Steuer-App\",\"description\":\"\",\"publisher\":{\"@id\":\"https:\/\/www.buhl.de\/steuer\/#organization\"},\"potentialAction\":[{\"@type\":\"SearchAction\",\"target\":{\"@type\":\"EntryPoint\",\"urlTemplate\":\"https:\/\/www.buhl.de\/steuer\/?s={search_term_string}\"},\"query-input\":{\"@type\":\"PropertyValueSpecification\",\"valueRequired\":true,\"valueName\":\"search_term_string\"}}],\"inLanguage\":\"de\"},{\"@type\":\"Organization\",\"@id\":\"https:\/\/www.buhl.de\/steuer\/#organization\",\"name\":\"WISO Steuer | Buhl Data Service GmbH\",\"url\":\"https:\/\/www.buhl.de\/steuer\/\",\"logo\":{\"@type\":\"ImageObject\",\"inLanguage\":\"de\",\"@id\":\"https:\/\/www.buhl.de\/steuer\/#\/schema\/logo\/image\/\",\"url\":\"https:\/\/www.buhl.de\/steuer\/wp-content\/uploads\/sites\/31\/2026\/02\/logo-wiso-steuer-app.svg\",\"contentUrl\":\"https:\/\/www.buhl.de\/steuer\/wp-content\/uploads\/sites\/31\/2026\/02\/logo-wiso-steuer-app.svg\",\"width\":375,\"height\":72,\"caption\":\"WISO Steuer | Buhl Data Service GmbH\"},\"image\":{\"@id\":\"https:\/\/www.buhl.de\/steuer\/#\/schema\/logo\/image\/\"}}]}<\/script>\n<!-- \/ Yoast SEO Premium plugin. -->","yoast_head_json":{"title":"Steuererkl\u00e4rung 2019: Erstattung sichern mit WISO Steuer!","description":"Steuererkl\u00e4rung 2019 noch nicht erledigt? WISO Steuer hilft dir \ud83d\udc49 Starte jetzt und hol dir dein Geld f\u00fcr das Steuerjahr 2019 vom Finanzamt zur\u00fcck!","robots":{"index":"index","follow":"follow","max-snippet":"max-snippet:-1","max-image-preview":"max-image-preview:large","max-video-preview":"max-video-preview:-1"},"canonical":"https:\/\/www.buhl.de\/steuer\/jahr\/steuer-2019\/","og_locale":"de_DE","og_type":"article","og_title":"Steuererk\u00e4rung 2019","og_description":"Steuererkl\u00e4rung 2019 noch nicht erledigt? WISO Steuer hilft dir \ud83d\udc49 Starte jetzt und hol dir dein Geld f\u00fcr das Steuerjahr 2019 vom Finanzamt zur\u00fcck!","og_url":"https:\/\/www.buhl.de\/steuer\/jahr\/steuer-2019\/","og_site_name":"WISO Steuer: Nr.1 App f\u00fcr die Steuererkl\u00e4rung","article_modified_time":"2022-10-27T12:49:53+00:00","twitter_card":"summary_large_image","twitter_misc":{"Gesch\u00e4tzte Lesezeit":"11\u00a0Minuten"},"schema":{"@context":"https:\/\/schema.org","@graph":[{"@type":"WebPage","@id":"https:\/\/www.buhl.de\/steuer\/jahr\/steuer-2019\/","url":"https:\/\/www.buhl.de\/steuer\/jahr\/steuer-2019\/","name":"Steuererkl\u00e4rung 2019: Erstattung sichern mit WISO Steuer!","isPartOf":{"@id":"https:\/\/www.buhl.de\/steuer\/#website"},"datePublished":"2021-09-17T13:02:22+00:00","dateModified":"2022-10-27T12:49:53+00:00","description":"Steuererkl\u00e4rung 2019 noch nicht erledigt? WISO Steuer hilft dir \ud83d\udc49 Starte jetzt und hol dir dein Geld f\u00fcr das Steuerjahr 2019 vom Finanzamt zur\u00fcck!","breadcrumb":{"@id":"https:\/\/www.buhl.de\/steuer\/jahr\/steuer-2019\/#breadcrumb"},"inLanguage":"de","potentialAction":[{"@type":"ReadAction","target":["https:\/\/www.buhl.de\/steuer\/jahr\/steuer-2019\/"]}]},{"@type":"BreadcrumbList","@id":"https:\/\/www.buhl.de\/steuer\/jahr\/steuer-2019\/#breadcrumb","itemListElement":[{"@type":"ListItem","position":1,"name":"Steuererkl\u00e4rung","item":"https:\/\/www.buhl.de\/steuer\/"},{"@type":"ListItem","position":2,"name":"Steuerjahr","item":"https:\/\/www.buhl.de\/steuer\/jahr\/"},{"@type":"ListItem","position":3,"name":"Steuererk\u00e4rung 2019"}]},{"@type":"WebSite","@id":"https:\/\/www.buhl.de\/steuer\/#website","url":"https:\/\/www.buhl.de\/steuer\/","name":"WISO Steuer: Nr. 1 Steuer-App","description":"","publisher":{"@id":"https:\/\/www.buhl.de\/steuer\/#organization"},"potentialAction":[{"@type":"SearchAction","target":{"@type":"EntryPoint","urlTemplate":"https:\/\/www.buhl.de\/steuer\/?s={search_term_string}"},"query-input":{"@type":"PropertyValueSpecification","valueRequired":true,"valueName":"search_term_string"}}],"inLanguage":"de"},{"@type":"Organization","@id":"https:\/\/www.buhl.de\/steuer\/#organization","name":"WISO Steuer | Buhl Data Service GmbH","url":"https:\/\/www.buhl.de\/steuer\/","logo":{"@type":"ImageObject","inLanguage":"de","@id":"https:\/\/www.buhl.de\/steuer\/#\/schema\/logo\/image\/","url":"https:\/\/www.buhl.de\/steuer\/wp-content\/uploads\/sites\/31\/2026\/02\/logo-wiso-steuer-app.svg","contentUrl":"https:\/\/www.buhl.de\/steuer\/wp-content\/uploads\/sites\/31\/2026\/02\/logo-wiso-steuer-app.svg","width":375,"height":72,"caption":"WISO Steuer | Buhl Data Service GmbH"},"image":{"@id":"https:\/\/www.buhl.de\/steuer\/#\/schema\/logo\/image\/"}}]}},"acf":[],"wps_subtitle":"","_links":{"self":[{"href":"https:\/\/www.buhl.de\/steuer\/wp-json\/wp\/v2\/pages\/10231","targetHints":{"allow":["GET"]}}],"collection":[{"href":"https:\/\/www.buhl.de\/steuer\/wp-json\/wp\/v2\/pages"}],"about":[{"href":"https:\/\/www.buhl.de\/steuer\/wp-json\/wp\/v2\/types\/page"}],"author":[{"embeddable":true,"href":"https:\/\/www.buhl.de\/steuer\/wp-json\/wp\/v2\/users\/128"}],"replies":[{"embeddable":true,"href":"https:\/\/www.buhl.de\/steuer\/wp-json\/wp\/v2\/comments?post=10231"}],"version-history":[{"count":70,"href":"https:\/\/www.buhl.de\/steuer\/wp-json\/wp\/v2\/pages\/10231\/revisions"}],"predecessor-version":[{"id":54862,"href":"https:\/\/www.buhl.de\/steuer\/wp-json\/wp\/v2\/pages\/10231\/revisions\/54862"}],"up":[{"embeddable":true,"href":"https:\/\/www.buhl.de\/steuer\/wp-json\/wp\/v2\/pages\/10045"}],"wp:attachment":[{"href":"https:\/\/www.buhl.de\/steuer\/wp-json\/wp\/v2\/media?parent=10231"}],"wp:term":[{"taxonomy":"category","embeddable":true,"href":"https:\/\/www.buhl.de\/steuer\/wp-json\/wp\/v2\/categories?post=10231"},{"taxonomy":"post_tag","embeddable":true,"href":"https:\/\/www.buhl.de\/steuer\/wp-json\/wp\/v2\/tags?post=10231"}],"curies":[{"name":"wp","href":"https:\/\/api.w.org\/{rel}","templated":true}]}}