{"id":2048,"date":"2017-04-25T11:48:21","date_gmt":"2017-04-25T09:48:21","guid":{"rendered":"http:\/\/www.buhl.de\/steuer-web\/?page_id=2048"},"modified":"2026-02-03T14:13:11","modified_gmt":"2026-02-03T13:13:11","slug":"identifizierung","status":"publish","type":"page","link":"https:\/\/www.buhl.de\/steuer\/identifizierung\/","title":{"rendered":"Identifizierung"},"content":{"rendered":"<h2>Identifizierung abgeschlossen<\/h2>\n<p>Vielen Dank! Die Identifizierung per POSTIDENT ist abgeschlossen. Bitte schlie\u00dfen Sie dieses Fenster, um zu steuer:Web zur\u00fcckzukehren.<\/p>\n","protected":false},"excerpt":{"rendered":"<p>Identifizierung abgeschlossen Vielen Dank! Die Identifizierung per POSTIDENT ist abgeschlossen. Bitte schlie\u00dfen Sie dieses Fenster, um zu steuer:Web zur\u00fcckzukehren.<\/p>\n","protected":false},"author":27,"featured_media":0,"parent":0,"menu_order":0,"comment_status":"closed","ping_status":"closed","template":"buhl-steuer\/page-identifizierungserfolg-2022.php","meta":{"_acf_changed":false,"footnotes":""},"categories":[2844],"tags":[],"class_list":["post-2048","page","type-page","status-publish","hentry","category-nosearch"],"yoast_head":"<!-- This site is optimized with the Yoast SEO Premium plugin v27.0 (Yoast SEO v27.0) - https:\/\/yoast.com\/product\/yoast-seo-premium-wordpress\/ -->\n<title>Identifizierung<\/title>\n<meta name=\"robots\" content=\"noindex, follow\" \/>\n<meta property=\"og:locale\" content=\"de_DE\" \/>\n<meta property=\"og:type\" content=\"article\" \/>\n<meta property=\"og:title\" content=\"Identifizierung\" \/>\n<meta property=\"og:description\" content=\"Identifizierung abgeschlossen Vielen Dank! Die Identifizierung per POSTIDENT ist abgeschlossen. Bitte schlie\u00dfen Sie dieses Fenster, um zu steuer:Web zur\u00fcckzukehren.\" \/>\n<meta property=\"og:url\" content=\"https:\/\/www.buhl.de\/steuer\/identifizierung\/\" \/>\n<meta property=\"og:site_name\" content=\"WISO Steuer: Nr.1 App f\u00fcr die Steuererkl\u00e4rung\" \/>\n<meta property=\"article:modified_time\" content=\"2026-02-03T13:13:11+00:00\" \/>\n<meta name=\"twitter:card\" content=\"summary_large_image\" \/>\n<meta name=\"twitter:label1\" content=\"Gesch\u00e4tzte Lesezeit\" \/>\n\t<meta name=\"twitter:data1\" content=\"1\u00a0Minute\" \/>\n<script type=\"application\/ld+json\" class=\"yoast-schema-graph\">{\"@context\":\"https:\/\/schema.org\",\"@graph\":[{\"@type\":\"WebPage\",\"@id\":\"https:\/\/www.buhl.de\/steuer\/identifizierung\/\",\"url\":\"https:\/\/www.buhl.de\/steuer\/identifizierung\/\",\"name\":\"Identifizierung\",\"isPartOf\":{\"@id\":\"https:\/\/www.buhl.de\/steuer\/#website\"},\"datePublished\":\"2017-04-25T09:48:21+00:00\",\"dateModified\":\"2026-02-03T13:13:11+00:00\",\"breadcrumb\":{\"@id\":\"https:\/\/www.buhl.de\/steuer\/identifizierung\/#breadcrumb\"},\"inLanguage\":\"de\",\"potentialAction\":[{\"@type\":\"ReadAction\",\"target\":[\"https:\/\/www.buhl.de\/steuer\/identifizierung\/\"]}]},{\"@type\":\"BreadcrumbList\",\"@id\":\"https:\/\/www.buhl.de\/steuer\/identifizierung\/#breadcrumb\",\"itemListElement\":[{\"@type\":\"ListItem\",\"position\":1,\"name\":\"Steuererkl\u00e4rung\",\"item\":\"https:\/\/www.buhl.de\/steuer\/\"},{\"@type\":\"ListItem\",\"position\":2,\"name\":\"Identifizierung\"}]},{\"@type\":\"WebSite\",\"@id\":\"https:\/\/www.buhl.de\/steuer\/#website\",\"url\":\"https:\/\/www.buhl.de\/steuer\/\",\"name\":\"WISO Steuer: Nr. 1 Steuer-App\",\"description\":\"\",\"publisher\":{\"@id\":\"https:\/\/www.buhl.de\/steuer\/#organization\"},\"potentialAction\":[{\"@type\":\"SearchAction\",\"target\":{\"@type\":\"EntryPoint\",\"urlTemplate\":\"https:\/\/www.buhl.de\/steuer\/?s={search_term_string}\"},\"query-input\":{\"@type\":\"PropertyValueSpecification\",\"valueRequired\":true,\"valueName\":\"search_term_string\"}}],\"inLanguage\":\"de\"},{\"@type\":\"Organization\",\"@id\":\"https:\/\/www.buhl.de\/steuer\/#organization\",\"name\":\"WISO Steuer | Buhl Data Service GmbH\",\"url\":\"https:\/\/www.buhl.de\/steuer\/\",\"logo\":{\"@type\":\"ImageObject\",\"inLanguage\":\"de\",\"@id\":\"https:\/\/www.buhl.de\/steuer\/#\/schema\/logo\/image\/\",\"url\":\"https:\/\/www.buhl.de\/steuer\/wp-content\/uploads\/sites\/31\/2026\/02\/logo-wiso-steuer-app.svg\",\"contentUrl\":\"https:\/\/www.buhl.de\/steuer\/wp-content\/uploads\/sites\/31\/2026\/02\/logo-wiso-steuer-app.svg\",\"width\":375,\"height\":72,\"caption\":\"WISO Steuer | Buhl Data Service GmbH\"},\"image\":{\"@id\":\"https:\/\/www.buhl.de\/steuer\/#\/schema\/logo\/image\/\"}}]}<\/script>\n<!-- \/ Yoast SEO Premium plugin. -->","yoast_head_json":{"title":"Identifizierung","robots":{"index":"noindex","follow":"follow"},"og_locale":"de_DE","og_type":"article","og_title":"Identifizierung","og_description":"Identifizierung abgeschlossen Vielen Dank! Die Identifizierung per POSTIDENT ist abgeschlossen. Bitte schlie\u00dfen Sie dieses Fenster, um zu steuer:Web zur\u00fcckzukehren.","og_url":"https:\/\/www.buhl.de\/steuer\/identifizierung\/","og_site_name":"WISO Steuer: Nr.1 App f\u00fcr die Steuererkl\u00e4rung","article_modified_time":"2026-02-03T13:13:11+00:00","twitter_card":"summary_large_image","twitter_misc":{"Gesch\u00e4tzte Lesezeit":"1\u00a0Minute"},"schema":{"@context":"https:\/\/schema.org","@graph":[{"@type":"WebPage","@id":"https:\/\/www.buhl.de\/steuer\/identifizierung\/","url":"https:\/\/www.buhl.de\/steuer\/identifizierung\/","name":"Identifizierung","isPartOf":{"@id":"https:\/\/www.buhl.de\/steuer\/#website"},"datePublished":"2017-04-25T09:48:21+00:00","dateModified":"2026-02-03T13:13:11+00:00","breadcrumb":{"@id":"https:\/\/www.buhl.de\/steuer\/identifizierung\/#breadcrumb"},"inLanguage":"de","potentialAction":[{"@type":"ReadAction","target":["https:\/\/www.buhl.de\/steuer\/identifizierung\/"]}]},{"@type":"BreadcrumbList","@id":"https:\/\/www.buhl.de\/steuer\/identifizierung\/#breadcrumb","itemListElement":[{"@type":"ListItem","position":1,"name":"Steuererkl\u00e4rung","item":"https:\/\/www.buhl.de\/steuer\/"},{"@type":"ListItem","position":2,"name":"Identifizierung"}]},{"@type":"WebSite","@id":"https:\/\/www.buhl.de\/steuer\/#website","url":"https:\/\/www.buhl.de\/steuer\/","name":"WISO Steuer: Nr. 1 Steuer-App","description":"","publisher":{"@id":"https:\/\/www.buhl.de\/steuer\/#organization"},"potentialAction":[{"@type":"SearchAction","target":{"@type":"EntryPoint","urlTemplate":"https:\/\/www.buhl.de\/steuer\/?s={search_term_string}"},"query-input":{"@type":"PropertyValueSpecification","valueRequired":true,"valueName":"search_term_string"}}],"inLanguage":"de"},{"@type":"Organization","@id":"https:\/\/www.buhl.de\/steuer\/#organization","name":"WISO Steuer | Buhl Data Service GmbH","url":"https:\/\/www.buhl.de\/steuer\/","logo":{"@type":"ImageObject","inLanguage":"de","@id":"https:\/\/www.buhl.de\/steuer\/#\/schema\/logo\/image\/","url":"https:\/\/www.buhl.de\/steuer\/wp-content\/uploads\/sites\/31\/2026\/02\/logo-wiso-steuer-app.svg","contentUrl":"https:\/\/www.buhl.de\/steuer\/wp-content\/uploads\/sites\/31\/2026\/02\/logo-wiso-steuer-app.svg","width":375,"height":72,"caption":"WISO Steuer | Buhl Data Service GmbH"},"image":{"@id":"https:\/\/www.buhl.de\/steuer\/#\/schema\/logo\/image\/"}}]}},"acf":[],"wps_subtitle":"","_links":{"self":[{"href":"https:\/\/www.buhl.de\/steuer\/wp-json\/wp\/v2\/pages\/2048","targetHints":{"allow":["GET"]}}],"collection":[{"href":"https:\/\/www.buhl.de\/steuer\/wp-json\/wp\/v2\/pages"}],"about":[{"href":"https:\/\/www.buhl.de\/steuer\/wp-json\/wp\/v2\/types\/page"}],"author":[{"embeddable":true,"href":"https:\/\/www.buhl.de\/steuer\/wp-json\/wp\/v2\/users\/27"}],"replies":[{"embeddable":true,"href":"https:\/\/www.buhl.de\/steuer\/wp-json\/wp\/v2\/comments?post=2048"}],"version-history":[{"count":17,"href":"https:\/\/www.buhl.de\/steuer\/wp-json\/wp\/v2\/pages\/2048\/revisions"}],"predecessor-version":[{"id":5867,"href":"https:\/\/www.buhl.de\/steuer\/wp-json\/wp\/v2\/pages\/2048\/revisions\/5867"}],"wp:attachment":[{"href":"https:\/\/www.buhl.de\/steuer\/wp-json\/wp\/v2\/media?parent=2048"}],"wp:term":[{"taxonomy":"category","embeddable":true,"href":"https:\/\/www.buhl.de\/steuer\/wp-json\/wp\/v2\/categories?post=2048"},{"taxonomy":"post_tag","embeddable":true,"href":"https:\/\/www.buhl.de\/steuer\/wp-json\/wp\/v2\/tags?post=2048"}],"curies":[{"name":"wp","href":"https:\/\/api.w.org\/{rel}","templated":true}]}}