{"id":47905,"date":"2022-02-16T09:05:22","date_gmt":"2022-02-16T08:05:22","guid":{"rendered":"https:\/\/www.buhl.de\/steuer\/?page_id=47905"},"modified":"2026-02-03T14:19:07","modified_gmt":"2026-02-03T13:19:07","slug":"nl-anmeldung","status":"publish","type":"page","link":"https:\/\/www.buhl.de\/steuer\/nl-anmeldung\/","title":{"rendered":"Anmeldung Steuertipps-Newsletter"},"content":{"rendered":"\r\n        <div class=\"white-background\">\r\n            <div class=\"container text-and-image-bar\">\r\n                <div class=\"border-radius-10 white-background\">\r\n                    <div class=\"row\">\r\n                        <div class=\"col-12 col-lg-6\">\r\n                            <div class=\"d-flex justify-content-center flex-column padding-50 h-100\">\r\n                                <h2 class=\"font-cairo-6 fw700 blue-font text-center headline-spacing-50\">Mehr wissen, mehr sparen<\/h2>\r\n                                <p class=\"font-source-sans-pro-1 fw300 blue-font\">Gut informiert rund um die Steuer: Erhalte topaktuelle Experten-Tipps rund um die Steuer direkt in dein Postfach.<\/p>\n<p>&nbsp;<\/p>\n<p>\u2705 Melde dich hier an und wir senden dir w\u00f6chentlich unsere aktuellen Beitr\u00e4ge zu \u2013 kostenlos und unverbindlich!<\/p>\r\n\r\n                                \r\n                                \r\n                                \r\n                            <\/div>\r\n                        <\/div>\r\n                        <div class=\"col-12 col-lg-5 d-flex justify-content-center mobile-only-spacing\">\r\n                            <div class=\"d-flex align-items-center\">\r\n                                <img decoding=\"async\" loading=\"lazy\" alt=\"Jetzt zum Steuertipps-Newsletter anmelden\" title=\"Jetzt zum Newsletter anmelden\" class=\"d-none d-lg-block\" src=\"https:\/\/www.buhl.de\/steuer\/wp-content\/uploads\/sites\/31\/2023\/02\/ratgeber-newsletter-desktop.jpg\" \/>\r\n                                <img decoding=\"async\" loading=\"lazy\" alt=\"Jetzt zum Steuertipps-Newsletter anmelden\" title=\"Jetzt zum Newsletter anmelden\" class=\"img-fluid d-block d-lg-none\" src=\"https:\/\/www.buhl.de\/steuer\/wp-content\/uploads\/sites\/31\/2023\/02\/ratgeber-newsletter-mobile.jpg\" \/>\r\n                            <\/div>\r\n                        <\/div>\r\n                    <\/div>\r\n                <\/div>\r\n            <\/div>\r\n        <\/div>\r\n    \n<script type=\"text\/javascript\" src=\"https:\/\/cj.buhl.de\/cj\/form\/generate.js?id=145\"><\/script>\n","protected":false},"excerpt":{"rendered":"","protected":false},"author":27,"featured_media":0,"parent":0,"menu_order":0,"comment_status":"closed","ping_status":"closed","template":"buhl-steuer\/page-nl-sign-up-2023.php","meta":{"_acf_changed":false,"footnotes":""},"categories":[2844],"tags":[],"class_list":["post-47905","page","type-page","status-publish","hentry","category-nosearch"],"yoast_head":"<!-- This site is optimized with the Yoast SEO Premium plugin v27.0 (Yoast SEO v27.0) - https:\/\/yoast.com\/product\/yoast-seo-premium-wordpress\/ -->\n<title>Anmeldung Steuertipps-Newsletter<\/title>\n<meta name=\"robots\" content=\"noindex, nofollow\" \/>\n<meta property=\"og:locale\" content=\"de_DE\" \/>\n<meta property=\"og:type\" content=\"article\" \/>\n<meta property=\"og:title\" content=\"Anmeldung Steuertipps-Newsletter\" \/>\n<meta property=\"og:url\" content=\"https:\/\/www.buhl.de\/steuer\/nl-anmeldung\/\" \/>\n<meta property=\"og:site_name\" content=\"WISO Steuer: Nr.1 App f\u00fcr die Steuererkl\u00e4rung\" \/>\n<meta property=\"article:modified_time\" content=\"2026-02-03T13:19:07+00:00\" \/>\n<meta name=\"twitter:card\" content=\"summary_large_image\" \/>\n<meta name=\"twitter:label1\" content=\"Gesch\u00e4tzte Lesezeit\" \/>\n\t<meta name=\"twitter:data1\" content=\"1\u00a0Minute\" \/>\n<script type=\"application\/ld+json\" class=\"yoast-schema-graph\">{\"@context\":\"https:\/\/schema.org\",\"@graph\":[{\"@type\":\"WebPage\",\"@id\":\"https:\/\/www.buhl.de\/steuer\/nl-anmeldung\/\",\"url\":\"https:\/\/www.buhl.de\/steuer\/nl-anmeldung\/\",\"name\":\"Anmeldung Steuertipps-Newsletter\",\"isPartOf\":{\"@id\":\"https:\/\/www.buhl.de\/steuer\/#website\"},\"datePublished\":\"2022-02-16T08:05:22+00:00\",\"dateModified\":\"2026-02-03T13:19:07+00:00\",\"breadcrumb\":{\"@id\":\"https:\/\/www.buhl.de\/steuer\/nl-anmeldung\/#breadcrumb\"},\"inLanguage\":\"de\",\"potentialAction\":[{\"@type\":\"ReadAction\",\"target\":[\"https:\/\/www.buhl.de\/steuer\/nl-anmeldung\/\"]}]},{\"@type\":\"BreadcrumbList\",\"@id\":\"https:\/\/www.buhl.de\/steuer\/nl-anmeldung\/#breadcrumb\",\"itemListElement\":[{\"@type\":\"ListItem\",\"position\":1,\"name\":\"Steuererkl\u00e4rung\",\"item\":\"https:\/\/www.buhl.de\/steuer\/\"},{\"@type\":\"ListItem\",\"position\":2,\"name\":\"Anmeldung Steuertipps-Newsletter\"}]},{\"@type\":\"WebSite\",\"@id\":\"https:\/\/www.buhl.de\/steuer\/#website\",\"url\":\"https:\/\/www.buhl.de\/steuer\/\",\"name\":\"WISO Steuer: Nr. 1 Steuer-App\",\"description\":\"\",\"publisher\":{\"@id\":\"https:\/\/www.buhl.de\/steuer\/#organization\"},\"potentialAction\":[{\"@type\":\"SearchAction\",\"target\":{\"@type\":\"EntryPoint\",\"urlTemplate\":\"https:\/\/www.buhl.de\/steuer\/?s={search_term_string}\"},\"query-input\":{\"@type\":\"PropertyValueSpecification\",\"valueRequired\":true,\"valueName\":\"search_term_string\"}}],\"inLanguage\":\"de\"},{\"@type\":\"Organization\",\"@id\":\"https:\/\/www.buhl.de\/steuer\/#organization\",\"name\":\"WISO Steuer | Buhl Data Service GmbH\",\"url\":\"https:\/\/www.buhl.de\/steuer\/\",\"logo\":{\"@type\":\"ImageObject\",\"inLanguage\":\"de\",\"@id\":\"https:\/\/www.buhl.de\/steuer\/#\/schema\/logo\/image\/\",\"url\":\"https:\/\/www.buhl.de\/steuer\/wp-content\/uploads\/sites\/31\/2026\/02\/logo-wiso-steuer-app.svg\",\"contentUrl\":\"https:\/\/www.buhl.de\/steuer\/wp-content\/uploads\/sites\/31\/2026\/02\/logo-wiso-steuer-app.svg\",\"width\":375,\"height\":72,\"caption\":\"WISO Steuer | Buhl Data Service GmbH\"},\"image\":{\"@id\":\"https:\/\/www.buhl.de\/steuer\/#\/schema\/logo\/image\/\"}}]}<\/script>\n<!-- \/ Yoast SEO Premium plugin. -->","yoast_head_json":{"title":"Anmeldung Steuertipps-Newsletter","robots":{"index":"noindex","follow":"nofollow"},"og_locale":"de_DE","og_type":"article","og_title":"Anmeldung Steuertipps-Newsletter","og_url":"https:\/\/www.buhl.de\/steuer\/nl-anmeldung\/","og_site_name":"WISO Steuer: Nr.1 App f\u00fcr die Steuererkl\u00e4rung","article_modified_time":"2026-02-03T13:19:07+00:00","twitter_card":"summary_large_image","twitter_misc":{"Gesch\u00e4tzte Lesezeit":"1\u00a0Minute"},"schema":{"@context":"https:\/\/schema.org","@graph":[{"@type":"WebPage","@id":"https:\/\/www.buhl.de\/steuer\/nl-anmeldung\/","url":"https:\/\/www.buhl.de\/steuer\/nl-anmeldung\/","name":"Anmeldung Steuertipps-Newsletter","isPartOf":{"@id":"https:\/\/www.buhl.de\/steuer\/#website"},"datePublished":"2022-02-16T08:05:22+00:00","dateModified":"2026-02-03T13:19:07+00:00","breadcrumb":{"@id":"https:\/\/www.buhl.de\/steuer\/nl-anmeldung\/#breadcrumb"},"inLanguage":"de","potentialAction":[{"@type":"ReadAction","target":["https:\/\/www.buhl.de\/steuer\/nl-anmeldung\/"]}]},{"@type":"BreadcrumbList","@id":"https:\/\/www.buhl.de\/steuer\/nl-anmeldung\/#breadcrumb","itemListElement":[{"@type":"ListItem","position":1,"name":"Steuererkl\u00e4rung","item":"https:\/\/www.buhl.de\/steuer\/"},{"@type":"ListItem","position":2,"name":"Anmeldung Steuertipps-Newsletter"}]},{"@type":"WebSite","@id":"https:\/\/www.buhl.de\/steuer\/#website","url":"https:\/\/www.buhl.de\/steuer\/","name":"WISO Steuer: Nr. 1 Steuer-App","description":"","publisher":{"@id":"https:\/\/www.buhl.de\/steuer\/#organization"},"potentialAction":[{"@type":"SearchAction","target":{"@type":"EntryPoint","urlTemplate":"https:\/\/www.buhl.de\/steuer\/?s={search_term_string}"},"query-input":{"@type":"PropertyValueSpecification","valueRequired":true,"valueName":"search_term_string"}}],"inLanguage":"de"},{"@type":"Organization","@id":"https:\/\/www.buhl.de\/steuer\/#organization","name":"WISO Steuer | Buhl Data Service GmbH","url":"https:\/\/www.buhl.de\/steuer\/","logo":{"@type":"ImageObject","inLanguage":"de","@id":"https:\/\/www.buhl.de\/steuer\/#\/schema\/logo\/image\/","url":"https:\/\/www.buhl.de\/steuer\/wp-content\/uploads\/sites\/31\/2026\/02\/logo-wiso-steuer-app.svg","contentUrl":"https:\/\/www.buhl.de\/steuer\/wp-content\/uploads\/sites\/31\/2026\/02\/logo-wiso-steuer-app.svg","width":375,"height":72,"caption":"WISO Steuer | Buhl Data Service GmbH"},"image":{"@id":"https:\/\/www.buhl.de\/steuer\/#\/schema\/logo\/image\/"}}]}},"acf":[],"wps_subtitle":"Immer auf dem Laufenden bleiben","_links":{"self":[{"href":"https:\/\/www.buhl.de\/steuer\/wp-json\/wp\/v2\/pages\/47905","targetHints":{"allow":["GET"]}}],"collection":[{"href":"https:\/\/www.buhl.de\/steuer\/wp-json\/wp\/v2\/pages"}],"about":[{"href":"https:\/\/www.buhl.de\/steuer\/wp-json\/wp\/v2\/types\/page"}],"author":[{"embeddable":true,"href":"https:\/\/www.buhl.de\/steuer\/wp-json\/wp\/v2\/users\/27"}],"replies":[{"embeddable":true,"href":"https:\/\/www.buhl.de\/steuer\/wp-json\/wp\/v2\/comments?post=47905"}],"version-history":[{"count":6,"href":"https:\/\/www.buhl.de\/steuer\/wp-json\/wp\/v2\/pages\/47905\/revisions"}],"predecessor-version":[{"id":59080,"href":"https:\/\/www.buhl.de\/steuer\/wp-json\/wp\/v2\/pages\/47905\/revisions\/59080"}],"wp:attachment":[{"href":"https:\/\/www.buhl.de\/steuer\/wp-json\/wp\/v2\/media?parent=47905"}],"wp:term":[{"taxonomy":"category","embeddable":true,"href":"https:\/\/www.buhl.de\/steuer\/wp-json\/wp\/v2\/categories?post=47905"},{"taxonomy":"post_tag","embeddable":true,"href":"https:\/\/www.buhl.de\/steuer\/wp-json\/wp\/v2\/tags?post=47905"}],"curies":[{"name":"wp","href":"https:\/\/api.w.org\/{rel}","templated":true}]}}