{"id":53825,"date":"2022-09-28T14:24:57","date_gmt":"2022-09-28T12:24:57","guid":{"rendered":"https:\/\/www.buhl.de\/steuer\/?page_id=53825"},"modified":"2026-04-21T17:48:53","modified_gmt":"2026-04-21T15:48:53","slug":"steuererklaerung-einsteiger","status":"publish","type":"page","link":"https:\/\/www.buhl.de\/steuer\/steuererklaerung-einsteiger\/","title":{"rendered":"Einsteiger\/Anf\u00e4nger"},"content":{"rendered":"","protected":false},"excerpt":{"rendered":"","protected":false},"author":27,"featured_media":0,"parent":0,"menu_order":0,"comment_status":"closed","ping_status":"closed","template":"templates\/acf-default-template.php","meta":{"_acf_changed":false,"footnotes":""},"categories":[2845],"tags":[],"class_list":["post-53825","page","type-page","status-publish","hentry","category-search"],"yoast_head":"<!-- This site is optimized with the Yoast SEO Premium plugin v27.4 (Yoast SEO v27.5) - https:\/\/yoast.com\/product\/yoast-seo-premium-wordpress\/ -->\n<title>Erste Steuererkl\u00e4rung: So einfach geht\u2019s<\/title>\n<meta name=\"description\" content=\"Deine erste Steuererkl\u00e4rung? Mit diesen Tipps klappt&#039;s auch als Anf\u00e4nger auf Anhieb \ud83e\udd11 Hol dir dein Geld zur\u00fcck! \u27a1\ufe0f Jetzt kostenlos testen.\" \/>\n<meta name=\"robots\" content=\"index, follow, max-snippet:-1, max-image-preview:large, max-video-preview:-1\" \/>\n<link rel=\"canonical\" href=\"https:\/\/www.buhl.de\/steuer\/steuererklaerung-einsteiger\/\" \/>\n<meta property=\"og:locale\" content=\"de_DE\" \/>\n<meta property=\"og:type\" content=\"article\" \/>\n<meta property=\"og:title\" content=\"Einsteiger\/Anf\u00e4nger\" \/>\n<meta property=\"og:description\" content=\"Deine erste Steuererkl\u00e4rung? Mit diesen Tipps klappt&#039;s auch als Anf\u00e4nger auf Anhieb \ud83e\udd11 Hol dir dein Geld zur\u00fcck! \u27a1\ufe0f Jetzt kostenlos testen.\" \/>\n<meta property=\"og:url\" content=\"https:\/\/www.buhl.de\/steuer\/steuererklaerung-einsteiger\/\" \/>\n<meta property=\"og:site_name\" content=\"WISO Steuer: Nr.1 App f\u00fcr die Steuererkl\u00e4rung\" \/>\n<meta property=\"article:modified_time\" content=\"2026-04-21T15:48:53+00:00\" \/>\n<meta name=\"twitter:card\" content=\"summary_large_image\" \/>\n<script type=\"application\/ld+json\" class=\"yoast-schema-graph\">{\"@context\":\"https:\\\/\\\/schema.org\",\"@graph\":[{\"@type\":\"WebPage\",\"@id\":\"https:\\\/\\\/www.buhl.de\\\/steuer\\\/steuererklaerung-einsteiger\\\/\",\"url\":\"https:\\\/\\\/www.buhl.de\\\/steuer\\\/steuererklaerung-einsteiger\\\/\",\"name\":\"Erste Steuererkl\u00e4rung: So einfach geht\u2019s\",\"isPartOf\":{\"@id\":\"https:\\\/\\\/www.buhl.de\\\/steuer\\\/#website\"},\"datePublished\":\"2022-09-28T12:24:57+00:00\",\"dateModified\":\"2026-04-21T15:48:53+00:00\",\"description\":\"Deine erste Steuererkl\u00e4rung? Mit diesen Tipps klappt's auch als Anf\u00e4nger auf Anhieb \ud83e\udd11 Hol dir dein Geld zur\u00fcck! \u27a1\ufe0f Jetzt kostenlos testen.\",\"breadcrumb\":{\"@id\":\"https:\\\/\\\/www.buhl.de\\\/steuer\\\/steuererklaerung-einsteiger\\\/#breadcrumb\"},\"inLanguage\":\"de\",\"potentialAction\":[{\"@type\":\"ReadAction\",\"target\":[\"https:\\\/\\\/www.buhl.de\\\/steuer\\\/steuererklaerung-einsteiger\\\/\"]}]},{\"@type\":\"BreadcrumbList\",\"@id\":\"https:\\\/\\\/www.buhl.de\\\/steuer\\\/steuererklaerung-einsteiger\\\/#breadcrumb\",\"itemListElement\":[{\"@type\":\"ListItem\",\"position\":1,\"name\":\"Steuererkl\u00e4rung\",\"item\":\"https:\\\/\\\/www.buhl.de\\\/steuer\\\/\"},{\"@type\":\"ListItem\",\"position\":2,\"name\":\"Einsteiger\\\/Anf\u00e4nger\"}]},{\"@type\":\"WebSite\",\"@id\":\"https:\\\/\\\/www.buhl.de\\\/steuer\\\/#website\",\"url\":\"https:\\\/\\\/www.buhl.de\\\/steuer\\\/\",\"name\":\"WISO Steuer: Nr. 1 Steuer-App\",\"description\":\"\",\"publisher\":{\"@id\":\"https:\\\/\\\/www.buhl.de\\\/steuer\\\/#organization\"},\"potentialAction\":[{\"@type\":\"SearchAction\",\"target\":{\"@type\":\"EntryPoint\",\"urlTemplate\":\"https:\\\/\\\/www.buhl.de\\\/steuer\\\/?s={search_term_string}\"},\"query-input\":{\"@type\":\"PropertyValueSpecification\",\"valueRequired\":true,\"valueName\":\"search_term_string\"}}],\"inLanguage\":\"de\"},{\"@type\":\"Organization\",\"@id\":\"https:\\\/\\\/www.buhl.de\\\/steuer\\\/#organization\",\"name\":\"WISO Steuer | Buhl Data Service GmbH\",\"url\":\"https:\\\/\\\/www.buhl.de\\\/steuer\\\/\",\"logo\":{\"@type\":\"ImageObject\",\"inLanguage\":\"de\",\"@id\":\"https:\\\/\\\/www.buhl.de\\\/steuer\\\/#\\\/schema\\\/logo\\\/image\\\/\",\"url\":\"https:\\\/\\\/www.buhl.de\\\/steuer\\\/wp-content\\\/uploads\\\/sites\\\/31\\\/2026\\\/02\\\/logo-wiso-steuer-app.svg\",\"contentUrl\":\"https:\\\/\\\/www.buhl.de\\\/steuer\\\/wp-content\\\/uploads\\\/sites\\\/31\\\/2026\\\/02\\\/logo-wiso-steuer-app.svg\",\"width\":375,\"height\":72,\"caption\":\"WISO Steuer | Buhl Data Service GmbH\"},\"image\":{\"@id\":\"https:\\\/\\\/www.buhl.de\\\/steuer\\\/#\\\/schema\\\/logo\\\/image\\\/\"}}]}<\/script>\n<!-- \/ Yoast SEO Premium plugin. -->","yoast_head_json":{"title":"Erste Steuererkl\u00e4rung: So einfach geht\u2019s","description":"Deine erste Steuererkl\u00e4rung? Mit diesen Tipps klappt's auch als Anf\u00e4nger auf Anhieb \ud83e\udd11 Hol dir dein Geld zur\u00fcck! \u27a1\ufe0f Jetzt kostenlos testen.","robots":{"index":"index","follow":"follow","max-snippet":"max-snippet:-1","max-image-preview":"max-image-preview:large","max-video-preview":"max-video-preview:-1"},"canonical":"https:\/\/www.buhl.de\/steuer\/steuererklaerung-einsteiger\/","og_locale":"de_DE","og_type":"article","og_title":"Einsteiger\/Anf\u00e4nger","og_description":"Deine erste Steuererkl\u00e4rung? Mit diesen Tipps klappt's auch als Anf\u00e4nger auf Anhieb \ud83e\udd11 Hol dir dein Geld zur\u00fcck! \u27a1\ufe0f Jetzt kostenlos testen.","og_url":"https:\/\/www.buhl.de\/steuer\/steuererklaerung-einsteiger\/","og_site_name":"WISO Steuer: Nr.1 App f\u00fcr die Steuererkl\u00e4rung","article_modified_time":"2026-04-21T15:48:53+00:00","twitter_card":"summary_large_image","schema":{"@context":"https:\/\/schema.org","@graph":[{"@type":"WebPage","@id":"https:\/\/www.buhl.de\/steuer\/steuererklaerung-einsteiger\/","url":"https:\/\/www.buhl.de\/steuer\/steuererklaerung-einsteiger\/","name":"Erste Steuererkl\u00e4rung: So einfach geht\u2019s","isPartOf":{"@id":"https:\/\/www.buhl.de\/steuer\/#website"},"datePublished":"2022-09-28T12:24:57+00:00","dateModified":"2026-04-21T15:48:53+00:00","description":"Deine erste Steuererkl\u00e4rung? Mit diesen Tipps klappt's auch als Anf\u00e4nger auf Anhieb \ud83e\udd11 Hol dir dein Geld zur\u00fcck! \u27a1\ufe0f Jetzt kostenlos testen.","breadcrumb":{"@id":"https:\/\/www.buhl.de\/steuer\/steuererklaerung-einsteiger\/#breadcrumb"},"inLanguage":"de","potentialAction":[{"@type":"ReadAction","target":["https:\/\/www.buhl.de\/steuer\/steuererklaerung-einsteiger\/"]}]},{"@type":"BreadcrumbList","@id":"https:\/\/www.buhl.de\/steuer\/steuererklaerung-einsteiger\/#breadcrumb","itemListElement":[{"@type":"ListItem","position":1,"name":"Steuererkl\u00e4rung","item":"https:\/\/www.buhl.de\/steuer\/"},{"@type":"ListItem","position":2,"name":"Einsteiger\/Anf\u00e4nger"}]},{"@type":"WebSite","@id":"https:\/\/www.buhl.de\/steuer\/#website","url":"https:\/\/www.buhl.de\/steuer\/","name":"WISO Steuer: Nr. 1 Steuer-App","description":"","publisher":{"@id":"https:\/\/www.buhl.de\/steuer\/#organization"},"potentialAction":[{"@type":"SearchAction","target":{"@type":"EntryPoint","urlTemplate":"https:\/\/www.buhl.de\/steuer\/?s={search_term_string}"},"query-input":{"@type":"PropertyValueSpecification","valueRequired":true,"valueName":"search_term_string"}}],"inLanguage":"de"},{"@type":"Organization","@id":"https:\/\/www.buhl.de\/steuer\/#organization","name":"WISO Steuer | Buhl Data Service GmbH","url":"https:\/\/www.buhl.de\/steuer\/","logo":{"@type":"ImageObject","inLanguage":"de","@id":"https:\/\/www.buhl.de\/steuer\/#\/schema\/logo\/image\/","url":"https:\/\/www.buhl.de\/steuer\/wp-content\/uploads\/sites\/31\/2026\/02\/logo-wiso-steuer-app.svg","contentUrl":"https:\/\/www.buhl.de\/steuer\/wp-content\/uploads\/sites\/31\/2026\/02\/logo-wiso-steuer-app.svg","width":375,"height":72,"caption":"WISO Steuer | Buhl Data Service GmbH"},"image":{"@id":"https:\/\/www.buhl.de\/steuer\/#\/schema\/logo\/image\/"}}]}},"acf":[],"wps_subtitle":"","_links":{"self":[{"href":"https:\/\/www.buhl.de\/steuer\/wp-json\/wp\/v2\/pages\/53825","targetHints":{"allow":["GET"]}}],"collection":[{"href":"https:\/\/www.buhl.de\/steuer\/wp-json\/wp\/v2\/pages"}],"about":[{"href":"https:\/\/www.buhl.de\/steuer\/wp-json\/wp\/v2\/types\/page"}],"author":[{"embeddable":true,"href":"https:\/\/www.buhl.de\/steuer\/wp-json\/wp\/v2\/users\/27"}],"replies":[{"embeddable":true,"href":"https:\/\/www.buhl.de\/steuer\/wp-json\/wp\/v2\/comments?post=53825"}],"version-history":[{"count":13,"href":"https:\/\/www.buhl.de\/steuer\/wp-json\/wp\/v2\/pages\/53825\/revisions"}],"predecessor-version":[{"id":83707,"href":"https:\/\/www.buhl.de\/steuer\/wp-json\/wp\/v2\/pages\/53825\/revisions\/83707"}],"wp:attachment":[{"href":"https:\/\/www.buhl.de\/steuer\/wp-json\/wp\/v2\/media?parent=53825"}],"wp:term":[{"taxonomy":"category","embeddable":true,"href":"https:\/\/www.buhl.de\/steuer\/wp-json\/wp\/v2\/categories?post=53825"},{"taxonomy":"post_tag","embeddable":true,"href":"https:\/\/www.buhl.de\/steuer\/wp-json\/wp\/v2\/tags?post=53825"}],"curies":[{"name":"wp","href":"https:\/\/api.w.org\/{rel}","templated":true}]}}