{"id":71099,"date":"2025-05-14T08:15:54","date_gmt":"2025-05-14T06:15:54","guid":{"rendered":"https:\/\/www.buhl.de\/steuer\/?page_id=71099"},"modified":"2025-05-14T08:15:54","modified_gmt":"2025-05-14T06:15:54","slug":"steuer-check","status":"publish","type":"page","link":"https:\/\/www.buhl.de\/steuer\/steuer-check\/","title":{"rendered":"Steuer-Check"},"content":{"rendered":"","protected":false},"excerpt":{"rendered":"","protected":false},"author":194,"featured_media":0,"parent":0,"menu_order":0,"comment_status":"closed","ping_status":"closed","template":"buhl-steuer\/page-acf-2023.php","meta":{"_acf_changed":false,"footnotes":""},"categories":[2845],"tags":[],"class_list":["post-71099","page","type-page","status-publish","hentry","category-search"],"yoast_head":"<!-- This site is optimized with the Yoast SEO Premium plugin v27.0 (Yoast SEO v27.0) - https:\/\/yoast.com\/product\/yoast-seo-premium-wordpress\/ -->\n<title>Kostenloser Steuer-Check f\u00fcr deine Steuererkl\u00e4rung<\/title>\n<meta name=\"description\" content=\"Steuererkl\u00e4rung automatisch auf Fehler &amp; Sparchancen pr\u00fcfen\ud83e\udd11 Hol mit dem Steuer-Check mehr Geld raus \u27a1\ufe0f Jetzt ausprobieren.\" \/>\n<meta name=\"robots\" content=\"index, follow, max-snippet:-1, max-image-preview:large, max-video-preview:-1\" \/>\n<link rel=\"canonical\" href=\"https:\/\/www.buhl.de\/steuer\/steuer-check\/\" \/>\n<meta property=\"og:locale\" content=\"de_DE\" \/>\n<meta property=\"og:type\" content=\"article\" \/>\n<meta property=\"og:title\" content=\"Steuer-Check\" \/>\n<meta property=\"og:description\" content=\"Steuererkl\u00e4rung automatisch auf Fehler &amp; Sparchancen pr\u00fcfen\ud83e\udd11 Hol mit dem Steuer-Check mehr Geld raus \u27a1\ufe0f Jetzt ausprobieren.\" \/>\n<meta property=\"og:url\" content=\"https:\/\/www.buhl.de\/steuer\/steuer-check\/\" \/>\n<meta property=\"og:site_name\" content=\"WISO Steuer: Nr.1 App f\u00fcr die Steuererkl\u00e4rung\" \/>\n<meta name=\"twitter:card\" content=\"summary_large_image\" \/>\n<script type=\"application\/ld+json\" class=\"yoast-schema-graph\">{\"@context\":\"https:\/\/schema.org\",\"@graph\":[{\"@type\":\"WebPage\",\"@id\":\"https:\/\/www.buhl.de\/steuer\/steuer-check\/\",\"url\":\"https:\/\/www.buhl.de\/steuer\/steuer-check\/\",\"name\":\"Kostenloser Steuer-Check f\u00fcr deine Steuererkl\u00e4rung\",\"isPartOf\":{\"@id\":\"https:\/\/www.buhl.de\/steuer\/#website\"},\"datePublished\":\"2025-05-14T06:15:54+00:00\",\"description\":\"Steuererkl\u00e4rung automatisch auf Fehler & Sparchancen pr\u00fcfen\ud83e\udd11 Hol mit dem Steuer-Check mehr Geld raus \u27a1\ufe0f Jetzt ausprobieren.\",\"breadcrumb\":{\"@id\":\"https:\/\/www.buhl.de\/steuer\/steuer-check\/#breadcrumb\"},\"inLanguage\":\"de\",\"potentialAction\":[{\"@type\":\"ReadAction\",\"target\":[\"https:\/\/www.buhl.de\/steuer\/steuer-check\/\"]}]},{\"@type\":\"BreadcrumbList\",\"@id\":\"https:\/\/www.buhl.de\/steuer\/steuer-check\/#breadcrumb\",\"itemListElement\":[{\"@type\":\"ListItem\",\"position\":1,\"name\":\"Steuererkl\u00e4rung\",\"item\":\"https:\/\/www.buhl.de\/steuer\/\"},{\"@type\":\"ListItem\",\"position\":2,\"name\":\"Steuer-Check\"}]},{\"@type\":\"WebSite\",\"@id\":\"https:\/\/www.buhl.de\/steuer\/#website\",\"url\":\"https:\/\/www.buhl.de\/steuer\/\",\"name\":\"WISO Steuer: Nr. 1 Steuer-App\",\"description\":\"\",\"publisher\":{\"@id\":\"https:\/\/www.buhl.de\/steuer\/#organization\"},\"potentialAction\":[{\"@type\":\"SearchAction\",\"target\":{\"@type\":\"EntryPoint\",\"urlTemplate\":\"https:\/\/www.buhl.de\/steuer\/?s={search_term_string}\"},\"query-input\":{\"@type\":\"PropertyValueSpecification\",\"valueRequired\":true,\"valueName\":\"search_term_string\"}}],\"inLanguage\":\"de\"},{\"@type\":\"Organization\",\"@id\":\"https:\/\/www.buhl.de\/steuer\/#organization\",\"name\":\"WISO Steuer | Buhl Data Service GmbH\",\"url\":\"https:\/\/www.buhl.de\/steuer\/\",\"logo\":{\"@type\":\"ImageObject\",\"inLanguage\":\"de\",\"@id\":\"https:\/\/www.buhl.de\/steuer\/#\/schema\/logo\/image\/\",\"url\":\"https:\/\/www.buhl.de\/steuer\/wp-content\/uploads\/sites\/31\/2026\/02\/logo-wiso-steuer-app.svg\",\"contentUrl\":\"https:\/\/www.buhl.de\/steuer\/wp-content\/uploads\/sites\/31\/2026\/02\/logo-wiso-steuer-app.svg\",\"width\":375,\"height\":72,\"caption\":\"WISO Steuer | Buhl Data Service GmbH\"},\"image\":{\"@id\":\"https:\/\/www.buhl.de\/steuer\/#\/schema\/logo\/image\/\"}}]}<\/script>\n<!-- \/ Yoast SEO Premium plugin. -->","yoast_head_json":{"title":"Kostenloser Steuer-Check f\u00fcr deine Steuererkl\u00e4rung","description":"Steuererkl\u00e4rung automatisch auf Fehler & Sparchancen pr\u00fcfen\ud83e\udd11 Hol mit dem Steuer-Check mehr Geld raus \u27a1\ufe0f Jetzt ausprobieren.","robots":{"index":"index","follow":"follow","max-snippet":"max-snippet:-1","max-image-preview":"max-image-preview:large","max-video-preview":"max-video-preview:-1"},"canonical":"https:\/\/www.buhl.de\/steuer\/steuer-check\/","og_locale":"de_DE","og_type":"article","og_title":"Steuer-Check","og_description":"Steuererkl\u00e4rung automatisch auf Fehler & Sparchancen pr\u00fcfen\ud83e\udd11 Hol mit dem Steuer-Check mehr Geld raus \u27a1\ufe0f Jetzt ausprobieren.","og_url":"https:\/\/www.buhl.de\/steuer\/steuer-check\/","og_site_name":"WISO Steuer: Nr.1 App f\u00fcr die Steuererkl\u00e4rung","twitter_card":"summary_large_image","schema":{"@context":"https:\/\/schema.org","@graph":[{"@type":"WebPage","@id":"https:\/\/www.buhl.de\/steuer\/steuer-check\/","url":"https:\/\/www.buhl.de\/steuer\/steuer-check\/","name":"Kostenloser Steuer-Check f\u00fcr deine Steuererkl\u00e4rung","isPartOf":{"@id":"https:\/\/www.buhl.de\/steuer\/#website"},"datePublished":"2025-05-14T06:15:54+00:00","description":"Steuererkl\u00e4rung automatisch auf Fehler & Sparchancen pr\u00fcfen\ud83e\udd11 Hol mit dem Steuer-Check mehr Geld raus \u27a1\ufe0f Jetzt ausprobieren.","breadcrumb":{"@id":"https:\/\/www.buhl.de\/steuer\/steuer-check\/#breadcrumb"},"inLanguage":"de","potentialAction":[{"@type":"ReadAction","target":["https:\/\/www.buhl.de\/steuer\/steuer-check\/"]}]},{"@type":"BreadcrumbList","@id":"https:\/\/www.buhl.de\/steuer\/steuer-check\/#breadcrumb","itemListElement":[{"@type":"ListItem","position":1,"name":"Steuererkl\u00e4rung","item":"https:\/\/www.buhl.de\/steuer\/"},{"@type":"ListItem","position":2,"name":"Steuer-Check"}]},{"@type":"WebSite","@id":"https:\/\/www.buhl.de\/steuer\/#website","url":"https:\/\/www.buhl.de\/steuer\/","name":"WISO Steuer: Nr. 1 Steuer-App","description":"","publisher":{"@id":"https:\/\/www.buhl.de\/steuer\/#organization"},"potentialAction":[{"@type":"SearchAction","target":{"@type":"EntryPoint","urlTemplate":"https:\/\/www.buhl.de\/steuer\/?s={search_term_string}"},"query-input":{"@type":"PropertyValueSpecification","valueRequired":true,"valueName":"search_term_string"}}],"inLanguage":"de"},{"@type":"Organization","@id":"https:\/\/www.buhl.de\/steuer\/#organization","name":"WISO Steuer | Buhl Data Service GmbH","url":"https:\/\/www.buhl.de\/steuer\/","logo":{"@type":"ImageObject","inLanguage":"de","@id":"https:\/\/www.buhl.de\/steuer\/#\/schema\/logo\/image\/","url":"https:\/\/www.buhl.de\/steuer\/wp-content\/uploads\/sites\/31\/2026\/02\/logo-wiso-steuer-app.svg","contentUrl":"https:\/\/www.buhl.de\/steuer\/wp-content\/uploads\/sites\/31\/2026\/02\/logo-wiso-steuer-app.svg","width":375,"height":72,"caption":"WISO Steuer | Buhl Data Service GmbH"},"image":{"@id":"https:\/\/www.buhl.de\/steuer\/#\/schema\/logo\/image\/"}}]}},"acf":{"white_label_navigation_auswaehlen":false,"inhalte_festlegen":[{"reihen":71081},{"reihen":71088},{"reihen":71114},{"reihen":71116},{"reihen":71092},{"reihen":68481},{"reihen":68466},{"reihen":71095},{"reihen":71097}],"kein_abstand_zum_footer":false},"wps_subtitle":"","_links":{"self":[{"href":"https:\/\/www.buhl.de\/steuer\/wp-json\/wp\/v2\/pages\/71099","targetHints":{"allow":["GET"]}}],"collection":[{"href":"https:\/\/www.buhl.de\/steuer\/wp-json\/wp\/v2\/pages"}],"about":[{"href":"https:\/\/www.buhl.de\/steuer\/wp-json\/wp\/v2\/types\/page"}],"author":[{"embeddable":true,"href":"https:\/\/www.buhl.de\/steuer\/wp-json\/wp\/v2\/users\/194"}],"replies":[{"embeddable":true,"href":"https:\/\/www.buhl.de\/steuer\/wp-json\/wp\/v2\/comments?post=71099"}],"version-history":[{"count":6,"href":"https:\/\/www.buhl.de\/steuer\/wp-json\/wp\/v2\/pages\/71099\/revisions"}],"predecessor-version":[{"id":71118,"href":"https:\/\/www.buhl.de\/steuer\/wp-json\/wp\/v2\/pages\/71099\/revisions\/71118"}],"wp:attachment":[{"href":"https:\/\/www.buhl.de\/steuer\/wp-json\/wp\/v2\/media?parent=71099"}],"wp:term":[{"taxonomy":"category","embeddable":true,"href":"https:\/\/www.buhl.de\/steuer\/wp-json\/wp\/v2\/categories?post=71099"},{"taxonomy":"post_tag","embeddable":true,"href":"https:\/\/www.buhl.de\/steuer\/wp-json\/wp\/v2\/tags?post=71099"}],"curies":[{"name":"wp","href":"https:\/\/api.w.org\/{rel}","templated":true}]}}