{"id":72355,"date":"2025-08-07T14:46:05","date_gmt":"2025-08-07T12:46:05","guid":{"rendered":"https:\/\/www.buhl.de\/steuer\/?page_id=72355"},"modified":"2025-08-07T14:46:05","modified_gmt":"2025-08-07T12:46:05","slug":"steuererklaerung-flugpersonal","status":"publish","type":"page","link":"https:\/\/www.buhl.de\/steuer\/steuererklaerung-flugpersonal\/","title":{"rendered":"Flugpersonal"},"content":{"rendered":"","protected":false},"excerpt":{"rendered":"","protected":false},"author":194,"featured_media":0,"parent":0,"menu_order":0,"comment_status":"closed","ping_status":"closed","template":"buhl-steuer\/page-acf-2023.php","meta":{"_acf_changed":false,"footnotes":""},"categories":[2845],"tags":[],"class_list":["post-72355","page","type-page","status-publish","hentry","category-search"],"yoast_head":"<!-- This site is optimized with the Yoast SEO Premium plugin v27.4 (Yoast SEO v27.5) - https:\/\/yoast.com\/product\/yoast-seo-premium-wordpress\/ -->\n<title>Steuererkl\u00e4rung f\u00fcr Flugbegleiter &amp; Piloten: So einfach geht&#039;s!<\/title>\n<meta name=\"description\" content=\"Verpflegung, Fl\u00fcge, Uniform: Hol dir deine Werbungskosten zur\u00fcck \u2013 mit Crewlife-Import &amp; WISO Steuer! \u2705 Jetzt kostenlos ausprobieren.\" \/>\n<meta name=\"robots\" content=\"index, follow, max-snippet:-1, max-image-preview:large, max-video-preview:-1\" \/>\n<link rel=\"canonical\" href=\"https:\/\/www.buhl.de\/steuer\/steuererklaerung-flugpersonal\/\" \/>\n<meta property=\"og:locale\" content=\"de_DE\" \/>\n<meta property=\"og:type\" content=\"article\" \/>\n<meta property=\"og:title\" content=\"Flugpersonal\" \/>\n<meta property=\"og:description\" content=\"Verpflegung, Fl\u00fcge, Uniform: Hol dir deine Werbungskosten zur\u00fcck \u2013 mit Crewlife-Import &amp; WISO Steuer! \u2705 Jetzt kostenlos ausprobieren.\" \/>\n<meta property=\"og:url\" content=\"https:\/\/www.buhl.de\/steuer\/steuererklaerung-flugpersonal\/\" \/>\n<meta property=\"og:site_name\" content=\"WISO Steuer: Nr.1 App f\u00fcr die Steuererkl\u00e4rung\" \/>\n<meta name=\"twitter:card\" content=\"summary_large_image\" \/>\n<script type=\"application\/ld+json\" class=\"yoast-schema-graph\">{\"@context\":\"https:\\\/\\\/schema.org\",\"@graph\":[{\"@type\":\"WebPage\",\"@id\":\"https:\\\/\\\/www.buhl.de\\\/steuer\\\/steuererklaerung-flugpersonal\\\/\",\"url\":\"https:\\\/\\\/www.buhl.de\\\/steuer\\\/steuererklaerung-flugpersonal\\\/\",\"name\":\"Steuererkl\u00e4rung f\u00fcr Flugbegleiter & Piloten: So einfach geht's!\",\"isPartOf\":{\"@id\":\"https:\\\/\\\/www.buhl.de\\\/steuer\\\/#website\"},\"datePublished\":\"2025-08-07T12:46:05+00:00\",\"description\":\"Verpflegung, Fl\u00fcge, Uniform: Hol dir deine Werbungskosten zur\u00fcck \u2013 mit Crewlife-Import & WISO Steuer! \u2705 Jetzt kostenlos ausprobieren.\",\"breadcrumb\":{\"@id\":\"https:\\\/\\\/www.buhl.de\\\/steuer\\\/steuererklaerung-flugpersonal\\\/#breadcrumb\"},\"inLanguage\":\"de\",\"potentialAction\":[{\"@type\":\"ReadAction\",\"target\":[\"https:\\\/\\\/www.buhl.de\\\/steuer\\\/steuererklaerung-flugpersonal\\\/\"]}]},{\"@type\":\"BreadcrumbList\",\"@id\":\"https:\\\/\\\/www.buhl.de\\\/steuer\\\/steuererklaerung-flugpersonal\\\/#breadcrumb\",\"itemListElement\":[{\"@type\":\"ListItem\",\"position\":1,\"name\":\"Steuererkl\u00e4rung\",\"item\":\"https:\\\/\\\/www.buhl.de\\\/steuer\\\/\"},{\"@type\":\"ListItem\",\"position\":2,\"name\":\"Flugpersonal\"}]},{\"@type\":\"WebSite\",\"@id\":\"https:\\\/\\\/www.buhl.de\\\/steuer\\\/#website\",\"url\":\"https:\\\/\\\/www.buhl.de\\\/steuer\\\/\",\"name\":\"WISO Steuer: Nr. 1 Steuer-App\",\"description\":\"\",\"publisher\":{\"@id\":\"https:\\\/\\\/www.buhl.de\\\/steuer\\\/#organization\"},\"potentialAction\":[{\"@type\":\"SearchAction\",\"target\":{\"@type\":\"EntryPoint\",\"urlTemplate\":\"https:\\\/\\\/www.buhl.de\\\/steuer\\\/?s={search_term_string}\"},\"query-input\":{\"@type\":\"PropertyValueSpecification\",\"valueRequired\":true,\"valueName\":\"search_term_string\"}}],\"inLanguage\":\"de\"},{\"@type\":\"Organization\",\"@id\":\"https:\\\/\\\/www.buhl.de\\\/steuer\\\/#organization\",\"name\":\"WISO Steuer | Buhl Data Service GmbH\",\"url\":\"https:\\\/\\\/www.buhl.de\\\/steuer\\\/\",\"logo\":{\"@type\":\"ImageObject\",\"inLanguage\":\"de\",\"@id\":\"https:\\\/\\\/www.buhl.de\\\/steuer\\\/#\\\/schema\\\/logo\\\/image\\\/\",\"url\":\"https:\\\/\\\/www.buhl.de\\\/steuer\\\/wp-content\\\/uploads\\\/sites\\\/31\\\/2026\\\/02\\\/logo-wiso-steuer-app.svg\",\"contentUrl\":\"https:\\\/\\\/www.buhl.de\\\/steuer\\\/wp-content\\\/uploads\\\/sites\\\/31\\\/2026\\\/02\\\/logo-wiso-steuer-app.svg\",\"width\":375,\"height\":72,\"caption\":\"WISO Steuer | Buhl Data Service GmbH\"},\"image\":{\"@id\":\"https:\\\/\\\/www.buhl.de\\\/steuer\\\/#\\\/schema\\\/logo\\\/image\\\/\"}}]}<\/script>\n<!-- \/ Yoast SEO Premium plugin. -->","yoast_head_json":{"title":"Steuererkl\u00e4rung f\u00fcr Flugbegleiter & Piloten: So einfach geht's!","description":"Verpflegung, Fl\u00fcge, Uniform: Hol dir deine Werbungskosten zur\u00fcck \u2013 mit Crewlife-Import & WISO Steuer! \u2705 Jetzt kostenlos ausprobieren.","robots":{"index":"index","follow":"follow","max-snippet":"max-snippet:-1","max-image-preview":"max-image-preview:large","max-video-preview":"max-video-preview:-1"},"canonical":"https:\/\/www.buhl.de\/steuer\/steuererklaerung-flugpersonal\/","og_locale":"de_DE","og_type":"article","og_title":"Flugpersonal","og_description":"Verpflegung, Fl\u00fcge, Uniform: Hol dir deine Werbungskosten zur\u00fcck \u2013 mit Crewlife-Import & WISO Steuer! \u2705 Jetzt kostenlos ausprobieren.","og_url":"https:\/\/www.buhl.de\/steuer\/steuererklaerung-flugpersonal\/","og_site_name":"WISO Steuer: Nr.1 App f\u00fcr die Steuererkl\u00e4rung","twitter_card":"summary_large_image","schema":{"@context":"https:\/\/schema.org","@graph":[{"@type":"WebPage","@id":"https:\/\/www.buhl.de\/steuer\/steuererklaerung-flugpersonal\/","url":"https:\/\/www.buhl.de\/steuer\/steuererklaerung-flugpersonal\/","name":"Steuererkl\u00e4rung f\u00fcr Flugbegleiter & Piloten: So einfach geht's!","isPartOf":{"@id":"https:\/\/www.buhl.de\/steuer\/#website"},"datePublished":"2025-08-07T12:46:05+00:00","description":"Verpflegung, Fl\u00fcge, Uniform: Hol dir deine Werbungskosten zur\u00fcck \u2013 mit Crewlife-Import & WISO Steuer! \u2705 Jetzt kostenlos ausprobieren.","breadcrumb":{"@id":"https:\/\/www.buhl.de\/steuer\/steuererklaerung-flugpersonal\/#breadcrumb"},"inLanguage":"de","potentialAction":[{"@type":"ReadAction","target":["https:\/\/www.buhl.de\/steuer\/steuererklaerung-flugpersonal\/"]}]},{"@type":"BreadcrumbList","@id":"https:\/\/www.buhl.de\/steuer\/steuererklaerung-flugpersonal\/#breadcrumb","itemListElement":[{"@type":"ListItem","position":1,"name":"Steuererkl\u00e4rung","item":"https:\/\/www.buhl.de\/steuer\/"},{"@type":"ListItem","position":2,"name":"Flugpersonal"}]},{"@type":"WebSite","@id":"https:\/\/www.buhl.de\/steuer\/#website","url":"https:\/\/www.buhl.de\/steuer\/","name":"WISO Steuer: Nr. 1 Steuer-App","description":"","publisher":{"@id":"https:\/\/www.buhl.de\/steuer\/#organization"},"potentialAction":[{"@type":"SearchAction","target":{"@type":"EntryPoint","urlTemplate":"https:\/\/www.buhl.de\/steuer\/?s={search_term_string}"},"query-input":{"@type":"PropertyValueSpecification","valueRequired":true,"valueName":"search_term_string"}}],"inLanguage":"de"},{"@type":"Organization","@id":"https:\/\/www.buhl.de\/steuer\/#organization","name":"WISO Steuer | Buhl Data Service GmbH","url":"https:\/\/www.buhl.de\/steuer\/","logo":{"@type":"ImageObject","inLanguage":"de","@id":"https:\/\/www.buhl.de\/steuer\/#\/schema\/logo\/image\/","url":"https:\/\/www.buhl.de\/steuer\/wp-content\/uploads\/sites\/31\/2026\/02\/logo-wiso-steuer-app.svg","contentUrl":"https:\/\/www.buhl.de\/steuer\/wp-content\/uploads\/sites\/31\/2026\/02\/logo-wiso-steuer-app.svg","width":375,"height":72,"caption":"WISO Steuer | Buhl Data Service GmbH"},"image":{"@id":"https:\/\/www.buhl.de\/steuer\/#\/schema\/logo\/image\/"}}]}},"acf":{"white_label_navigation_auswaehlen":false,"inhalte_festlegen":[{"reihen":72319},{"reihen":72327},{"reihen":72332},{"reihen":72325},{"reihen":72321},{"reihen":68481},{"reihen":72334},{"reihen":68472},{"reihen":72351},{"reihen":72353},{"reihen":68691}],"kein_abstand_zum_footer":true},"wps_subtitle":"","_links":{"self":[{"href":"https:\/\/www.buhl.de\/steuer\/wp-json\/wp\/v2\/pages\/72355","targetHints":{"allow":["GET"]}}],"collection":[{"href":"https:\/\/www.buhl.de\/steuer\/wp-json\/wp\/v2\/pages"}],"about":[{"href":"https:\/\/www.buhl.de\/steuer\/wp-json\/wp\/v2\/types\/page"}],"author":[{"embeddable":true,"href":"https:\/\/www.buhl.de\/steuer\/wp-json\/wp\/v2\/users\/194"}],"replies":[{"embeddable":true,"href":"https:\/\/www.buhl.de\/steuer\/wp-json\/wp\/v2\/comments?post=72355"}],"version-history":[{"count":4,"href":"https:\/\/www.buhl.de\/steuer\/wp-json\/wp\/v2\/pages\/72355\/revisions"}],"predecessor-version":[{"id":72362,"href":"https:\/\/www.buhl.de\/steuer\/wp-json\/wp\/v2\/pages\/72355\/revisions\/72362"}],"wp:attachment":[{"href":"https:\/\/www.buhl.de\/steuer\/wp-json\/wp\/v2\/media?parent=72355"}],"wp:term":[{"taxonomy":"category","embeddable":true,"href":"https:\/\/www.buhl.de\/steuer\/wp-json\/wp\/v2\/categories?post=72355"},{"taxonomy":"post_tag","embeddable":true,"href":"https:\/\/www.buhl.de\/steuer\/wp-json\/wp\/v2\/tags?post=72355"}],"curies":[{"name":"wp","href":"https:\/\/api.w.org\/{rel}","templated":true}]}}