{"id":74858,"date":"2025-12-16T17:34:08","date_gmt":"2025-12-16T16:34:08","guid":{"rendered":"https:\/\/www.buhl.de\/steuer\/?page_id=74858"},"modified":"2026-02-17T12:02:49","modified_gmt":"2026-02-17T11:02:49","slug":"verspaetungszuschlag","status":"publish","type":"page","link":"https:\/\/www.buhl.de\/steuer\/tipps\/verspaetungszuschlag\/","title":{"rendered":"Versp\u00e4tungszuschlag"},"content":{"rendered":"","protected":false},"excerpt":{"rendered":"","protected":false},"author":265,"featured_media":0,"parent":78002,"menu_order":0,"comment_status":"closed","ping_status":"closed","template":"buhl-steuer\/page-acf-2023.php","meta":{"_acf_changed":false,"footnotes":""},"categories":[2845],"tags":[],"class_list":["post-74858","page","type-page","status-publish","hentry","category-search"],"yoast_head":"<!-- This site is optimized with the Yoast SEO Premium plugin v27.0 (Yoast SEO v27.0) - https:\/\/yoast.com\/product\/yoast-seo-premium-wordpress\/ -->\n<title>Versp\u00e4tungszuschlag: Steuererkl\u00e4rung nachholen &amp; Geld sparen!<\/title>\n<meta name=\"description\" content=\"Steuererkl\u00e4rung zu sp\u00e4t oder gar nicht abgegeben? Schnell nachholen und Versp\u00e4tungszuschlag minimieren. Jetzt mehr erfahren.\" \/>\n<meta name=\"robots\" content=\"index, follow, max-snippet:-1, max-image-preview:large, max-video-preview:-1\" \/>\n<link rel=\"canonical\" href=\"https:\/\/www.buhl.de\/steuer\/tipps\/verspaetungszuschlag\/\" \/>\n<meta property=\"og:locale\" content=\"de_DE\" \/>\n<meta property=\"og:type\" content=\"article\" \/>\n<meta property=\"og:title\" content=\"Versp\u00e4tungszuschlag\" \/>\n<meta property=\"og:description\" content=\"Steuererkl\u00e4rung zu sp\u00e4t oder gar nicht abgegeben? Schnell nachholen und Versp\u00e4tungszuschlag minimieren. Jetzt mehr erfahren.\" \/>\n<meta property=\"og:url\" content=\"https:\/\/www.buhl.de\/steuer\/tipps\/verspaetungszuschlag\/\" \/>\n<meta property=\"og:site_name\" content=\"WISO Steuer: Nr.1 App f\u00fcr die Steuererkl\u00e4rung\" \/>\n<meta property=\"article:modified_time\" content=\"2026-02-17T11:02:49+00:00\" \/>\n<meta name=\"twitter:card\" content=\"summary_large_image\" \/>\n<script type=\"application\/ld+json\" class=\"yoast-schema-graph\">{\"@context\":\"https:\/\/schema.org\",\"@graph\":[{\"@type\":\"WebPage\",\"@id\":\"https:\/\/www.buhl.de\/steuer\/tipps\/verspaetungszuschlag\/\",\"url\":\"https:\/\/www.buhl.de\/steuer\/tipps\/verspaetungszuschlag\/\",\"name\":\"Versp\u00e4tungszuschlag: Steuererkl\u00e4rung nachholen & Geld sparen!\",\"isPartOf\":{\"@id\":\"https:\/\/www.buhl.de\/steuer\/#website\"},\"datePublished\":\"2025-12-16T16:34:08+00:00\",\"dateModified\":\"2026-02-17T11:02:49+00:00\",\"description\":\"Steuererkl\u00e4rung zu sp\u00e4t oder gar nicht abgegeben? Schnell nachholen und Versp\u00e4tungszuschlag minimieren. Jetzt mehr erfahren.\",\"breadcrumb\":{\"@id\":\"https:\/\/www.buhl.de\/steuer\/tipps\/verspaetungszuschlag\/#breadcrumb\"},\"inLanguage\":\"de\",\"potentialAction\":[{\"@type\":\"ReadAction\",\"target\":[\"https:\/\/www.buhl.de\/steuer\/tipps\/verspaetungszuschlag\/\"]}]},{\"@type\":\"BreadcrumbList\",\"@id\":\"https:\/\/www.buhl.de\/steuer\/tipps\/verspaetungszuschlag\/#breadcrumb\",\"itemListElement\":[{\"@type\":\"ListItem\",\"position\":1,\"name\":\"Steuererkl\u00e4rung\",\"item\":\"https:\/\/www.buhl.de\/steuer\/\"},{\"@type\":\"ListItem\",\"position\":2,\"name\":\"Steuertipps\",\"item\":\"https:\/\/www.buhl.de\/steuer\/tipps\/\"},{\"@type\":\"ListItem\",\"position\":3,\"name\":\"Versp\u00e4tungszuschlag\"}]},{\"@type\":\"WebSite\",\"@id\":\"https:\/\/www.buhl.de\/steuer\/#website\",\"url\":\"https:\/\/www.buhl.de\/steuer\/\",\"name\":\"WISO Steuer: Nr. 1 Steuer-App\",\"description\":\"\",\"publisher\":{\"@id\":\"https:\/\/www.buhl.de\/steuer\/#organization\"},\"potentialAction\":[{\"@type\":\"SearchAction\",\"target\":{\"@type\":\"EntryPoint\",\"urlTemplate\":\"https:\/\/www.buhl.de\/steuer\/?s={search_term_string}\"},\"query-input\":{\"@type\":\"PropertyValueSpecification\",\"valueRequired\":true,\"valueName\":\"search_term_string\"}}],\"inLanguage\":\"de\"},{\"@type\":\"Organization\",\"@id\":\"https:\/\/www.buhl.de\/steuer\/#organization\",\"name\":\"WISO Steuer | Buhl Data Service GmbH\",\"url\":\"https:\/\/www.buhl.de\/steuer\/\",\"logo\":{\"@type\":\"ImageObject\",\"inLanguage\":\"de\",\"@id\":\"https:\/\/www.buhl.de\/steuer\/#\/schema\/logo\/image\/\",\"url\":\"https:\/\/www.buhl.de\/steuer\/wp-content\/uploads\/sites\/31\/2026\/02\/logo-wiso-steuer-app.svg\",\"contentUrl\":\"https:\/\/www.buhl.de\/steuer\/wp-content\/uploads\/sites\/31\/2026\/02\/logo-wiso-steuer-app.svg\",\"width\":375,\"height\":72,\"caption\":\"WISO Steuer | Buhl Data Service GmbH\"},\"image\":{\"@id\":\"https:\/\/www.buhl.de\/steuer\/#\/schema\/logo\/image\/\"}}]}<\/script>\n<!-- \/ Yoast SEO Premium plugin. -->","yoast_head_json":{"title":"Versp\u00e4tungszuschlag: Steuererkl\u00e4rung nachholen & Geld sparen!","description":"Steuererkl\u00e4rung zu sp\u00e4t oder gar nicht abgegeben? Schnell nachholen und Versp\u00e4tungszuschlag minimieren. Jetzt mehr erfahren.","robots":{"index":"index","follow":"follow","max-snippet":"max-snippet:-1","max-image-preview":"max-image-preview:large","max-video-preview":"max-video-preview:-1"},"canonical":"https:\/\/www.buhl.de\/steuer\/tipps\/verspaetungszuschlag\/","og_locale":"de_DE","og_type":"article","og_title":"Versp\u00e4tungszuschlag","og_description":"Steuererkl\u00e4rung zu sp\u00e4t oder gar nicht abgegeben? Schnell nachholen und Versp\u00e4tungszuschlag minimieren. Jetzt mehr erfahren.","og_url":"https:\/\/www.buhl.de\/steuer\/tipps\/verspaetungszuschlag\/","og_site_name":"WISO Steuer: Nr.1 App f\u00fcr die Steuererkl\u00e4rung","article_modified_time":"2026-02-17T11:02:49+00:00","twitter_card":"summary_large_image","schema":{"@context":"https:\/\/schema.org","@graph":[{"@type":"WebPage","@id":"https:\/\/www.buhl.de\/steuer\/tipps\/verspaetungszuschlag\/","url":"https:\/\/www.buhl.de\/steuer\/tipps\/verspaetungszuschlag\/","name":"Versp\u00e4tungszuschlag: Steuererkl\u00e4rung nachholen & Geld sparen!","isPartOf":{"@id":"https:\/\/www.buhl.de\/steuer\/#website"},"datePublished":"2025-12-16T16:34:08+00:00","dateModified":"2026-02-17T11:02:49+00:00","description":"Steuererkl\u00e4rung zu sp\u00e4t oder gar nicht abgegeben? Schnell nachholen und Versp\u00e4tungszuschlag minimieren. Jetzt mehr erfahren.","breadcrumb":{"@id":"https:\/\/www.buhl.de\/steuer\/tipps\/verspaetungszuschlag\/#breadcrumb"},"inLanguage":"de","potentialAction":[{"@type":"ReadAction","target":["https:\/\/www.buhl.de\/steuer\/tipps\/verspaetungszuschlag\/"]}]},{"@type":"BreadcrumbList","@id":"https:\/\/www.buhl.de\/steuer\/tipps\/verspaetungszuschlag\/#breadcrumb","itemListElement":[{"@type":"ListItem","position":1,"name":"Steuererkl\u00e4rung","item":"https:\/\/www.buhl.de\/steuer\/"},{"@type":"ListItem","position":2,"name":"Steuertipps","item":"https:\/\/www.buhl.de\/steuer\/tipps\/"},{"@type":"ListItem","position":3,"name":"Versp\u00e4tungszuschlag"}]},{"@type":"WebSite","@id":"https:\/\/www.buhl.de\/steuer\/#website","url":"https:\/\/www.buhl.de\/steuer\/","name":"WISO Steuer: Nr. 1 Steuer-App","description":"","publisher":{"@id":"https:\/\/www.buhl.de\/steuer\/#organization"},"potentialAction":[{"@type":"SearchAction","target":{"@type":"EntryPoint","urlTemplate":"https:\/\/www.buhl.de\/steuer\/?s={search_term_string}"},"query-input":{"@type":"PropertyValueSpecification","valueRequired":true,"valueName":"search_term_string"}}],"inLanguage":"de"},{"@type":"Organization","@id":"https:\/\/www.buhl.de\/steuer\/#organization","name":"WISO Steuer | Buhl Data Service GmbH","url":"https:\/\/www.buhl.de\/steuer\/","logo":{"@type":"ImageObject","inLanguage":"de","@id":"https:\/\/www.buhl.de\/steuer\/#\/schema\/logo\/image\/","url":"https:\/\/www.buhl.de\/steuer\/wp-content\/uploads\/sites\/31\/2026\/02\/logo-wiso-steuer-app.svg","contentUrl":"https:\/\/www.buhl.de\/steuer\/wp-content\/uploads\/sites\/31\/2026\/02\/logo-wiso-steuer-app.svg","width":375,"height":72,"caption":"WISO Steuer | Buhl Data Service GmbH"},"image":{"@id":"https:\/\/www.buhl.de\/steuer\/#\/schema\/logo\/image\/"}}]}},"acf":{"white_label_navigation_auswaehlen":false,"inhalte_festlegen":[{"reihen":74836},{"reihen":75316},{"reihen":74838},{"reihen":74848},{"reihen":74850},{"reihen":76887},{"reihen":74840},{"reihen":70942},{"reihen":68475},{"reihen":74842},{"reihen":74854},{"reihen":74844},{"reihen":70938},{"reihen":68472},{"reihen":74846},{"reihen":74856},{"reihen":75167},{"reihen":75153},{"reihen":75169},{"reihen":75155},{"reihen":75173},{"reihen":75165},{"reihen":70193},{"reihen":68691}],"kein_abstand_zum_footer":true},"wps_subtitle":"","_links":{"self":[{"href":"https:\/\/www.buhl.de\/steuer\/wp-json\/wp\/v2\/pages\/74858","targetHints":{"allow":["GET"]}}],"collection":[{"href":"https:\/\/www.buhl.de\/steuer\/wp-json\/wp\/v2\/pages"}],"about":[{"href":"https:\/\/www.buhl.de\/steuer\/wp-json\/wp\/v2\/types\/page"}],"author":[{"embeddable":true,"href":"https:\/\/www.buhl.de\/steuer\/wp-json\/wp\/v2\/users\/265"}],"replies":[{"embeddable":true,"href":"https:\/\/www.buhl.de\/steuer\/wp-json\/wp\/v2\/comments?post=74858"}],"version-history":[{"count":8,"href":"https:\/\/www.buhl.de\/steuer\/wp-json\/wp\/v2\/pages\/74858\/revisions"}],"predecessor-version":[{"id":76948,"href":"https:\/\/www.buhl.de\/steuer\/wp-json\/wp\/v2\/pages\/74858\/revisions\/76948"}],"up":[{"embeddable":true,"href":"https:\/\/www.buhl.de\/steuer\/wp-json\/wp\/v2\/pages\/78002"}],"wp:attachment":[{"href":"https:\/\/www.buhl.de\/steuer\/wp-json\/wp\/v2\/media?parent=74858"}],"wp:term":[{"taxonomy":"category","embeddable":true,"href":"https:\/\/www.buhl.de\/steuer\/wp-json\/wp\/v2\/categories?post=74858"},{"taxonomy":"post_tag","embeddable":true,"href":"https:\/\/www.buhl.de\/steuer\/wp-json\/wp\/v2\/tags?post=74858"}],"curies":[{"name":"wp","href":"https:\/\/api.w.org\/{rel}","templated":true}]}}