{"id":75680,"date":"2025-12-22T16:14:16","date_gmt":"2025-12-22T15:14:16","guid":{"rendered":"https:\/\/www.buhl.de\/steuer\/?page_id=75680"},"modified":"2025-12-22T16:14:16","modified_gmt":"2025-12-22T15:14:16","slug":"steuererklaerung-beamte","status":"publish","type":"page","link":"https:\/\/www.buhl.de\/steuer\/steuererklaerung-beamte\/","title":{"rendered":"Beamte"},"content":{"rendered":"","protected":false},"excerpt":{"rendered":"","protected":false},"author":265,"featured_media":0,"parent":0,"menu_order":0,"comment_status":"closed","ping_status":"closed","template":"buhl-steuer\/page-acf-2023.php","meta":{"_acf_changed":false,"footnotes":""},"categories":[2845],"tags":[],"class_list":["post-75680","page","type-page","status-publish","hentry","category-search"],"yoast_head":"<!-- This site is optimized with the Yoast SEO Premium plugin v27.0 (Yoast SEO v27.0) - https:\/\/yoast.com\/product\/yoast-seo-premium-wordpress\/ -->\n<title>Beamte: Tipps &amp; Abz\u00fcge<\/title>\n<meta name=\"description\" content=\"Steuererkl\u00e4rung f\u00fcr Beamte leicht gemacht: Belege scannen, Abz\u00fcge finden, sicher abgeben \u2013 mit WISO Steuer. Inkl. Erstattungs-Prognose. Kostenlos testen.\" \/>\n<meta name=\"robots\" content=\"index, follow, max-snippet:-1, max-image-preview:large, max-video-preview:-1\" \/>\n<link rel=\"canonical\" href=\"https:\/\/www.buhl.de\/steuer\/steuererklaerung-beamte\/\" \/>\n<meta property=\"og:locale\" content=\"de_DE\" \/>\n<meta property=\"og:type\" content=\"article\" \/>\n<meta property=\"og:title\" content=\"Beamte\" \/>\n<meta property=\"og:description\" content=\"Steuererkl\u00e4rung f\u00fcr Beamte leicht gemacht: Belege scannen, Abz\u00fcge finden, sicher abgeben \u2013 mit WISO Steuer. Inkl. Erstattungs-Prognose. Kostenlos testen.\" \/>\n<meta property=\"og:url\" content=\"https:\/\/www.buhl.de\/steuer\/steuererklaerung-beamte\/\" \/>\n<meta property=\"og:site_name\" content=\"WISO Steuer: Nr.1 App f\u00fcr die Steuererkl\u00e4rung\" \/>\n<meta name=\"twitter:card\" content=\"summary_large_image\" \/>\n<script type=\"application\/ld+json\" class=\"yoast-schema-graph\">{\"@context\":\"https:\/\/schema.org\",\"@graph\":[{\"@type\":\"WebPage\",\"@id\":\"https:\/\/www.buhl.de\/steuer\/steuererklaerung-beamte\/\",\"url\":\"https:\/\/www.buhl.de\/steuer\/steuererklaerung-beamte\/\",\"name\":\"Beamte: Tipps & Abz\u00fcge\",\"isPartOf\":{\"@id\":\"https:\/\/www.buhl.de\/steuer\/#website\"},\"datePublished\":\"2025-12-22T15:14:16+00:00\",\"description\":\"Steuererkl\u00e4rung f\u00fcr Beamte leicht gemacht: Belege scannen, Abz\u00fcge finden, sicher abgeben \u2013 mit WISO Steuer. Inkl. Erstattungs-Prognose. Kostenlos testen.\",\"breadcrumb\":{\"@id\":\"https:\/\/www.buhl.de\/steuer\/steuererklaerung-beamte\/#breadcrumb\"},\"inLanguage\":\"de\",\"potentialAction\":[{\"@type\":\"ReadAction\",\"target\":[\"https:\/\/www.buhl.de\/steuer\/steuererklaerung-beamte\/\"]}]},{\"@type\":\"BreadcrumbList\",\"@id\":\"https:\/\/www.buhl.de\/steuer\/steuererklaerung-beamte\/#breadcrumb\",\"itemListElement\":[{\"@type\":\"ListItem\",\"position\":1,\"name\":\"Steuererkl\u00e4rung\",\"item\":\"https:\/\/www.buhl.de\/steuer\/\"},{\"@type\":\"ListItem\",\"position\":2,\"name\":\"Beamte\"}]},{\"@type\":\"WebSite\",\"@id\":\"https:\/\/www.buhl.de\/steuer\/#website\",\"url\":\"https:\/\/www.buhl.de\/steuer\/\",\"name\":\"WISO Steuer: Nr. 1 Steuer-App\",\"description\":\"\",\"publisher\":{\"@id\":\"https:\/\/www.buhl.de\/steuer\/#organization\"},\"potentialAction\":[{\"@type\":\"SearchAction\",\"target\":{\"@type\":\"EntryPoint\",\"urlTemplate\":\"https:\/\/www.buhl.de\/steuer\/?s={search_term_string}\"},\"query-input\":{\"@type\":\"PropertyValueSpecification\",\"valueRequired\":true,\"valueName\":\"search_term_string\"}}],\"inLanguage\":\"de\"},{\"@type\":\"Organization\",\"@id\":\"https:\/\/www.buhl.de\/steuer\/#organization\",\"name\":\"WISO Steuer | Buhl Data Service GmbH\",\"url\":\"https:\/\/www.buhl.de\/steuer\/\",\"logo\":{\"@type\":\"ImageObject\",\"inLanguage\":\"de\",\"@id\":\"https:\/\/www.buhl.de\/steuer\/#\/schema\/logo\/image\/\",\"url\":\"https:\/\/www.buhl.de\/steuer\/wp-content\/uploads\/sites\/31\/2026\/02\/logo-wiso-steuer-app.svg\",\"contentUrl\":\"https:\/\/www.buhl.de\/steuer\/wp-content\/uploads\/sites\/31\/2026\/02\/logo-wiso-steuer-app.svg\",\"width\":375,\"height\":72,\"caption\":\"WISO Steuer | Buhl Data Service GmbH\"},\"image\":{\"@id\":\"https:\/\/www.buhl.de\/steuer\/#\/schema\/logo\/image\/\"}}]}<\/script>\n<!-- \/ Yoast SEO Premium plugin. -->","yoast_head_json":{"title":"Beamte: Tipps & Abz\u00fcge","description":"Steuererkl\u00e4rung f\u00fcr Beamte leicht gemacht: Belege scannen, Abz\u00fcge finden, sicher abgeben \u2013 mit WISO Steuer. Inkl. Erstattungs-Prognose. Kostenlos testen.","robots":{"index":"index","follow":"follow","max-snippet":"max-snippet:-1","max-image-preview":"max-image-preview:large","max-video-preview":"max-video-preview:-1"},"canonical":"https:\/\/www.buhl.de\/steuer\/steuererklaerung-beamte\/","og_locale":"de_DE","og_type":"article","og_title":"Beamte","og_description":"Steuererkl\u00e4rung f\u00fcr Beamte leicht gemacht: Belege scannen, Abz\u00fcge finden, sicher abgeben \u2013 mit WISO Steuer. Inkl. Erstattungs-Prognose. Kostenlos testen.","og_url":"https:\/\/www.buhl.de\/steuer\/steuererklaerung-beamte\/","og_site_name":"WISO Steuer: Nr.1 App f\u00fcr die Steuererkl\u00e4rung","twitter_card":"summary_large_image","schema":{"@context":"https:\/\/schema.org","@graph":[{"@type":"WebPage","@id":"https:\/\/www.buhl.de\/steuer\/steuererklaerung-beamte\/","url":"https:\/\/www.buhl.de\/steuer\/steuererklaerung-beamte\/","name":"Beamte: Tipps & Abz\u00fcge","isPartOf":{"@id":"https:\/\/www.buhl.de\/steuer\/#website"},"datePublished":"2025-12-22T15:14:16+00:00","description":"Steuererkl\u00e4rung f\u00fcr Beamte leicht gemacht: Belege scannen, Abz\u00fcge finden, sicher abgeben \u2013 mit WISO Steuer. Inkl. Erstattungs-Prognose. Kostenlos testen.","breadcrumb":{"@id":"https:\/\/www.buhl.de\/steuer\/steuererklaerung-beamte\/#breadcrumb"},"inLanguage":"de","potentialAction":[{"@type":"ReadAction","target":["https:\/\/www.buhl.de\/steuer\/steuererklaerung-beamte\/"]}]},{"@type":"BreadcrumbList","@id":"https:\/\/www.buhl.de\/steuer\/steuererklaerung-beamte\/#breadcrumb","itemListElement":[{"@type":"ListItem","position":1,"name":"Steuererkl\u00e4rung","item":"https:\/\/www.buhl.de\/steuer\/"},{"@type":"ListItem","position":2,"name":"Beamte"}]},{"@type":"WebSite","@id":"https:\/\/www.buhl.de\/steuer\/#website","url":"https:\/\/www.buhl.de\/steuer\/","name":"WISO Steuer: Nr. 1 Steuer-App","description":"","publisher":{"@id":"https:\/\/www.buhl.de\/steuer\/#organization"},"potentialAction":[{"@type":"SearchAction","target":{"@type":"EntryPoint","urlTemplate":"https:\/\/www.buhl.de\/steuer\/?s={search_term_string}"},"query-input":{"@type":"PropertyValueSpecification","valueRequired":true,"valueName":"search_term_string"}}],"inLanguage":"de"},{"@type":"Organization","@id":"https:\/\/www.buhl.de\/steuer\/#organization","name":"WISO Steuer | Buhl Data Service GmbH","url":"https:\/\/www.buhl.de\/steuer\/","logo":{"@type":"ImageObject","inLanguage":"de","@id":"https:\/\/www.buhl.de\/steuer\/#\/schema\/logo\/image\/","url":"https:\/\/www.buhl.de\/steuer\/wp-content\/uploads\/sites\/31\/2026\/02\/logo-wiso-steuer-app.svg","contentUrl":"https:\/\/www.buhl.de\/steuer\/wp-content\/uploads\/sites\/31\/2026\/02\/logo-wiso-steuer-app.svg","width":375,"height":72,"caption":"WISO Steuer | Buhl Data Service GmbH"},"image":{"@id":"https:\/\/www.buhl.de\/steuer\/#\/schema\/logo\/image\/"}}]}},"acf":{"white_label_navigation_auswaehlen":false,"inhalte_festlegen":[{"reihen":75683},{"reihen":70940},{"reihen":75750},{"reihen":75758},{"reihen":75685},{"reihen":75689},{"reihen":75691},{"reihen":75739},{"reihen":75741},{"reihen":68466},{"reihen":68472},{"reihen":75727},{"reihen":75710},{"reihen":75730},{"reihen":75695},{"reihen":75732},{"reihen":75697},{"reihen":75737},{"reihen":75706},{"reihen":70193},{"reihen":68691}],"kein_abstand_zum_footer":true},"wps_subtitle":"","_links":{"self":[{"href":"https:\/\/www.buhl.de\/steuer\/wp-json\/wp\/v2\/pages\/75680","targetHints":{"allow":["GET"]}}],"collection":[{"href":"https:\/\/www.buhl.de\/steuer\/wp-json\/wp\/v2\/pages"}],"about":[{"href":"https:\/\/www.buhl.de\/steuer\/wp-json\/wp\/v2\/types\/page"}],"author":[{"embeddable":true,"href":"https:\/\/www.buhl.de\/steuer\/wp-json\/wp\/v2\/users\/265"}],"replies":[{"embeddable":true,"href":"https:\/\/www.buhl.de\/steuer\/wp-json\/wp\/v2\/comments?post=75680"}],"version-history":[{"count":11,"href":"https:\/\/www.buhl.de\/steuer\/wp-json\/wp\/v2\/pages\/75680\/revisions"}],"predecessor-version":[{"id":75768,"href":"https:\/\/www.buhl.de\/steuer\/wp-json\/wp\/v2\/pages\/75680\/revisions\/75768"}],"wp:attachment":[{"href":"https:\/\/www.buhl.de\/steuer\/wp-json\/wp\/v2\/media?parent=75680"}],"wp:term":[{"taxonomy":"category","embeddable":true,"href":"https:\/\/www.buhl.de\/steuer\/wp-json\/wp\/v2\/categories?post=75680"},{"taxonomy":"post_tag","embeddable":true,"href":"https:\/\/www.buhl.de\/steuer\/wp-json\/wp\/v2\/tags?post=75680"}],"curies":[{"name":"wp","href":"https:\/\/api.w.org\/{rel}","templated":true}]}}