{"id":75783,"date":"2026-01-05T14:17:20","date_gmt":"2026-01-05T13:17:20","guid":{"rendered":"https:\/\/www.buhl.de\/steuer\/?page_id=75783"},"modified":"2026-02-17T11:58:26","modified_gmt":"2026-02-17T10:58:26","slug":"lohnsteuer","status":"publish","type":"page","link":"https:\/\/www.buhl.de\/steuer\/tipps\/lohnsteuer\/","title":{"rendered":"Lohnsteuer"},"content":{"rendered":"","protected":false},"excerpt":{"rendered":"","protected":false},"author":265,"featured_media":0,"parent":78002,"menu_order":0,"comment_status":"closed","ping_status":"closed","template":"buhl-steuer\/page-acf-2023.php","meta":{"_acf_changed":false,"footnotes":""},"categories":[2845],"tags":[],"class_list":["post-75783","page","type-page","status-publish","hentry","category-search"],"yoast_head":"<!-- This site is optimized with the Yoast SEO Premium plugin v27.0 (Yoast SEO v27.0) - https:\/\/yoast.com\/product\/yoast-seo-premium-wordpress\/ -->\n<title>Zu viel Lohnsteuer gezahlt? So holst du sie dir zur\u00fcck!<\/title>\n<meta name=\"description\" content=\"Mit der Steuererkl\u00e4rung erstattet dir das Finanzamt gezahlte Lohnsteuer. Jetzt berechnen, was du zur\u00fcckbekommst \u2013 kostenlos ausprobieren.\" \/>\n<meta name=\"robots\" content=\"index, follow, max-snippet:-1, max-image-preview:large, max-video-preview:-1\" \/>\n<link rel=\"canonical\" href=\"https:\/\/www.buhl.de\/steuer\/tipps\/lohnsteuer\/\" \/>\n<meta property=\"og:locale\" content=\"de_DE\" \/>\n<meta property=\"og:type\" content=\"article\" \/>\n<meta property=\"og:title\" content=\"Lohnsteuer\" \/>\n<meta property=\"og:description\" content=\"Mit der Steuererkl\u00e4rung erstattet dir das Finanzamt gezahlte Lohnsteuer. Jetzt berechnen, was du zur\u00fcckbekommst \u2013 kostenlos ausprobieren.\" \/>\n<meta property=\"og:url\" content=\"https:\/\/www.buhl.de\/steuer\/tipps\/lohnsteuer\/\" \/>\n<meta property=\"og:site_name\" content=\"WISO Steuer: Nr.1 App f\u00fcr die Steuererkl\u00e4rung\" \/>\n<meta property=\"article:modified_time\" content=\"2026-02-17T10:58:26+00:00\" \/>\n<meta name=\"twitter:card\" content=\"summary_large_image\" \/>\n<script type=\"application\/ld+json\" class=\"yoast-schema-graph\">{\"@context\":\"https:\/\/schema.org\",\"@graph\":[{\"@type\":\"WebPage\",\"@id\":\"https:\/\/www.buhl.de\/steuer\/tipps\/lohnsteuer\/\",\"url\":\"https:\/\/www.buhl.de\/steuer\/tipps\/lohnsteuer\/\",\"name\":\"Zu viel Lohnsteuer gezahlt? So holst du sie dir zur\u00fcck!\",\"isPartOf\":{\"@id\":\"https:\/\/www.buhl.de\/steuer\/#website\"},\"datePublished\":\"2026-01-05T13:17:20+00:00\",\"dateModified\":\"2026-02-17T10:58:26+00:00\",\"description\":\"Mit der Steuererkl\u00e4rung erstattet dir das Finanzamt gezahlte Lohnsteuer. Jetzt berechnen, was du zur\u00fcckbekommst \u2013 kostenlos ausprobieren.\",\"breadcrumb\":{\"@id\":\"https:\/\/www.buhl.de\/steuer\/tipps\/lohnsteuer\/#breadcrumb\"},\"inLanguage\":\"de\",\"potentialAction\":[{\"@type\":\"ReadAction\",\"target\":[\"https:\/\/www.buhl.de\/steuer\/tipps\/lohnsteuer\/\"]}]},{\"@type\":\"BreadcrumbList\",\"@id\":\"https:\/\/www.buhl.de\/steuer\/tipps\/lohnsteuer\/#breadcrumb\",\"itemListElement\":[{\"@type\":\"ListItem\",\"position\":1,\"name\":\"Steuererkl\u00e4rung\",\"item\":\"https:\/\/www.buhl.de\/steuer\/\"},{\"@type\":\"ListItem\",\"position\":2,\"name\":\"Steuertipps\",\"item\":\"https:\/\/www.buhl.de\/steuer\/tipps\/\"},{\"@type\":\"ListItem\",\"position\":3,\"name\":\"Lohnsteuer\"}]},{\"@type\":\"WebSite\",\"@id\":\"https:\/\/www.buhl.de\/steuer\/#website\",\"url\":\"https:\/\/www.buhl.de\/steuer\/\",\"name\":\"WISO Steuer: Nr. 1 Steuer-App\",\"description\":\"\",\"publisher\":{\"@id\":\"https:\/\/www.buhl.de\/steuer\/#organization\"},\"potentialAction\":[{\"@type\":\"SearchAction\",\"target\":{\"@type\":\"EntryPoint\",\"urlTemplate\":\"https:\/\/www.buhl.de\/steuer\/?s={search_term_string}\"},\"query-input\":{\"@type\":\"PropertyValueSpecification\",\"valueRequired\":true,\"valueName\":\"search_term_string\"}}],\"inLanguage\":\"de\"},{\"@type\":\"Organization\",\"@id\":\"https:\/\/www.buhl.de\/steuer\/#organization\",\"name\":\"WISO Steuer | Buhl Data Service GmbH\",\"url\":\"https:\/\/www.buhl.de\/steuer\/\",\"logo\":{\"@type\":\"ImageObject\",\"inLanguage\":\"de\",\"@id\":\"https:\/\/www.buhl.de\/steuer\/#\/schema\/logo\/image\/\",\"url\":\"https:\/\/www.buhl.de\/steuer\/wp-content\/uploads\/sites\/31\/2026\/02\/logo-wiso-steuer-app.svg\",\"contentUrl\":\"https:\/\/www.buhl.de\/steuer\/wp-content\/uploads\/sites\/31\/2026\/02\/logo-wiso-steuer-app.svg\",\"width\":375,\"height\":72,\"caption\":\"WISO Steuer | Buhl Data Service GmbH\"},\"image\":{\"@id\":\"https:\/\/www.buhl.de\/steuer\/#\/schema\/logo\/image\/\"}}]}<\/script>\n<!-- \/ Yoast SEO Premium plugin. -->","yoast_head_json":{"title":"Zu viel Lohnsteuer gezahlt? So holst du sie dir zur\u00fcck!","description":"Mit der Steuererkl\u00e4rung erstattet dir das Finanzamt gezahlte Lohnsteuer. Jetzt berechnen, was du zur\u00fcckbekommst \u2013 kostenlos ausprobieren.","robots":{"index":"index","follow":"follow","max-snippet":"max-snippet:-1","max-image-preview":"max-image-preview:large","max-video-preview":"max-video-preview:-1"},"canonical":"https:\/\/www.buhl.de\/steuer\/tipps\/lohnsteuer\/","og_locale":"de_DE","og_type":"article","og_title":"Lohnsteuer","og_description":"Mit der Steuererkl\u00e4rung erstattet dir das Finanzamt gezahlte Lohnsteuer. Jetzt berechnen, was du zur\u00fcckbekommst \u2013 kostenlos ausprobieren.","og_url":"https:\/\/www.buhl.de\/steuer\/tipps\/lohnsteuer\/","og_site_name":"WISO Steuer: Nr.1 App f\u00fcr die Steuererkl\u00e4rung","article_modified_time":"2026-02-17T10:58:26+00:00","twitter_card":"summary_large_image","schema":{"@context":"https:\/\/schema.org","@graph":[{"@type":"WebPage","@id":"https:\/\/www.buhl.de\/steuer\/tipps\/lohnsteuer\/","url":"https:\/\/www.buhl.de\/steuer\/tipps\/lohnsteuer\/","name":"Zu viel Lohnsteuer gezahlt? So holst du sie dir zur\u00fcck!","isPartOf":{"@id":"https:\/\/www.buhl.de\/steuer\/#website"},"datePublished":"2026-01-05T13:17:20+00:00","dateModified":"2026-02-17T10:58:26+00:00","description":"Mit der Steuererkl\u00e4rung erstattet dir das Finanzamt gezahlte Lohnsteuer. Jetzt berechnen, was du zur\u00fcckbekommst \u2013 kostenlos ausprobieren.","breadcrumb":{"@id":"https:\/\/www.buhl.de\/steuer\/tipps\/lohnsteuer\/#breadcrumb"},"inLanguage":"de","potentialAction":[{"@type":"ReadAction","target":["https:\/\/www.buhl.de\/steuer\/tipps\/lohnsteuer\/"]}]},{"@type":"BreadcrumbList","@id":"https:\/\/www.buhl.de\/steuer\/tipps\/lohnsteuer\/#breadcrumb","itemListElement":[{"@type":"ListItem","position":1,"name":"Steuererkl\u00e4rung","item":"https:\/\/www.buhl.de\/steuer\/"},{"@type":"ListItem","position":2,"name":"Steuertipps","item":"https:\/\/www.buhl.de\/steuer\/tipps\/"},{"@type":"ListItem","position":3,"name":"Lohnsteuer"}]},{"@type":"WebSite","@id":"https:\/\/www.buhl.de\/steuer\/#website","url":"https:\/\/www.buhl.de\/steuer\/","name":"WISO Steuer: Nr. 1 Steuer-App","description":"","publisher":{"@id":"https:\/\/www.buhl.de\/steuer\/#organization"},"potentialAction":[{"@type":"SearchAction","target":{"@type":"EntryPoint","urlTemplate":"https:\/\/www.buhl.de\/steuer\/?s={search_term_string}"},"query-input":{"@type":"PropertyValueSpecification","valueRequired":true,"valueName":"search_term_string"}}],"inLanguage":"de"},{"@type":"Organization","@id":"https:\/\/www.buhl.de\/steuer\/#organization","name":"WISO Steuer | Buhl Data Service GmbH","url":"https:\/\/www.buhl.de\/steuer\/","logo":{"@type":"ImageObject","inLanguage":"de","@id":"https:\/\/www.buhl.de\/steuer\/#\/schema\/logo\/image\/","url":"https:\/\/www.buhl.de\/steuer\/wp-content\/uploads\/sites\/31\/2026\/02\/logo-wiso-steuer-app.svg","contentUrl":"https:\/\/www.buhl.de\/steuer\/wp-content\/uploads\/sites\/31\/2026\/02\/logo-wiso-steuer-app.svg","width":375,"height":72,"caption":"WISO Steuer | Buhl Data Service GmbH"},"image":{"@id":"https:\/\/www.buhl.de\/steuer\/#\/schema\/logo\/image\/"}}]}},"acf":{"white_label_navigation_auswaehlen":false,"inhalte_festlegen":[{"reihen":75786},{"reihen":70940},{"reihen":75971},{"reihen":75825},{"reihen":75964},{"reihen":68466},{"reihen":75812},{"reihen":75810},{"reihen":68472},{"reihen":75815},{"reihen":75794},{"reihen":75817},{"reihen":75796},{"reihen":75821},{"reihen":75804},{"reihen":75823},{"reihen":75806},{"reihen":75819},{"reihen":75802},{"reihen":68691}],"kein_abstand_zum_footer":true},"wps_subtitle":"","_links":{"self":[{"href":"https:\/\/www.buhl.de\/steuer\/wp-json\/wp\/v2\/pages\/75783","targetHints":{"allow":["GET"]}}],"collection":[{"href":"https:\/\/www.buhl.de\/steuer\/wp-json\/wp\/v2\/pages"}],"about":[{"href":"https:\/\/www.buhl.de\/steuer\/wp-json\/wp\/v2\/types\/page"}],"author":[{"embeddable":true,"href":"https:\/\/www.buhl.de\/steuer\/wp-json\/wp\/v2\/users\/265"}],"replies":[{"embeddable":true,"href":"https:\/\/www.buhl.de\/steuer\/wp-json\/wp\/v2\/comments?post=75783"}],"version-history":[{"count":8,"href":"https:\/\/www.buhl.de\/steuer\/wp-json\/wp\/v2\/pages\/75783\/revisions"}],"predecessor-version":[{"id":75974,"href":"https:\/\/www.buhl.de\/steuer\/wp-json\/wp\/v2\/pages\/75783\/revisions\/75974"}],"up":[{"embeddable":true,"href":"https:\/\/www.buhl.de\/steuer\/wp-json\/wp\/v2\/pages\/78002"}],"wp:attachment":[{"href":"https:\/\/www.buhl.de\/steuer\/wp-json\/wp\/v2\/media?parent=75783"}],"wp:term":[{"taxonomy":"category","embeddable":true,"href":"https:\/\/www.buhl.de\/steuer\/wp-json\/wp\/v2\/categories?post=75783"},{"taxonomy":"post_tag","embeddable":true,"href":"https:\/\/www.buhl.de\/steuer\/wp-json\/wp\/v2\/tags?post=75783"}],"curies":[{"name":"wp","href":"https:\/\/api.w.org\/{rel}","templated":true}]}}