{"id":83781,"date":"2026-04-29T12:21:56","date_gmt":"2026-04-29T10:21:56","guid":{"rendered":"https:\/\/www.buhl.de\/steuer\/?page_id=83781"},"modified":"2026-04-29T12:21:56","modified_gmt":"2026-04-29T10:21:56","slug":"steuererklaerung-ebay","status":"publish","type":"page","link":"https:\/\/www.buhl.de\/steuer\/steuererklaerung-ebay\/","title":{"rendered":"eBay-Verk\u00e4ufer"},"content":{"rendered":"","protected":false},"excerpt":{"rendered":"","protected":false},"author":275,"featured_media":0,"parent":0,"menu_order":0,"comment_status":"closed","ping_status":"closed","template":"templates\/acf-default-template.php","meta":{"_acf_changed":false,"footnotes":""},"categories":[],"tags":[],"class_list":["post-83781","page","type-page","status-publish","hentry"],"yoast_head":"<!-- This site is optimized with the Yoast SEO Premium plugin v27.4 (Yoast SEO v27.5) - https:\/\/yoast.com\/product\/yoast-seo-premium-wordpress\/ -->\n<title>Steuererkl\u00e4rung f\u00fcr eBay-Verk\u00e4ufer: Sind Verk\u00e4ufe steuerpflichtig?<\/title>\n<meta name=\"description\" content=\"Verkaufst du privat oder gewerblich auf eBay? \ud83d\udce6 Erfahre, wann Steuern anfallen und erledige deine Steuererkl\u00e4rung f\u00fcr eBay im Handumdrehen.\" \/>\n<meta name=\"robots\" content=\"index, follow, max-snippet:-1, max-image-preview:large, max-video-preview:-1\" \/>\n<link rel=\"canonical\" href=\"https:\/\/www.buhl.de\/steuer\/steuererklaerung-ebay\/\" \/>\n<meta property=\"og:locale\" content=\"de_DE\" \/>\n<meta property=\"og:type\" content=\"article\" \/>\n<meta property=\"og:title\" content=\"eBay-Verk\u00e4ufer\" \/>\n<meta property=\"og:description\" content=\"Verkaufst du privat oder gewerblich auf eBay? \ud83d\udce6 Erfahre, wann Steuern anfallen und erledige deine Steuererkl\u00e4rung f\u00fcr eBay im Handumdrehen.\" \/>\n<meta property=\"og:url\" content=\"https:\/\/www.buhl.de\/steuer\/steuererklaerung-ebay\/\" \/>\n<meta property=\"og:site_name\" content=\"WISO Steuer: Nr.1 App f\u00fcr die Steuererkl\u00e4rung\" \/>\n<meta name=\"twitter:card\" content=\"summary_large_image\" \/>\n<script type=\"application\/ld+json\" class=\"yoast-schema-graph\">{\"@context\":\"https:\\\/\\\/schema.org\",\"@graph\":[{\"@type\":\"WebPage\",\"@id\":\"https:\\\/\\\/www.buhl.de\\\/steuer\\\/steuererklaerung-ebay\\\/\",\"url\":\"https:\\\/\\\/www.buhl.de\\\/steuer\\\/steuererklaerung-ebay\\\/\",\"name\":\"Steuererkl\u00e4rung f\u00fcr eBay-Verk\u00e4ufer: Sind Verk\u00e4ufe steuerpflichtig?\",\"isPartOf\":{\"@id\":\"https:\\\/\\\/www.buhl.de\\\/steuer\\\/#website\"},\"datePublished\":\"2026-04-29T10:21:56+00:00\",\"description\":\"Verkaufst du privat oder gewerblich auf eBay? \ud83d\udce6 Erfahre, wann Steuern anfallen und erledige deine Steuererkl\u00e4rung f\u00fcr eBay im Handumdrehen.\",\"breadcrumb\":{\"@id\":\"https:\\\/\\\/www.buhl.de\\\/steuer\\\/steuererklaerung-ebay\\\/#breadcrumb\"},\"inLanguage\":\"de\",\"potentialAction\":[{\"@type\":\"ReadAction\",\"target\":[\"https:\\\/\\\/www.buhl.de\\\/steuer\\\/steuererklaerung-ebay\\\/\"]}]},{\"@type\":\"BreadcrumbList\",\"@id\":\"https:\\\/\\\/www.buhl.de\\\/steuer\\\/steuererklaerung-ebay\\\/#breadcrumb\",\"itemListElement\":[{\"@type\":\"ListItem\",\"position\":1,\"name\":\"Steuererkl\u00e4rung\",\"item\":\"https:\\\/\\\/www.buhl.de\\\/steuer\\\/\"},{\"@type\":\"ListItem\",\"position\":2,\"name\":\"eBay-Verk\u00e4ufer\"}]},{\"@type\":\"WebSite\",\"@id\":\"https:\\\/\\\/www.buhl.de\\\/steuer\\\/#website\",\"url\":\"https:\\\/\\\/www.buhl.de\\\/steuer\\\/\",\"name\":\"WISO Steuer: Nr. 1 Steuer-App\",\"description\":\"\",\"publisher\":{\"@id\":\"https:\\\/\\\/www.buhl.de\\\/steuer\\\/#organization\"},\"potentialAction\":[{\"@type\":\"SearchAction\",\"target\":{\"@type\":\"EntryPoint\",\"urlTemplate\":\"https:\\\/\\\/www.buhl.de\\\/steuer\\\/?s={search_term_string}\"},\"query-input\":{\"@type\":\"PropertyValueSpecification\",\"valueRequired\":true,\"valueName\":\"search_term_string\"}}],\"inLanguage\":\"de\"},{\"@type\":\"Organization\",\"@id\":\"https:\\\/\\\/www.buhl.de\\\/steuer\\\/#organization\",\"name\":\"WISO Steuer | Buhl Data Service GmbH\",\"url\":\"https:\\\/\\\/www.buhl.de\\\/steuer\\\/\",\"logo\":{\"@type\":\"ImageObject\",\"inLanguage\":\"de\",\"@id\":\"https:\\\/\\\/www.buhl.de\\\/steuer\\\/#\\\/schema\\\/logo\\\/image\\\/\",\"url\":\"https:\\\/\\\/www.buhl.de\\\/steuer\\\/wp-content\\\/uploads\\\/sites\\\/31\\\/2026\\\/02\\\/logo-wiso-steuer-app.svg\",\"contentUrl\":\"https:\\\/\\\/www.buhl.de\\\/steuer\\\/wp-content\\\/uploads\\\/sites\\\/31\\\/2026\\\/02\\\/logo-wiso-steuer-app.svg\",\"width\":375,\"height\":72,\"caption\":\"WISO Steuer | Buhl Data Service GmbH\"},\"image\":{\"@id\":\"https:\\\/\\\/www.buhl.de\\\/steuer\\\/#\\\/schema\\\/logo\\\/image\\\/\"}}]}<\/script>\n<!-- \/ Yoast SEO Premium plugin. -->","yoast_head_json":{"title":"Steuererkl\u00e4rung f\u00fcr eBay-Verk\u00e4ufer: Sind Verk\u00e4ufe steuerpflichtig?","description":"Verkaufst du privat oder gewerblich auf eBay? \ud83d\udce6 Erfahre, wann Steuern anfallen und erledige deine Steuererkl\u00e4rung f\u00fcr eBay im Handumdrehen.","robots":{"index":"index","follow":"follow","max-snippet":"max-snippet:-1","max-image-preview":"max-image-preview:large","max-video-preview":"max-video-preview:-1"},"canonical":"https:\/\/www.buhl.de\/steuer\/steuererklaerung-ebay\/","og_locale":"de_DE","og_type":"article","og_title":"eBay-Verk\u00e4ufer","og_description":"Verkaufst du privat oder gewerblich auf eBay? \ud83d\udce6 Erfahre, wann Steuern anfallen und erledige deine Steuererkl\u00e4rung f\u00fcr eBay im Handumdrehen.","og_url":"https:\/\/www.buhl.de\/steuer\/steuererklaerung-ebay\/","og_site_name":"WISO Steuer: Nr.1 App f\u00fcr die Steuererkl\u00e4rung","twitter_card":"summary_large_image","schema":{"@context":"https:\/\/schema.org","@graph":[{"@type":"WebPage","@id":"https:\/\/www.buhl.de\/steuer\/steuererklaerung-ebay\/","url":"https:\/\/www.buhl.de\/steuer\/steuererklaerung-ebay\/","name":"Steuererkl\u00e4rung f\u00fcr eBay-Verk\u00e4ufer: Sind Verk\u00e4ufe steuerpflichtig?","isPartOf":{"@id":"https:\/\/www.buhl.de\/steuer\/#website"},"datePublished":"2026-04-29T10:21:56+00:00","description":"Verkaufst du privat oder gewerblich auf eBay? \ud83d\udce6 Erfahre, wann Steuern anfallen und erledige deine Steuererkl\u00e4rung f\u00fcr eBay im Handumdrehen.","breadcrumb":{"@id":"https:\/\/www.buhl.de\/steuer\/steuererklaerung-ebay\/#breadcrumb"},"inLanguage":"de","potentialAction":[{"@type":"ReadAction","target":["https:\/\/www.buhl.de\/steuer\/steuererklaerung-ebay\/"]}]},{"@type":"BreadcrumbList","@id":"https:\/\/www.buhl.de\/steuer\/steuererklaerung-ebay\/#breadcrumb","itemListElement":[{"@type":"ListItem","position":1,"name":"Steuererkl\u00e4rung","item":"https:\/\/www.buhl.de\/steuer\/"},{"@type":"ListItem","position":2,"name":"eBay-Verk\u00e4ufer"}]},{"@type":"WebSite","@id":"https:\/\/www.buhl.de\/steuer\/#website","url":"https:\/\/www.buhl.de\/steuer\/","name":"WISO Steuer: Nr. 1 Steuer-App","description":"","publisher":{"@id":"https:\/\/www.buhl.de\/steuer\/#organization"},"potentialAction":[{"@type":"SearchAction","target":{"@type":"EntryPoint","urlTemplate":"https:\/\/www.buhl.de\/steuer\/?s={search_term_string}"},"query-input":{"@type":"PropertyValueSpecification","valueRequired":true,"valueName":"search_term_string"}}],"inLanguage":"de"},{"@type":"Organization","@id":"https:\/\/www.buhl.de\/steuer\/#organization","name":"WISO Steuer | Buhl Data Service GmbH","url":"https:\/\/www.buhl.de\/steuer\/","logo":{"@type":"ImageObject","inLanguage":"de","@id":"https:\/\/www.buhl.de\/steuer\/#\/schema\/logo\/image\/","url":"https:\/\/www.buhl.de\/steuer\/wp-content\/uploads\/sites\/31\/2026\/02\/logo-wiso-steuer-app.svg","contentUrl":"https:\/\/www.buhl.de\/steuer\/wp-content\/uploads\/sites\/31\/2026\/02\/logo-wiso-steuer-app.svg","width":375,"height":72,"caption":"WISO Steuer | Buhl Data Service GmbH"},"image":{"@id":"https:\/\/www.buhl.de\/steuer\/#\/schema\/logo\/image\/"}}]}},"acf":[],"wps_subtitle":"","_links":{"self":[{"href":"https:\/\/www.buhl.de\/steuer\/wp-json\/wp\/v2\/pages\/83781","targetHints":{"allow":["GET"]}}],"collection":[{"href":"https:\/\/www.buhl.de\/steuer\/wp-json\/wp\/v2\/pages"}],"about":[{"href":"https:\/\/www.buhl.de\/steuer\/wp-json\/wp\/v2\/types\/page"}],"author":[{"embeddable":true,"href":"https:\/\/www.buhl.de\/steuer\/wp-json\/wp\/v2\/users\/275"}],"replies":[{"embeddable":true,"href":"https:\/\/www.buhl.de\/steuer\/wp-json\/wp\/v2\/comments?post=83781"}],"version-history":[{"count":18,"href":"https:\/\/www.buhl.de\/steuer\/wp-json\/wp\/v2\/pages\/83781\/revisions"}],"predecessor-version":[{"id":84438,"href":"https:\/\/www.buhl.de\/steuer\/wp-json\/wp\/v2\/pages\/83781\/revisions\/84438"}],"wp:attachment":[{"href":"https:\/\/www.buhl.de\/steuer\/wp-json\/wp\/v2\/media?parent=83781"}],"wp:term":[{"taxonomy":"category","embeddable":true,"href":"https:\/\/www.buhl.de\/steuer\/wp-json\/wp\/v2\/categories?post=83781"},{"taxonomy":"post_tag","embeddable":true,"href":"https:\/\/www.buhl.de\/steuer\/wp-json\/wp\/v2\/tags?post=83781"}],"curies":[{"name":"wp","href":"https:\/\/api.w.org\/{rel}","templated":true}]}}