{"id":9605,"date":"2021-09-17T15:02:22","date_gmt":"2021-09-17T13:02:22","guid":{"rendered":"https:\/\/www.buhl.de\/steuer\/?page_id=9605"},"modified":"2026-01-27T11:46:14","modified_gmt":"2026-01-27T10:46:14","slug":"steuer-2021","status":"publish","type":"page","link":"https:\/\/www.buhl.de\/steuer\/jahr\/steuer-2021\/","title":{"rendered":"Steuererk\u00e4rung 2021"},"content":{"rendered":"","protected":false},"excerpt":{"rendered":"","protected":false},"author":128,"featured_media":0,"parent":10045,"menu_order":0,"comment_status":"closed","ping_status":"closed","template":"buhl-steuer\/page-acf-2023.php","meta":{"_acf_changed":false,"footnotes":""},"categories":[2845],"tags":[],"class_list":["post-9605","page","type-page","status-publish","hentry","category-search"],"yoast_head":"<!-- This site is optimized with the Yoast SEO Premium plugin v27.0 (Yoast SEO v27.0) - https:\/\/yoast.com\/product\/yoast-seo-premium-wordpress\/ -->\n<title>Steuererkl\u00e4rung 2021: Programm f\u00fcr deine Einkommensteuer<\/title>\n<meta name=\"description\" content=\"Steuererkl\u00e4rung 2021 machen: Alles was du f\u00fcr das neue Jahr wissen musst! \ud83d\udc49 Hol dir dein Geld zur\u00fcck mit WISO Steuer \u2714\ufe0f Tipps \u2714\ufe0f Anleitung \u2714\ufe0f Programm\" \/>\n<meta name=\"robots\" content=\"index, follow, max-snippet:-1, max-image-preview:large, max-video-preview:-1\" \/>\n<link rel=\"canonical\" href=\"https:\/\/www.buhl.de\/steuer\/jahr\/steuer-2021\/\" \/>\n<meta property=\"og:locale\" content=\"de_DE\" \/>\n<meta property=\"og:type\" content=\"article\" \/>\n<meta property=\"og:title\" content=\"Steuererk\u00e4rung 2021\" \/>\n<meta property=\"og:description\" content=\"Steuererkl\u00e4rung 2021 machen: Alles was du f\u00fcr das neue Jahr wissen musst! \ud83d\udc49 Hol dir dein Geld zur\u00fcck mit WISO Steuer \u2714\ufe0f Tipps \u2714\ufe0f Anleitung \u2714\ufe0f Programm\" \/>\n<meta property=\"og:url\" content=\"https:\/\/www.buhl.de\/steuer\/jahr\/steuer-2021\/\" \/>\n<meta property=\"og:site_name\" content=\"WISO Steuer: Nr.1 App f\u00fcr die Steuererkl\u00e4rung\" \/>\n<meta property=\"article:modified_time\" content=\"2026-01-27T10:46:14+00:00\" \/>\n<meta property=\"og:image\" content=\"https:\/\/www.buhl.de\/steuer\/wp-content\/uploads\/sites\/31\/2021\/11\/steuerjahr-2021-mob.png\" \/>\n\t<meta property=\"og:image:width\" content=\"335\" \/>\n\t<meta property=\"og:image:height\" content=\"374\" \/>\n\t<meta property=\"og:image:type\" content=\"image\/png\" \/>\n<meta name=\"twitter:card\" content=\"summary_large_image\" \/>\n<script type=\"application\/ld+json\" class=\"yoast-schema-graph\">{\"@context\":\"https:\/\/schema.org\",\"@graph\":[{\"@type\":\"WebPage\",\"@id\":\"https:\/\/www.buhl.de\/steuer\/jahr\/steuer-2021\/\",\"url\":\"https:\/\/www.buhl.de\/steuer\/jahr\/steuer-2021\/\",\"name\":\"Steuererkl\u00e4rung 2021: Programm f\u00fcr deine Einkommensteuer\",\"isPartOf\":{\"@id\":\"https:\/\/www.buhl.de\/steuer\/#website\"},\"datePublished\":\"2021-09-17T13:02:22+00:00\",\"dateModified\":\"2026-01-27T10:46:14+00:00\",\"description\":\"Steuererkl\u00e4rung 2021 machen: Alles was du f\u00fcr das neue Jahr wissen musst! \ud83d\udc49 Hol dir dein Geld zur\u00fcck mit WISO Steuer \u2714\ufe0f Tipps \u2714\ufe0f Anleitung \u2714\ufe0f Programm\",\"breadcrumb\":{\"@id\":\"https:\/\/www.buhl.de\/steuer\/jahr\/steuer-2021\/#breadcrumb\"},\"inLanguage\":\"de\",\"potentialAction\":[{\"@type\":\"ReadAction\",\"target\":[\"https:\/\/www.buhl.de\/steuer\/jahr\/steuer-2021\/\"]}]},{\"@type\":\"BreadcrumbList\",\"@id\":\"https:\/\/www.buhl.de\/steuer\/jahr\/steuer-2021\/#breadcrumb\",\"itemListElement\":[{\"@type\":\"ListItem\",\"position\":1,\"name\":\"Steuererkl\u00e4rung\",\"item\":\"https:\/\/www.buhl.de\/steuer\/\"},{\"@type\":\"ListItem\",\"position\":2,\"name\":\"Steuerjahr\",\"item\":\"https:\/\/www.buhl.de\/steuer\/jahr\/\"},{\"@type\":\"ListItem\",\"position\":3,\"name\":\"Steuererk\u00e4rung 2021\"}]},{\"@type\":\"WebSite\",\"@id\":\"https:\/\/www.buhl.de\/steuer\/#website\",\"url\":\"https:\/\/www.buhl.de\/steuer\/\",\"name\":\"WISO Steuer: Nr. 1 Steuer-App\",\"description\":\"\",\"publisher\":{\"@id\":\"https:\/\/www.buhl.de\/steuer\/#organization\"},\"potentialAction\":[{\"@type\":\"SearchAction\",\"target\":{\"@type\":\"EntryPoint\",\"urlTemplate\":\"https:\/\/www.buhl.de\/steuer\/?s={search_term_string}\"},\"query-input\":{\"@type\":\"PropertyValueSpecification\",\"valueRequired\":true,\"valueName\":\"search_term_string\"}}],\"inLanguage\":\"de\"},{\"@type\":\"Organization\",\"@id\":\"https:\/\/www.buhl.de\/steuer\/#organization\",\"name\":\"WISO Steuer | Buhl Data Service GmbH\",\"url\":\"https:\/\/www.buhl.de\/steuer\/\",\"logo\":{\"@type\":\"ImageObject\",\"inLanguage\":\"de\",\"@id\":\"https:\/\/www.buhl.de\/steuer\/#\/schema\/logo\/image\/\",\"url\":\"https:\/\/www.buhl.de\/steuer\/wp-content\/uploads\/sites\/31\/2026\/02\/logo-wiso-steuer-app.svg\",\"contentUrl\":\"https:\/\/www.buhl.de\/steuer\/wp-content\/uploads\/sites\/31\/2026\/02\/logo-wiso-steuer-app.svg\",\"width\":375,\"height\":72,\"caption\":\"WISO Steuer | Buhl Data Service GmbH\"},\"image\":{\"@id\":\"https:\/\/www.buhl.de\/steuer\/#\/schema\/logo\/image\/\"}}]}<\/script>\n<!-- \/ Yoast SEO Premium plugin. -->","yoast_head_json":{"title":"Steuererkl\u00e4rung 2021: Programm f\u00fcr deine Einkommensteuer","description":"Steuererkl\u00e4rung 2021 machen: Alles was du f\u00fcr das neue Jahr wissen musst! \ud83d\udc49 Hol dir dein Geld zur\u00fcck mit WISO Steuer \u2714\ufe0f Tipps \u2714\ufe0f Anleitung \u2714\ufe0f Programm","robots":{"index":"index","follow":"follow","max-snippet":"max-snippet:-1","max-image-preview":"max-image-preview:large","max-video-preview":"max-video-preview:-1"},"canonical":"https:\/\/www.buhl.de\/steuer\/jahr\/steuer-2021\/","og_locale":"de_DE","og_type":"article","og_title":"Steuererk\u00e4rung 2021","og_description":"Steuererkl\u00e4rung 2021 machen: Alles was du f\u00fcr das neue Jahr wissen musst! \ud83d\udc49 Hol dir dein Geld zur\u00fcck mit WISO Steuer \u2714\ufe0f Tipps \u2714\ufe0f Anleitung \u2714\ufe0f Programm","og_url":"https:\/\/www.buhl.de\/steuer\/jahr\/steuer-2021\/","og_site_name":"WISO Steuer: Nr.1 App f\u00fcr die Steuererkl\u00e4rung","article_modified_time":"2026-01-27T10:46:14+00:00","og_image":[{"width":335,"height":374,"url":"https:\/\/www.buhl.de\/steuer\/wp-content\/uploads\/sites\/31\/2021\/11\/steuerjahr-2021-mob.png","type":"image\/png"}],"twitter_card":"summary_large_image","schema":{"@context":"https:\/\/schema.org","@graph":[{"@type":"WebPage","@id":"https:\/\/www.buhl.de\/steuer\/jahr\/steuer-2021\/","url":"https:\/\/www.buhl.de\/steuer\/jahr\/steuer-2021\/","name":"Steuererkl\u00e4rung 2021: Programm f\u00fcr deine Einkommensteuer","isPartOf":{"@id":"https:\/\/www.buhl.de\/steuer\/#website"},"datePublished":"2021-09-17T13:02:22+00:00","dateModified":"2026-01-27T10:46:14+00:00","description":"Steuererkl\u00e4rung 2021 machen: Alles was du f\u00fcr das neue Jahr wissen musst! \ud83d\udc49 Hol dir dein Geld zur\u00fcck mit WISO Steuer \u2714\ufe0f Tipps \u2714\ufe0f Anleitung \u2714\ufe0f Programm","breadcrumb":{"@id":"https:\/\/www.buhl.de\/steuer\/jahr\/steuer-2021\/#breadcrumb"},"inLanguage":"de","potentialAction":[{"@type":"ReadAction","target":["https:\/\/www.buhl.de\/steuer\/jahr\/steuer-2021\/"]}]},{"@type":"BreadcrumbList","@id":"https:\/\/www.buhl.de\/steuer\/jahr\/steuer-2021\/#breadcrumb","itemListElement":[{"@type":"ListItem","position":1,"name":"Steuererkl\u00e4rung","item":"https:\/\/www.buhl.de\/steuer\/"},{"@type":"ListItem","position":2,"name":"Steuerjahr","item":"https:\/\/www.buhl.de\/steuer\/jahr\/"},{"@type":"ListItem","position":3,"name":"Steuererk\u00e4rung 2021"}]},{"@type":"WebSite","@id":"https:\/\/www.buhl.de\/steuer\/#website","url":"https:\/\/www.buhl.de\/steuer\/","name":"WISO Steuer: Nr. 1 Steuer-App","description":"","publisher":{"@id":"https:\/\/www.buhl.de\/steuer\/#organization"},"potentialAction":[{"@type":"SearchAction","target":{"@type":"EntryPoint","urlTemplate":"https:\/\/www.buhl.de\/steuer\/?s={search_term_string}"},"query-input":{"@type":"PropertyValueSpecification","valueRequired":true,"valueName":"search_term_string"}}],"inLanguage":"de"},{"@type":"Organization","@id":"https:\/\/www.buhl.de\/steuer\/#organization","name":"WISO Steuer | Buhl Data Service GmbH","url":"https:\/\/www.buhl.de\/steuer\/","logo":{"@type":"ImageObject","inLanguage":"de","@id":"https:\/\/www.buhl.de\/steuer\/#\/schema\/logo\/image\/","url":"https:\/\/www.buhl.de\/steuer\/wp-content\/uploads\/sites\/31\/2026\/02\/logo-wiso-steuer-app.svg","contentUrl":"https:\/\/www.buhl.de\/steuer\/wp-content\/uploads\/sites\/31\/2026\/02\/logo-wiso-steuer-app.svg","width":375,"height":72,"caption":"WISO Steuer | Buhl Data Service GmbH"},"image":{"@id":"https:\/\/www.buhl.de\/steuer\/#\/schema\/logo\/image\/"}}]}},"acf":{"white_label_navigation_auswaehlen":false,"inhalte_festlegen":[{"reihen":73216},{"reihen":70940},{"reihen":73412},{"reihen":73313},{"reihen":73362},{"reihen":73335},{"reihen":70163},{"reihen":76887},{"reihen":68466},{"reihen":73340},{"reihen":73316},{"reihen":68472},{"reihen":71302},{"reihen":68691}],"kein_abstand_zum_footer":true},"wps_subtitle":"","_links":{"self":[{"href":"https:\/\/www.buhl.de\/steuer\/wp-json\/wp\/v2\/pages\/9605","targetHints":{"allow":["GET"]}}],"collection":[{"href":"https:\/\/www.buhl.de\/steuer\/wp-json\/wp\/v2\/pages"}],"about":[{"href":"https:\/\/www.buhl.de\/steuer\/wp-json\/wp\/v2\/types\/page"}],"author":[{"embeddable":true,"href":"https:\/\/www.buhl.de\/steuer\/wp-json\/wp\/v2\/users\/128"}],"replies":[{"embeddable":true,"href":"https:\/\/www.buhl.de\/steuer\/wp-json\/wp\/v2\/comments?post=9605"}],"version-history":[{"count":172,"href":"https:\/\/www.buhl.de\/steuer\/wp-json\/wp\/v2\/pages\/9605\/revisions"}],"predecessor-version":[{"id":76930,"href":"https:\/\/www.buhl.de\/steuer\/wp-json\/wp\/v2\/pages\/9605\/revisions\/76930"}],"up":[{"embeddable":true,"href":"https:\/\/www.buhl.de\/steuer\/wp-json\/wp\/v2\/pages\/10045"}],"wp:attachment":[{"href":"https:\/\/www.buhl.de\/steuer\/wp-json\/wp\/v2\/media?parent=9605"}],"wp:term":[{"taxonomy":"category","embeddable":true,"href":"https:\/\/www.buhl.de\/steuer\/wp-json\/wp\/v2\/categories?post=9605"},{"taxonomy":"post_tag","embeddable":true,"href":"https:\/\/www.buhl.de\/steuer\/wp-json\/wp\/v2\/tags?post=9605"}],"curies":[{"name":"wp","href":"https:\/\/api.w.org\/{rel}","templated":true}]}}