{"id":12367,"date":"2020-02-24T09:19:20","date_gmt":"2020-02-24T08:19:20","guid":{"rendered":"http:\/\/www.buhl.de\/vermieter-web\/?page_id=12367"},"modified":"2020-02-24T09:52:54","modified_gmt":"2020-02-24T08:52:54","slug":"darlehensrechner","status":"publish","type":"page","link":"https:\/\/www.buhl.de\/vermieter-web\/tools\/darlehensrechner\/","title":{"rendered":"Darlehensrechner"},"content":{"rendered":"<h3>Darlehensrechner<\/h3>\n<p>Der Darlehensrechner sagt Ihnen genau, wann Ihr Kredit abbezahlt ist. Au\u00dferdem k\u00f6nnen Sie schnell und einfach ermitteln, wie hoch die Restschuld des Darlehens am Ende der Zinsbindungsfrist sein wird und wie viel Zinsen Sie in Summe \u00fcber die gesamte Laufzeit der Finanzierung bezahlen. Geben Sie dazu einfach die Kreditsumme, die Zinsbindungsfrist und den Nominalzinssatz Ihres Annuit\u00e4ten-Darlehens ein und klicken Sie auf &#8222;Berechnen&#8220;. Falls Sie mit Ihrer Bank eine Anfangstilgung vereinbart haben, die \u00fcber 1 Prozent liegt, k\u00f6nnen Sie den entsprechenden Tilgungssatz im Feld &#8222;Anfangstilgung&#8220; ausw\u00e4hlen. Alternativ dazu k\u00f6nnen Sie auch direkt die monatliche Rate eingeben, wenn Sie bereits wissen, wie viel Geld Sie monatlich zur Tilgung des Kredits aufwenden k\u00f6nnen.<\/p>\n\r\n                <div class=\"darlehensrechner\">\r\n            <div id=\"form_darlehen_container\">\r\n            <form id=\"darlehensrechnerformInput\" action=\"#\" method=\"post\">\r\n            \t\t\t<h3>Ihre Angaben<\/h3>\r\n\t\t\t<p>Bitte f\u00fcllen Sie die folgenden mit einem * gekennzeichneten Felder aus.<\/p>\r\n                <div class=\"stepcontainer1\">\r\n                <div class=\"stepbar stepcount1\"><\/div>\r\n                <\/div>\r\n                <div class=\"stepscounter\">1 von 2<\/div>\r\n                <div id=\"eingabe_darlehen\">\r\n\t\t\t<div>\r\n\t\t\t<div id=\"darlehenssumme_box\" style=\"display:inline-block\">\r\n\t\t\t<div class=\"label\">Darlehenssumme *<\/div>\r\n\t\t\t<input id=\"darlehenssumme\" class=\"inputbox\" name=\"darlehenssumme\" type=\"number\" step=\"0.01\" maxlength=\"7\" value=\"\" onkeypress=\"checkKey(event,'int')\" required>\r\n\t\t\t<div class=\"tooltipcontainer\">\r\n\t\t\t<span class=\"endlabel\"> EUR \r\n\t\t\t<span class=\"helpicon darlehensrechner_tooltip\" id=\"help-darlehenssumme\">\r\n\t\t\t<span class=\"darlehensrechner_tooltiptext\">Tragen Sie hier Ihre gew\u00fcnschte Darlehenssumme ein<\/span>\r\n\t\t\t<\/span>\r\n\t\t\t<\/span>\r\n\t\t\t<\/div>\r\n\t\t\t<\/div>\r\n\t\t\t<\/div>\r\n\t\t\t<div>\r\n\t\t\t<div class=\"label\">Zinsbindung<\/div>\r\n\t\t\t<select name=\"zinsbindung\" id=\"zinsbindung\" class=\"inputbox\">\r\n\t\t\t<option value=\"1\">1<\/option>\r\n\t\t\t<option value=\"2\">2<\/option>\r\n\t\t\t<option value=\"3\">3<\/option>\r\n\t\t\t<option value=\"4\">4<\/option>\r\n\t\t\t<option value=\"5\">5<\/option>\r\n\t\t\t<option value=\"10\" selected=\"selected\">10<\/option>\r\n\t\t\t<option value=\"15\">15<\/option>\r\n\t\t\t<option value=\"30\">30<\/option>\r\n\t\t\t<\/select>\r\n\t\t\t<div class=\"tooltipcontainer\">\r\n\t\t\t<span class=\"endlabel\"> Jahre \r\n\t\t\t<span class=\"helpicon darlehensrechner_tooltip\" id=\"help-zinsbindung\">\r\n\t\t\t<span class=\"darlehensrechner_tooltiptext\">Geben Sie hier den Zeitraum ein, f\u00fcr den der vereinbarte Zinssatz festgeschrieben wird.<\/span>\r\n\t\t\t<\/span>\r\n\t\t\t<\/span>\r\n\t\t\t<\/div>\r\n\t\t\t<\/div>\r\n\t\t\t<div>\r\n\t\t\t<div id=\"nominalzins_box\" style=\"display:inline-block\">\r\n\t\t\t<div class=\"label\">Nominalzins *<\/div>\r\n\t\t\t<input id=\"nominalZins\" class=\"inputbox\" name=\"nominalZins\" type=\"number\" step=\"0.01\" maxlength=\"5\" value=\"4\" onkeypress=\"checkKey(event,'float')\" required>\r\n\t\t\t<div class=\"tooltipcontainer\">\r\n\t\t\t<span class=\"endlabel\"> % \r\n\t\t\t<span class=\"helpicon darlehensrechner_tooltip\" id=\"help-nominalzins\">\r\n\t\t\t<span class=\"darlehensrechner_tooltiptext\">Geben Sie hier Ihren Nominalzins an. Erlaubt sind Werte mit 2 Stellen vor und nach dem Komma.<\/span>\r\n\t\t\t<\/span>\r\n\t\t\t<\/span>\r\n\t\t\t<\/div>\r\n\t\t\t<\/div>\r\n\t\t\t<\/div>\r\n\t\t\t<div>\r\n\t\t\t<input type=\"radio\" id=\"berechnungsart_tilgung\" name=\"eingabeArt\" value=\"tilgung\" checked=\"checked\">\r\n\t\t\t<label class=\"radiolabel\" for=\"berechnungsart_tilgung\">Anfangstilgung<\/label>\r\n\t\t\t<select name=\"anfangstilgung\" id=\"anfangstilgung\" class=\"inputbox\">\r\n\t\t\t<option value=\"1\" selected=\"selected\">1<\/option>\r\n\t\t\t<option value=\"1.5\">1,5<\/option>\r\n\t\t\t<option value=\"2\">2<\/option>\r\n\t\t\t<option value=\"2.5\">2,5<\/option>\r\n\t\t\t<option value=\"3\">3<\/option>\r\n\t\t\t<option value=\"3.5\">3,5<\/option>\r\n\t\t\t<option value=\"4\">4<\/option>\r\n\t\t\t<option value=\"4.5\">4,5<\/option>\r\n\t\t\t<option value=\"5\">5<\/option>\r\n\t\t\t<option value=\"5.5\">5,5<\/option>\r\n\t\t\t<option value=\"6\">6<\/option>\r\n\t\t\t<option value=\"6.5\">6,5<\/option>\r\n\t\t\t<option value=\"7\">7<\/option>\r\n\t\t\t<option value=\"7.5\">7,5<\/option>\r\n\t\t\t<option value=\"8\">8<\/option>\r\n\t\t\t<option value=\"9.5\">8,5<\/option>\r\n\t\t\t<option value=\"9\">9<\/option>\r\n\t\t\t<option value=\"9.5\">9,5<\/option>\r\n\t\t\t<option value=\"10\">10<\/option>\r\n\t\t\t<\/select>\r\n\t\t\t<div class=\"tooltipcontainer\">\r\n\t\t\t<span class=\"endlabel\"> % \r\n\t\t\t<span class=\"helpicon darlehensrechner_tooltip\" id=\"help-tilgung\">\r\n\t\t\t<span class=\"darlehensrechner_tooltiptext\">Geben Sie hier die anf\u00e4ngliche Tilgung pro Jahr in Prozent ein. Je h\u00f6her Sie die Tilgung angeben, desto h\u00f6her ist auch die monatliche Rate.<\/span>\r\n\t\t\t<\/span>\r\n\t\t\t<\/span>\r\n\t\t\t<\/div>\r\n\t\t\t<\/div>\r\n\t\t\t<div>\r\n\t\t\t<input type=\"radio\" id=\"berechnungsart_rate\" name=\"eingabeArt\" value=\"rate\">\r\n\t\t\t<label class=\"radiolabel\" for=\"berechnungsart_rate\">oder monatliche Rate<\/label>\r\n\t\t\t<input id=\"monatlicheRate\" class=\"inputbox\" name=\"monatlicheRate\" type=\"number\" step=\"0.01\" maxlength=\"7\" value=\"\" onkeypress=\"checkKey(event,'int')\">\r\n\t\t\t<div class=\"tooltipcontainer\">\r\n\t\t\t<span class=\"endlabel\"> EUR \r\n\t\t\t<span class=\"helpicon darlehensrechner_tooltip\" id=\"help-monatsrate\">\r\n\t\t\t<span class=\"darlehensrechner_tooltiptext\">Geben Sie hier Ihre monatliche Wunschrate ein. Diese muss die monatliche Zinsbelastung \u00fcbersteigen.<\/span>\r\n\t\t\t<\/span>\r\n\t\t\t<\/span>\r\n\t\t\t<\/div>\r\n\t\t\t<\/div>\r\n\t\t<\/div>\r\n\t\t<div class=\"clr\"><\/div>\r\n\t\t\t<button id=\"btnCalc\" class=\"btn btn-primary button-nav-fixed mt-2 mb-2\" type=\"submit\" name=\"submit\">Zum Ergebnis<\/button>\r\n\t\t\t<\/form>\r\n\t\t\t\t<\/div>\r\n\t\t<div id=\"ergebnis_darlehen_container\">\r\n\t\t<h3>Informationen zu Ihren Angaben<\/h3>\r\n\t\t<div class=\"stepcontainer2\">\r\n                <div class=\"stepbar stepcount2\"><\/div>\r\n                <\/div>\r\n              <div class=\"stepscounter\">2 von 2<\/div>\r\n\t\t<div id=\"ergebnis_darlehen\">\r\n            <div>\r\n            <div class=\"label\">Monatliche Rate<\/div>\r\n            <div class=\"tooltipcontainer_ergebnis\">\r\n\t\t\t<span class=\"endlabel\"> EUR \r\n\t\t\t<span class=\"helpicon darlehensrechner_tooltip\" id=\"help-darlehenssumme\">\r\n\t\t\t<span class=\"darlehensrechner_tooltiptext\">Dies ist ihre monatliche Belastung bei der gew\u00e4hlten Anfangstilung.<\/span>\r\n\t\t\t<\/span>\r\n\t\t\t<\/span>\r\n\t\t\t<\/div>\r\n\t\t\t<div class=\"entry\" id=\"ErgebnisMonatlicheRate\"><\/div>\r\n            <\/div>\r\n            <div>\r\n            <div class=\"label\">Getilgter Betrag am Ende der Zinsbindung<\/div>\r\n            <div class=\"tooltipcontainer_ergebnis\">\r\n\t\t\t<span class=\"endlabel\"> EUR \r\n\t\t\t<span class=\"helpicon darlehensrechner_tooltip\" id=\"help-darlehenssumme\">\r\n\t\t\t<span class=\"darlehensrechner_tooltiptext\">Diesen Betrag haben Sie am Ende der Zinsbindung getilgt.<\/span>\r\n\t\t\t<\/span>\r\n\t\t\t<\/span>\r\n\t\t\t<\/div>\r\n\t\t\t<div class=\"entry\" id=\"ErgebnisGetilgterBetrag\"><\/div>\r\n            <\/div>\r\n            <div>\r\n            <div class=\"label\">Restschuld am Ende der Zinsbindung <\/div>\r\n            <div class=\"tooltipcontainer_ergebnis\">\r\n\t\t\t<span class=\"endlabel\"> EUR \r\n\t\t\t<span class=\"helpicon darlehensrechner_tooltip\" id=\"help-darlehenssumme\">\r\n\t\t\t<span class=\"darlehensrechner_tooltiptext\">Dieser Betrag entspricht Ihrer Restschuld nach der Zinsbindung.<\/span>\r\n\t\t\t<\/span>\r\n\t\t\t<\/span>\r\n\t\t\t<\/div>\r\n\t\t\t<div class=\"entry\" id=\"ErgebnisRestschuld\"><\/div>\r\n            <\/div>\r\n            <div>\r\n            <div class=\"label\">Summe der geleisteten Zinszahlungen<\/div>\r\n            <div class=\"tooltipcontainer_ergebnis\">\r\n\t\t\t<span class=\"endlabel\"> EUR \r\n\t\t\t<span class=\"helpicon darlehensrechner_tooltip\" id=\"help-darlehenssumme\">\r\n\t\t\t<span class=\"darlehensrechner_tooltiptext\">Dieser Betrag entspricht der Summe aller Zinszahlungen, die Sie w\u00e4hrend der Zinsbindung geleistet haben.<\/span>\r\n\t\t\t<\/span>\r\n\t\t\t<\/span>\r\n\t\t\t<\/div>\r\n\t\t\t<div class=\"entry\" id=\"ErgebnisSummeZinszahlungen\"><\/div>\r\n            <\/div>\r\n            <hr class=\"ergebnis_line\">\r\n            <div>\r\n            <div class=\"label\">Darlehensende bei gleichbleibendem Zins<\/div>\r\n            <div class=\"tooltipcontainer_ergebnis\">\r\n\t\t\t<span class=\"endlabel\">\r\n\t\t\t<span class=\"helpicon darlehensrechner_tooltip\" id=\"help-darlehenssumme\">\r\n\t\t\t<span class=\"darlehensrechner_tooltiptext\">Zu diesem Zeitpunkt ist das komplette Darlehen getilgt.<\/span>\r\n\t\t\t<\/span>\r\n\t\t\t<\/span>\r\n\t\t\t<\/div>\r\n\t\t\t<div class=\"entry\" id=\"ErgebnisDarlehensendeText\"><\/div>\r\n            <\/div>\r\n            <div>\r\n            <div class=\"label\">Gesamtlaufzeit des Darlehens<\/div>\r\n            <div class=\"tooltipcontainer_ergebnis\">\r\n\t\t\t<span class=\"endlabel\">Jahre\r\n\t\t\t<span class=\"helpicon darlehensrechner_tooltip\" id=\"help-darlehenssumme\">\r\n\t\t\t<span class=\"darlehensrechner_tooltiptext\">Zeitraum des Darlehens bei gleichbleibendem Zins.<\/span>\r\n\t\t\t<\/span>\r\n\t\t\t<\/span>\r\n\t\t\t<\/div>\r\n\t\t\t<div class=\"entry\" id=\"ErgebnisGesamtLaufzeit\"><\/div>\r\n            <\/div>\r\n            <div>\r\n            <div class=\"label\">Zinssumme<\/div>\r\n            <div class=\"tooltipcontainer_ergebnis\">\r\n\t\t\t<span class=\"endlabel\">EUR\r\n\t\t\t<span class=\"helpicon darlehensrechner_tooltip\" id=\"help-darlehenssumme\">\r\n\t\t\t<span class=\"darlehensrechner_tooltiptext\">Dieser Betrag entspricht der Summe aller Zinszahlungen, die Sie w\u00e4hrend der gesamten Laufzeit geleistet haben.<\/span>\r\n\t\t\t<\/span>\r\n\t\t\t<\/span>\r\n\t\t\t<\/div>\r\n\t\t\t<div class=\"entry\"id=\"ErgebnisZinssumme\"><\/div>\r\n            <\/div>\r\n            <div>\r\n            <div class=\"label\">Gesamter Aufwand<\/div>\r\n            <div class=\"tooltipcontainer_ergebnis\">\r\n\t\t\t<span class=\"endlabel\">EUR\r\n\t\t\t<span class=\"helpicon darlehensrechner_tooltip\" id=\"help-darlehenssumme\">\r\n\t\t\t<span class=\"darlehensrechner_tooltiptext\">Diesen Betrag entspricht der Gesamtaufwand f\u00fcr dieses Darlehen bei voller Laufzeit.<\/span>\r\n\t\t\t<\/span>\r\n\t\t\t<\/span>\r\n\t\t\t<\/div>\r\n\t\t\t<div class=\"entry\" id=\"ErgebnisGesamterAufwand\"><\/div>\r\n            <\/div>\r\n            <\/div>\r\n\t\t\t<div class=\"clr\"><\/div>\r\n\t\t\t<button id=\"btnBack\" class=\"btn btn-secondary button-nav-fixed mt-2 mb-2\">Zur\u00fcck<\/button>\r\n\t\t\t<div id=\"pdf-form\">\r\n\t\t\t<form id=\"PdfDownload\" onsubmit=\"return false;\" action=\"#\" method=\"post\">\r\n                <input type=\"hidden\" id=\"serializedResult\" name=\"serializedResult\" value=\"\">\r\n                <input type=\"hidden\" id=\"linksHref\" name=\"linksHref\" value=\"\">\r\n                <input type=\"hidden\" id=\"rechner\" name=\"rechner\" value=\"\">\r\n       <button id=\"btnPDF\" class=\"btn btn-primary button-nav-fixed mt-2 mb-2\" type=\"submit\" name=\"submit\">Als PDF Downloaden<\/button>\r\n   <\/form>\r\n<\/div>\r\n\t\t<\/div>\t\r\n\t\t<div id=\"ergebnis_darlehen_fehler_container\">\r\n\t\t<div class=\"stepcontainer2\">\r\n                <div class=\"stepbar stepcount2\"><\/div>\r\n                <\/div>\r\n              <div class=\"stepscounter\">2 von 2<\/div>\r\n\t\t<div id=\"ergebnis_darlehen\">\r\n            <div class=\"darlehen_fehler\">\r\n            \r\n            <p>Die Anfrage konnte nicht verbeitet werden.<br>Bitte wenden Sie sich an den Administrator dieser Seite.<\/p>\r\n            <\/div>\r\n\r\n            <\/div>\r\n\t\t\t<div class=\"clr\"><\/div>\r\n\t\t\t<button id=\"btnBackFehler\" class=\"btn btn-secondary button-nav-fixed mt-2 mb-2\">Zur\u00fcck<\/button>\r\n\t\t<\/div>\t\r\n\t\t<\/div>\n","protected":false},"excerpt":{"rendered":"<p>Darlehensrechner Der Darlehensrechner sagt Ihnen genau, wann Ihr Kredit abbezahlt ist. Au\u00dferdem k\u00f6nnen Sie schnell und einfach ermitteln, wie hoch die Restschuld des Darlehens am Ende der Zinsbindungsfrist sein wird und wie viel Zinsen Sie in Summe \u00fcber die gesamte Laufzeit der Finanzierung bezahlen. Geben Sie dazu einfach die Kreditsumme, die Zinsbindungsfrist und den Nominalzinssatz &hellip; <\/p>\n<p class=\"link-more\"><a href=\"https:\/\/www.buhl.de\/vermieter-web\/tools\/darlehensrechner\/\" class=\"more-link\"><span class=\"screen-reader-text\">\u201eDarlehensrechner\u201c<\/span> weiterlesen<\/a><\/p>\n","protected":false},"author":27,"featured_media":12369,"parent":12403,"menu_order":0,"comment_status":"closed","ping_status":"closed","template":"","meta":{"footnotes":""},"class_list":["post-12367","page","type-page","status-publish","has-post-thumbnail","hentry"],"yoast_head":"<!-- This site is optimized with the Yoast SEO Premium plugin v27.0 (Yoast SEO v27.0) - https:\/\/yoast.com\/product\/yoast-seo-premium-wordpress\/ -->\n<title>Darlehensrechner - Online-Nebenkostenabrechnung mit WISO Vermieter-Web<\/title>\n<meta name=\"robots\" content=\"noindex, nofollow\" \/>\n<meta property=\"og:locale\" content=\"de_DE\" \/>\n<meta property=\"og:type\" content=\"article\" \/>\n<meta property=\"og:title\" content=\"Darlehensrechner\" \/>\n<meta property=\"og:description\" content=\"Darlehensrechner Der Darlehensrechner sagt Ihnen genau, wann Ihr Kredit abbezahlt ist. Au\u00dferdem k\u00f6nnen Sie schnell und einfach ermitteln, wie hoch die Restschuld des Darlehens am Ende der Zinsbindungsfrist sein wird und wie viel Zinsen Sie in Summe \u00fcber die gesamte Laufzeit der Finanzierung bezahlen. Geben Sie dazu einfach die Kreditsumme, die Zinsbindungsfrist und den Nominalzinssatz &hellip; \u201eDarlehensrechner\u201c weiterlesen\" \/>\n<meta property=\"og:url\" content=\"https:\/\/www.buhl.de\/vermieter-web\/tools\/darlehensrechner\/\" \/>\n<meta property=\"og:site_name\" content=\"Online-Nebenkostenabrechnung mit WISO Vermieter-Web\" \/>\n<meta property=\"article:modified_time\" content=\"2020-02-24T08:52:54+00:00\" \/>\n<meta property=\"og:image\" content=\"https:\/\/www.buhl.de\/vermieter-web\/wp-content\/uploads\/sites\/33\/2020\/02\/headerbild-vermiter-1920-mann_t.jpg\" \/>\n\t<meta property=\"og:image:width\" content=\"1920\" \/>\n\t<meta property=\"og:image:height\" content=\"494\" \/>\n\t<meta property=\"og:image:type\" content=\"image\/jpeg\" \/>\n<meta name=\"twitter:card\" content=\"summary_large_image\" \/>\n<meta name=\"twitter:label1\" content=\"Gesch\u00e4tzte Lesezeit\" \/>\n\t<meta name=\"twitter:data1\" content=\"1\u00a0Minute\" \/>\n<script type=\"application\/ld+json\" class=\"yoast-schema-graph\">{\"@context\":\"https:\/\/schema.org\",\"@graph\":[{\"@type\":\"WebPage\",\"@id\":\"https:\/\/www.buhl.de\/vermieter-web\/tools\/darlehensrechner\/\",\"url\":\"https:\/\/www.buhl.de\/vermieter-web\/tools\/darlehensrechner\/\",\"name\":\"Darlehensrechner - Online-Nebenkostenabrechnung mit WISO Vermieter-Web\",\"isPartOf\":{\"@id\":\"https:\/\/www.buhl.de\/vermieter-web\/#website\"},\"primaryImageOfPage\":{\"@id\":\"https:\/\/www.buhl.de\/vermieter-web\/tools\/darlehensrechner\/#primaryimage\"},\"image\":{\"@id\":\"https:\/\/www.buhl.de\/vermieter-web\/tools\/darlehensrechner\/#primaryimage\"},\"thumbnailUrl\":\"https:\/\/www.buhl.de\/vermieter-web\/wp-content\/uploads\/sites\/33\/2020\/02\/headerbild-vermiter-1920-mann_t.jpg\",\"datePublished\":\"2020-02-24T08:19:20+00:00\",\"dateModified\":\"2020-02-24T08:52:54+00:00\",\"breadcrumb\":{\"@id\":\"https:\/\/www.buhl.de\/vermieter-web\/tools\/darlehensrechner\/#breadcrumb\"},\"inLanguage\":\"de\",\"potentialAction\":[{\"@type\":\"ReadAction\",\"target\":[\"https:\/\/www.buhl.de\/vermieter-web\/tools\/darlehensrechner\/\"]}]},{\"@type\":\"ImageObject\",\"inLanguage\":\"de\",\"@id\":\"https:\/\/www.buhl.de\/vermieter-web\/tools\/darlehensrechner\/#primaryimage\",\"url\":\"https:\/\/www.buhl.de\/vermieter-web\/wp-content\/uploads\/sites\/33\/2020\/02\/headerbild-vermiter-1920-mann_t.jpg\",\"contentUrl\":\"https:\/\/www.buhl.de\/vermieter-web\/wp-content\/uploads\/sites\/33\/2020\/02\/headerbild-vermiter-1920-mann_t.jpg\",\"width\":1920,\"height\":494},{\"@type\":\"BreadcrumbList\",\"@id\":\"https:\/\/www.buhl.de\/vermieter-web\/tools\/darlehensrechner\/#breadcrumb\",\"itemListElement\":[{\"@type\":\"ListItem\",\"position\":1,\"name\":\"Startseite\",\"item\":\"https:\/\/www.buhl.de\/vermieter-web\/\"},{\"@type\":\"ListItem\",\"position\":2,\"name\":\"Tools\",\"item\":\"https:\/\/www.buhl.de\/vermieter-web\/tools\/\"},{\"@type\":\"ListItem\",\"position\":3,\"name\":\"Darlehensrechner\"}]},{\"@type\":\"WebSite\",\"@id\":\"https:\/\/www.buhl.de\/vermieter-web\/#website\",\"url\":\"https:\/\/www.buhl.de\/vermieter-web\/\",\"name\":\"Online-Nebenkostenabrechnung mit WISO Vermieter-Web\",\"description\":\"\",\"potentialAction\":[{\"@type\":\"SearchAction\",\"target\":{\"@type\":\"EntryPoint\",\"urlTemplate\":\"https:\/\/www.buhl.de\/vermieter-web\/?s={search_term_string}\"},\"query-input\":{\"@type\":\"PropertyValueSpecification\",\"valueRequired\":true,\"valueName\":\"search_term_string\"}}],\"inLanguage\":\"de\"}]}<\/script>\n<!-- \/ Yoast SEO Premium plugin. -->","yoast_head_json":{"title":"Darlehensrechner - Online-Nebenkostenabrechnung mit WISO Vermieter-Web","robots":{"index":"noindex","follow":"nofollow"},"og_locale":"de_DE","og_type":"article","og_title":"Darlehensrechner","og_description":"Darlehensrechner Der Darlehensrechner sagt Ihnen genau, wann Ihr Kredit abbezahlt ist. Au\u00dferdem k\u00f6nnen Sie schnell und einfach ermitteln, wie hoch die Restschuld des Darlehens am Ende der Zinsbindungsfrist sein wird und wie viel Zinsen Sie in Summe \u00fcber die gesamte Laufzeit der Finanzierung bezahlen. Geben Sie dazu einfach die Kreditsumme, die Zinsbindungsfrist und den Nominalzinssatz &hellip; \u201eDarlehensrechner\u201c weiterlesen","og_url":"https:\/\/www.buhl.de\/vermieter-web\/tools\/darlehensrechner\/","og_site_name":"Online-Nebenkostenabrechnung mit WISO Vermieter-Web","article_modified_time":"2020-02-24T08:52:54+00:00","og_image":[{"width":1920,"height":494,"url":"https:\/\/www.buhl.de\/vermieter-web\/wp-content\/uploads\/sites\/33\/2020\/02\/headerbild-vermiter-1920-mann_t.jpg","type":"image\/jpeg"}],"twitter_card":"summary_large_image","twitter_misc":{"Gesch\u00e4tzte Lesezeit":"1\u00a0Minute"},"schema":{"@context":"https:\/\/schema.org","@graph":[{"@type":"WebPage","@id":"https:\/\/www.buhl.de\/vermieter-web\/tools\/darlehensrechner\/","url":"https:\/\/www.buhl.de\/vermieter-web\/tools\/darlehensrechner\/","name":"Darlehensrechner - Online-Nebenkostenabrechnung mit WISO Vermieter-Web","isPartOf":{"@id":"https:\/\/www.buhl.de\/vermieter-web\/#website"},"primaryImageOfPage":{"@id":"https:\/\/www.buhl.de\/vermieter-web\/tools\/darlehensrechner\/#primaryimage"},"image":{"@id":"https:\/\/www.buhl.de\/vermieter-web\/tools\/darlehensrechner\/#primaryimage"},"thumbnailUrl":"https:\/\/www.buhl.de\/vermieter-web\/wp-content\/uploads\/sites\/33\/2020\/02\/headerbild-vermiter-1920-mann_t.jpg","datePublished":"2020-02-24T08:19:20+00:00","dateModified":"2020-02-24T08:52:54+00:00","breadcrumb":{"@id":"https:\/\/www.buhl.de\/vermieter-web\/tools\/darlehensrechner\/#breadcrumb"},"inLanguage":"de","potentialAction":[{"@type":"ReadAction","target":["https:\/\/www.buhl.de\/vermieter-web\/tools\/darlehensrechner\/"]}]},{"@type":"ImageObject","inLanguage":"de","@id":"https:\/\/www.buhl.de\/vermieter-web\/tools\/darlehensrechner\/#primaryimage","url":"https:\/\/www.buhl.de\/vermieter-web\/wp-content\/uploads\/sites\/33\/2020\/02\/headerbild-vermiter-1920-mann_t.jpg","contentUrl":"https:\/\/www.buhl.de\/vermieter-web\/wp-content\/uploads\/sites\/33\/2020\/02\/headerbild-vermiter-1920-mann_t.jpg","width":1920,"height":494},{"@type":"BreadcrumbList","@id":"https:\/\/www.buhl.de\/vermieter-web\/tools\/darlehensrechner\/#breadcrumb","itemListElement":[{"@type":"ListItem","position":1,"name":"Startseite","item":"https:\/\/www.buhl.de\/vermieter-web\/"},{"@type":"ListItem","position":2,"name":"Tools","item":"https:\/\/www.buhl.de\/vermieter-web\/tools\/"},{"@type":"ListItem","position":3,"name":"Darlehensrechner"}]},{"@type":"WebSite","@id":"https:\/\/www.buhl.de\/vermieter-web\/#website","url":"https:\/\/www.buhl.de\/vermieter-web\/","name":"Online-Nebenkostenabrechnung mit WISO Vermieter-Web","description":"","potentialAction":[{"@type":"SearchAction","target":{"@type":"EntryPoint","urlTemplate":"https:\/\/www.buhl.de\/vermieter-web\/?s={search_term_string}"},"query-input":{"@type":"PropertyValueSpecification","valueRequired":true,"valueName":"search_term_string"}}],"inLanguage":"de"}]}},"_links":{"self":[{"href":"https:\/\/www.buhl.de\/vermieter-web\/wp-json\/wp\/v2\/pages\/12367","targetHints":{"allow":["GET"]}}],"collection":[{"href":"https:\/\/www.buhl.de\/vermieter-web\/wp-json\/wp\/v2\/pages"}],"about":[{"href":"https:\/\/www.buhl.de\/vermieter-web\/wp-json\/wp\/v2\/types\/page"}],"author":[{"embeddable":true,"href":"https:\/\/www.buhl.de\/vermieter-web\/wp-json\/wp\/v2\/users\/27"}],"replies":[{"embeddable":true,"href":"https:\/\/www.buhl.de\/vermieter-web\/wp-json\/wp\/v2\/comments?post=12367"}],"version-history":[{"count":1,"href":"https:\/\/www.buhl.de\/vermieter-web\/wp-json\/wp\/v2\/pages\/12367\/revisions"}],"predecessor-version":[{"id":12370,"href":"https:\/\/www.buhl.de\/vermieter-web\/wp-json\/wp\/v2\/pages\/12367\/revisions\/12370"}],"up":[{"embeddable":true,"href":"https:\/\/www.buhl.de\/vermieter-web\/wp-json\/wp\/v2\/pages\/12403"}],"wp:featuredmedia":[{"embeddable":true,"href":"https:\/\/www.buhl.de\/vermieter-web\/wp-json\/wp\/v2\/media\/12369"}],"wp:attachment":[{"href":"https:\/\/www.buhl.de\/vermieter-web\/wp-json\/wp\/v2\/media?parent=12367"}],"curies":[{"name":"wp","href":"https:\/\/api.w.org\/{rel}","templated":true}]}}