{"id":12371,"date":"2020-02-24T09:20:22","date_gmt":"2020-02-24T08:20:22","guid":{"rendered":"http:\/\/www.buhl.de\/vermieter-web\/?page_id=12371"},"modified":"2020-02-24T09:53:01","modified_gmt":"2020-02-24T08:53:01","slug":"eigenkapitalrechner","status":"publish","type":"page","link":"https:\/\/www.buhl.de\/vermieter-web\/tools\/eigenkapitalrechner\/","title":{"rendered":"Eigenkapitalrechner"},"content":{"rendered":"<h3>Eigenkapitalrechner<\/h3>\n\r\n    <div class=\"eigenkapitalrechner\">\r\n    <div id=\"form_eigenkapitalrechner_container\">\r\n\r\n        <div id=\"EigenkapitalStep1\" class=\"step\"  style=\"display:block;\">\r\n <h3>Ihre Angaben<\/h3>\r\n\r\n                <p>Der Eigenkapitalrechner hilft Ihnen, sich eine \u00dcbersicht \u00fcber die verf\u00fcgbaren Mittel zu verschaffen. Tragen Sie jeweils ein, wie viel Geld z.B. auf Ihren Giro- und Sparkonten verf\u00fcgbar ist. Wenn Sie etwa bereits \u00fcber ein lastenfreies Grundst\u00fcck verf\u00fcgen, k\u00f6nnen Sie dessen Wert unter \"Sonstige Werte\" angeben.<\/p>\r\n                <p>Klicken Sie anschlie\u00dfend auf \"Berechnen\" um zu ermitteln, wie teuer Ihre neue Immobilie sein darf.<\/p>\r\n            <div class=\"stepcontainer_ek1\">\r\n                <div class=\"stepbar stepcount_ek1\"><\/div>\r\n            <\/div>\r\n\r\n            <div class=\"stepscounter\"><\/div>\r\n            <form id=\"Eigenkapital\" onsubmit=\"return false;\" action=\"#\" method=\"post\">\r\n            <div id=\"eingabebereich_eigenkapital\">\r\n                <div class=\"clr\"><\/div>\r\n               \r\n                <div class=\"form_eingabe_eigenkapital\">\r\n                \r\n                            <div id=\"girokonto_box\">\r\n                                        <div class=\"label\">Girokonto<\/div>\r\n                                        \r\n                                        <div class=\"eigenkapitalrechner_tooltipcontainer\">\r\n                                        <span class=\"endlabel\"> EUR\r\n                                                <span class=\"helpicon eigenkapitalrechner_tooltip\">\r\n                                                        <span class=\"eigenkapitalrechner_tooltiptext\">Wieviel frei verf\u00fcgbares Kapital haben Sie auf Ihren Girokonten?<\/span>\r\n                                                 <\/span>\r\n                                        <\/span>\r\n                                        <\/div>\r\n                                        <input id=\"girokonten\" class=\"inputbox\" name=\"girokonten\" type=\"number\" step=\"0.01\" value=\"\" onkeypress=\"checkKey(event,'int')\" required>\r\n                                    <\/div>\r\n                                    \r\n                                    <div id=\"sparguthaben_box\">\r\n                                        <div class=\"label\">Sparguthaben<\/div>\r\n                                        \r\n                                        <div class=\"eigenkapitalrechner_tooltipcontainer\">\r\n                                        <span class=\"endlabel\"> EUR\r\n                                                <span class=\"helpicon eigenkapitalrechner_tooltip\">\r\n                                                        <span class=\"eigenkapitalrechner_tooltiptext\">Wieviel frei verf\u00fcgbares Kapital haben Sie als Sparguthaben?<\/span>\r\n                                                 <\/span>\r\n                                        <\/span>\r\n                                        <\/div>\r\n                                         <input id=\"sparguthaben\" class=\"inputbox\" name=\"sparguthaben\" type=\"number\" step=\"0.01\" value=\"\" onkeypress=\"checkKey(event,'int')\" required>\r\n                                    <\/div>\r\n                                    \r\n                                    <div id=\"festverzinsteWertpapiere_box\">\r\n                                        <div class=\"label\">Festverzinsliche Wertpapiere<\/div>\r\n                                       \r\n                                        <div class=\"eigenkapitalrechner_tooltipcontainer\">\r\n                                        <span class=\"endlabel\"> EUR\r\n                                                <span class=\"helpicon eigenkapitalrechner_tooltip\">\r\n                                                        <span class=\"eigenkapitalrechner_tooltiptext\">Wieviel frei verf\u00fcgbares Kapital haben Sie in festverzinslichen Wertpapieren?<\/span>\r\n                                                 <\/span>\r\n                                        <\/span>\r\n                                        <\/div>\r\n                                         <input id=\"festverzinsteWertpapiere\" class=\"inputbox\" name=\"festverzinsteWertpapiere\" type=\"number\" step=\"0.01\" value=\"\" onkeypress=\"checkKey(event,'int')\" required>\r\n                                    <\/div>\r\n                                    \r\n                                    <div id=\"fonds_box\">\r\n                                        <div class=\"label\">Aktien\/ Investmentfonds<\/div>\r\n                                        \r\n                                        <div class=\"eigenkapitalrechner_tooltipcontainer\">\r\n                                        <span class=\"endlabel\"> EUR\r\n                                                <span class=\"helpicon eigenkapitalrechner_tooltip\">\r\n                                                        <span class=\"eigenkapitalrechner_tooltiptext\">Wieviel frei verf\u00fcgbares Kapital haben Sie in Aktien\/ Investmentfonds?<\/span>\r\n                                                 <\/span>\r\n                                        <\/span>\r\n                                        <\/div>\r\n                                        <input id=\"fonds\" class=\"inputbox\" name=\"fonds\" type=\"number\" step=\"0.01\" value=\"\" onkeypress=\"checkKey(event,'int')\" required>\r\n                                    <\/div>\r\n                                    \r\n                                    <div id=\"bausparguthaben_box\">\r\n                                        <div class=\"label\">Zuteilungsreife Bausparguthaben<\/div>\r\n                                        \r\n                                        <div class=\"eigenkapitalrechner_tooltipcontainer\">\r\n                                        <span class=\"endlabel\"> EUR\r\n                                                <span class=\"helpicon eigenkapitalrechner_tooltip\">\r\n                                                        <span class=\"eigenkapitalrechner_tooltiptext\">Wieviel Kapital haben Sie als zuteilungsreife Bausparguthaben?<\/span>\r\n                                                 <\/span>\r\n                                        <\/span>\r\n                                        <\/div>\r\n                                        <input id=\"bausparguthaben\" class=\"inputbox\" name=\"bausparguthaben\" type=\"number\" step=\"0.01\" value=\"\" onkeypress=\"checkKey(event,'int')\" required>\r\n                                    <\/div>\r\n                                    \r\n                                    <div id=\"lebensversicherung_box\">\r\n                                        <div class=\"label\">R\u00fcckkaufswert der Lebensversicherung<\/div>\r\n                                        \r\n                                        <div class=\"eigenkapitalrechner_tooltipcontainer\">\r\n                                        <span class=\"endlabel\"> EUR\r\n                                                <span class=\"helpicon eigenkapitalrechner_tooltip\">\r\n                                                        <span class=\"eigenkapitalrechner_tooltiptext\">Wie hoch ist der R\u00fcckkaufswert Ihrer Lebensversicherungen?<\/span>\r\n                                                 <\/span>\r\n                                        <\/span>\r\n                                        <\/div>\r\n                                        <input id=\"lebensversicherung\" class=\"inputbox\" name=\"lebensversicherung\" type=\"number\" step=\"0.01\" value=\"\" onkeypress=\"checkKey(event,'int')\" required>\r\n                                    <\/div>\r\n                                    \r\n                                    <div id=\"geldgeschenke_box\">\r\n                                        <div class=\"label\">Geldgeschenke<\/div>\r\n                                        \r\n                                        <div class=\"eigenkapitalrechner_tooltipcontainer\">\r\n                                        <span class=\"endlabel\"> EUR\r\n                                                <span class=\"helpicon eigenkapitalrechner_tooltip\">\r\n                                                        <span class=\"eigenkapitalrechner_tooltiptext\">Wieviel Geldgeschenke stehen Ihnen zur Verf\u00fcgung?<\/span>\r\n                                                 <\/span>\r\n                                        <\/span>\r\n                                        <\/div>\r\n                                        <input id=\"geldgeschenke\" class=\"inputbox\" name=\"geldgeschenke\" type=\"number\" step=\"0.01\" value=\"\" onkeypress=\"checkKey(event,'int')\" required>\r\n                                    <\/div>\r\n                                    \r\n                                    <div id=\"wertDerEigenleistungen_box\">\r\n                                        <div class=\"label\">Wert der Eigenleistungen<\/div>\r\n                                       \r\n                                        <div class=\"eigenkapitalrechner_tooltipcontainer\">\r\n                                        <span class=\"endlabel\"> EUR\r\n                                                <span class=\"helpicon eigenkapitalrechner_tooltip\">\r\n                                                        <span class=\"eigenkapitalrechner_tooltiptext\">Wieviel k\u00f6nnen Sie als Wert f\u00fcr Ihre Eigenleistungen ansetzen?<\/span>\r\n                                                 <\/span>\r\n                                        <\/span>\r\n                                        <\/div>\r\n                                         <input id=\"wertDerEigenleistungen\" class=\"inputbox\" name=\"wertDerEigenleistungen\" type=\"number\" step=\"0.01\" value=\"\" onkeypress=\"checkKey(event,'int')\" required>\r\n                                    <\/div>\r\n                                    \r\n                                    <div id=\"sonstigeBetraege_box\">\r\n                                        <div class=\"label\">Sonstige Werte<\/div>\r\n                                        \r\n                                        <div class=\"eigenkapitalrechner_tooltipcontainer\">\r\n                                        <span class=\"endlabel\"> EUR\r\n                                                <span class=\"helpicon eigenkapitalrechner_tooltip\">\r\n                                                        <span class=\"eigenkapitalrechner_tooltiptext\">Wieviel frei verf\u00fcgbares Kapital haben Sie in sonstigen Werten verf\u00fcgbar?<\/span>\r\n                                                 <\/span>\r\n                                        <\/span>\r\n                                        <\/div>\r\n                                        <input id=\"sonstigeBetraege\" class=\"inputbox\" name=\"sonstigeBetraege\" type=\"number\" step=\"0.01\" value=\"\" onkeypress=\"checkKey(event,'int')\" required>\r\n                                    <\/div>\r\n                                    \r\n                                    <div id=\"anteilEigenkapital_box\">\r\n                                        <div class=\"label\">Anteil Eigenkapital<\/div>\r\n                                        \r\n                                        <div class=\"eigenkapitalrechner_tooltipcontainer\">\r\n                                        <span class=\"endlabel\"> %\r\n                                                <span class=\"helpicon eigenkapitalrechner_tooltip\">\r\n                                                        <span class=\"eigenkapitalrechner_tooltiptext\">Mindestens 20 Prozent der Investitionssumme sollten Sie aus eigener Tasche aufbringen k\u00f6nnen, mit 40 Prozent gehen Sie auf Nummer sicher.<\/span>\r\n                                                 <\/span>\r\n                                        <\/span>\r\n                                        <\/div>\r\n                                        <input id=\"anteilEigenkapital\" class=\"inputbox\" name=\"anteilEigenkapital\" type=\"number\" step=\"0.01\" value=\"\" onkeypress=\"checkKey(event,'float')\" required>\r\n                                    <\/div>\r\n                                    \r\n                                    \r\n                        \r\n                <\/div>\r\n                <div id=\"EigenkapitalErgebnis\" class=\"step\" style=\"display:none;\">\r\n                        <h3>Informationen zu Ihren Angaben<\/h3>\r\n                            <div>\r\n                                <div class=\"label\">Verf\u00fcgbares Eigenkapital, Summe<\/div>\r\n                                <div class=\"verfuegbaresEigenkapital ergebnis_bold\"><nobr><span id=\"summeEigenkapital\"><\/span> EUR<\/nobr><\/div>\r\n                            <\/div>\r\n                            <div class=\"info\">\r\n                                Wenn Sie einen Eigenkapitalanteil von <span class=\"ergebnis_bold\" id=\"prozentEigenkapital\"><\/span><span class=\"ergebnis_bold\">%<\/span> erreichen m\u00f6chten, k\u00f6nnen Sie sich eine Immobilie im Wert von ca. <span class=\"ergebnis_bold\" id=\"ImmobilienWert\"><\/span> <span class=\"ergebnis_bold\">\u20ac<\/span> leisten.\r\n                            <\/div>\r\n\r\n                    <\/div>\r\n        <\/div>\r\n                <div class=\"clr\"><\/div>\r\n\r\n                <button id=\"btnErgebnisEigenkapital\" class=\"btn btn-primary button-nav-fixed mt-2 mb-2\" type=\"submit\" name=\"weitere_angaben\" onclick=\"this.blur();\">Berechnen<\/button>\r\n\r\n\r\n            <\/form>\r\n            <div id=\"pdf-form-eigenkapital\" style=\"display:none;\">\r\n\t\t\t<form id=\"PdfDownload\" onsubmit=\"return false;\" action=\"#\" method=\"post\">\r\n                <input type=\"hidden\" id=\"serializedResult\" name=\"serializedResult\" value=\"\">\r\n                <input type=\"hidden\" id=\"linksHref\" name=\"linksHref\" value=\"\">\r\n                <input type=\"hidden\" id=\"rechner\" name=\"rechner\" value=\"\">\r\n       <button id=\"btnPDF\" class=\"btn btn-primary button-nav-fixed mt-2 mb-2\" type=\"submit\" name=\"submit\">Als PDF Downloaden<\/button>\r\n   <\/form>\r\n<\/div>\r\n    <\/div>\r\n<\/div>\r\n<\/div>\r\n     \n","protected":false},"excerpt":{"rendered":"<p>Eigenkapitalrechner<\/p>\n","protected":false},"author":27,"featured_media":12369,"parent":12403,"menu_order":0,"comment_status":"closed","ping_status":"closed","template":"","meta":{"footnotes":""},"class_list":["post-12371","page","type-page","status-publish","has-post-thumbnail","hentry"],"yoast_head":"<!-- This site is optimized with the Yoast SEO Premium plugin v27.4 (Yoast SEO v27.5) - https:\/\/yoast.com\/product\/yoast-seo-premium-wordpress\/ -->\n<title>Eigenkapitalrechner - Online-Nebenkostenabrechnung mit WISO Vermieter-Web<\/title>\n<meta name=\"robots\" content=\"noindex, nofollow\" \/>\n<meta property=\"og:locale\" content=\"de_DE\" \/>\n<meta property=\"og:type\" content=\"article\" \/>\n<meta property=\"og:title\" content=\"Eigenkapitalrechner\" \/>\n<meta property=\"og:description\" content=\"Eigenkapitalrechner\" \/>\n<meta property=\"og:url\" content=\"https:\/\/www.buhl.de\/vermieter-web\/tools\/eigenkapitalrechner\/\" \/>\n<meta property=\"og:site_name\" content=\"Online-Nebenkostenabrechnung mit WISO Vermieter-Web\" \/>\n<meta property=\"article:modified_time\" content=\"2020-02-24T08:53:01+00:00\" \/>\n<meta property=\"og:image\" content=\"https:\/\/www.buhl.de\/vermieter-web\/wp-content\/uploads\/sites\/33\/2020\/02\/headerbild-vermiter-1920-mann_t.jpg\" \/>\n\t<meta property=\"og:image:width\" content=\"1920\" \/>\n\t<meta property=\"og:image:height\" content=\"494\" \/>\n\t<meta property=\"og:image:type\" content=\"image\/jpeg\" \/>\n<meta name=\"twitter:card\" content=\"summary_large_image\" \/>\n<script type=\"application\/ld+json\" class=\"yoast-schema-graph\">{\"@context\":\"https:\\\/\\\/schema.org\",\"@graph\":[{\"@type\":\"WebPage\",\"@id\":\"https:\\\/\\\/www.buhl.de\\\/vermieter-web\\\/tools\\\/eigenkapitalrechner\\\/\",\"url\":\"https:\\\/\\\/www.buhl.de\\\/vermieter-web\\\/tools\\\/eigenkapitalrechner\\\/\",\"name\":\"Eigenkapitalrechner - Online-Nebenkostenabrechnung mit WISO Vermieter-Web\",\"isPartOf\":{\"@id\":\"https:\\\/\\\/www.buhl.de\\\/vermieter-web\\\/#website\"},\"primaryImageOfPage\":{\"@id\":\"https:\\\/\\\/www.buhl.de\\\/vermieter-web\\\/tools\\\/eigenkapitalrechner\\\/#primaryimage\"},\"image\":{\"@id\":\"https:\\\/\\\/www.buhl.de\\\/vermieter-web\\\/tools\\\/eigenkapitalrechner\\\/#primaryimage\"},\"thumbnailUrl\":\"https:\\\/\\\/www.buhl.de\\\/vermieter-web\\\/wp-content\\\/uploads\\\/sites\\\/33\\\/2020\\\/02\\\/headerbild-vermiter-1920-mann_t.jpg\",\"datePublished\":\"2020-02-24T08:20:22+00:00\",\"dateModified\":\"2020-02-24T08:53:01+00:00\",\"breadcrumb\":{\"@id\":\"https:\\\/\\\/www.buhl.de\\\/vermieter-web\\\/tools\\\/eigenkapitalrechner\\\/#breadcrumb\"},\"inLanguage\":\"de\",\"potentialAction\":[{\"@type\":\"ReadAction\",\"target\":[\"https:\\\/\\\/www.buhl.de\\\/vermieter-web\\\/tools\\\/eigenkapitalrechner\\\/\"]}]},{\"@type\":\"ImageObject\",\"inLanguage\":\"de\",\"@id\":\"https:\\\/\\\/www.buhl.de\\\/vermieter-web\\\/tools\\\/eigenkapitalrechner\\\/#primaryimage\",\"url\":\"https:\\\/\\\/www.buhl.de\\\/vermieter-web\\\/wp-content\\\/uploads\\\/sites\\\/33\\\/2020\\\/02\\\/headerbild-vermiter-1920-mann_t.jpg\",\"contentUrl\":\"https:\\\/\\\/www.buhl.de\\\/vermieter-web\\\/wp-content\\\/uploads\\\/sites\\\/33\\\/2020\\\/02\\\/headerbild-vermiter-1920-mann_t.jpg\",\"width\":1920,\"height\":494},{\"@type\":\"BreadcrumbList\",\"@id\":\"https:\\\/\\\/www.buhl.de\\\/vermieter-web\\\/tools\\\/eigenkapitalrechner\\\/#breadcrumb\",\"itemListElement\":[{\"@type\":\"ListItem\",\"position\":1,\"name\":\"Startseite\",\"item\":\"https:\\\/\\\/www.buhl.de\\\/vermieter-web\\\/\"},{\"@type\":\"ListItem\",\"position\":2,\"name\":\"Tools\",\"item\":\"https:\\\/\\\/www.buhl.de\\\/vermieter-web\\\/tools\\\/\"},{\"@type\":\"ListItem\",\"position\":3,\"name\":\"Eigenkapitalrechner\"}]},{\"@type\":\"WebSite\",\"@id\":\"https:\\\/\\\/www.buhl.de\\\/vermieter-web\\\/#website\",\"url\":\"https:\\\/\\\/www.buhl.de\\\/vermieter-web\\\/\",\"name\":\"Online-Nebenkostenabrechnung mit WISO Vermieter-Web\",\"description\":\"\",\"potentialAction\":[{\"@type\":\"SearchAction\",\"target\":{\"@type\":\"EntryPoint\",\"urlTemplate\":\"https:\\\/\\\/www.buhl.de\\\/vermieter-web\\\/?s={search_term_string}\"},\"query-input\":{\"@type\":\"PropertyValueSpecification\",\"valueRequired\":true,\"valueName\":\"search_term_string\"}}],\"inLanguage\":\"de\"}]}<\/script>\n<!-- \/ Yoast SEO Premium plugin. -->","yoast_head_json":{"title":"Eigenkapitalrechner - Online-Nebenkostenabrechnung mit WISO Vermieter-Web","robots":{"index":"noindex","follow":"nofollow"},"og_locale":"de_DE","og_type":"article","og_title":"Eigenkapitalrechner","og_description":"Eigenkapitalrechner","og_url":"https:\/\/www.buhl.de\/vermieter-web\/tools\/eigenkapitalrechner\/","og_site_name":"Online-Nebenkostenabrechnung mit WISO Vermieter-Web","article_modified_time":"2020-02-24T08:53:01+00:00","og_image":[{"width":1920,"height":494,"url":"https:\/\/www.buhl.de\/vermieter-web\/wp-content\/uploads\/sites\/33\/2020\/02\/headerbild-vermiter-1920-mann_t.jpg","type":"image\/jpeg"}],"twitter_card":"summary_large_image","schema":{"@context":"https:\/\/schema.org","@graph":[{"@type":"WebPage","@id":"https:\/\/www.buhl.de\/vermieter-web\/tools\/eigenkapitalrechner\/","url":"https:\/\/www.buhl.de\/vermieter-web\/tools\/eigenkapitalrechner\/","name":"Eigenkapitalrechner - Online-Nebenkostenabrechnung mit WISO Vermieter-Web","isPartOf":{"@id":"https:\/\/www.buhl.de\/vermieter-web\/#website"},"primaryImageOfPage":{"@id":"https:\/\/www.buhl.de\/vermieter-web\/tools\/eigenkapitalrechner\/#primaryimage"},"image":{"@id":"https:\/\/www.buhl.de\/vermieter-web\/tools\/eigenkapitalrechner\/#primaryimage"},"thumbnailUrl":"https:\/\/www.buhl.de\/vermieter-web\/wp-content\/uploads\/sites\/33\/2020\/02\/headerbild-vermiter-1920-mann_t.jpg","datePublished":"2020-02-24T08:20:22+00:00","dateModified":"2020-02-24T08:53:01+00:00","breadcrumb":{"@id":"https:\/\/www.buhl.de\/vermieter-web\/tools\/eigenkapitalrechner\/#breadcrumb"},"inLanguage":"de","potentialAction":[{"@type":"ReadAction","target":["https:\/\/www.buhl.de\/vermieter-web\/tools\/eigenkapitalrechner\/"]}]},{"@type":"ImageObject","inLanguage":"de","@id":"https:\/\/www.buhl.de\/vermieter-web\/tools\/eigenkapitalrechner\/#primaryimage","url":"https:\/\/www.buhl.de\/vermieter-web\/wp-content\/uploads\/sites\/33\/2020\/02\/headerbild-vermiter-1920-mann_t.jpg","contentUrl":"https:\/\/www.buhl.de\/vermieter-web\/wp-content\/uploads\/sites\/33\/2020\/02\/headerbild-vermiter-1920-mann_t.jpg","width":1920,"height":494},{"@type":"BreadcrumbList","@id":"https:\/\/www.buhl.de\/vermieter-web\/tools\/eigenkapitalrechner\/#breadcrumb","itemListElement":[{"@type":"ListItem","position":1,"name":"Startseite","item":"https:\/\/www.buhl.de\/vermieter-web\/"},{"@type":"ListItem","position":2,"name":"Tools","item":"https:\/\/www.buhl.de\/vermieter-web\/tools\/"},{"@type":"ListItem","position":3,"name":"Eigenkapitalrechner"}]},{"@type":"WebSite","@id":"https:\/\/www.buhl.de\/vermieter-web\/#website","url":"https:\/\/www.buhl.de\/vermieter-web\/","name":"Online-Nebenkostenabrechnung mit WISO Vermieter-Web","description":"","potentialAction":[{"@type":"SearchAction","target":{"@type":"EntryPoint","urlTemplate":"https:\/\/www.buhl.de\/vermieter-web\/?s={search_term_string}"},"query-input":{"@type":"PropertyValueSpecification","valueRequired":true,"valueName":"search_term_string"}}],"inLanguage":"de"}]}},"_links":{"self":[{"href":"https:\/\/www.buhl.de\/vermieter-web\/wp-json\/wp\/v2\/pages\/12371","targetHints":{"allow":["GET"]}}],"collection":[{"href":"https:\/\/www.buhl.de\/vermieter-web\/wp-json\/wp\/v2\/pages"}],"about":[{"href":"https:\/\/www.buhl.de\/vermieter-web\/wp-json\/wp\/v2\/types\/page"}],"author":[{"embeddable":true,"href":"https:\/\/www.buhl.de\/vermieter-web\/wp-json\/wp\/v2\/users\/27"}],"replies":[{"embeddable":true,"href":"https:\/\/www.buhl.de\/vermieter-web\/wp-json\/wp\/v2\/comments?post=12371"}],"version-history":[{"count":1,"href":"https:\/\/www.buhl.de\/vermieter-web\/wp-json\/wp\/v2\/pages\/12371\/revisions"}],"predecessor-version":[{"id":12373,"href":"https:\/\/www.buhl.de\/vermieter-web\/wp-json\/wp\/v2\/pages\/12371\/revisions\/12373"}],"up":[{"embeddable":true,"href":"https:\/\/www.buhl.de\/vermieter-web\/wp-json\/wp\/v2\/pages\/12403"}],"wp:featuredmedia":[{"embeddable":true,"href":"https:\/\/www.buhl.de\/vermieter-web\/wp-json\/wp\/v2\/media\/12369"}],"wp:attachment":[{"href":"https:\/\/www.buhl.de\/vermieter-web\/wp-json\/wp\/v2\/media?parent=12371"}],"curies":[{"name":"wp","href":"https:\/\/api.w.org\/{rel}","templated":true}]}}