{"id":12382,"date":"2020-02-24T09:27:25","date_gmt":"2020-02-24T08:27:25","guid":{"rendered":"http:\/\/www.buhl.de\/vermieter-web\/?page_id=12382"},"modified":"2021-06-21T14:13:58","modified_gmt":"2021-06-21T12:13:58","slug":"mietvertragsassistent","status":"publish","type":"page","link":"https:\/\/www.buhl.de\/vermieter-web\/tools\/mietvertragsassistent\/","title":{"rendered":"Mietvertragsassistent"},"content":{"rendered":"<h3>Mietvertragsassistent<\/h3>\n<p>Erstellen Sie mit unserem Mietvertrags-Assistenten einen individuellen und rechtssicheren Mietvertrag. Sie werden durch ein Interview geleitet, bei dem sie 28 Fragen beantworten m\u00fcssen um Ihren individuellen Mietvertrag zu erhalten. Das Beste: Der Mietvertrags-Assistent ist Kostenlos in Ihrer Vermieter-Web Mitgliedschaft enthalten und Sie k\u00f6nnen f\u00fcr Ihre angelegten Wohneinheiten beliebig viele Mietvertr\u00e4ge erstellen.<\/p>\n<div class=\"link_button_tools\"><a href=\"https:\/\/www.buhl.de\/mein-buhlkonto\/?buhlparam=1030103\" class=\"su-button su-button-style-flat d-none btn button-nav-fixed mt-2 mb-2\" style=\"color:#FFFFFF;background-color:#EC7404;border-color:#bd5d04;border-radius:5px\" target=\"_self\"><span style=\"color:#FFFFFF;padding:0px 22px;font-size:17px;line-height:34px;border-color:#f29e50;border-radius:5px;text-shadow:none\"> Mitglied werden und Service nutzen<\/span><\/a><\/div>\n","protected":false},"excerpt":{"rendered":"<p>Mietvertragsassistent Erstellen Sie mit unserem Mietvertrags-Assistenten einen individuellen und rechtssicheren Mietvertrag. Sie werden durch ein Interview geleitet, bei dem sie 28 Fragen beantworten m\u00fcssen um Ihren individuellen Mietvertrag zu erhalten. Das Beste: Der Mietvertrags-Assistent ist Kostenlos in Ihrer Vermieter-Web Mitgliedschaft enthalten und Sie k\u00f6nnen f\u00fcr Ihre angelegten Wohneinheiten beliebig viele Mietvertr\u00e4ge erstellen.<\/p>\n","protected":false},"author":27,"featured_media":12369,"parent":12403,"menu_order":0,"comment_status":"closed","ping_status":"closed","template":"","meta":{"footnotes":""},"class_list":["post-12382","page","type-page","status-publish","has-post-thumbnail","hentry"],"yoast_head":"<!-- This site is optimized with the Yoast SEO Premium plugin v27.0 (Yoast SEO v27.0) - https:\/\/yoast.com\/product\/yoast-seo-premium-wordpress\/ -->\n<title>Mietvertragsassistent - Online-Nebenkostenabrechnung mit WISO Vermieter-Web<\/title>\n<meta name=\"robots\" content=\"noindex, nofollow\" \/>\n<meta property=\"og:locale\" content=\"de_DE\" \/>\n<meta property=\"og:type\" content=\"article\" \/>\n<meta property=\"og:title\" content=\"Mietvertragsassistent\" \/>\n<meta property=\"og:description\" content=\"Mietvertragsassistent Erstellen Sie mit unserem Mietvertrags-Assistenten einen individuellen und rechtssicheren Mietvertrag. Sie werden durch ein Interview geleitet, bei dem sie 28 Fragen beantworten m\u00fcssen um Ihren individuellen Mietvertrag zu erhalten. Das Beste: Der Mietvertrags-Assistent ist Kostenlos in Ihrer Vermieter-Web Mitgliedschaft enthalten und Sie k\u00f6nnen f\u00fcr Ihre angelegten Wohneinheiten beliebig viele Mietvertr\u00e4ge erstellen.\" \/>\n<meta property=\"og:url\" content=\"https:\/\/www.buhl.de\/vermieter-web\/tools\/mietvertragsassistent\/\" \/>\n<meta property=\"og:site_name\" content=\"Online-Nebenkostenabrechnung mit WISO Vermieter-Web\" \/>\n<meta property=\"article:modified_time\" content=\"2021-06-21T12:13:58+00:00\" \/>\n<meta property=\"og:image\" content=\"https:\/\/www.buhl.de\/vermieter-web\/wp-content\/uploads\/sites\/33\/2020\/02\/headerbild-vermiter-1920-mann_t.jpg\" \/>\n\t<meta property=\"og:image:width\" content=\"1920\" \/>\n\t<meta property=\"og:image:height\" content=\"494\" \/>\n\t<meta property=\"og:image:type\" content=\"image\/jpeg\" \/>\n<meta name=\"twitter:card\" content=\"summary_large_image\" \/>\n<meta name=\"twitter:label1\" content=\"Gesch\u00e4tzte Lesezeit\" \/>\n\t<meta name=\"twitter:data1\" content=\"1\u00a0Minute\" \/>\n<script type=\"application\/ld+json\" class=\"yoast-schema-graph\">{\"@context\":\"https:\/\/schema.org\",\"@graph\":[{\"@type\":\"WebPage\",\"@id\":\"https:\/\/www.buhl.de\/vermieter-web\/tools\/mietvertragsassistent\/\",\"url\":\"https:\/\/www.buhl.de\/vermieter-web\/tools\/mietvertragsassistent\/\",\"name\":\"Mietvertragsassistent - Online-Nebenkostenabrechnung mit WISO Vermieter-Web\",\"isPartOf\":{\"@id\":\"https:\/\/www.buhl.de\/vermieter-web\/#website\"},\"primaryImageOfPage\":{\"@id\":\"https:\/\/www.buhl.de\/vermieter-web\/tools\/mietvertragsassistent\/#primaryimage\"},\"image\":{\"@id\":\"https:\/\/www.buhl.de\/vermieter-web\/tools\/mietvertragsassistent\/#primaryimage\"},\"thumbnailUrl\":\"https:\/\/www.buhl.de\/vermieter-web\/wp-content\/uploads\/sites\/33\/2020\/02\/headerbild-vermiter-1920-mann_t.jpg\",\"datePublished\":\"2020-02-24T08:27:25+00:00\",\"dateModified\":\"2021-06-21T12:13:58+00:00\",\"breadcrumb\":{\"@id\":\"https:\/\/www.buhl.de\/vermieter-web\/tools\/mietvertragsassistent\/#breadcrumb\"},\"inLanguage\":\"de\",\"potentialAction\":[{\"@type\":\"ReadAction\",\"target\":[\"https:\/\/www.buhl.de\/vermieter-web\/tools\/mietvertragsassistent\/\"]}]},{\"@type\":\"ImageObject\",\"inLanguage\":\"de\",\"@id\":\"https:\/\/www.buhl.de\/vermieter-web\/tools\/mietvertragsassistent\/#primaryimage\",\"url\":\"https:\/\/www.buhl.de\/vermieter-web\/wp-content\/uploads\/sites\/33\/2020\/02\/headerbild-vermiter-1920-mann_t.jpg\",\"contentUrl\":\"https:\/\/www.buhl.de\/vermieter-web\/wp-content\/uploads\/sites\/33\/2020\/02\/headerbild-vermiter-1920-mann_t.jpg\",\"width\":1920,\"height\":494},{\"@type\":\"BreadcrumbList\",\"@id\":\"https:\/\/www.buhl.de\/vermieter-web\/tools\/mietvertragsassistent\/#breadcrumb\",\"itemListElement\":[{\"@type\":\"ListItem\",\"position\":1,\"name\":\"Startseite\",\"item\":\"https:\/\/www.buhl.de\/vermieter-web\/\"},{\"@type\":\"ListItem\",\"position\":2,\"name\":\"Tools\",\"item\":\"https:\/\/www.buhl.de\/vermieter-web\/tools\/\"},{\"@type\":\"ListItem\",\"position\":3,\"name\":\"Mietvertragsassistent\"}]},{\"@type\":\"WebSite\",\"@id\":\"https:\/\/www.buhl.de\/vermieter-web\/#website\",\"url\":\"https:\/\/www.buhl.de\/vermieter-web\/\",\"name\":\"Online-Nebenkostenabrechnung mit WISO Vermieter-Web\",\"description\":\"\",\"potentialAction\":[{\"@type\":\"SearchAction\",\"target\":{\"@type\":\"EntryPoint\",\"urlTemplate\":\"https:\/\/www.buhl.de\/vermieter-web\/?s={search_term_string}\"},\"query-input\":{\"@type\":\"PropertyValueSpecification\",\"valueRequired\":true,\"valueName\":\"search_term_string\"}}],\"inLanguage\":\"de\"}]}<\/script>\n<!-- \/ Yoast SEO Premium plugin. -->","yoast_head_json":{"title":"Mietvertragsassistent - Online-Nebenkostenabrechnung mit WISO Vermieter-Web","robots":{"index":"noindex","follow":"nofollow"},"og_locale":"de_DE","og_type":"article","og_title":"Mietvertragsassistent","og_description":"Mietvertragsassistent Erstellen Sie mit unserem Mietvertrags-Assistenten einen individuellen und rechtssicheren Mietvertrag. Sie werden durch ein Interview geleitet, bei dem sie 28 Fragen beantworten m\u00fcssen um Ihren individuellen Mietvertrag zu erhalten. Das Beste: Der Mietvertrags-Assistent ist Kostenlos in Ihrer Vermieter-Web Mitgliedschaft enthalten und Sie k\u00f6nnen f\u00fcr Ihre angelegten Wohneinheiten beliebig viele Mietvertr\u00e4ge erstellen.","og_url":"https:\/\/www.buhl.de\/vermieter-web\/tools\/mietvertragsassistent\/","og_site_name":"Online-Nebenkostenabrechnung mit WISO Vermieter-Web","article_modified_time":"2021-06-21T12:13:58+00:00","og_image":[{"width":1920,"height":494,"url":"https:\/\/www.buhl.de\/vermieter-web\/wp-content\/uploads\/sites\/33\/2020\/02\/headerbild-vermiter-1920-mann_t.jpg","type":"image\/jpeg"}],"twitter_card":"summary_large_image","twitter_misc":{"Gesch\u00e4tzte Lesezeit":"1\u00a0Minute"},"schema":{"@context":"https:\/\/schema.org","@graph":[{"@type":"WebPage","@id":"https:\/\/www.buhl.de\/vermieter-web\/tools\/mietvertragsassistent\/","url":"https:\/\/www.buhl.de\/vermieter-web\/tools\/mietvertragsassistent\/","name":"Mietvertragsassistent - Online-Nebenkostenabrechnung mit WISO Vermieter-Web","isPartOf":{"@id":"https:\/\/www.buhl.de\/vermieter-web\/#website"},"primaryImageOfPage":{"@id":"https:\/\/www.buhl.de\/vermieter-web\/tools\/mietvertragsassistent\/#primaryimage"},"image":{"@id":"https:\/\/www.buhl.de\/vermieter-web\/tools\/mietvertragsassistent\/#primaryimage"},"thumbnailUrl":"https:\/\/www.buhl.de\/vermieter-web\/wp-content\/uploads\/sites\/33\/2020\/02\/headerbild-vermiter-1920-mann_t.jpg","datePublished":"2020-02-24T08:27:25+00:00","dateModified":"2021-06-21T12:13:58+00:00","breadcrumb":{"@id":"https:\/\/www.buhl.de\/vermieter-web\/tools\/mietvertragsassistent\/#breadcrumb"},"inLanguage":"de","potentialAction":[{"@type":"ReadAction","target":["https:\/\/www.buhl.de\/vermieter-web\/tools\/mietvertragsassistent\/"]}]},{"@type":"ImageObject","inLanguage":"de","@id":"https:\/\/www.buhl.de\/vermieter-web\/tools\/mietvertragsassistent\/#primaryimage","url":"https:\/\/www.buhl.de\/vermieter-web\/wp-content\/uploads\/sites\/33\/2020\/02\/headerbild-vermiter-1920-mann_t.jpg","contentUrl":"https:\/\/www.buhl.de\/vermieter-web\/wp-content\/uploads\/sites\/33\/2020\/02\/headerbild-vermiter-1920-mann_t.jpg","width":1920,"height":494},{"@type":"BreadcrumbList","@id":"https:\/\/www.buhl.de\/vermieter-web\/tools\/mietvertragsassistent\/#breadcrumb","itemListElement":[{"@type":"ListItem","position":1,"name":"Startseite","item":"https:\/\/www.buhl.de\/vermieter-web\/"},{"@type":"ListItem","position":2,"name":"Tools","item":"https:\/\/www.buhl.de\/vermieter-web\/tools\/"},{"@type":"ListItem","position":3,"name":"Mietvertragsassistent"}]},{"@type":"WebSite","@id":"https:\/\/www.buhl.de\/vermieter-web\/#website","url":"https:\/\/www.buhl.de\/vermieter-web\/","name":"Online-Nebenkostenabrechnung mit WISO Vermieter-Web","description":"","potentialAction":[{"@type":"SearchAction","target":{"@type":"EntryPoint","urlTemplate":"https:\/\/www.buhl.de\/vermieter-web\/?s={search_term_string}"},"query-input":{"@type":"PropertyValueSpecification","valueRequired":true,"valueName":"search_term_string"}}],"inLanguage":"de"}]}},"_links":{"self":[{"href":"https:\/\/www.buhl.de\/vermieter-web\/wp-json\/wp\/v2\/pages\/12382","targetHints":{"allow":["GET"]}}],"collection":[{"href":"https:\/\/www.buhl.de\/vermieter-web\/wp-json\/wp\/v2\/pages"}],"about":[{"href":"https:\/\/www.buhl.de\/vermieter-web\/wp-json\/wp\/v2\/types\/page"}],"author":[{"embeddable":true,"href":"https:\/\/www.buhl.de\/vermieter-web\/wp-json\/wp\/v2\/users\/27"}],"replies":[{"embeddable":true,"href":"https:\/\/www.buhl.de\/vermieter-web\/wp-json\/wp\/v2\/comments?post=12382"}],"version-history":[{"count":3,"href":"https:\/\/www.buhl.de\/vermieter-web\/wp-json\/wp\/v2\/pages\/12382\/revisions"}],"predecessor-version":[{"id":13677,"href":"https:\/\/www.buhl.de\/vermieter-web\/wp-json\/wp\/v2\/pages\/12382\/revisions\/13677"}],"up":[{"embeddable":true,"href":"https:\/\/www.buhl.de\/vermieter-web\/wp-json\/wp\/v2\/pages\/12403"}],"wp:featuredmedia":[{"embeddable":true,"href":"https:\/\/www.buhl.de\/vermieter-web\/wp-json\/wp\/v2\/media\/12369"}],"wp:attachment":[{"href":"https:\/\/www.buhl.de\/vermieter-web\/wp-json\/wp\/v2\/media?parent=12382"}],"curies":[{"name":"wp","href":"https:\/\/api.w.org\/{rel}","templated":true}]}}