{"id":6483,"date":"2018-08-03T09:26:23","date_gmt":"2018-08-03T07:26:23","guid":{"rendered":"https:\/\/www.buhl.de\/vermieter-web\/?page_id=6483"},"modified":"2022-07-28T09:07:47","modified_gmt":"2022-07-28T07:07:47","slug":"email-bestaetigt","status":"publish","type":"page","link":"https:\/\/www.buhl.de\/vermieter-web\/email-bestaetigt\/","title":{"rendered":"E-Mail best\u00e4tigt"},"content":{"rendered":"<div>\n<p class=\"vm-info-big\"><strong>Geschafft!<\/strong><\/p>\n<p>Vielen Dank f\u00fcr die Best\u00e4tigung Ihrer E-Mail-Adresse.<br \/>\nSie haben die immo:News abonniert.<br \/>\nWir w\u00fcnschen Ihnen viel Spa\u00df beim Lesen.<\/p>\n<p>&nbsp;<\/p>\n<p><img decoding=\"async\" class=\"logo-web\" src=\"https:\/\/www.buhl.de\/vermieter-web\/wp-content\/themes\/twentyseventeen-vermieter\/img\/logo-vermieter-web.png\" alt=\"vermieter web - Die Online-Nebenkostenabrechnung\" \/><\/p>\n<p>Ihr vermieter:Web Team<\/p>\n<\/div>\n","protected":false},"excerpt":{"rendered":"<p>Geschafft! Vielen Dank f\u00fcr die Best\u00e4tigung Ihrer E-Mail-Adresse. Sie haben die immo:News abonniert. Wir w\u00fcnschen Ihnen viel Spa\u00df beim Lesen. &nbsp; Ihr vermieter:Web Team<\/p>\n","protected":false},"author":27,"featured_media":0,"parent":0,"menu_order":0,"comment_status":"closed","ping_status":"closed","template":"","meta":{"footnotes":""},"class_list":["post-6483","page","type-page","status-publish","hentry"],"yoast_head":"<!-- This site is optimized with the Yoast SEO Premium plugin v27.0 (Yoast SEO v27.0) - https:\/\/yoast.com\/product\/yoast-seo-premium-wordpress\/ -->\n<title>E-Mail best\u00e4tigt - Online-Nebenkostenabrechnung mit WISO Vermieter-Web<\/title>\n<meta name=\"robots\" content=\"noindex, nofollow\" \/>\n<meta property=\"og:locale\" content=\"de_DE\" \/>\n<meta property=\"og:type\" content=\"article\" \/>\n<meta property=\"og:title\" content=\"E-Mail best\u00e4tigt\" \/>\n<meta property=\"og:description\" content=\"Geschafft! Vielen Dank f\u00fcr die Best\u00e4tigung Ihrer E-Mail-Adresse. Sie haben die immo:News abonniert. Wir w\u00fcnschen Ihnen viel Spa\u00df beim Lesen. &nbsp; Ihr vermieter:Web Team\" \/>\n<meta property=\"og:url\" content=\"https:\/\/www.buhl.de\/vermieter-web\/email-bestaetigt\/\" \/>\n<meta property=\"og:site_name\" content=\"Online-Nebenkostenabrechnung mit WISO Vermieter-Web\" \/>\n<meta property=\"article:modified_time\" content=\"2022-07-28T07:07:47+00:00\" \/>\n<meta property=\"og:image\" content=\"https:\/\/www.buhl.de\/vermieter-web\/wp-content\/themes\/twentyseventeen-vermieter\/img\/logo-vermieter-web.png\" \/>\n<meta name=\"twitter:card\" content=\"summary_large_image\" \/>\n<meta name=\"twitter:label1\" content=\"Gesch\u00e4tzte Lesezeit\" \/>\n\t<meta name=\"twitter:data1\" content=\"1\u00a0Minute\" \/>\n<script type=\"application\/ld+json\" class=\"yoast-schema-graph\">{\"@context\":\"https:\/\/schema.org\",\"@graph\":[{\"@type\":\"WebPage\",\"@id\":\"https:\/\/www.buhl.de\/vermieter-web\/email-bestaetigt\/\",\"url\":\"https:\/\/www.buhl.de\/vermieter-web\/email-bestaetigt\/\",\"name\":\"E-Mail best\u00e4tigt - Online-Nebenkostenabrechnung mit WISO Vermieter-Web\",\"isPartOf\":{\"@id\":\"https:\/\/www.buhl.de\/vermieter-web\/#website\"},\"primaryImageOfPage\":{\"@id\":\"https:\/\/www.buhl.de\/vermieter-web\/email-bestaetigt\/#primaryimage\"},\"image\":{\"@id\":\"https:\/\/www.buhl.de\/vermieter-web\/email-bestaetigt\/#primaryimage\"},\"thumbnailUrl\":\"https:\/\/www.buhl.de\/vermieter-web\/wp-content\/themes\/twentyseventeen-vermieter\/img\/logo-vermieter-web.png\",\"datePublished\":\"2018-08-03T07:26:23+00:00\",\"dateModified\":\"2022-07-28T07:07:47+00:00\",\"breadcrumb\":{\"@id\":\"https:\/\/www.buhl.de\/vermieter-web\/email-bestaetigt\/#breadcrumb\"},\"inLanguage\":\"de\",\"potentialAction\":[{\"@type\":\"ReadAction\",\"target\":[\"https:\/\/www.buhl.de\/vermieter-web\/email-bestaetigt\/\"]}]},{\"@type\":\"ImageObject\",\"inLanguage\":\"de\",\"@id\":\"https:\/\/www.buhl.de\/vermieter-web\/email-bestaetigt\/#primaryimage\",\"url\":\"https:\/\/www.buhl.de\/vermieter-web\/wp-content\/themes\/twentyseventeen-vermieter\/img\/logo-vermieter-web.png\",\"contentUrl\":\"https:\/\/www.buhl.de\/vermieter-web\/wp-content\/themes\/twentyseventeen-vermieter\/img\/logo-vermieter-web.png\"},{\"@type\":\"BreadcrumbList\",\"@id\":\"https:\/\/www.buhl.de\/vermieter-web\/email-bestaetigt\/#breadcrumb\",\"itemListElement\":[{\"@type\":\"ListItem\",\"position\":1,\"name\":\"Startseite\",\"item\":\"https:\/\/www.buhl.de\/vermieter-web\/\"},{\"@type\":\"ListItem\",\"position\":2,\"name\":\"E-Mail best\u00e4tigt\"}]},{\"@type\":\"WebSite\",\"@id\":\"https:\/\/www.buhl.de\/vermieter-web\/#website\",\"url\":\"https:\/\/www.buhl.de\/vermieter-web\/\",\"name\":\"Online-Nebenkostenabrechnung mit WISO Vermieter-Web\",\"description\":\"\",\"potentialAction\":[{\"@type\":\"SearchAction\",\"target\":{\"@type\":\"EntryPoint\",\"urlTemplate\":\"https:\/\/www.buhl.de\/vermieter-web\/?s={search_term_string}\"},\"query-input\":{\"@type\":\"PropertyValueSpecification\",\"valueRequired\":true,\"valueName\":\"search_term_string\"}}],\"inLanguage\":\"de\"}]}<\/script>\n<!-- \/ Yoast SEO Premium plugin. -->","yoast_head_json":{"title":"E-Mail best\u00e4tigt - Online-Nebenkostenabrechnung mit WISO Vermieter-Web","robots":{"index":"noindex","follow":"nofollow"},"og_locale":"de_DE","og_type":"article","og_title":"E-Mail best\u00e4tigt","og_description":"Geschafft! Vielen Dank f\u00fcr die Best\u00e4tigung Ihrer E-Mail-Adresse. Sie haben die immo:News abonniert. Wir w\u00fcnschen Ihnen viel Spa\u00df beim Lesen. &nbsp; Ihr vermieter:Web Team","og_url":"https:\/\/www.buhl.de\/vermieter-web\/email-bestaetigt\/","og_site_name":"Online-Nebenkostenabrechnung mit WISO Vermieter-Web","article_modified_time":"2022-07-28T07:07:47+00:00","og_image":[{"url":"https:\/\/www.buhl.de\/vermieter-web\/wp-content\/themes\/twentyseventeen-vermieter\/img\/logo-vermieter-web.png","type":"","width":"","height":""}],"twitter_card":"summary_large_image","twitter_misc":{"Gesch\u00e4tzte Lesezeit":"1\u00a0Minute"},"schema":{"@context":"https:\/\/schema.org","@graph":[{"@type":"WebPage","@id":"https:\/\/www.buhl.de\/vermieter-web\/email-bestaetigt\/","url":"https:\/\/www.buhl.de\/vermieter-web\/email-bestaetigt\/","name":"E-Mail best\u00e4tigt - Online-Nebenkostenabrechnung mit WISO Vermieter-Web","isPartOf":{"@id":"https:\/\/www.buhl.de\/vermieter-web\/#website"},"primaryImageOfPage":{"@id":"https:\/\/www.buhl.de\/vermieter-web\/email-bestaetigt\/#primaryimage"},"image":{"@id":"https:\/\/www.buhl.de\/vermieter-web\/email-bestaetigt\/#primaryimage"},"thumbnailUrl":"https:\/\/www.buhl.de\/vermieter-web\/wp-content\/themes\/twentyseventeen-vermieter\/img\/logo-vermieter-web.png","datePublished":"2018-08-03T07:26:23+00:00","dateModified":"2022-07-28T07:07:47+00:00","breadcrumb":{"@id":"https:\/\/www.buhl.de\/vermieter-web\/email-bestaetigt\/#breadcrumb"},"inLanguage":"de","potentialAction":[{"@type":"ReadAction","target":["https:\/\/www.buhl.de\/vermieter-web\/email-bestaetigt\/"]}]},{"@type":"ImageObject","inLanguage":"de","@id":"https:\/\/www.buhl.de\/vermieter-web\/email-bestaetigt\/#primaryimage","url":"https:\/\/www.buhl.de\/vermieter-web\/wp-content\/themes\/twentyseventeen-vermieter\/img\/logo-vermieter-web.png","contentUrl":"https:\/\/www.buhl.de\/vermieter-web\/wp-content\/themes\/twentyseventeen-vermieter\/img\/logo-vermieter-web.png"},{"@type":"BreadcrumbList","@id":"https:\/\/www.buhl.de\/vermieter-web\/email-bestaetigt\/#breadcrumb","itemListElement":[{"@type":"ListItem","position":1,"name":"Startseite","item":"https:\/\/www.buhl.de\/vermieter-web\/"},{"@type":"ListItem","position":2,"name":"E-Mail best\u00e4tigt"}]},{"@type":"WebSite","@id":"https:\/\/www.buhl.de\/vermieter-web\/#website","url":"https:\/\/www.buhl.de\/vermieter-web\/","name":"Online-Nebenkostenabrechnung mit WISO Vermieter-Web","description":"","potentialAction":[{"@type":"SearchAction","target":{"@type":"EntryPoint","urlTemplate":"https:\/\/www.buhl.de\/vermieter-web\/?s={search_term_string}"},"query-input":{"@type":"PropertyValueSpecification","valueRequired":true,"valueName":"search_term_string"}}],"inLanguage":"de"}]}},"_links":{"self":[{"href":"https:\/\/www.buhl.de\/vermieter-web\/wp-json\/wp\/v2\/pages\/6483","targetHints":{"allow":["GET"]}}],"collection":[{"href":"https:\/\/www.buhl.de\/vermieter-web\/wp-json\/wp\/v2\/pages"}],"about":[{"href":"https:\/\/www.buhl.de\/vermieter-web\/wp-json\/wp\/v2\/types\/page"}],"author":[{"embeddable":true,"href":"https:\/\/www.buhl.de\/vermieter-web\/wp-json\/wp\/v2\/users\/27"}],"replies":[{"embeddable":true,"href":"https:\/\/www.buhl.de\/vermieter-web\/wp-json\/wp\/v2\/comments?post=6483"}],"version-history":[{"count":11,"href":"https:\/\/www.buhl.de\/vermieter-web\/wp-json\/wp\/v2\/pages\/6483\/revisions"}],"predecessor-version":[{"id":14757,"href":"https:\/\/www.buhl.de\/vermieter-web\/wp-json\/wp\/v2\/pages\/6483\/revisions\/14757"}],"wp:attachment":[{"href":"https:\/\/www.buhl.de\/vermieter-web\/wp-json\/wp\/v2\/media?parent=6483"}],"curies":[{"name":"wp","href":"https:\/\/api.w.org\/{rel}","templated":true}]}}